{"id":3513,"date":"2017-10-02T20:31:56","date_gmt":"2017-10-02T20:31:56","guid":{"rendered":"http:\/\/www2.unifap.br\/procri\/?page_id=3513"},"modified":"2017-10-02T20:31:56","modified_gmt":"2017-10-02T20:31:56","slug":"edital-012015procri_top-espanha-2015","status":"publish","type":"page","link":"https:\/\/www2.unifap.br\/procri\/bolsas-para-pesquisa\/editais-2015\/edital-012015procri_top-espanha-2015\/","title":{"rendered":"Edital 01\/2015\/PROCRI_TOP ESPANHA 2015"},"content":{"rendered":"<p>A Pr\u00f3-Reitoria de Coopera\u00e7\u00e3o e Rela\u00e7\u00f5es Interinstitucionais da Universidade Federal do Amap\u00e1 (PROCRI-UNIFAP) torna p\u00fablico o presente Edital, que trata da sele\u00e7\u00e3o de candidatos ao Programa TOP ESPA\u00d1A 2015, do Santander Universidades, destinado a alunos de gradua\u00e7\u00e3o da UNIFAP, atrav\u00e9s<b> <\/b>do<b> Conv<\/b><b>\u00ea<\/b><b>nio firmado entre o SANTANDER e a UNIFAP.<\/b><b><\/b><\/p>\n<p><a href=\"http:\/\/www2.unifap.br\/procri\/files\/2017\/10\/RESULTADO-DA-SELE\u00c7\u00c3O-DO-PROGRAMA-TOP-SPA\u00d1A-2015.pdf\">RESULTADO DA SELE\u00c7\u00c3O DO PROGRAMA TOP SPA\u00d1A 2015<\/a><\/p>\n<p><a href=\"http:\/\/www2.unifap.br\/procri\/files\/2017\/10\/EDITAL-N\u00ba-01-2015-PROCRI-UNIFAP_TOP-ESPANHA-2015.pdf\">EDITAL N\u00ba 01-2015-PROCRI-UNIFAP_TOP ESPANHA 2015<\/a><\/p>\n<p><a href=\"http:\/\/www2.unifap.br\/procri\/files\/2017\/10\/ANEXO-I_REQUERIMENTO-DE-INSCRI\u00c7\u00c3O.pdf\">ANEXO I_REQUERIMENTO DE INSCRI\u00c7\u00c3O<\/a><\/p>\n<p><a href=\"http:\/\/www2.unifap.br\/procri\/files\/2017\/10\/FICHA-DE-PONTUA\u00c7\u00c2O-TOP-ESPANHA.docx\">FICHA DE PONTUA\u00c7\u00c2O TOP ESPANHA<\/a><\/p>\n<p><a href=\"http:\/\/www2.unifap.br\/procri\/files\/2017\/10\/Princ\u00edpios-Gerais-TOP-ESPA\u00d1A-Edi\u00e7\u00e3o-2015.pdf\">Princ\u00edpios Gerais TOP ESPA\u00d1A &#8211; Edi\u00e7\u00e3o 2015<\/a><\/p>\n<p><a href=\"http:\/\/www2.unifap.br\/procri\/files\/2017\/10\/FORMUL\u00c1RIO-DE-RECURSO_ANEXO-II.pdf\">FORMUL\u00c1RIO DE RECURSO_ANEXO II<\/a><\/p>\n<p>&nbsp;<\/p>\n","protected":false},"excerpt":{"rendered":"<p>A Pr\u00f3-Reitoria de Coopera\u00e7\u00e3o e Rela\u00e7\u00f5es Interinstitucionais da Universidade Federal do Amap\u00e1 (PROCRI-UNIFAP) torna p\u00fablico o presente Edital, que trata da sele\u00e7\u00e3o de candidatos ao Programa TOP ESPA\u00d1A 2015, do Santander Universidades, destinado a alunos de gradua\u00e7\u00e3o da UNIFAP, atrav\u00e9s do Conv\u00eanio firmado entre o SANTANDER e a UNIFAP. RESULTADO DA SELE\u00c7\u00c3O DO PROGRAMA TOP&#8230;<\/p>\n","protected":false},"author":189,"featured_media":0,"parent":2743,"menu_order":1,"comment_status":"open","ping_status":"open","template":"","meta":{"inline_featured_image":false,"ngg_post_thumbnail":0,"footnotes":""},"class_list":["post-3513","page","type-page","status-publish","hentry","entry"],"_links":{"self":[{"href":"https:\/\/www2.unifap.br\/procri\/wp-json\/wp\/v2\/pages\/3513","targetHints":{"allow":["GET"]}}],"collection":[{"href":"https:\/\/www2.unifap.br\/procri\/wp-json\/wp\/v2\/pages"}],"about":[{"href":"https:\/\/www2.unifap.br\/procri\/wp-json\/wp\/v2\/types\/page"}],"author":[{"embeddable":true,"href":"https:\/\/www2.unifap.br\/procri\/wp-json\/wp\/v2\/users\/189"}],"replies":[{"embeddable":true,"href":"https:\/\/www2.unifap.br\/procri\/wp-json\/wp\/v2\/comments?post=3513"}],"version-history":[{"count":1,"href":"https:\/\/www2.unifap.br\/procri\/wp-json\/wp\/v2\/pages\/3513\/revisions"}],"predecessor-version":[{"id":3520,"href":"https:\/\/www2.unifap.br\/procri\/wp-json\/wp\/v2\/pages\/3513\/revisions\/3520"}],"up":[{"embeddable":true,"href":"https:\/\/www2.unifap.br\/procri\/wp-json\/wp\/v2\/pages\/2743"}],"wp:attachment":[{"href":"https:\/\/www2.unifap.br\/procri\/wp-json\/wp\/v2\/media?parent=3513"}],"curies":[{"name":"wp","href":"https:\/\/api.w.org\/{rel}","templated":true}]}}