{"id":3521,"date":"2017-10-02T20:45:35","date_gmt":"2017-10-02T20:45:35","guid":{"rendered":"http:\/\/www2.unifap.br\/procri\/?page_id=3521"},"modified":"2017-10-02T20:45:50","modified_gmt":"2017-10-02T20:45:50","slug":"edital-022015procri_bolsas-santander-andifes_2015-2","status":"publish","type":"page","link":"https:\/\/www2.unifap.br\/procri\/bolsas-para-pesquisa\/editais-2015\/edital-022015procri_bolsas-santander-andifes_2015-2\/","title":{"rendered":"Edital 02\/2015\/PROCRI_Bolsas Santander-Andifes_2015.2"},"content":{"rendered":"<p>A Pr\u00f3-Reitoria de Coopera\u00e7\u00e3o e Rela\u00e7\u00f5es Interinstitucionais &#8211; PROCRI comunica aos alunos interessados em participar do Programa de Mobilidade Acad\u00eamica Nacional ANDIFES, que est\u00e3o abertas as inscri\u00e7\u00f5es para concorrer a bolsas-aux\u00edlio do SANTANDER UNIVERSIDADES, para 2\u00ba per\u00edodo letivo de 2015. Este Edital se estende a todos os C<i>ampi <\/i>da UNIFAP.<\/p>\n<p><a href=\"http:\/\/www2.unifap.br\/procri\/files\/2017\/10\/RESULTADO-MOB-NACIONAL-ANDIFES-com-bolsa-Santander.pdf\">RESULTADO MOB NACIONAL ANDIFES com bolsa Santander<\/a><\/p>\n<p><a href=\"http:\/\/www2.unifap.br\/procri\/files\/2017\/10\/RESULTADO-PRELIMINAR-MOB-NAC-ANDIFES-2015_TODOS-OS-CAMPI.docx.pdf\">RESULTADO PRELIMINAR MOB NAC ANDIFES 2015_TODOS OS CAMPI.docx<\/a><\/p>\n<p><a href=\"http:\/\/www2.unifap.br\/procri\/files\/2017\/10\/EDITAL-02-2015-PROCRI_Bolsa-Santander-Andifes.pdf\">EDITAL 02-2015-PROCRI_Bolsa Santander-Andifes<\/a><\/p>\n<p><a href=\"http:\/\/www2.unifap.br\/procri\/files\/2017\/10\/ANEXO-I_Formul\u00e1rio-Inscri\u00e7\u00e3o.pdf\">ANEXO I_Formul\u00e1rio Inscri\u00e7\u00e3o<\/a>\u00a0 \u00a0\u00a0 <a href=\"http:\/\/www2.unifap.br\/procri\/files\/2017\/10\/ANEXO-II_Recurso.pdf\">ANEXO II_Recurso<\/a><\/p>\n<p><a href=\"http:\/\/www2.unifap.br\/procri\/files\/2017\/10\/CONV\u00caNIO.pdf\">CONV\u00caNIO<\/a><\/p>\n","protected":false},"excerpt":{"rendered":"<p>A Pr\u00f3-Reitoria de Coopera\u00e7\u00e3o e Rela\u00e7\u00f5es Interinstitucionais &#8211; PROCRI comunica aos alunos interessados em participar do Programa de Mobilidade Acad\u00eamica Nacional ANDIFES, que est\u00e3o abertas as inscri\u00e7\u00f5es para concorrer a bolsas-aux\u00edlio do SANTANDER UNIVERSIDADES, para 2\u00ba per\u00edodo letivo de 2015. Este Edital se estende a todos os Campi da UNIFAP. RESULTADO MOB NACIONAL ANDIFES com&#8230;<\/p>\n","protected":false},"author":189,"featured_media":0,"parent":2743,"menu_order":2,"comment_status":"open","ping_status":"open","template":"","meta":{"inline_featured_image":false,"ngg_post_thumbnail":0,"footnotes":""},"class_list":["post-3521","page","type-page","status-publish","hentry","entry"],"_links":{"self":[{"href":"https:\/\/www2.unifap.br\/procri\/wp-json\/wp\/v2\/pages\/3521","targetHints":{"allow":["GET"]}}],"collection":[{"href":"https:\/\/www2.unifap.br\/procri\/wp-json\/wp\/v2\/pages"}],"about":[{"href":"https:\/\/www2.unifap.br\/procri\/wp-json\/wp\/v2\/types\/page"}],"author":[{"embeddable":true,"href":"https:\/\/www2.unifap.br\/procri\/wp-json\/wp\/v2\/users\/189"}],"replies":[{"embeddable":true,"href":"https:\/\/www2.unifap.br\/procri\/wp-json\/wp\/v2\/comments?post=3521"}],"version-history":[{"count":1,"href":"https:\/\/www2.unifap.br\/procri\/wp-json\/wp\/v2\/pages\/3521\/revisions"}],"predecessor-version":[{"id":3528,"href":"https:\/\/www2.unifap.br\/procri\/wp-json\/wp\/v2\/pages\/3521\/revisions\/3528"}],"up":[{"embeddable":true,"href":"https:\/\/www2.unifap.br\/procri\/wp-json\/wp\/v2\/pages\/2743"}],"wp:attachment":[{"href":"https:\/\/www2.unifap.br\/procri\/wp-json\/wp\/v2\/media?parent=3521"}],"curies":[{"name":"wp","href":"https:\/\/api.w.org\/{rel}","templated":true}]}}