{"id":3529,"date":"2017-10-02T20:55:50","date_gmt":"2017-10-02T20:55:50","guid":{"rendered":"http:\/\/www2.unifap.br\/procri\/?page_id=3529"},"modified":"2017-10-02T20:56:46","modified_gmt":"2017-10-02T20:56:46","slug":"edital-032015procri_bolsa-santander-pesq-aplic-indig-oiapoque","status":"publish","type":"page","link":"https:\/\/www2.unifap.br\/procri\/bolsas-para-pesquisa\/editais-2015\/edital-032015procri_bolsa-santander-pesq-aplic-indig-oiapoque\/","title":{"rendered":"Edital 03\/2015\/PROCRI_Bolsa Santander Pesq. Aplic. Ind\u00edg. Oiapoque"},"content":{"rendered":"<p>A <b>UNIVERSIDADE FEDERAL DO AMAPA &#8211; UNIFAP<\/b>, atrav\u00e9s da Pr\u00f3-Reitoria de Coopera\u00e7\u00e3o e Rela\u00e7\u00f5es Interinstitucionais &#8211; PROCRI, torna p\u00fablica a inscri\u00e7\u00e3o e sele\u00e7\u00e3o de professores do <b>CAMPUS OIAPOQUE<\/b> &#8211; UNIFAP para participarem do <b>Programa de Incentivo \u00e0 Pesquisa Aplicada para Professores \u2013 \u00c1rea Comunidade Ind\u00edgena <\/b>promovido pelo<b> Santander Universidades, <\/b>nos termos do conv\u00eanio do Programa Amaz\u00f4nia 2020, celebrado entre a Funda\u00e7\u00e3o Universidade Federal do Amap\u00e1 e o Banco Santander (Brasil) S\/A.<\/p>\n<p><a href=\"http:\/\/www2.unifap.br\/procri\/files\/2017\/10\/RESULTADO-FINAL-EDITAL-03_PROF.-PESQ-APLIC-IND-OIAPOQUE-20151.pdf\">RESULTADO FINAL EDITAL 03_PROF. PESQ APLIC IND OIAPOQUE 2015<\/a><\/p>\n<p><a href=\"http:\/\/www2.unifap.br\/procri\/files\/2017\/10\/Edital-03-2015-PROCRI-UNIFAP_PROF_PESQ-IND\u00cdGENA_OIAPOQUE.pdf\">Edital 03-2015-PROCRI-UNIFAP_PROF_PESQ IND\u00cdGENA_OIAPOQUE<\/a><\/p>\n<p><a href=\"http:\/\/www2.unifap.br\/procri\/files\/2017\/10\/ANEXO-II_Tabela-_Pontua\u00e7\u00e3o.docx\">ANEXO II_Tabela Pontua\u00e7\u00e3o<\/a>\u00a0 \u00a0 <a href=\"http:\/\/www2.unifap.br\/procri\/files\/2017\/10\/ANEXO-III_Plano-de-Atividades.docx\">ANEXO III_Plano de Atividades<\/a>\u00a0\u00a0\u00a0 <a href=\"http:\/\/www2.unifap.br\/procri\/files\/2017\/10\/ANEXO-III_PROJETO-PESQUISA-APLICADA.docx\">ANEXO III_PROJETO PESQUISA APLICADA<\/a><\/p>\n<p><a href=\"http:\/\/www2.unifap.br\/procri\/files\/2017\/10\/RETIFICA\u00c7\u00c3O-II_EDITAL-03-2015-PROCRI-UNIFAP_PROF-PESQ-APLIC-COMUN-IND\u00cdGENA.pdf\">RETIFICA\u00c7\u00c3O II_EDITAL 03-2015-PROCRI-UNIFAP_PROF PESQ APLIC COMUN IND\u00cdGENA<\/a><\/p>\n<p>&nbsp;<\/p>\n<p><a href=\"http:\/\/www2.unifap.br\/procri\/files\/2017\/10\/RESULTADO-FINAL-EDITAL-03_PROF.-PESQ-APLIC-IND-OIAPOQUE-2015.pdf\">RESULTADO FINAL EDITAL 03_PROF. PESQ APLIC IND OIAPOQUE 2015<\/a><\/p>\n","protected":false},"excerpt":{"rendered":"<p>A UNIVERSIDADE FEDERAL DO AMAPA &#8211; UNIFAP, atrav\u00e9s da Pr\u00f3-Reitoria de Coopera\u00e7\u00e3o e Rela\u00e7\u00f5es Interinstitucionais &#8211; PROCRI, torna p\u00fablica a inscri\u00e7\u00e3o e sele\u00e7\u00e3o de professores do CAMPUS OIAPOQUE &#8211; UNIFAP para participarem do Programa de Incentivo \u00e0 Pesquisa Aplicada para Professores \u2013 \u00c1rea Comunidade Ind\u00edgena promovido pelo Santander Universidades, nos termos do conv\u00eanio do Programa&#8230;<\/p>\n","protected":false},"author":189,"featured_media":0,"parent":2743,"menu_order":3,"comment_status":"open","ping_status":"open","template":"","meta":{"inline_featured_image":false,"ngg_post_thumbnail":0,"footnotes":""},"class_list":["post-3529","page","type-page","status-publish","hentry","entry"],"_links":{"self":[{"href":"https:\/\/www2.unifap.br\/procri\/wp-json\/wp\/v2\/pages\/3529","targetHints":{"allow":["GET"]}}],"collection":[{"href":"https:\/\/www2.unifap.br\/procri\/wp-json\/wp\/v2\/pages"}],"about":[{"href":"https:\/\/www2.unifap.br\/procri\/wp-json\/wp\/v2\/types\/page"}],"author":[{"embeddable":true,"href":"https:\/\/www2.unifap.br\/procri\/wp-json\/wp\/v2\/users\/189"}],"replies":[{"embeddable":true,"href":"https:\/\/www2.unifap.br\/procri\/wp-json\/wp\/v2\/comments?post=3529"}],"version-history":[{"count":1,"href":"https:\/\/www2.unifap.br\/procri\/wp-json\/wp\/v2\/pages\/3529\/revisions"}],"predecessor-version":[{"id":3537,"href":"https:\/\/www2.unifap.br\/procri\/wp-json\/wp\/v2\/pages\/3529\/revisions\/3537"}],"up":[{"embeddable":true,"href":"https:\/\/www2.unifap.br\/procri\/wp-json\/wp\/v2\/pages\/2743"}],"wp:attachment":[{"href":"https:\/\/www2.unifap.br\/procri\/wp-json\/wp\/v2\/media?parent=3529"}],"curies":[{"name":"wp","href":"https:\/\/api.w.org\/{rel}","templated":true}]}}