{"id":3552,"date":"2017-10-10T17:55:53","date_gmt":"2017-10-10T17:55:53","guid":{"rendered":"http:\/\/www2.unifap.br\/procri\/?page_id=3552"},"modified":"2017-10-10T17:57:02","modified_gmt":"2017-10-10T17:57:02","slug":"3552-2","status":"publish","type":"page","link":"https:\/\/www2.unifap.br\/procri\/bolsas-para-pesquisa\/editais-2015\/3552-2\/","title":{"rendered":"Edital 04\/2015\/PROCRI\/UNIFAP_BOLSAS IBERO-AMERICANAS SANTANDER 2015"},"content":{"rendered":"<p>A Pr\u00f3-Reitoria de Coopera\u00e7\u00e3o e Rela\u00e7\u00f5es Interinstitucionais da Universidade Federal do Amap\u00e1 (PROCRI-UNIFAP) torna p\u00fablico o presente Edital para inscri\u00e7\u00e3o e sele\u00e7\u00e3o de candidatos ao <b>Programa de Bolsas Ibero-Americanas 2015-2016 para Estudantes dos cursos de Gradua\u00e7\u00e3o da UNIFAP, atrav\u00e9s de Conv\u00eanio firmado entre o SANTANDER e a UNIFAP.<\/b><\/p>\n<p><a href=\"http:\/\/www2.unifap.br\/procri\/files\/2017\/10\/RESULTADO_definitivo_ibero_2015.pdf\">RESULTADO_definitivo_ibero_2015<\/a><\/p>\n<p><a href=\"http:\/\/www2.unifap.br\/procri\/files\/2017\/10\/EDITAL_04-2015-PROCRI-UNIFAP-SANTANDER_BOLSA-IBERO-2015.pdf\">EDITAL_04-2015-PROCRI-UNIFAP-SANTANDER_BOLSA IBERO 2015<\/a><\/p>\n<p><a href=\"http:\/\/www2.unifap.br\/procri\/files\/2017\/10\/ANEXO-I_REQUERIMENTO-DE-INSCRI\u00c7\u00c3O1.pdf\">ANEXO I_REQUERIMENTO DE INSCRI\u00c7\u00c3O<\/a>\u00a0\u00a0 <a href=\"http:\/\/www2.unifap.br\/procri\/files\/2017\/10\/ANEXO-II_PLANO-DE-ATIVIDADES.pdf\">ANEXO II_PLANO DE ATIVIDADES<\/a><\/p>\n<p><a href=\"http:\/\/www2.unifap.br\/procri\/files\/2017\/10\/CONEVENIO-IBERO-ASSINADO.pdf\">CONEVENIO IBERO ASSINADO<\/a>\u00a0\u00a0 <a href=\"http:\/\/www2.unifap.br\/procri\/files\/2017\/10\/PRINC\u00cdPIOS-GERAIS-IBERO-GRAD-2015.pdf\">PRINC\u00cdPIOS GERAIS IBERO GRAD &#8211; 2015<\/a><\/p>\n<p><a href=\"http:\/\/www2.unifap.br\/procri\/files\/2017\/10\/FICHA-DE-PONTUA\u00c7\u00c2O-ATUALIZADA-IBERO.docx\">FICHA DE PONTUA\u00c7\u00c2O ATUALIZADA IBERO<\/a><\/p>\n<p><a href=\"http:\/\/www2.unifap.br\/procri\/files\/2017\/10\/FORMUL\u00c1RIO-INSCR.Ibero-2015.docx\">FORMUL\u00c1RIO INSCR.Ibero 2015<\/a><\/p>\n<p><a href=\"http:\/\/www2.unifap.br\/procri\/files\/2017\/10\/FORMUL\u00c1RIO-DE-RECURSO1.docx\">FORMUL\u00c1RIO DE RECURSO<\/a><\/p>\n","protected":false},"excerpt":{"rendered":"<p>A Pr\u00f3-Reitoria de Coopera\u00e7\u00e3o e Rela\u00e7\u00f5es Interinstitucionais da Universidade Federal do Amap\u00e1 (PROCRI-UNIFAP) torna p\u00fablico o presente Edital para inscri\u00e7\u00e3o e sele\u00e7\u00e3o de candidatos ao Programa de Bolsas Ibero-Americanas 2015-2016 para Estudantes dos cursos de Gradua\u00e7\u00e3o da UNIFAP, atrav\u00e9s de Conv\u00eanio firmado entre o SANTANDER e a UNIFAP. RESULTADO_definitivo_ibero_2015 EDITAL_04-2015-PROCRI-UNIFAP-SANTANDER_BOLSA IBERO 2015 ANEXO I_REQUERIMENTO DE&#8230;<\/p>\n","protected":false},"author":189,"featured_media":0,"parent":2743,"menu_order":4,"comment_status":"open","ping_status":"open","template":"","meta":{"inline_featured_image":false,"ngg_post_thumbnail":0,"footnotes":""},"class_list":["post-3552","page","type-page","status-publish","hentry","entry"],"_links":{"self":[{"href":"https:\/\/www2.unifap.br\/procri\/wp-json\/wp\/v2\/pages\/3552","targetHints":{"allow":["GET"]}}],"collection":[{"href":"https:\/\/www2.unifap.br\/procri\/wp-json\/wp\/v2\/pages"}],"about":[{"href":"https:\/\/www2.unifap.br\/procri\/wp-json\/wp\/v2\/types\/page"}],"author":[{"embeddable":true,"href":"https:\/\/www2.unifap.br\/procri\/wp-json\/wp\/v2\/users\/189"}],"replies":[{"embeddable":true,"href":"https:\/\/www2.unifap.br\/procri\/wp-json\/wp\/v2\/comments?post=3552"}],"version-history":[{"count":3,"href":"https:\/\/www2.unifap.br\/procri\/wp-json\/wp\/v2\/pages\/3552\/revisions"}],"predecessor-version":[{"id":3565,"href":"https:\/\/www2.unifap.br\/procri\/wp-json\/wp\/v2\/pages\/3552\/revisions\/3565"}],"up":[{"embeddable":true,"href":"https:\/\/www2.unifap.br\/procri\/wp-json\/wp\/v2\/pages\/2743"}],"wp:attachment":[{"href":"https:\/\/www2.unifap.br\/procri\/wp-json\/wp\/v2\/media?parent=3552"}],"curies":[{"name":"wp","href":"https:\/\/api.w.org\/{rel}","templated":true}]}}