{"id":3576,"date":"2017-10-10T18:24:01","date_gmt":"2017-10-10T18:24:01","guid":{"rendered":"http:\/\/www2.unifap.br\/procri\/?page_id=3576"},"modified":"2017-10-10T18:24:01","modified_gmt":"2017-10-10T18:24:01","slug":"edital-072015procri_bolsas-ibero-americ-prof-santander-2015","status":"publish","type":"page","link":"https:\/\/www2.unifap.br\/procri\/bolsas-para-pesquisa\/editais-2015\/edital-072015procri_bolsas-ibero-americ-prof-santander-2015\/","title":{"rendered":"Edital 07\/2015\/PROCRI_BOLSAS IBERO-AMERIC PROF SANTANDER 2015"},"content":{"rendered":"<p><b>DISP\u00d5E SOBRE O PROCESSO SELETIVO DE PROFESSORES DA UNIVERSIDADE FEDERAL DO AMAP\u00c1 PARA O PROGRAMA DE BOLSAS IBERO-AMERICANAS JOVENS PROFESSORES E PESQUISADORES SANTANDER UNIVERSIDADES.<\/b><\/p>\n<p><a href=\"http:\/\/www2.unifap.br\/procri\/files\/2017\/10\/RESULTADO-DEFINITIVO-DA-SELE\u00c7\u00c3O-IBERO-AMERICANOS-PROF-2015_G2.pdf\">RESULTADO DEFINITIVO DA SELE\u00c7\u00c3O IBERO-AMERICANOS PROF 2015_G2<\/a><\/p>\n<p><a href=\"http:\/\/www2.unifap.br\/procri\/files\/2017\/10\/Edital-07-2015-PROCRI-UNIFAP-MoB-Intern-Ibero-Americ-2015.pdf\">Edital 07-2015-PROCRI-UNIFAP-MoB Intern Ibero-Americ 2015<\/a><\/p>\n<p><a href=\"http:\/\/www2.unifap.br\/procri\/files\/2017\/10\/RESULTADO-DEFINITIVO-DA-SELE\u00c7\u00c3O-IBERO-AMERICANOS-PROF-2015_G1-e-G3.pdf\">RESULTADO DEFINITIVO DA SELE\u00c7\u00c3O IBERO-AMERICANOS PROF 2015_G1 e G3<\/a><\/p>\n<p><a href=\"http:\/\/www2.unifap.br\/procri\/files\/2017\/10\/ANEXO-I_Requerimento-Inscri\u00e7\u00e3o.pdf\">ANEXO I_Requerimento Inscri\u00e7\u00e3o<\/a> \u00a0 \u00a0 <a href=\"http:\/\/www2.unifap.br\/procri\/files\/2017\/10\/ANEXO-II_Planilha-de-Pontua\u00e7\u00e3o-vers\u00e3o-atualizada.docx\">ANEXO-II_Planilha de Pontua\u00e7\u00e3o (vers\u00e3o atualizada)<\/a><\/p>\n<p><a href=\"http:\/\/www2.unifap.br\/procri\/files\/2017\/10\/ANEXO-III_Plano-de-Atividades.pdf\">ANEXO III_Plano de Atividades<\/a><\/p>\n<p>&nbsp;<\/p>\n<p>&nbsp;<\/p>\n","protected":false},"excerpt":{"rendered":"<p>DISP\u00d5E SOBRE O PROCESSO SELETIVO DE PROFESSORES DA UNIVERSIDADE FEDERAL DO AMAP\u00c1 PARA O PROGRAMA DE BOLSAS IBERO-AMERICANAS JOVENS PROFESSORES E PESQUISADORES SANTANDER UNIVERSIDADES. RESULTADO DEFINITIVO DA SELE\u00c7\u00c3O IBERO-AMERICANOS PROF 2015_G2 Edital 07-2015-PROCRI-UNIFAP-MoB Intern Ibero-Americ 2015 RESULTADO DEFINITIVO DA SELE\u00c7\u00c3O IBERO-AMERICANOS PROF 2015_G1 e G3 ANEXO I_Requerimento Inscri\u00e7\u00e3o \u00a0 \u00a0 ANEXO-II_Planilha de Pontua\u00e7\u00e3o (vers\u00e3o atualizada)&#8230;<\/p>\n","protected":false},"author":189,"featured_media":0,"parent":2743,"menu_order":6,"comment_status":"open","ping_status":"open","template":"","meta":{"inline_featured_image":false,"ngg_post_thumbnail":0,"footnotes":""},"class_list":["post-3576","page","type-page","status-publish","hentry","entry"],"_links":{"self":[{"href":"https:\/\/www2.unifap.br\/procri\/wp-json\/wp\/v2\/pages\/3576","targetHints":{"allow":["GET"]}}],"collection":[{"href":"https:\/\/www2.unifap.br\/procri\/wp-json\/wp\/v2\/pages"}],"about":[{"href":"https:\/\/www2.unifap.br\/procri\/wp-json\/wp\/v2\/types\/page"}],"author":[{"embeddable":true,"href":"https:\/\/www2.unifap.br\/procri\/wp-json\/wp\/v2\/users\/189"}],"replies":[{"embeddable":true,"href":"https:\/\/www2.unifap.br\/procri\/wp-json\/wp\/v2\/comments?post=3576"}],"version-history":[{"count":1,"href":"https:\/\/www2.unifap.br\/procri\/wp-json\/wp\/v2\/pages\/3576\/revisions"}],"predecessor-version":[{"id":3591,"href":"https:\/\/www2.unifap.br\/procri\/wp-json\/wp\/v2\/pages\/3576\/revisions\/3591"}],"up":[{"embeddable":true,"href":"https:\/\/www2.unifap.br\/procri\/wp-json\/wp\/v2\/pages\/2743"}],"wp:attachment":[{"href":"https:\/\/www2.unifap.br\/procri\/wp-json\/wp\/v2\/media?parent=3576"}],"curies":[{"name":"wp","href":"https:\/\/api.w.org\/{rel}","templated":true}]}}