{"id":3593,"date":"2017-10-11T14:02:23","date_gmt":"2017-10-11T14:02:23","guid":{"rendered":"http:\/\/www2.unifap.br\/procri\/?page_id=3593"},"modified":"2017-10-11T14:02:23","modified_gmt":"2017-10-11T14:02:23","slug":"edital-082015procriunifap_bolsa-santander-mob-regional-2015","status":"publish","type":"page","link":"https:\/\/www2.unifap.br\/procri\/bolsas-para-pesquisa\/editais-2015\/edital-082015procriunifap_bolsa-santander-mob-regional-2015\/","title":{"rendered":"Edital 08\/2015\/PROCRI\/UNIFAP_Bolsa Santander Mob Regional 2015"},"content":{"rendered":"<p>A Pr\u00f3-Reitoria de Coopera\u00e7\u00e3o e Rela\u00e7\u00f5es Interinstitucionais da Universidade Federal do Amap\u00e1 (PROCRI-UNIFAP) torna p\u00fablico o presente Edital para inscri\u00e7\u00e3o e sele\u00e7\u00e3o de candidatos ao <b>PROGRAMA DE BOLSAS SANTANDER MOBILIDADE REGIONAL\/NACIONAL 2015 para Estudantes dos cursos de Gradua\u00e7\u00e3o da UNIFAP, atrav\u00e9s de Conv\u00eanio firmado entre o SANTANDER e a UNIFAP.<\/b><\/p>\n<p><a href=\"http:\/\/www2.unifap.br\/procri\/files\/2017\/10\/RETIFICA\u00c7\u00c3O-DO-RESULTADO-MOB-REG-NAC-2015_CAMPUS-OIAPOQUE.pdf\">RETIFICA\u00c7\u00c3O DO RESULTADO MOB REG NAC 2015_CAMPUS OIAPOQUE<\/a><\/p>\n<p><a href=\"http:\/\/www2.unifap.br\/procri\/files\/2017\/10\/RESULTADO-DA-SELE\u00c7\u00c3O-MOB-REG-NAC-2015_CAMPUS-OIAPOQUE.pdf\">RESULTADO DA SELE\u00c7\u00c3O MOB REG NAC 2015_CAMPUS OIAPOQUE<\/a><\/p>\n<p><a href=\"http:\/\/www2.unifap.br\/procri\/files\/2017\/10\/EDITAL_08-2015-PROCRI-UNIFAP-BOLSAS-SANTANDER-MOB-REG-NAC.pdf\">EDITAL_08-2015-PROCRI-UNIFAP-BOLSAS SANTANDER MOB REG-NAC<\/a><\/p>\n<p><a href=\"http:\/\/www2.unifap.br\/procri\/files\/2017\/10\/ANEXO-I_INSCRI\u00c7\u00c3O.pdf\">ANEXO I_INSCRI\u00c7\u00c3O<\/a>\u00a0 \u00a0\u00a0 <a href=\"http:\/\/www2.unifap.br\/procri\/files\/2017\/10\/FICHA-DE-PONTUA\u00c7\u00c2O.docx\">FICHA DE PONTUA\u00c7\u00c2O<\/a>\u00a0\u00a0\u00a0\u00a0 <a href=\"http:\/\/www2.unifap.br\/procri\/files\/2017\/10\/PLANO-DE-ATIVIDADES.docx\">PLANO DE ATIVIDADES<\/a><\/p>\n<p><a href=\"http:\/\/www2.unifap.br\/procri\/files\/2017\/10\/Princ\u00edpios-Mobilidade-Internacional_20152.pdf\">Princ\u00edpios Mobilidade Internacional_2015<\/a><\/p>\n<p><a href=\"http:\/\/www2.unifap.br\/procri\/files\/2017\/10\/ANEXO-II_Recurso.docx\">ANEXO II_Recurso<\/a><\/p>\n<p>&nbsp;<\/p>\n","protected":false},"excerpt":{"rendered":"<p>A Pr\u00f3-Reitoria de Coopera\u00e7\u00e3o e Rela\u00e7\u00f5es Interinstitucionais da Universidade Federal do Amap\u00e1 (PROCRI-UNIFAP) torna p\u00fablico o presente Edital para inscri\u00e7\u00e3o e sele\u00e7\u00e3o de candidatos ao PROGRAMA DE BOLSAS SANTANDER MOBILIDADE REGIONAL\/NACIONAL 2015 para Estudantes dos cursos de Gradua\u00e7\u00e3o da UNIFAP, atrav\u00e9s de Conv\u00eanio firmado entre o SANTANDER e a UNIFAP. RETIFICA\u00c7\u00c3O DO RESULTADO MOB REG&#8230;<\/p>\n","protected":false},"author":189,"featured_media":0,"parent":2743,"menu_order":7,"comment_status":"open","ping_status":"open","template":"","meta":{"inline_featured_image":false,"ngg_post_thumbnail":0,"footnotes":""},"class_list":["post-3593","page","type-page","status-publish","hentry","entry"],"_links":{"self":[{"href":"https:\/\/www2.unifap.br\/procri\/wp-json\/wp\/v2\/pages\/3593","targetHints":{"allow":["GET"]}}],"collection":[{"href":"https:\/\/www2.unifap.br\/procri\/wp-json\/wp\/v2\/pages"}],"about":[{"href":"https:\/\/www2.unifap.br\/procri\/wp-json\/wp\/v2\/types\/page"}],"author":[{"embeddable":true,"href":"https:\/\/www2.unifap.br\/procri\/wp-json\/wp\/v2\/users\/189"}],"replies":[{"embeddable":true,"href":"https:\/\/www2.unifap.br\/procri\/wp-json\/wp\/v2\/comments?post=3593"}],"version-history":[{"count":1,"href":"https:\/\/www2.unifap.br\/procri\/wp-json\/wp\/v2\/pages\/3593\/revisions"}],"predecessor-version":[{"id":3602,"href":"https:\/\/www2.unifap.br\/procri\/wp-json\/wp\/v2\/pages\/3593\/revisions\/3602"}],"up":[{"embeddable":true,"href":"https:\/\/www2.unifap.br\/procri\/wp-json\/wp\/v2\/pages\/2743"}],"wp:attachment":[{"href":"https:\/\/www2.unifap.br\/procri\/wp-json\/wp\/v2\/media?parent=3593"}],"curies":[{"name":"wp","href":"https:\/\/api.w.org\/{rel}","templated":true}]}}