{"id":3614,"date":"2017-10-11T21:40:45","date_gmt":"2017-10-11T21:40:45","guid":{"rendered":"http:\/\/www2.unifap.br\/procri\/?page_id=3614"},"modified":"2017-10-11T21:40:45","modified_gmt":"2017-10-11T21:40:45","slug":"edital-102015procriunifap_ajuda-de-custo-mob-internacional_alunos","status":"publish","type":"page","link":"https:\/\/www2.unifap.br\/procri\/bolsas-para-pesquisa\/editais-2015\/edital-102015procriunifap_ajuda-de-custo-mob-internacional_alunos\/","title":{"rendered":"Edital 10\/2015\/PROCRI\/UNIFAP_Ajuda de Custo Mob Internacional_alunos"},"content":{"rendered":"<p>A Pr\u00f3-Reitoria de Coopera\u00e7\u00e3o e Rela\u00e7\u00f5es Interinstitucionais da Universidade Federal do Amap\u00e1 (PROCRI-UNIFAP) torna p\u00fablico o presente Edital para inscri\u00e7\u00e3o e sele\u00e7\u00e3o de candidatos para ajuda de custo \u00e0 mobilidade internacional para alunos que estudar\u00e3o no exterior em 2015.<\/p>\n<p><a href=\"http:\/\/www2.unifap.br\/procri\/files\/2017\/10\/RESULTADO-DA-SELE\u00c7\u00c3O_ajuda-de-custo-Mob-Internacional.pdf\">RESULTADO DA SELE\u00c7\u00c3O_ajuda de custo Mob Internacional<\/a><\/p>\n<p><a href=\"http:\/\/www2.unifap.br\/procri\/files\/2017\/10\/Edital-10-2015-PROCRI_Ajuda-de-Custo-Mob-Intern-alunos.pdf\">Edital 10-2015-PROCRI_Ajuda de Custo Mob Intern alunos<\/a><\/p>\n<p><a href=\"http:\/\/www2.unifap.br\/procri\/files\/2017\/10\/ANEXO-I_Question\u00e1rio-Socioeconomico.doc\">ANEXO I_Question\u00e1rio Socioeconomico<\/a><\/p>\n<p><a href=\"http:\/\/www2.unifap.br\/procri\/files\/2017\/10\/ANEXO-II-RECURSO.docx\">ANEXO II RECURSO<\/a><\/p>\n<p>&nbsp;<\/p>\n<p>&nbsp;<\/p>\n","protected":false},"excerpt":{"rendered":"<p>A Pr\u00f3-Reitoria de Coopera\u00e7\u00e3o e Rela\u00e7\u00f5es Interinstitucionais da Universidade Federal do Amap\u00e1 (PROCRI-UNIFAP) torna p\u00fablico o presente Edital para inscri\u00e7\u00e3o e sele\u00e7\u00e3o de candidatos para ajuda de custo \u00e0 mobilidade internacional para alunos que estudar\u00e3o no exterior em 2015. RESULTADO DA SELE\u00c7\u00c3O_ajuda de custo Mob Internacional Edital 10-2015-PROCRI_Ajuda de Custo Mob Intern alunos ANEXO I_Question\u00e1rio&#8230;<\/p>\n","protected":false},"author":189,"featured_media":0,"parent":2743,"menu_order":9,"comment_status":"open","ping_status":"open","template":"","meta":{"inline_featured_image":false,"ngg_post_thumbnail":0,"footnotes":""},"class_list":["post-3614","page","type-page","status-publish","hentry","entry"],"_links":{"self":[{"href":"https:\/\/www2.unifap.br\/procri\/wp-json\/wp\/v2\/pages\/3614","targetHints":{"allow":["GET"]}}],"collection":[{"href":"https:\/\/www2.unifap.br\/procri\/wp-json\/wp\/v2\/pages"}],"about":[{"href":"https:\/\/www2.unifap.br\/procri\/wp-json\/wp\/v2\/types\/page"}],"author":[{"embeddable":true,"href":"https:\/\/www2.unifap.br\/procri\/wp-json\/wp\/v2\/users\/189"}],"replies":[{"embeddable":true,"href":"https:\/\/www2.unifap.br\/procri\/wp-json\/wp\/v2\/comments?post=3614"}],"version-history":[{"count":1,"href":"https:\/\/www2.unifap.br\/procri\/wp-json\/wp\/v2\/pages\/3614\/revisions"}],"predecessor-version":[{"id":3619,"href":"https:\/\/www2.unifap.br\/procri\/wp-json\/wp\/v2\/pages\/3614\/revisions\/3619"}],"up":[{"embeddable":true,"href":"https:\/\/www2.unifap.br\/procri\/wp-json\/wp\/v2\/pages\/2743"}],"wp:attachment":[{"href":"https:\/\/www2.unifap.br\/procri\/wp-json\/wp\/v2\/media?parent=3614"}],"curies":[{"name":"wp","href":"https:\/\/api.w.org\/{rel}","templated":true}]}}