{"id":3625,"date":"2017-10-11T22:02:25","date_gmt":"2017-10-11T22:02:25","guid":{"rendered":"http:\/\/www2.unifap.br\/procri\/?page_id=3625"},"modified":"2017-10-11T22:02:25","modified_gmt":"2017-10-11T22:02:25","slug":"edital-no122015procriunifap_mob-guianas-campus-oiapoque","status":"publish","type":"page","link":"https:\/\/www2.unifap.br\/procri\/bolsas-para-pesquisa\/editais-2015\/edital-no122015procriunifap_mob-guianas-campus-oiapoque\/","title":{"rendered":"EDITAL N\u00ba12\/2015\/PROCRI\/UNIFAP_Mob Guianas Campus Oiapoque"},"content":{"rendered":"<p><b>DISP\u00d5E SOBRE O PROCESSO SELETIVO DE PROFESSORES DA UNIVERSIDADE FEDERAL DO AMAP\u00c1 PARA O PROGRAMA DE AUX\u00cdLIO PESQUISADOR DO CAMPUS OIAPOQUE PARA MOBILIDADE INTERNACIONAL NAS GUIANAS.<\/b><\/p>\n<p><a href=\"http:\/\/www2.unifap.br\/procri\/files\/2017\/10\/RESULTADO.pdf\">RESULTADO<\/a><\/p>\n<p><a href=\"http:\/\/www2.unifap.br\/procri\/files\/2017\/10\/Edital-12-2015-PROCRI-UNIFAP_-AUX.-PESQ.-GUIANAS.pdf\">Edital 12-2015-PROCRI-UNIFAP_ AUX. PESQ. GUIANAS<\/a><\/p>\n<p><a href=\"http:\/\/www2.unifap.br\/procri\/files\/2017\/10\/ANEXOS.docx\">ANEXOS<\/a><\/p>\n<p><a href=\"http:\/\/www2.unifap.br\/procri\/files\/2017\/10\/Recurso.docx\">Recurso<\/a><\/p>\n","protected":false},"excerpt":{"rendered":"<p>DISP\u00d5E SOBRE O PROCESSO SELETIVO DE PROFESSORES DA UNIVERSIDADE FEDERAL DO AMAP\u00c1 PARA O PROGRAMA DE AUX\u00cdLIO PESQUISADOR DO CAMPUS OIAPOQUE PARA MOBILIDADE INTERNACIONAL NAS GUIANAS. RESULTADO Edital 12-2015-PROCRI-UNIFAP_ AUX. PESQ. GUIANAS ANEXOS Recurso<\/p>\n","protected":false},"author":189,"featured_media":0,"parent":2743,"menu_order":11,"comment_status":"open","ping_status":"open","template":"","meta":{"inline_featured_image":false,"ngg_post_thumbnail":0,"footnotes":""},"class_list":["post-3625","page","type-page","status-publish","hentry","entry"],"_links":{"self":[{"href":"https:\/\/www2.unifap.br\/procri\/wp-json\/wp\/v2\/pages\/3625","targetHints":{"allow":["GET"]}}],"collection":[{"href":"https:\/\/www2.unifap.br\/procri\/wp-json\/wp\/v2\/pages"}],"about":[{"href":"https:\/\/www2.unifap.br\/procri\/wp-json\/wp\/v2\/types\/page"}],"author":[{"embeddable":true,"href":"https:\/\/www2.unifap.br\/procri\/wp-json\/wp\/v2\/users\/189"}],"replies":[{"embeddable":true,"href":"https:\/\/www2.unifap.br\/procri\/wp-json\/wp\/v2\/comments?post=3625"}],"version-history":[{"count":1,"href":"https:\/\/www2.unifap.br\/procri\/wp-json\/wp\/v2\/pages\/3625\/revisions"}],"predecessor-version":[{"id":3630,"href":"https:\/\/www2.unifap.br\/procri\/wp-json\/wp\/v2\/pages\/3625\/revisions\/3630"}],"up":[{"embeddable":true,"href":"https:\/\/www2.unifap.br\/procri\/wp-json\/wp\/v2\/pages\/2743"}],"wp:attachment":[{"href":"https:\/\/www2.unifap.br\/procri\/wp-json\/wp\/v2\/media?parent=3625"}],"curies":[{"name":"wp","href":"https:\/\/api.w.org\/{rel}","templated":true}]}}