{"id":3631,"date":"2017-10-13T18:37:04","date_gmt":"2017-10-13T18:37:04","guid":{"rendered":"http:\/\/www2.unifap.br\/procri\/?page_id=3631"},"modified":"2017-10-13T18:37:04","modified_gmt":"2017-10-13T18:37:04","slug":"edital-162015procri_alunos-c-oiapoque_visita-tecnico-cientifica-g-francesa","status":"publish","type":"page","link":"https:\/\/www2.unifap.br\/procri\/bolsas-para-pesquisa\/editais-2015\/edital-162015procri_alunos-c-oiapoque_visita-tecnico-cientifica-g-francesa\/","title":{"rendered":"Edital 16\/2015\/PROCRI_Alunos C. Oiapoque_Visita T\u00e9cnico-Cient\u00edfica G. Francesa"},"content":{"rendered":"<p>A Universidade Federal do Amap\u00e1- Campus Oiapoque por meio da Pr\u00f3\u2013Reitoria de Coopera\u00e7\u00e3o e Rela\u00e7\u00f5es Interinstitucionais \u2013 PROCRI &#8211; torna p\u00fablico aos acad\u00eamicos de todos os cursos de licenciatura e bacharelado do Campus Binacional o edital de sele\u00e7\u00e3o de estudantes para a realiza\u00e7\u00e3o de visita t\u00e9cnico-cient\u00edfico-educacional na Universidade e outras institui\u00e7\u00f5es na Guiana Francesa, regido por este regulamento.<\/p>\n<p><a href=\"http:\/\/www2.unifap.br\/procri\/files\/2017\/10\/RESULTADO-FINAL_Edital-16-2015-PROCRI_Visita-alunos-Oiapoque-Guiana-Fr.pdf\">RESULTADO FINAL_Edital 16-2015-PROCRI_Visita alunos Oiapoque-Guiana Fr<\/a><\/p>\n<p><a href=\"http:\/\/www2.unifap.br\/procri\/files\/2017\/10\/Homologa\u00e7\u00e3o-das-Inscri\u00e7\u00f5es_Edital-16-Oiapoque_Alunos_visita-Caiena.pdf\">Homologa\u00e7\u00e3o das Inscri\u00e7\u00f5es_Edital 16-Oiapoque_Alunos_visita Caiena<\/a><\/p>\n<p><a href=\"http:\/\/www2.unifap.br\/procri\/files\/2017\/10\/Edital-16-2015-PROCRI-UNIFAP-Alunos-Campus-Oiap_Visita-a-GF.pdf\">Edital 16-2015-PROCRI-UNIFAP Alunos Campus Oiap_Visita a GF<\/a><\/p>\n<p><a href=\"http:\/\/www2.unifap.br\/procri\/files\/2017\/10\/Anexo-I_Ficha-Inscri\u00e7\u00e3o.pdf\">Anexo I_Ficha Inscri\u00e7\u00e3o<\/a>\u00a0\u00a0\u00a0 <a href=\"http:\/\/www2.unifap.br\/procri\/files\/2017\/10\/Anexo-II_Ficha-Pontua\u00e7\u00e3o.pdf\">Anexo II_Ficha Pontua\u00e7\u00e3o<\/a><\/p>\n<p>&nbsp;<\/p>\n","protected":false},"excerpt":{"rendered":"<p>A Universidade Federal do Amap\u00e1- Campus Oiapoque por meio da Pr\u00f3\u2013Reitoria de Coopera\u00e7\u00e3o e Rela\u00e7\u00f5es Interinstitucionais \u2013 PROCRI &#8211; torna p\u00fablico aos acad\u00eamicos de todos os cursos de licenciatura e bacharelado do Campus Binacional o edital de sele\u00e7\u00e3o de estudantes para a realiza\u00e7\u00e3o de visita t\u00e9cnico-cient\u00edfico-educacional na Universidade e outras institui\u00e7\u00f5es na Guiana Francesa, regido&#8230;<\/p>\n","protected":false},"author":189,"featured_media":0,"parent":2743,"menu_order":14,"comment_status":"open","ping_status":"open","template":"","meta":{"inline_featured_image":false,"ngg_post_thumbnail":0,"footnotes":""},"class_list":["post-3631","page","type-page","status-publish","hentry","entry"],"_links":{"self":[{"href":"https:\/\/www2.unifap.br\/procri\/wp-json\/wp\/v2\/pages\/3631","targetHints":{"allow":["GET"]}}],"collection":[{"href":"https:\/\/www2.unifap.br\/procri\/wp-json\/wp\/v2\/pages"}],"about":[{"href":"https:\/\/www2.unifap.br\/procri\/wp-json\/wp\/v2\/types\/page"}],"author":[{"embeddable":true,"href":"https:\/\/www2.unifap.br\/procri\/wp-json\/wp\/v2\/users\/189"}],"replies":[{"embeddable":true,"href":"https:\/\/www2.unifap.br\/procri\/wp-json\/wp\/v2\/comments?post=3631"}],"version-history":[{"count":1,"href":"https:\/\/www2.unifap.br\/procri\/wp-json\/wp\/v2\/pages\/3631\/revisions"}],"predecessor-version":[{"id":3637,"href":"https:\/\/www2.unifap.br\/procri\/wp-json\/wp\/v2\/pages\/3631\/revisions\/3637"}],"up":[{"embeddable":true,"href":"https:\/\/www2.unifap.br\/procri\/wp-json\/wp\/v2\/pages\/2743"}],"wp:attachment":[{"href":"https:\/\/www2.unifap.br\/procri\/wp-json\/wp\/v2\/media?parent=3631"}],"curies":[{"name":"wp","href":"https:\/\/api.w.org\/{rel}","templated":true}]}}