{"id":3643,"date":"2017-10-13T19:07:11","date_gmt":"2017-10-13T19:07:11","guid":{"rendered":"http:\/\/www2.unifap.br\/procri\/?page_id=3643"},"modified":"2017-10-13T19:07:11","modified_gmt":"2017-10-13T19:07:11","slug":"edital-no182015procriunifap_aux-pesquisador-mob-internacional-prof","status":"publish","type":"page","link":"https:\/\/www2.unifap.br\/procri\/bolsas-para-pesquisa\/editais-2015\/edital-no182015procriunifap_aux-pesquisador-mob-internacional-prof\/","title":{"rendered":"EDITAL N\u00ba18\/2015\/PROCRI\/UNIFAP_Aux. Pesquisador Mob Internacional Prof."},"content":{"rendered":"<p><b>DISP\u00d5E SOBRE O PROCESSO SELETIVO DE PROFESSORES DA UNIVERSIDADE FEDERAL DO AMAP\u00c1 PARA <\/b><b>O PROGRAMA DE AUX\u00cdLIO PESQUISADOR PARA MOBILIDADE INTERNACIONAL<\/b><\/p>\n<p><a href=\"http:\/\/www2.unifap.br\/procri\/files\/2017\/10\/RESULTADO-FINAL-EDITAL-18-2015_MOB.-INTERNAC-LIVRE-PROF.pdf\">RESULTADO FINAL EDITAL 18-2015_MOB. INTERNAC LIVRE PROF<\/a><\/p>\n<p><a href=\"http:\/\/www2.unifap.br\/procri\/files\/2017\/10\/RESULTADO-FINAL-EDITAL-18-2015_MOB.-INTERNAC-LIVRE-PROF1.pdf\">RESULTADO FINAL EDITAL 18-2015_MOB. INTERNAC LIVRE PROF<\/a><\/p>\n<p><a href=\"http:\/\/www2.unifap.br\/procri\/files\/2017\/10\/EDITAL-18-2015-PROCRI-UNIFAP_AUX.-PESQ.-MOB.-INTERN..pdf\">EDITAL 18-2015-PROCRI-UNIFAP_AUX. PESQ. MOB. INTERN.<\/a><\/p>\n<p><a href=\"http:\/\/www2.unifap.br\/procri\/files\/2017\/10\/ANEXOS-I-II-III.docx\">ANEXOS I-II-III<\/a><\/p>\n<p><a href=\"http:\/\/www2.unifap.br\/procri\/files\/2017\/10\/Formul\u00e1rio-de-Recurso1.docx\">Formul\u00e1rio de Recurso<\/a><\/p>\n","protected":false},"excerpt":{"rendered":"<p>DISP\u00d5E SOBRE O PROCESSO SELETIVO DE PROFESSORES DA UNIVERSIDADE FEDERAL DO AMAP\u00c1 PARA O PROGRAMA DE AUX\u00cdLIO PESQUISADOR PARA MOBILIDADE INTERNACIONAL RESULTADO FINAL EDITAL 18-2015_MOB. INTERNAC LIVRE PROF RESULTADO FINAL EDITAL 18-2015_MOB. INTERNAC LIVRE PROF EDITAL 18-2015-PROCRI-UNIFAP_AUX. PESQ. MOB. INTERN. ANEXOS I-II-III Formul\u00e1rio de Recurso<\/p>\n","protected":false},"author":189,"featured_media":0,"parent":2743,"menu_order":16,"comment_status":"open","ping_status":"open","template":"","meta":{"inline_featured_image":false,"ngg_post_thumbnail":0,"footnotes":""},"class_list":["post-3643","page","type-page","status-publish","hentry","entry"],"_links":{"self":[{"href":"https:\/\/www2.unifap.br\/procri\/wp-json\/wp\/v2\/pages\/3643","targetHints":{"allow":["GET"]}}],"collection":[{"href":"https:\/\/www2.unifap.br\/procri\/wp-json\/wp\/v2\/pages"}],"about":[{"href":"https:\/\/www2.unifap.br\/procri\/wp-json\/wp\/v2\/types\/page"}],"author":[{"embeddable":true,"href":"https:\/\/www2.unifap.br\/procri\/wp-json\/wp\/v2\/users\/189"}],"replies":[{"embeddable":true,"href":"https:\/\/www2.unifap.br\/procri\/wp-json\/wp\/v2\/comments?post=3643"}],"version-history":[{"count":1,"href":"https:\/\/www2.unifap.br\/procri\/wp-json\/wp\/v2\/pages\/3643\/revisions"}],"predecessor-version":[{"id":3649,"href":"https:\/\/www2.unifap.br\/procri\/wp-json\/wp\/v2\/pages\/3643\/revisions\/3649"}],"up":[{"embeddable":true,"href":"https:\/\/www2.unifap.br\/procri\/wp-json\/wp\/v2\/pages\/2743"}],"wp:attachment":[{"href":"https:\/\/www2.unifap.br\/procri\/wp-json\/wp\/v2\/media?parent=3643"}],"curies":[{"name":"wp","href":"https:\/\/api.w.org\/{rel}","templated":true}]}}