{"id":3650,"date":"2017-10-13T19:31:55","date_gmt":"2017-10-13T19:31:55","guid":{"rendered":"http:\/\/www2.unifap.br\/procri\/?page_id=3650"},"modified":"2017-10-13T19:31:55","modified_gmt":"2017-10-13T19:31:55","slug":"edital-no192015procriunifap_aux-pesq-mob-internac-guianas","status":"publish","type":"page","link":"https:\/\/www2.unifap.br\/procri\/bolsas-para-pesquisa\/editais-2015\/edital-no192015procriunifap_aux-pesq-mob-internac-guianas\/","title":{"rendered":"EDITAL N\u00ba19\/2015\/PROCRI\/UNIFAP_Aux. Pesq. Mob Internac Guianas"},"content":{"rendered":"<p><b>DISP\u00d5E SOBRE O PROCESSO SELETIVO DE PROFESSORES DA UNIVERSIDADE FEDERAL DO AMAP\u00c1 PARA O PROGRAMA DE AUX\u00cdLIO PESQUISADOR PARA MOBILIDADE INTERNACIONAL GUIANAS<\/b><\/p>\n<p><a href=\"http:\/\/www2.unifap.br\/procri\/files\/2017\/10\/RESULTADO-FINAL-EDITAL-19-2015_MOB.-INTERN.-GUIANAS-PROF.pdf\">RESULTADO FINAL EDITAL 19-2015_MOB. INTERN. GUIANAS PROF<\/a><\/p>\n<p><a href=\"http:\/\/www2.unifap.br\/procri\/files\/2017\/10\/RESULTADO-PRELIMINAR-EDITAL-19-2015_MOB.-GUIANAS-PROF.pdf\">RESULTADO PRELIMINAR EDITAL 19-2015_MOB. GUIANAS PROF<\/a><\/p>\n<p><a href=\"http:\/\/www2.unifap.br\/procri\/files\/2017\/10\/EDITAL-19-2015-PROCRI-UNIFAP_AUX.-PESQ.-MOB.-INTERN.-GUIANAS.pdf\">EDITAL 19-2015-PROCRI-UNIFAP_AUX. PESQ. MOB. INTERN. GUIANAS<\/a><\/p>\n<p><a href=\"http:\/\/www2.unifap.br\/procri\/files\/2017\/10\/ANEXOS-I-II-III1.docx\">ANEXOS I-II-III<\/a><\/p>\n<p><a href=\"http:\/\/www2.unifap.br\/procri\/files\/2017\/10\/Formul\u00e1rio-de-Recurso2.docx\">Formul\u00e1rio de Recurso<\/a><\/p>\n<p>&nbsp;<\/p>\n","protected":false},"excerpt":{"rendered":"<p>DISP\u00d5E SOBRE O PROCESSO SELETIVO DE PROFESSORES DA UNIVERSIDADE FEDERAL DO AMAP\u00c1 PARA O PROGRAMA DE AUX\u00cdLIO PESQUISADOR PARA MOBILIDADE INTERNACIONAL GUIANAS RESULTADO FINAL EDITAL 19-2015_MOB. INTERN. GUIANAS PROF RESULTADO PRELIMINAR EDITAL 19-2015_MOB. GUIANAS PROF EDITAL 19-2015-PROCRI-UNIFAP_AUX. PESQ. MOB. INTERN. GUIANAS ANEXOS I-II-III Formul\u00e1rio de Recurso &nbsp;<\/p>\n","protected":false},"author":189,"featured_media":0,"parent":2743,"menu_order":17,"comment_status":"open","ping_status":"open","template":"","meta":{"inline_featured_image":false,"ngg_post_thumbnail":0,"footnotes":""},"class_list":["post-3650","page","type-page","status-publish","hentry","entry"],"_links":{"self":[{"href":"https:\/\/www2.unifap.br\/procri\/wp-json\/wp\/v2\/pages\/3650","targetHints":{"allow":["GET"]}}],"collection":[{"href":"https:\/\/www2.unifap.br\/procri\/wp-json\/wp\/v2\/pages"}],"about":[{"href":"https:\/\/www2.unifap.br\/procri\/wp-json\/wp\/v2\/types\/page"}],"author":[{"embeddable":true,"href":"https:\/\/www2.unifap.br\/procri\/wp-json\/wp\/v2\/users\/189"}],"replies":[{"embeddable":true,"href":"https:\/\/www2.unifap.br\/procri\/wp-json\/wp\/v2\/comments?post=3650"}],"version-history":[{"count":1,"href":"https:\/\/www2.unifap.br\/procri\/wp-json\/wp\/v2\/pages\/3650\/revisions"}],"predecessor-version":[{"id":3656,"href":"https:\/\/www2.unifap.br\/procri\/wp-json\/wp\/v2\/pages\/3650\/revisions\/3656"}],"up":[{"embeddable":true,"href":"https:\/\/www2.unifap.br\/procri\/wp-json\/wp\/v2\/pages\/2743"}],"wp:attachment":[{"href":"https:\/\/www2.unifap.br\/procri\/wp-json\/wp\/v2\/media?parent=3650"}],"curies":[{"name":"wp","href":"https:\/\/api.w.org\/{rel}","templated":true}]}}