{"id":3683,"date":"2017-10-27T19:44:06","date_gmt":"2017-10-27T19:44:06","guid":{"rendered":"http:\/\/www2.unifap.br\/procri\/?page_id=3683"},"modified":"2017-10-30T13:57:56","modified_gmt":"2017-10-30T13:57:56","slug":"edital-0162017procriunifap_mob-internac-bracol","status":"publish","type":"page","link":"https:\/\/www2.unifap.br\/procri\/bolsas-para-pesquisa\/editais-2017\/edital-0162017procriunifap_mob-internac-bracol\/","title":{"rendered":"EDITAL 016\/2017\/PROCRI\/UNIFAP_INTERC\u00c2MBIO BRACOL"},"content":{"rendered":"<p><b>A Pr\u00f3-Reitoria de Coopera\u00e7\u00e3o e Rela\u00e7\u00f5es Interinstitucionais (PROCRI)<\/b> em parceria com a <b>Pr\u00f3-Reitoria de Extens\u00e3o e Assuntos Comunit\u00e1rio (PROEAC)<\/b> tornam p\u00fablico o presente Edital para sele\u00e7\u00e3o de candidatos ao <b>Programa de Interc\u00e2mbio de Estudantes Brasil-Col\u00f4mbia (BRACOL) 2018.1<\/b>, para alunos de gradua\u00e7\u00e3o da UNIFAP, atrav\u00e9s de Conv\u00eanio firmado entre o Grupo Coimbra de Universidades Brasileiras (GCUB), a Associa\u00e7\u00e3o Colombiana de Universidades (ASCUN) e a UNIFAP.<\/p>\n<p>(27.10.2017) <a href=\"http:\/\/www2.unifap.br\/procri\/files\/2017\/10\/Resultado-Preliminar-BRACOL1.pdf\">Resultado-Preliminar-BRACOL<\/a><\/p>\n<p style=\"text-align: center\"><a href=\"http:\/\/www2.unifap.br\/procri\/files\/2017\/10\/RETIFICA\u00c7\u00c3O-30-DE-OUTUBRO.pdf\">RETIFICA\u00c7\u00c3O<\/a>\u00a01<\/p>\n<p><a href=\"http:\/\/www2.unifap.br\/procri\/files\/2017\/10\/EDITAL-16-2017-PROCRI-BRACOL-2018.11.pdf\">EDITAL-16-2017-PROCRI-BRACOL-2018.1<\/a><\/p>\n<p><a href=\"http:\/\/www2.unifap.br\/procri\/files\/2017\/10\/Anexo-1-PLANILHA-PONTUA\u00c7\u00c3O-ESTUDANTES1.docx\">Anexo-1-PLANILHA-PONTUA\u00c7\u00c3O-ESTUDANTES<\/a>\u00a0\u00a0\u00a0\u00a0\u00a0\u00a0\u00a0 <a href=\"http:\/\/www2.unifap.br\/procri\/files\/2017\/10\/Anexo-2-CHEK-LIST-DOCS-ASSIST\u00caNCIA-ESTUDANTIL-MOBILIDADE1.pdf\">Anexo-2-CHEK-LIST-DOCS-ASSIST\u00caNCIA-ESTUDANTIL-MOBILIDADE<\/a> <a href=\"http:\/\/www2.unifap.br\/procri\/files\/2017\/10\/Anexo-3-Formul\u00e1rio-de-recurso1.docx\">Anexo-3-Formul\u00e1rio-de-recurso<\/a><\/p>\n<p><a href=\"http:\/\/www2.unifap.br\/procri\/files\/2017\/10\/Acordo-Espec\u00edfico-BRACOL1.pdf\">Acordo-Espec\u00edfico-BRACOL<\/a><\/p>\n<p><a href=\"http:\/\/www2.unifap.br\/procri\/files\/2017\/10\/Modelo-Relat\u00f3rio-Viagem1.docx\">Modelo-Relat\u00f3rio-Viagem<\/a><\/p>\n","protected":false},"excerpt":{"rendered":"<p>A Pr\u00f3-Reitoria de Coopera\u00e7\u00e3o e Rela\u00e7\u00f5es Interinstitucionais (PROCRI) em parceria com a Pr\u00f3-Reitoria de Extens\u00e3o e Assuntos Comunit\u00e1rio (PROEAC) tornam p\u00fablico o presente Edital para sele\u00e7\u00e3o de candidatos ao Programa de Interc\u00e2mbio de Estudantes Brasil-Col\u00f4mbia (BRACOL) 2018.1, para alunos de gradua\u00e7\u00e3o da UNIFAP, atrav\u00e9s de Conv\u00eanio firmado entre o Grupo Coimbra de Universidades Brasileiras (GCUB),&#8230;<\/p>\n","protected":false},"author":189,"featured_media":0,"parent":3039,"menu_order":15,"comment_status":"open","ping_status":"closed","template":"","meta":{"inline_featured_image":false,"ngg_post_thumbnail":0,"footnotes":""},"class_list":["post-3683","page","type-page","status-publish","hentry","entry"],"_links":{"self":[{"href":"https:\/\/www2.unifap.br\/procri\/wp-json\/wp\/v2\/pages\/3683","targetHints":{"allow":["GET"]}}],"collection":[{"href":"https:\/\/www2.unifap.br\/procri\/wp-json\/wp\/v2\/pages"}],"about":[{"href":"https:\/\/www2.unifap.br\/procri\/wp-json\/wp\/v2\/types\/page"}],"author":[{"embeddable":true,"href":"https:\/\/www2.unifap.br\/procri\/wp-json\/wp\/v2\/users\/189"}],"replies":[{"embeddable":true,"href":"https:\/\/www2.unifap.br\/procri\/wp-json\/wp\/v2\/comments?post=3683"}],"version-history":[{"count":5,"href":"https:\/\/www2.unifap.br\/procri\/wp-json\/wp\/v2\/pages\/3683\/revisions"}],"predecessor-version":[{"id":3702,"href":"https:\/\/www2.unifap.br\/procri\/wp-json\/wp\/v2\/pages\/3683\/revisions\/3702"}],"up":[{"embeddable":true,"href":"https:\/\/www2.unifap.br\/procri\/wp-json\/wp\/v2\/pages\/3039"}],"wp:attachment":[{"href":"https:\/\/www2.unifap.br\/procri\/wp-json\/wp\/v2\/media?parent=3683"}],"curies":[{"name":"wp","href":"https:\/\/api.w.org\/{rel}","templated":true}]}}