{"id":3781,"date":"2018-02-21T19:11:47","date_gmt":"2018-02-21T19:11:47","guid":{"rendered":"http:\/\/www2.unifap.br\/procri\/?page_id=3781"},"modified":"2019-01-11T12:43:32","modified_gmt":"2019-01-11T12:43:32","slug":"chamada-publica-no-012018-apoio-voluntario-ao-programa-portugues-para-estrangeiros","status":"publish","type":"page","link":"https:\/\/www2.unifap.br\/procri\/bolsas-para-pesquisa\/editais-2018_todos-os-resultados-para-consulta\/chamada-publica-no-012018-apoio-voluntario-ao-programa-portugues-para-estrangeiros\/","title":{"rendered":"CHAMADA P\u00daBLICA N\u00ba 01\/2018 \u2013 APOIO VOLUNT\u00c1RIO AO PROGRAMA PORTUGU\u00caS PARA ESTRANGEIROS"},"content":{"rendered":"<p style=\"text-align: center\">A Pr\u00f3-Reitoria de Coopera\u00e7\u00e3o e Rela\u00e7\u00f5es Interinstitucionais (PROCRI) lan\u00e7a a Chamada P\u00fablica para recep\u00e7\u00e3o de inscri\u00e7\u00f5es de acad\u00eamicos da UNIFAP que tenham interesse em realizar voluntariamente atividades de apoio e adapta\u00e7\u00e3o aos estudantes do Programa Portugu\u00eas para Estrangeiros.<\/p>\n<p style=\"text-align: center\"><a href=\"http:\/\/www2.unifap.br\/procri\/files\/2018\/02\/CHAMADA-P\u00daBLICA_-ALUNOS-VOLUNT\u00c1RIOS.pdf\">CHAMADA P\u00daBLICA<\/a><\/p>\n<p style=\"text-align: center\"><a href=\"http:\/\/www2.unifap.br\/procri\/files\/2018\/02\/RESULTADO-FINAL-APOIO-VOLUNT\u00c1RIO-AO-PLE.pdf\">RESULTADO FINAL<\/a><\/p>\n","protected":false},"excerpt":{"rendered":"<p>A Pr\u00f3-Reitoria de Coopera\u00e7\u00e3o e Rela\u00e7\u00f5es Interinstitucionais (PROCRI) lan\u00e7a a Chamada P\u00fablica para recep\u00e7\u00e3o de inscri\u00e7\u00f5es de acad\u00eamicos da UNIFAP que tenham interesse em realizar voluntariamente atividades de apoio e adapta\u00e7\u00e3o aos estudantes do Programa Portugu\u00eas para Estrangeiros. CHAMADA P\u00daBLICA RESULTADO FINAL<\/p>\n","protected":false},"author":888,"featured_media":0,"parent":3801,"menu_order":0,"comment_status":"open","ping_status":"open","template":"","meta":{"inline_featured_image":false,"ngg_post_thumbnail":0,"footnotes":""},"class_list":["post-3781","page","type-page","status-publish","hentry","entry"],"_links":{"self":[{"href":"https:\/\/www2.unifap.br\/procri\/wp-json\/wp\/v2\/pages\/3781","targetHints":{"allow":["GET"]}}],"collection":[{"href":"https:\/\/www2.unifap.br\/procri\/wp-json\/wp\/v2\/pages"}],"about":[{"href":"https:\/\/www2.unifap.br\/procri\/wp-json\/wp\/v2\/types\/page"}],"author":[{"embeddable":true,"href":"https:\/\/www2.unifap.br\/procri\/wp-json\/wp\/v2\/users\/888"}],"replies":[{"embeddable":true,"href":"https:\/\/www2.unifap.br\/procri\/wp-json\/wp\/v2\/comments?post=3781"}],"version-history":[{"count":3,"href":"https:\/\/www2.unifap.br\/procri\/wp-json\/wp\/v2\/pages\/3781\/revisions"}],"predecessor-version":[{"id":3809,"href":"https:\/\/www2.unifap.br\/procri\/wp-json\/wp\/v2\/pages\/3781\/revisions\/3809"}],"up":[{"embeddable":true,"href":"https:\/\/www2.unifap.br\/procri\/wp-json\/wp\/v2\/pages\/3801"}],"wp:attachment":[{"href":"https:\/\/www2.unifap.br\/procri\/wp-json\/wp\/v2\/media?parent=3781"}],"curies":[{"name":"wp","href":"https:\/\/api.w.org\/{rel}","templated":true}]}}