{"id":3795,"date":"2018-03-01T18:25:43","date_gmt":"2018-03-01T18:25:43","guid":{"rendered":"http:\/\/www2.unifap.br\/procri\/?page_id=3795"},"modified":"2019-01-11T12:44:10","modified_gmt":"2019-01-11T12:44:10","slug":"edital-no-012018procriunifap-selecao-para-bolsas-promisaes-sesumec-estudantes-pec-gunifap","status":"publish","type":"page","link":"https:\/\/www2.unifap.br\/procri\/bolsas-para-pesquisa\/editais-2018_todos-os-resultados-para-consulta\/edital-no-012018procriunifap-selecao-para-bolsas-promisaes-sesumec-estudantes-pec-gunifap\/","title":{"rendered":"EDITAL N\u00ba 01\/2018\/PROCRI\/UNIFAP &#8211; SELE\u00c7\u00c3O PARA BOLSAS PROMISAES (SESu\/MEC &#8211; Estudantes PEC-G\/UNIFAP)"},"content":{"rendered":"<p style=\"text-align: center\"><b>A Pr\u00f3-Reitoria de Coopera\u00e7\u00e3o e Rela\u00e7\u00f5es Interinstitucionais (PROCRI)<\/b> no uso de suas atribui\u00e7\u00f5es, torna p\u00fablico que estar\u00e3o abertas, no per\u00edodo de 02\/03\/2018 a 05\/03\/2018, as inscri\u00e7\u00f5es para processo seletivo, regido pelas regras do presente Edital e seus Anexos, para Aux\u00edlio Financeiro do Projeto MEC\/PROMISAES (Projeto Milton Santos de Acesso ao Ensino Superior), na observ\u00e2ncia do Decreto Presidencial n\u00ba 7948\/2013 e da Portaria da SESu\/MEC n\u00ba 745\/2012.<\/p>\n<p style=\"text-align: center\"><a href=\"http:\/\/www2.unifap.br\/procri\/files\/2018\/03\/EDITAL-01-2018-PROMISAES-OFICIAL2.pdf\">EDITAL<\/a><\/p>\n<p style=\"text-align: center\"><a href=\"http:\/\/www2.unifap.br\/procri\/files\/2018\/03\/PORTARIA-N\u00ba-745-2012-PROMISAES.pdf\">PORTARIA N\u00ba 745-2012 &#8211; PROMISAES<\/a><\/p>\n<p style=\"text-align: center\"><a href=\"http:\/\/www2.unifap.br\/procri\/files\/2018\/03\/resultado-preliminar-PROMISAES.pdf\">resultado preliminar PROMISAES<\/a><\/p>\n<p style=\"text-align: center\"><a href=\"http:\/\/www2.unifap.br\/procri\/files\/2018\/03\/resultado-definitivo-PROMISAES.pdf\">resultado definitivo PROMISAES<\/a><\/p>\n","protected":false},"excerpt":{"rendered":"<p>A Pr\u00f3-Reitoria de Coopera\u00e7\u00e3o e Rela\u00e7\u00f5es Interinstitucionais (PROCRI) no uso de suas atribui\u00e7\u00f5es, torna p\u00fablico que estar\u00e3o abertas, no per\u00edodo de 02\/03\/2018 a 05\/03\/2018, as inscri\u00e7\u00f5es para processo seletivo, regido pelas regras do presente Edital e seus Anexos, para Aux\u00edlio Financeiro do Projeto MEC\/PROMISAES (Projeto Milton Santos de Acesso ao Ensino Superior), na observ\u00e2ncia do&#8230;<\/p>\n","protected":false},"author":888,"featured_media":0,"parent":3801,"menu_order":3,"comment_status":"open","ping_status":"closed","template":"","meta":{"inline_featured_image":false,"ngg_post_thumbnail":0,"footnotes":""},"class_list":["post-3795","page","type-page","status-publish","hentry","entry"],"_links":{"self":[{"href":"https:\/\/www2.unifap.br\/procri\/wp-json\/wp\/v2\/pages\/3795","targetHints":{"allow":["GET"]}}],"collection":[{"href":"https:\/\/www2.unifap.br\/procri\/wp-json\/wp\/v2\/pages"}],"about":[{"href":"https:\/\/www2.unifap.br\/procri\/wp-json\/wp\/v2\/types\/page"}],"author":[{"embeddable":true,"href":"https:\/\/www2.unifap.br\/procri\/wp-json\/wp\/v2\/users\/888"}],"replies":[{"embeddable":true,"href":"https:\/\/www2.unifap.br\/procri\/wp-json\/wp\/v2\/comments?post=3795"}],"version-history":[{"count":4,"href":"https:\/\/www2.unifap.br\/procri\/wp-json\/wp\/v2\/pages\/3795\/revisions"}],"predecessor-version":[{"id":3827,"href":"https:\/\/www2.unifap.br\/procri\/wp-json\/wp\/v2\/pages\/3795\/revisions\/3827"}],"up":[{"embeddable":true,"href":"https:\/\/www2.unifap.br\/procri\/wp-json\/wp\/v2\/pages\/3801"}],"wp:attachment":[{"href":"https:\/\/www2.unifap.br\/procri\/wp-json\/wp\/v2\/media?parent=3795"}],"curies":[{"name":"wp","href":"https:\/\/api.w.org\/{rel}","templated":true}]}}