{"id":3834,"date":"2018-03-12T20:18:51","date_gmt":"2018-03-12T20:18:51","guid":{"rendered":"http:\/\/www2.unifap.br\/procri\/?page_id=3834"},"modified":"2018-04-16T23:04:28","modified_gmt":"2018-04-16T23:04:28","slug":"chamada-publica-no022018procriunifap-visto-para-pesquisadores-da-unifap","status":"publish","type":"page","link":"https:\/\/www2.unifap.br\/procri\/bolsas-para-pesquisa\/editais-2018_todos-os-resultados-para-consulta\/chamada-publica-no022018procriunifap-visto-para-pesquisadores-da-unifap\/","title":{"rendered":"CHAMADA P\u00daBLICA N\u00ba02\/2018\/PROCRI\/UNIFAP &#8211; VISTO PARA PESQUISADORES DA UNIFAP"},"content":{"rendered":"<p style=\"text-align: center\">Trata-se de chamada p\u00fablica que busca encontrar docentes e t\u00e9cnicos da UNIFAP que apresentem a necessidade de visto para a entrada na Guiana Francesa em raz\u00e3o da exist\u00eancia de pesquisa em andamento na Institui\u00e7\u00e3o, bem como interesse em desenvolver atividades acad\u00eamicas.<\/p>\n<p style=\"text-align: center\"><a href=\"http:\/\/www2.unifap.br\/procri\/files\/2018\/03\/CHAMADA-_-PROFESSORES_VISTO-FRAN\u00c7A.pdf\">CHAMADA\u00a0<\/a><\/p>\n<p style=\"text-align: center\"><a href=\"http:\/\/www2.unifap.br\/procri\/files\/2018\/04\/RESULTADO-FINAL-CHAMADA-_PROFESSORES_VISTO-FRAN\u00c7A.pdf\">RESULTADO\u00a0<\/a><\/p>\n<p style=\"text-align: center\"><a href=\"http:\/\/www2.unifap.br\/procri\/files\/2018\/04\/PROFESSORES_FARM\u00c1CIA_VISTO.pdf\">PROFESSORES_FARM\u00c1CIA_VISTO<\/a><\/p>\n","protected":false},"excerpt":{"rendered":"<p>Trata-se de chamada p\u00fablica que busca encontrar docentes e t\u00e9cnicos da UNIFAP que apresentem a necessidade de visto para a entrada na Guiana Francesa em raz\u00e3o da exist\u00eancia de pesquisa em andamento na Institui\u00e7\u00e3o, bem como interesse em desenvolver atividades acad\u00eamicas. CHAMADA\u00a0 RESULTADO\u00a0 PROFESSORES_FARM\u00c1CIA_VISTO<\/p>\n","protected":false},"author":888,"featured_media":0,"parent":3801,"menu_order":0,"comment_status":"open","ping_status":"closed","template":"","meta":{"inline_featured_image":false,"ngg_post_thumbnail":0,"footnotes":""},"class_list":["post-3834","page","type-page","status-publish","hentry","entry"],"_links":{"self":[{"href":"https:\/\/www2.unifap.br\/procri\/wp-json\/wp\/v2\/pages\/3834","targetHints":{"allow":["GET"]}}],"collection":[{"href":"https:\/\/www2.unifap.br\/procri\/wp-json\/wp\/v2\/pages"}],"about":[{"href":"https:\/\/www2.unifap.br\/procri\/wp-json\/wp\/v2\/types\/page"}],"author":[{"embeddable":true,"href":"https:\/\/www2.unifap.br\/procri\/wp-json\/wp\/v2\/users\/888"}],"replies":[{"embeddable":true,"href":"https:\/\/www2.unifap.br\/procri\/wp-json\/wp\/v2\/comments?post=3834"}],"version-history":[{"count":3,"href":"https:\/\/www2.unifap.br\/procri\/wp-json\/wp\/v2\/pages\/3834\/revisions"}],"predecessor-version":[{"id":3915,"href":"https:\/\/www2.unifap.br\/procri\/wp-json\/wp\/v2\/pages\/3834\/revisions\/3915"}],"up":[{"embeddable":true,"href":"https:\/\/www2.unifap.br\/procri\/wp-json\/wp\/v2\/pages\/3801"}],"wp:attachment":[{"href":"https:\/\/www2.unifap.br\/procri\/wp-json\/wp\/v2\/media?parent=3834"}],"curies":[{"name":"wp","href":"https:\/\/api.w.org\/{rel}","templated":true}]}}