{"id":3885,"date":"2018-04-06T16:36:12","date_gmt":"2018-04-06T16:36:12","guid":{"rendered":"http:\/\/www2.unifap.br\/procri\/?page_id=3885"},"modified":"2019-01-11T12:45:55","modified_gmt":"2019-01-11T12:45:55","slug":"edital-052018procri_auxilio-mobilidade-nacional-2018-2","status":"publish","type":"page","link":"https:\/\/www2.unifap.br\/procri\/bolsas-para-pesquisa\/editais-2018_todos-os-resultados-para-consulta\/edital-052018procri_auxilio-mobilidade-nacional-2018-2\/","title":{"rendered":"EDITAL 05\/2018\/PROCRI_AUX\u00cdLIO MOBILIDADE NACIONAL 2018.2"},"content":{"rendered":"<p align=\"center\">A Pr\u00f3-Reitoria de Coopera\u00e7\u00e3o e Rela\u00e7\u00f5es Interinstitucionais \u2013 PROCRI em parceria com a Pr\u00f3-Reitoria de Extens\u00e3o e Assuntos Comunit\u00e1rios \u2013 PROEAC, atrav\u00e9s do presente Edital seleciona alunos para Mobilidade Nacional com aux\u00edlio financeiro para estudar no 2\u00ba per\u00edodo letivo de 2018 em Institui\u00e7\u00e3o de Ensino Superior em outro Estado da Federa\u00e7\u00e3o.<\/p>\n<p align=\"center\">(10.07.2018) <a href=\"http:\/\/www2.unifap.br\/procri\/files\/2018\/07\/RESULTADO-DEFINITIVO-CARTAS-DE-ACEITE-Edital-05-2018-PROCRI-Aux.-Mob-Nac-2018.2.pdf\">RESULTADO DEFINITIVO\u00a0 Edital 05-2018-PROCRI-Aux. Mob Nac-2018.2 \u00a0<\/a><span style=\"color: #800080\">(H\u00e1 candidatos que realizaram a entrevista mas ainda est\u00e3o pendentes de carta de aceite)<\/span><\/p>\n<p align=\"center\"><span style=\"color: #008000\">Em raz\u00e3o do jogo do Brasil dia 06.07, foi alterado prazo:<\/span>\u00a0<a href=\"http:\/\/www2.unifap.br\/procri\/files\/2018\/04\/ERRATA-II-EDITAL-05-2018-PROCRI.pdf\">ERRATA II &#8211; EDITAL 05-2018-PROCRI<\/a><\/p>\n<p align=\"center\">(05.07.2018, 17:00h) <a href=\"http:\/\/www2.unifap.br\/procri\/files\/2018\/04\/RESULTADO-CARTAS-DE-ACEITE-Edital-05-2018-PROCRI-Aux.-Mob-Nac-2018.21.pdf\">RESULTADO CARTAS DE ACEITE Edital 05-2018-PROCRI-Aux. Mob Nac-2018.2<\/a><\/p>\n<p align=\"center\"><a href=\"http:\/\/www2.unifap.br\/procri\/files\/2018\/04\/CHAMADA-PARA-ENTREVISTA_Edital-05-2018-PROCRI-Aux.-Mob-Nac-2018.2.pdf\">CHAMADA PARA ENTREVISTA_Edital 05-2018-PROCRI-Aux. Mob Nac-2018.2<\/a><\/p>\n<p align=\"center\"><a href=\"http:\/\/www2.unifap.br\/procri\/files\/2018\/04\/Resultado-preliminar-Edital-05-2018-PROCRI-Aux.-Mob-Nac-2018.2.pdf\">Resultado preliminar Edital 05-2018-PROCRI-Aux. Mob Nac-2018.2<\/a><\/p>\n<p align=\"center\"><a href=\"http:\/\/www2.unifap.br\/procri\/files\/2018\/04\/Homologa\u00e7\u00e3o-dos-Inscritos-Edital-05-2018-PROCRI-Aux.-Mob-Nac-2018.21.pdf\">Homologa\u00e7\u00e3o dos Inscritos Edital 05-2018-PROCRI-Aux. Mob Nac-2018.2<\/a><\/p>\n<p align=\"center\"><a href=\"http:\/\/www2.unifap.br\/procri\/files\/2018\/04\/EDITAL-05-2018-PROCRI-UNIFAP-Aux\u00edlio-Mob-Nacional-2018.2.pdf\">EDITAL 05-2018-PROCRI-UNIFAP-Aux\u00edlio Mob Nacional 2018.2<\/a>\u00a0 \u00a0 \u00a0<a href=\"http:\/\/www2.unifap.br\/procri\/files\/2018\/04\/ERRATA-EDITAL-05-2018-PROCRI.pdf\">ERRATA &#8211; EDITAL 05-2018-PROCRI<\/a><\/p>\n<p align=\"center\"><a href=\"http:\/\/www2.unifap.br\/procri\/files\/2018\/04\/ANEXO-I-CADASTRO1.docx\">ANEXO I -CADASTRO<\/a>\u00a0 \u00a0<a href=\"http:\/\/www2.unifap.br\/procri\/files\/2018\/04\/ANEXO-III-PLANILHA-PONTUA\u00c7\u00c3O1.docx\">ANEXO III-PLANILHA PONTUA\u00c7\u00c3O<\/a>\u00a0 \u00a0<a href=\"http:\/\/www2.unifap.br\/procri\/files\/2018\/04\/ANEXO-II-PLANO-DE-ESTUDO1.docx\">ANEXO II &#8211; PLANO DE ESTUDO<\/a><\/p>\n<p align=\"center\"><a href=\"http:\/\/www2.unifap.br\/procri\/files\/2018\/04\/Formul\u00e1rio-de-recurso1.docx\">Formul\u00e1rio de recurso<\/a>\u00a0 \u00a0 \u00a0 \u00a0<a href=\"http:\/\/www2.unifap.br\/procri\/files\/2018\/04\/Relat\u00f3rio-de-presta\u00e7\u00e3o-de-contas.docx\">Relat\u00f3rio de presta\u00e7\u00e3o de contas<\/a><\/p>\n","protected":false},"excerpt":{"rendered":"<p>A Pr\u00f3-Reitoria de Coopera\u00e7\u00e3o e Rela\u00e7\u00f5es Interinstitucionais \u2013 PROCRI em parceria com a Pr\u00f3-Reitoria de Extens\u00e3o e Assuntos Comunit\u00e1rios \u2013 PROEAC, atrav\u00e9s do presente Edital seleciona alunos para Mobilidade Nacional com aux\u00edlio financeiro para estudar no 2\u00ba per\u00edodo letivo de 2018 em Institui\u00e7\u00e3o de Ensino Superior em outro Estado da Federa\u00e7\u00e3o. (10.07.2018) RESULTADO DEFINITIVO\u00a0 Edital&#8230;<\/p>\n","protected":false},"author":189,"featured_media":0,"parent":3801,"menu_order":7,"comment_status":"open","ping_status":"open","template":"","meta":{"inline_featured_image":false,"ngg_post_thumbnail":0,"footnotes":""},"class_list":["post-3885","page","type-page","status-publish","hentry","entry"],"_links":{"self":[{"href":"https:\/\/www2.unifap.br\/procri\/wp-json\/wp\/v2\/pages\/3885","targetHints":{"allow":["GET"]}}],"collection":[{"href":"https:\/\/www2.unifap.br\/procri\/wp-json\/wp\/v2\/pages"}],"about":[{"href":"https:\/\/www2.unifap.br\/procri\/wp-json\/wp\/v2\/types\/page"}],"author":[{"embeddable":true,"href":"https:\/\/www2.unifap.br\/procri\/wp-json\/wp\/v2\/users\/189"}],"replies":[{"embeddable":true,"href":"https:\/\/www2.unifap.br\/procri\/wp-json\/wp\/v2\/comments?post=3885"}],"version-history":[{"count":15,"href":"https:\/\/www2.unifap.br\/procri\/wp-json\/wp\/v2\/pages\/3885\/revisions"}],"predecessor-version":[{"id":4091,"href":"https:\/\/www2.unifap.br\/procri\/wp-json\/wp\/v2\/pages\/3885\/revisions\/4091"}],"up":[{"embeddable":true,"href":"https:\/\/www2.unifap.br\/procri\/wp-json\/wp\/v2\/pages\/3801"}],"wp:attachment":[{"href":"https:\/\/www2.unifap.br\/procri\/wp-json\/wp\/v2\/media?parent=3885"}],"curies":[{"name":"wp","href":"https:\/\/api.w.org\/{rel}","templated":true}]}}