{"id":3925,"date":"2018-04-24T17:53:33","date_gmt":"2018-04-24T17:53:33","guid":{"rendered":"http:\/\/www2.unifap.br\/procri\/?page_id=3925"},"modified":"2019-02-22T14:56:17","modified_gmt":"2019-02-22T14:56:17","slug":"intercambio-relatos-de-experiencia","status":"publish","type":"page","link":"https:\/\/www2.unifap.br\/procri\/intercambio-relatos-de-experiencia\/","title":{"rendered":"INTERC\u00c2MBIO: RELATOS DE EXPERI\u00caNCIA"},"content":{"rendered":"<p><a href=\"http:\/\/www2.unifap.br\/procri\/files\/2018\/04\/Experi\u00eancia-Ibero-Andr\u00e9-Carvalho.pdf\">Experi\u00eancia na Espanha com bolsa Ibero Santander &#8211; Andr\u00e9 Carvalho<\/a><\/p>\n<p><a href=\"http:\/\/www2.unifap.br\/procri\/files\/2018\/04\/A-experi\u00eancia-internacional-de-Lizandra-Barbosa-Tavares-na-Guiana-Francesa.pdf\">A experi\u00eancia internacional de Lizandra Barbosa Tavares na Guiana Francesa<\/a>\u00a0Edital: 03\/2018\/PROCRI\/UNIFAP Ajuda de Custo para Mobilidade Internacional de Alunos da Gradua\u00e7\u00e3o.<\/p>\n<p><a href=\"http:\/\/www2.unifap.br\/procri\/files\/2018\/04\/A-experi\u00eancia-internacional-de-Hellen-Alves-Loureiro-com-o-Programa-de-bolsas-Iberoamericano-do-Santander.pdf\">A experi\u00eancia internacional de Hellen Alves Loureiro com o Programa de bolsas Iberoamericano do Santander<\/a>\u00a0Edital:\u00a0n\u00ba005\/PROCRI\/ UNIFAP de 22\/03\/2017_Bolsa Ibero-americana Santander 2017.<\/p>\n","protected":false},"excerpt":{"rendered":"<p>Experi\u00eancia na Espanha com bolsa Ibero Santander &#8211; Andr\u00e9 Carvalho A experi\u00eancia internacional de Lizandra Barbosa Tavares na Guiana Francesa\u00a0Edital: 03\/2018\/PROCRI\/UNIFAP Ajuda de Custo para Mobilidade Internacional de Alunos da Gradua\u00e7\u00e3o. A experi\u00eancia internacional de Hellen Alves Loureiro com o Programa de bolsas Iberoamericano do Santander\u00a0Edital:\u00a0n\u00ba005\/PROCRI\/ UNIFAP de 22\/03\/2017_Bolsa Ibero-americana Santander 2017.<\/p>\n","protected":false},"author":189,"featured_media":0,"parent":0,"menu_order":0,"comment_status":"open","ping_status":"open","template":"","meta":{"inline_featured_image":false,"ngg_post_thumbnail":0,"footnotes":""},"class_list":["post-3925","page","type-page","status-publish","hentry","entry"],"_links":{"self":[{"href":"https:\/\/www2.unifap.br\/procri\/wp-json\/wp\/v2\/pages\/3925","targetHints":{"allow":["GET"]}}],"collection":[{"href":"https:\/\/www2.unifap.br\/procri\/wp-json\/wp\/v2\/pages"}],"about":[{"href":"https:\/\/www2.unifap.br\/procri\/wp-json\/wp\/v2\/types\/page"}],"author":[{"embeddable":true,"href":"https:\/\/www2.unifap.br\/procri\/wp-json\/wp\/v2\/users\/189"}],"replies":[{"embeddable":true,"href":"https:\/\/www2.unifap.br\/procri\/wp-json\/wp\/v2\/comments?post=3925"}],"version-history":[{"count":5,"href":"https:\/\/www2.unifap.br\/procri\/wp-json\/wp\/v2\/pages\/3925\/revisions"}],"predecessor-version":[{"id":4300,"href":"https:\/\/www2.unifap.br\/procri\/wp-json\/wp\/v2\/pages\/3925\/revisions\/4300"}],"wp:attachment":[{"href":"https:\/\/www2.unifap.br\/procri\/wp-json\/wp\/v2\/media?parent=3925"}],"curies":[{"name":"wp","href":"https:\/\/api.w.org\/{rel}","templated":true}]}}