{"id":4158,"date":"2018-08-24T19:56:58","date_gmt":"2018-08-24T19:56:58","guid":{"rendered":"http:\/\/www2.unifap.br\/procri\/?page_id=4158"},"modified":"2018-08-24T19:56:58","modified_gmt":"2018-08-24T19:56:58","slug":"formularios-e-requerimentos","status":"publish","type":"page","link":"https:\/\/www2.unifap.br\/procri\/formularios-e-requerimentos\/","title":{"rendered":"FORMUL\u00c1RIOS E REQUERIMENTOS"},"content":{"rendered":"<p>Modelo de relat\u00f3rio para presta\u00e7\u00e3o de contas &#8211; alunos<\/p>\n<p><a href=\"http:\/\/www2.unifap.br\/procri\/files\/2018\/08\/Relat\u00f3rio-prest.-contas.docx\">Relat\u00f3rio prest. contas<\/a><\/p>\n<p>&nbsp;<\/p>\n","protected":false},"excerpt":{"rendered":"<p>Modelo de relat\u00f3rio para presta\u00e7\u00e3o de contas &#8211; alunos Relat\u00f3rio prest. contas &nbsp;<\/p>\n","protected":false},"author":622,"featured_media":0,"parent":0,"menu_order":0,"comment_status":"open","ping_status":"open","template":"","meta":{"inline_featured_image":false,"ngg_post_thumbnail":0,"footnotes":""},"class_list":["post-4158","page","type-page","status-publish","hentry","entry"],"_links":{"self":[{"href":"https:\/\/www2.unifap.br\/procri\/wp-json\/wp\/v2\/pages\/4158","targetHints":{"allow":["GET"]}}],"collection":[{"href":"https:\/\/www2.unifap.br\/procri\/wp-json\/wp\/v2\/pages"}],"about":[{"href":"https:\/\/www2.unifap.br\/procri\/wp-json\/wp\/v2\/types\/page"}],"author":[{"embeddable":true,"href":"https:\/\/www2.unifap.br\/procri\/wp-json\/wp\/v2\/users\/622"}],"replies":[{"embeddable":true,"href":"https:\/\/www2.unifap.br\/procri\/wp-json\/wp\/v2\/comments?post=4158"}],"version-history":[{"count":1,"href":"https:\/\/www2.unifap.br\/procri\/wp-json\/wp\/v2\/pages\/4158\/revisions"}],"predecessor-version":[{"id":4160,"href":"https:\/\/www2.unifap.br\/procri\/wp-json\/wp\/v2\/pages\/4158\/revisions\/4160"}],"wp:attachment":[{"href":"https:\/\/www2.unifap.br\/procri\/wp-json\/wp\/v2\/media?parent=4158"}],"curies":[{"name":"wp","href":"https:\/\/api.w.org\/{rel}","templated":true}]}}