{"id":4173,"date":"2018-09-18T18:24:36","date_gmt":"2018-09-18T18:24:36","guid":{"rendered":"http:\/\/www2.unifap.br\/procri\/?page_id=4173"},"modified":"2019-01-11T12:47:29","modified_gmt":"2019-01-11T12:47:29","slug":"inscricoes-curso-de-ingles-ead-santander","status":"publish","type":"page","link":"https:\/\/www2.unifap.br\/procri\/bolsas-para-pesquisa\/editais-2018_todos-os-resultados-para-consulta\/inscricoes-curso-de-ingles-ead-santander\/","title":{"rendered":"EDITAL n\u00ba 08\/2018\/PROCRI &#8211; INSCRI\u00c7\u00c3O BOLSA INGL\u00caS-EAD"},"content":{"rendered":"<p><a href=\"http:\/\/www2.unifap.br\/procri\/files\/2018\/10\/RELA\u00c7\u00c3O-DE-INSCRITOS-INGL\u00caS-EAD-SANTANDER-2018.pdf\">RELA\u00c7\u00c3O DE BOLSISTAS &#8211; INGL\u00caS EAD SANTANDER 2018<\/a><\/p>\n<p><span style=\"color: #0000ff\">OBS<\/span>:<\/p>\n<p>Cada pessoa da lista dever\u00e1 buscar sua senha no Santander\/ Ag\u00eancia Unifap &#8211; Campus Marco Zero.<\/p>\n<p>As senhas do Campus Binacional ser\u00e3o entregues dia 04 de novembro em Oiapoque pelo Pr\u00f3-Reitor.<\/p>\n<p>&nbsp;<\/p>\n<p>Link de inscri\u00e7\u00e3o:\u00a0<span style=\"color: #003300\"><a href=\"https:\/\/depsec.unifap.br\/2018\/ingles\/\"><span style=\"color: #003300\">https:\/\/depsec.unifap.br\/2018\/ingles\/<\/span><\/a><\/span><\/p>\n<p>Per\u00edodo de Inscri\u00e7\u00e3o: 18\/09\/18 \u00e0 21\/10\/18 at\u00e9 00h<\/p>\n<p><span style=\"color: #003300\"><a href=\"http:\/\/www2.unifap.br\/procri\/files\/2018\/09\/EDITAL-08-2018-INSCRI\u00c7\u00c3O-BOLSA-INGL\u00caS-ESPANHOL-EAD.pdf\"><span style=\"color: #003300\">EDITAL 08-2018 INSCRI\u00c7\u00c3O BOLSA INGL\u00caS-EAD<\/span><\/a><\/span><\/p>\n","protected":false},"excerpt":{"rendered":"<p>RELA\u00c7\u00c3O DE BOLSISTAS &#8211; INGL\u00caS EAD SANTANDER 2018 OBS: Cada pessoa da lista dever\u00e1 buscar sua senha no Santander\/ Ag\u00eancia Unifap &#8211; Campus Marco Zero. As senhas do Campus Binacional ser\u00e3o entregues dia 04 de novembro em Oiapoque pelo Pr\u00f3-Reitor. &nbsp; Link de inscri\u00e7\u00e3o:\u00a0https:\/\/depsec.unifap.br\/2018\/ingles\/ Per\u00edodo de Inscri\u00e7\u00e3o: 18\/09\/18 \u00e0 21\/10\/18 at\u00e9 00h EDITAL 08-2018 INSCRI\u00c7\u00c3O&#8230;<\/p>\n","protected":false},"author":189,"featured_media":0,"parent":3801,"menu_order":10,"comment_status":"open","ping_status":"open","template":"","meta":{"inline_featured_image":false,"ngg_post_thumbnail":0,"footnotes":""},"class_list":["post-4173","page","type-page","status-publish","hentry","entry"],"_links":{"self":[{"href":"https:\/\/www2.unifap.br\/procri\/wp-json\/wp\/v2\/pages\/4173","targetHints":{"allow":["GET"]}}],"collection":[{"href":"https:\/\/www2.unifap.br\/procri\/wp-json\/wp\/v2\/pages"}],"about":[{"href":"https:\/\/www2.unifap.br\/procri\/wp-json\/wp\/v2\/types\/page"}],"author":[{"embeddable":true,"href":"https:\/\/www2.unifap.br\/procri\/wp-json\/wp\/v2\/users\/189"}],"replies":[{"embeddable":true,"href":"https:\/\/www2.unifap.br\/procri\/wp-json\/wp\/v2\/comments?post=4173"}],"version-history":[{"count":9,"href":"https:\/\/www2.unifap.br\/procri\/wp-json\/wp\/v2\/pages\/4173\/revisions"}],"predecessor-version":[{"id":4255,"href":"https:\/\/www2.unifap.br\/procri\/wp-json\/wp\/v2\/pages\/4173\/revisions\/4255"}],"up":[{"embeddable":true,"href":"https:\/\/www2.unifap.br\/procri\/wp-json\/wp\/v2\/pages\/3801"}],"wp:attachment":[{"href":"https:\/\/www2.unifap.br\/procri\/wp-json\/wp\/v2\/media?parent=4173"}],"curies":[{"name":"wp","href":"https:\/\/api.w.org\/{rel}","templated":true}]}}