{"id":4253,"date":"2019-01-11T12:29:41","date_gmt":"2019-01-11T12:29:41","guid":{"rendered":"http:\/\/www2.unifap.br\/procri\/?page_id=4253"},"modified":"2019-01-11T12:46:36","modified_gmt":"2019-01-11T12:46:36","slug":"edital-no072018procriunifap-promisaes","status":"publish","type":"page","link":"https:\/\/www2.unifap.br\/procri\/bolsas-para-pesquisa\/editais-2018_todos-os-resultados-para-consulta\/edital-no072018procriunifap-promisaes\/","title":{"rendered":"EDITAL N\u00ba07\/2018\/PROCRI\/UNIFAP \u2013 PROMISAES"},"content":{"rendered":"<p><b>A Pr\u00f3-Reitoria de Coopera\u00e7\u00e3o e Rela\u00e7\u00f5es Interinstitucionais (PROCRI)<\/b>\u00a0no uso de suas atribui\u00e7\u00f5es, torna p\u00fablico que estar\u00e3o abertas, no per\u00edodo de 27\/07\/2018 a 03\/08\/2018, as inscri\u00e7\u00f5es para processo seletivo, regido pelas regras do presente Edital e seus Anexos, para Aux\u00edlio Financeiro do Projeto MEC\/PROMISAES (Projeto Milton Santos de Acesso ao Ensino Superior), na observ\u00e2ncia do Decreto Presidencial n\u00ba 7948\/2013 e da Portaria da SESu\/MEC n\u00ba 745\/2012.<\/p>\n<p><a href=\"http:\/\/www2.unifap.br\/procri\/files\/2018\/07\/EDITAL-07-2018-PROMISAES-2018.2.pdf\">EDITAL 07 &#8211; 2018 &#8211; PROMISAES &#8211; 2018.2<\/a><\/p>\n<p><a href=\"http:\/\/www2.unifap.br\/procri\/files\/2018\/08\/resultado-preliminar-PROMISAES-2018.2.pdf\">resultado preliminar PROMISAES 2018.2<\/a><\/p>\n<p><a href=\"http:\/\/www2.unifap.br\/procri\/files\/2018\/07\/resultado-final-PROMISAES-2018.2.pdf\">resultado final PROMISAES 2018.2<\/a><\/p>\n","protected":false},"excerpt":{"rendered":"<p>A Pr\u00f3-Reitoria de Coopera\u00e7\u00e3o e Rela\u00e7\u00f5es Interinstitucionais (PROCRI)\u00a0no uso de suas atribui\u00e7\u00f5es, torna p\u00fablico que estar\u00e3o abertas, no per\u00edodo de 27\/07\/2018 a 03\/08\/2018, as inscri\u00e7\u00f5es para processo seletivo, regido pelas regras do presente Edital e seus Anexos, para Aux\u00edlio Financeiro do Projeto MEC\/PROMISAES (Projeto Milton Santos de Acesso ao Ensino Superior), na observ\u00e2ncia do Decreto&#8230;<\/p>\n","protected":false},"author":885,"featured_media":0,"parent":3801,"menu_order":9,"comment_status":"open","ping_status":"open","template":"","meta":{"inline_featured_image":false,"ngg_post_thumbnail":0,"footnotes":""},"class_list":["post-4253","page","type-page","status-publish","hentry","entry"],"_links":{"self":[{"href":"https:\/\/www2.unifap.br\/procri\/wp-json\/wp\/v2\/pages\/4253","targetHints":{"allow":["GET"]}}],"collection":[{"href":"https:\/\/www2.unifap.br\/procri\/wp-json\/wp\/v2\/pages"}],"about":[{"href":"https:\/\/www2.unifap.br\/procri\/wp-json\/wp\/v2\/types\/page"}],"author":[{"embeddable":true,"href":"https:\/\/www2.unifap.br\/procri\/wp-json\/wp\/v2\/users\/885"}],"replies":[{"embeddable":true,"href":"https:\/\/www2.unifap.br\/procri\/wp-json\/wp\/v2\/comments?post=4253"}],"version-history":[{"count":1,"href":"https:\/\/www2.unifap.br\/procri\/wp-json\/wp\/v2\/pages\/4253\/revisions"}],"predecessor-version":[{"id":4254,"href":"https:\/\/www2.unifap.br\/procri\/wp-json\/wp\/v2\/pages\/4253\/revisions\/4254"}],"up":[{"embeddable":true,"href":"https:\/\/www2.unifap.br\/procri\/wp-json\/wp\/v2\/pages\/3801"}],"wp:attachment":[{"href":"https:\/\/www2.unifap.br\/procri\/wp-json\/wp\/v2\/media?parent=4253"}],"curies":[{"name":"wp","href":"https:\/\/api.w.org\/{rel}","templated":true}]}}