{"id":4256,"date":"2019-01-11T12:50:41","date_gmt":"2019-01-11T12:50:41","guid":{"rendered":"http:\/\/www2.unifap.br\/procri\/?page_id=4256"},"modified":"2019-01-11T12:50:41","modified_gmt":"2019-01-11T12:50:41","slug":"edital-no-092018-selecao-de-professor-bolsista-de-lingua-inglesa-cadastro-reserva","status":"publish","type":"page","link":"https:\/\/www2.unifap.br\/procri\/bolsas-para-pesquisa\/editais-2018_todos-os-resultados-para-consulta\/edital-no-092018-selecao-de-professor-bolsista-de-lingua-inglesa-cadastro-reserva\/","title":{"rendered":"EDITAL N\u00ba 09\/2018 &#8211; SELE\u00c7\u00c3O DE PROFESSOR BOLSISTA DE L\u00cdNGUA INGLESA (CADASTRO RESERVA)"},"content":{"rendered":"<p align=\"center\"><b>Processo Seletivo: Professor de Ingl\u00eas do Idiomas sem Fronteiras<\/b><\/p>\n<p>Est\u00e3o abertas as inscri\u00e7\u00f5es para o\u00a0PROCESSO SELETIVO SIMPLIFICADO DE BOLSISTAS CAPES NA MODALIDADE DE PROFESSOR IsF PARA ATUAR NO N\u00daCLEO DE L\u00cdNGUAS (NUCLI-IsF) DO PROGRAMA IDIOMAS SEM FRONTEIRAS (IsF).\u00a0A sele\u00e7\u00e3o visa o preenchimento de<strong>\u00a0cadastro reserva<\/strong>.<\/p>\n<p>A bolsa \u00e9 fornecida pela Coordena\u00e7\u00e3o de Aperfei\u00e7oamento de Pessoal de N\u00edvel Superior (CAPES) e equivale a uma bolsa de Mestrado.<\/p>\n<p>Podem concorrer graduandos e licenciados em Letras com habilita\u00e7\u00e3o em\u00a0<strong>Ingl\u00eas<\/strong>, que n\u00e3o possuam v\u00ednculo empregat\u00edcio nem recebam bolsa.<\/p>\n<p>As inscri\u00e7\u00f5es devem ser realizadas exclusivamente na Pr\u00f3-reitoria de Coopera\u00e7\u00e3o e Rela\u00e7\u00f5es Interinstitucionais da UNIFAP (PROCRI), localizada no pr\u00e9dio da Reitoria do Campus Marco Zero da UNIFAP, das 09h00 do dia 03 de dezembro de 2018 at\u00e9 \u00e0s 18h00 do dia 07 de dezembro de 2018.<\/p>\n<p>Confira o regulamento no Edital:<\/p>\n<p><a href=\"http:\/\/www2.unifap.br\/procri\/files\/2018\/11\/Edital_Selecao_Bolsistas_CAPES_2018.pdf\">Edital n\u00ba09\/2018\/PROCRI\/UNIFAP -Selecao_Bolsistas Isf CAPES<\/a><\/p>\n<p><a href=\"http:\/\/www2.unifap.br\/procri\/files\/2018\/11\/ANEXO-I-formul\u00e1rio-de-inscri\u00e7\u00e3o.pdf\">ANEXO I &#8211; formul\u00e1rio de inscri\u00e7\u00e3o<\/a><\/p>\n<p><a href=\"http:\/\/www2.unifap.br\/procri\/files\/2018\/11\/Temas-para-a-prova-did\u00e1tica.pdf\">Temas para a prova did\u00e1tica<\/a>\u00a0&#8211; dia 13\/12\/18 na PROCRI<\/p>\n<p><strong>RESULTADO DO SORTEIO REALIZADO DIA 13\/12\/2018 \u00e0s 09:05h na PROCRI\/UNIFAP:<\/strong><\/p>\n<p><strong>Tema sorteado:\u00a0 N.2. Produ\u00e7\u00e3o Escrita \u2013 Par\u00e1grafos<\/strong><\/p>\n<p><strong>DATA DA PROVA: 14\/12\/2018 (NESTA SEXTA-FEIRA)\u00a0<\/strong><\/p>\n<p><strong>LOCAL DA PROVA: Pr\u00e9dio do Bloco de Letras (Sala de aula: ver no local com a Prof\u00aa Juliana Pimenta)<\/strong><\/p>\n<p><strong><\/strong><strong>HORA DA PROVA: 09:30h (chegar com anteced\u00eancia )<\/strong><\/p>\n<p><a href=\"http:\/\/www2.unifap.br\/procri\/files\/2018\/12\/Resultado-Cadastro-Reserva-2018.pdf\">Resultado Cadastro Reserva 2018<\/a><\/p>\n","protected":false},"excerpt":{"rendered":"<p>Processo Seletivo: Professor de Ingl\u00eas do Idiomas sem Fronteiras Est\u00e3o abertas as inscri\u00e7\u00f5es para o\u00a0PROCESSO SELETIVO SIMPLIFICADO DE BOLSISTAS CAPES NA MODALIDADE DE PROFESSOR IsF PARA ATUAR NO N\u00daCLEO DE L\u00cdNGUAS (NUCLI-IsF) DO PROGRAMA IDIOMAS SEM FRONTEIRAS (IsF).\u00a0A sele\u00e7\u00e3o visa o preenchimento de\u00a0cadastro reserva. A bolsa \u00e9 fornecida pela Coordena\u00e7\u00e3o de Aperfei\u00e7oamento de Pessoal de&#8230;<\/p>\n","protected":false},"author":885,"featured_media":0,"parent":3801,"menu_order":11,"comment_status":"open","ping_status":"open","template":"","meta":{"inline_featured_image":false,"ngg_post_thumbnail":0,"footnotes":""},"class_list":["post-4256","page","type-page","status-publish","hentry","entry"],"_links":{"self":[{"href":"https:\/\/www2.unifap.br\/procri\/wp-json\/wp\/v2\/pages\/4256","targetHints":{"allow":["GET"]}}],"collection":[{"href":"https:\/\/www2.unifap.br\/procri\/wp-json\/wp\/v2\/pages"}],"about":[{"href":"https:\/\/www2.unifap.br\/procri\/wp-json\/wp\/v2\/types\/page"}],"author":[{"embeddable":true,"href":"https:\/\/www2.unifap.br\/procri\/wp-json\/wp\/v2\/users\/885"}],"replies":[{"embeddable":true,"href":"https:\/\/www2.unifap.br\/procri\/wp-json\/wp\/v2\/comments?post=4256"}],"version-history":[{"count":1,"href":"https:\/\/www2.unifap.br\/procri\/wp-json\/wp\/v2\/pages\/4256\/revisions"}],"predecessor-version":[{"id":4257,"href":"https:\/\/www2.unifap.br\/procri\/wp-json\/wp\/v2\/pages\/4256\/revisions\/4257"}],"up":[{"embeddable":true,"href":"https:\/\/www2.unifap.br\/procri\/wp-json\/wp\/v2\/pages\/3801"}],"wp:attachment":[{"href":"https:\/\/www2.unifap.br\/procri\/wp-json\/wp\/v2\/media?parent=4256"}],"curies":[{"name":"wp","href":"https:\/\/api.w.org\/{rel}","templated":true}]}}