{"id":4430,"date":"2019-05-03T14:55:57","date_gmt":"2019-05-03T14:55:57","guid":{"rendered":"http:\/\/www2.unifap.br\/procri\/?page_id=4430"},"modified":"2019-07-01T17:42:37","modified_gmt":"2019-07-01T17:42:37","slug":"edital-01-2019-mobilidade-nacional-com-aux-financeiro","status":"publish","type":"page","link":"https:\/\/www2.unifap.br\/procri\/bolsas-para-pesquisa\/editais-2019\/edital-01-2019-mobilidade-nacional-com-aux-financeiro\/","title":{"rendered":"EDITAL 01\/2019 &#8211; MOBILIDADE NACIONAL COM AUX. FINANCEIRO"},"content":{"rendered":"<p><a href=\"http:\/\/www2.unifap.br\/procri\/files\/2019\/04\/EDITAL-01-2019-PROCRI-UNIFAP-Aux\u00edlio-Mob-Nacional-2019.2.pdf\">EDITAL 01-2019-PROCRI-UNIFAP-Aux\u00edlio Mob Nacional 2019.2 (<span style=\"color: #ff0000\">INSCRI\u00c7\u00c3O ELETR\u00d4NICA PRORROGADA AT\u00c9 03\/05\/2019, \u00c0S 23h:59&#8242;<\/span>)<\/a><\/p>\n<p><a href=\"http:\/\/www2.unifap.br\/procri\/files\/2019\/04\/ANEXO-I-CADASTRO.docx\">ANEXO I -CADASTRO<\/a><\/p>\n<p><a href=\"http:\/\/www2.unifap.br\/procri\/files\/2019\/04\/ANEXO-II-PLANO-DE-ESTUDO.docx\">ANEXO II &#8211; PLANO DE ESTUDO<\/a>&nbsp;(<span style=\"color: #ff0000\">use este formul\u00e1rio apenas quando a *IES de destino n\u00e3o o disponibilizar<\/span>)<\/p>\n<p><span style=\"color: #0000ff\"><a style=\"color: #0000ff\" href=\"http:\/\/www2.unifap.br\/procri\/files\/2019\/04\/ANEXO-III-PLANILHA-PONTUA\u00c7\u00c3O-2.docx\">ANEXO III-PLANILHA PONTUA\u00c7\u00c3O<\/a><\/span><\/p>\n<p>&nbsp;<\/p>\n<p><a href=\"http:\/\/www2.unifap.br\/procri\/files\/2019\/05\/RETIFICA\u00c7\u00c3O-EDITAL-01-2019-PROCRI-UNIFAP-Aux\u00edlio-Mob-Nacional-2019.2.pdf\">07.05.19 &#8211; RETIFICA\u00c7\u00c3O n\u00ba 01 &#8211; EDITAL 01-2019-PROCRI-UNIFAP-Aux\u00edlio Mob Nacional 2019.2<\/a><\/p>\n<p><a href=\"http:\/\/www2.unifap.br\/procri\/files\/2019\/06\/Retifica\u00e7\u00e3o-EDITAL-01-2019-PROCRI-UNIFAP-Aux\u00edlio-Mob-Nacional-2019.asd_.pdf\">05.06.19 &#8211; Retifica\u00e7\u00e3o n\u00ba 02 &#8211; EDITAL 01-2019-PROCRI-UNIFAP-Aux\u00edlio Mob Nacional 2019.2<\/a><\/p>\n<p>&nbsp;<\/p>\n<p><span style=\"color: #000000\">01) 07\/05\/19 &#8211; Homologa\u00e7\u00e3o dos inscritos:<\/span>&nbsp;<a href=\"http:\/\/www2.unifap.br\/procri\/files\/2019\/05\/Homologa\u00e7\u00e3o-dos-Inscritos-Edital-01-2019-PROCRI-Aux.-Mob-Nac-2019.2.pdf\">Homologa\u00e7\u00e3o dos Inscritos Edital 01-2019-PROCRI-Aux. Mob Nac-2019.2<\/a> &nbsp; &nbsp; &nbsp; &nbsp; &nbsp; &nbsp; &nbsp; &nbsp; &nbsp; &nbsp; &nbsp; &nbsp; &nbsp; &nbsp; &nbsp; &nbsp; &nbsp; &nbsp; &nbsp; &nbsp; &nbsp; &nbsp; &nbsp; &nbsp; &nbsp; &nbsp; &nbsp; &nbsp; &nbsp; &nbsp; &nbsp; &nbsp; &nbsp; &nbsp; &nbsp;<\/p>\n<p>02) 10\/05\/19 &#8211; Resultado preliminar com a pontua\u00e7\u00e3o:&nbsp;<a href=\"http:\/\/www2.unifap.br\/procri\/files\/2019\/05\/Resultado-preliminar-dos-Inscritos-Edital-01-2019-PROCRI-Aux.-Mob-Nac-2019.2.pdf\">Resultado Preliminar &#8211; Edital 01-2019-PROCRI-Aux. Mob Nac-2019.2<\/a><\/p>\n<p>03) 01\/07\/19 &#8211; Resultado final com carta de aceite:&nbsp;<a href=\"http:\/\/www2.unifap.br\/procri\/files\/2019\/07\/Resultado-final-carta-de-aceite-Edital-01-2019-PROCRI-Aux.-Mob-Nac-2019.2-ATUALIZADO1.pdf\">Resultado final &#8211; carta de aceite Edital 01-2019-PROCRI-Aux. Mob Nac-2019.2<\/a><\/p>\n<p>*IES= Institui\u00e7\u00e3o de Ensino Superior<\/p>\n","protected":false},"excerpt":{"rendered":"<p>EDITAL 01-2019-PROCRI-UNIFAP-Aux\u00edlio Mob Nacional 2019.2 (INSCRI\u00c7\u00c3O ELETR\u00d4NICA PRORROGADA AT\u00c9 03\/05\/2019, \u00c0S 23h:59&#8242;) ANEXO I -CADASTRO ANEXO II &#8211; PLANO DE ESTUDO&nbsp;(use este formul\u00e1rio apenas quando a *IES de destino n\u00e3o o disponibilizar) ANEXO III-PLANILHA PONTUA\u00c7\u00c3O &nbsp; 07.05.19 &#8211; RETIFICA\u00c7\u00c3O n\u00ba 01 &#8211; EDITAL 01-2019-PROCRI-UNIFAP-Aux\u00edlio Mob Nacional 2019.2 05.06.19 &#8211; Retifica\u00e7\u00e3o n\u00ba 02 &#8211; EDITAL 01-2019-PROCRI-UNIFAP-Aux\u00edlio&#8230;<\/p>\n","protected":false},"author":189,"featured_media":0,"parent":4427,"menu_order":0,"comment_status":"closed","ping_status":"closed","template":"","meta":{"inline_featured_image":false,"ngg_post_thumbnail":0,"footnotes":""},"class_list":["post-4430","page","type-page","status-publish","hentry","entry"],"_links":{"self":[{"href":"https:\/\/www2.unifap.br\/procri\/wp-json\/wp\/v2\/pages\/4430","targetHints":{"allow":["GET"]}}],"collection":[{"href":"https:\/\/www2.unifap.br\/procri\/wp-json\/wp\/v2\/pages"}],"about":[{"href":"https:\/\/www2.unifap.br\/procri\/wp-json\/wp\/v2\/types\/page"}],"author":[{"embeddable":true,"href":"https:\/\/www2.unifap.br\/procri\/wp-json\/wp\/v2\/users\/189"}],"replies":[{"embeddable":true,"href":"https:\/\/www2.unifap.br\/procri\/wp-json\/wp\/v2\/comments?post=4430"}],"version-history":[{"count":13,"href":"https:\/\/www2.unifap.br\/procri\/wp-json\/wp\/v2\/pages\/4430\/revisions"}],"predecessor-version":[{"id":4481,"href":"https:\/\/www2.unifap.br\/procri\/wp-json\/wp\/v2\/pages\/4430\/revisions\/4481"}],"up":[{"embeddable":true,"href":"https:\/\/www2.unifap.br\/procri\/wp-json\/wp\/v2\/pages\/4427"}],"wp:attachment":[{"href":"https:\/\/www2.unifap.br\/procri\/wp-json\/wp\/v2\/media?parent=4430"}],"curies":[{"name":"wp","href":"https:\/\/api.w.org\/{rel}","templated":true}]}}