{"id":4478,"date":"2019-05-23T20:21:10","date_gmt":"2019-05-23T20:21:10","guid":{"rendered":"http:\/\/www2.unifap.br\/procri\/?page_id=4478"},"modified":"2019-08-20T14:20:11","modified_gmt":"2019-08-20T14:20:11","slug":"edital-03-2019-de-bolsas-ibero-americanas-santander-2019","status":"publish","type":"page","link":"https:\/\/www2.unifap.br\/procri\/bolsas-para-pesquisa\/editais-2019\/edital-03-2019-de-bolsas-ibero-americanas-santander-2019\/","title":{"rendered":"EDITAL 03\/2019 DE  BOLSAS IBERO-AMERICANAS SANTANDER 2019"},"content":{"rendered":"<p>19.08.2019 &#8211;&nbsp;<a href=\"http:\/\/www2.unifap.br\/procri\/files\/2019\/08\/RESULTADO-FINAL-IBERO-SANTANDER-2019_Ordem-Classif.pdf\">RESULTADO FINAL IBERO SANTANDER 2019_Ordem Classif<\/a><\/p>\n<p><a href=\"http:\/\/www2.unifap.br\/procri\/files\/2019\/08\/RESULTADO-IBERO-SANTANDER-2019_Ordem-Classif.pdf\"><span style=\"color: #333333\">16.08.2019<\/span> &#8211; RESULTADO PRELIMINAR IBERO SANTANDER 2019_Ordem Classif<\/a><\/p>\n<p><a href=\"http:\/\/www2.unifap.br\/procri\/files\/2019\/08\/Retifica\u00e7\u00e3o-Cronograma-EDITAL-03-2019-PROCRI-UNIFAP.pdf\"><span style=\"color: #333333\">16.08.2019<\/span>&nbsp;&#8211; Retifica\u00e7\u00e3o n\u00ba 02 &#8211; Cronograma &#8211; EDITAL 03-2019-PROCRI-UNIFAP<\/a><\/p>\n<p>12.08.19 &#8211; <a href=\"http:\/\/www2.unifap.br\/procri\/files\/2019\/08\/Retifica\u00e7\u00e3o-EDITAL-03-2019-PROCRI-UNIFAP.pdf\">Retifica\u00e7\u00e3o n\u00ba 01 &#8211; EDITAL 03-2019-PROCRI-UNIFAP<\/a><\/p>\n<p><a href=\"http:\/\/www2.unifap.br\/procri\/files\/2019\/05\/EDITAL-N\u00ba-03-2019-PROCRI-UNIFAP-IBERO-AMERICANAS-ALUNOS-2019.pdf\">EDITAL N\u00ba 03-2019-PROCRI-UNIFAP-IBERO-AMERICANAS ALUNOS 2019<\/a><\/p>\n<p>&nbsp;<\/p>\n<p><a href=\"http:\/\/www2.unifap.br\/procri\/files\/2019\/05\/ANEXO-I-Conv\u00eanio-Ibero-2019_assinado-pelo-reitor.pdf\">ANEXO I &#8211; Conv\u00eanio Ibero 2019_assinado pelo reitor<\/a><\/p>\n<p><a href=\"http:\/\/www2.unifap.br\/procri\/files\/2019\/06\/ANEXO-II-Planilha-de-Pontua\u00e7\u00e3o.docx\">ANEXO II &#8211; Planilha de Pontua\u00e7\u00e3o<\/a>&nbsp;(atualizado em 26\/06\/2019)<\/p>\n<p><a href=\"http:\/\/www2.unifap.br\/procri\/files\/2019\/05\/ANEXO-III-Formul\u00e1rio-de-Recurso.docx\">ANEXO III &#8211; Formul\u00e1rio de Recurso<\/a><\/p>\n<p><a href=\"http:\/\/www2.unifap.br\/procri\/files\/2019\/05\/ANEXO-IV-Relat\u00f3rio-de-Viagem.docx\">ANEXO IV &#8211; Relat\u00f3rio de Viagem<\/a><\/p>\n","protected":false},"excerpt":{"rendered":"<p>19.08.2019 &#8211;&nbsp;RESULTADO FINAL IBERO SANTANDER 2019_Ordem Classif 16.08.2019 &#8211; RESULTADO PRELIMINAR IBERO SANTANDER 2019_Ordem Classif 16.08.2019&nbsp;&#8211; Retifica\u00e7\u00e3o n\u00ba 02 &#8211; Cronograma &#8211; EDITAL 03-2019-PROCRI-UNIFAP 12.08.19 &#8211; Retifica\u00e7\u00e3o n\u00ba 01 &#8211; EDITAL 03-2019-PROCRI-UNIFAP EDITAL N\u00ba 03-2019-PROCRI-UNIFAP-IBERO-AMERICANAS ALUNOS 2019 &nbsp; ANEXO I &#8211; Conv\u00eanio Ibero 2019_assinado pelo reitor ANEXO II &#8211; Planilha de Pontua\u00e7\u00e3o&nbsp;(atualizado em 26\/06\/2019) ANEXO&#8230;<\/p>\n","protected":false},"author":189,"featured_media":0,"parent":4427,"menu_order":2,"comment_status":"closed","ping_status":"closed","template":"","meta":{"inline_featured_image":false,"ngg_post_thumbnail":0,"footnotes":""},"class_list":["post-4478","page","type-page","status-publish","hentry","entry"],"_links":{"self":[{"href":"https:\/\/www2.unifap.br\/procri\/wp-json\/wp\/v2\/pages\/4478","targetHints":{"allow":["GET"]}}],"collection":[{"href":"https:\/\/www2.unifap.br\/procri\/wp-json\/wp\/v2\/pages"}],"about":[{"href":"https:\/\/www2.unifap.br\/procri\/wp-json\/wp\/v2\/types\/page"}],"author":[{"embeddable":true,"href":"https:\/\/www2.unifap.br\/procri\/wp-json\/wp\/v2\/users\/189"}],"replies":[{"embeddable":true,"href":"https:\/\/www2.unifap.br\/procri\/wp-json\/wp\/v2\/comments?post=4478"}],"version-history":[{"count":7,"href":"https:\/\/www2.unifap.br\/procri\/wp-json\/wp\/v2\/pages\/4478\/revisions"}],"predecessor-version":[{"id":4584,"href":"https:\/\/www2.unifap.br\/procri\/wp-json\/wp\/v2\/pages\/4478\/revisions\/4584"}],"up":[{"embeddable":true,"href":"https:\/\/www2.unifap.br\/procri\/wp-json\/wp\/v2\/pages\/4427"}],"wp:attachment":[{"href":"https:\/\/www2.unifap.br\/procri\/wp-json\/wp\/v2\/media?parent=4478"}],"curies":[{"name":"wp","href":"https:\/\/api.w.org\/{rel}","templated":true}]}}