{"id":4555,"date":"2019-08-15T18:31:10","date_gmt":"2019-08-15T18:31:10","guid":{"rendered":"http:\/\/www2.unifap.br\/procri\/?page_id=4555"},"modified":"2019-08-20T12:23:59","modified_gmt":"2019-08-20T12:23:59","slug":"edital-no-04-2019-bolsas-promisaes-sesu-mec-estudantes-pec-g-unifap","status":"publish","type":"page","link":"https:\/\/www2.unifap.br\/procri\/bolsas-para-pesquisa\/editais-2019\/edital-no-04-2019-bolsas-promisaes-sesu-mec-estudantes-pec-g-unifap\/","title":{"rendered":"EDITAL N\u00ba 04\/2019 \u2013 BOLSAS PROMISAES (SESu\/MEC \u2013 Estudantes PEC-G\/UNIFAP)"},"content":{"rendered":"<p>A<strong>&nbsp;Pr\u00f3-Reitoria de Coopera\u00e7\u00e3o e Rela\u00e7\u00f5es Interinstitucionais (PROCRI)&nbsp;<\/strong>da<strong>&nbsp;Universidade Federal do Amap\u00e1 (UNIFAP)<\/strong>&nbsp;no uso de suas atribui\u00e7\u00f5es, torna p\u00fablico que estar\u00e3o abertas as inscri\u00e7\u00f5es para processo seletivo, regido pelas regras do presente Edital e seus Anexos, para Aux\u00edlio Financeiro do Projeto MEC\/PROMISAES (Projeto Milton Santos de Acesso ao Ensino Superior) 2019\/2, para o Programa Estudantes-Conv\u00eanio de Gradua\u00e7\u00e3o \u2013 PEC-G da UNIFAP, na observ\u00e2ncia do Decreto Presidencial n\u00ba 7948\/2013 e da Portaria da SESu\/MEC n\u00ba 745\/2012.<\/p>\n<p>Podem se inscrever alunos (as) ingressantes da UNIFAP oriundos do&nbsp;Programa Estudantes-Conv\u00eanio de Gradua\u00e7\u00e3o \u2013 PEC-G.<\/p>\n<p>Mais informa\u00e7\u00f5es no edital:&nbsp;<a href=\"http:\/\/www2.unifap.br\/procri\/files\/2019\/08\/EDITAL-04-2019-PROMISAES-2019.2.pdf\">EDITAL 04\/2019\/PROCRI\/UNIFAP &#8211; PROMISAES 2019.2<\/a><\/p>\n<p>15\/08\/19 &#8211; Resultado Preliminar:&nbsp;<a href=\"http:\/\/www2.unifap.br\/procri\/files\/2019\/08\/resultado-preliminar-PROMISAES-2019.2.pdf\">resultado preliminar PROMISAES 2019.2<\/a><\/p>\n<p>19\/08\/19 &#8211; Resultado final:&nbsp;<a href=\"http:\/\/www2.unifap.br\/procri\/files\/2019\/08\/resultado-final-PROMISAES-2019.2.pdf\">resultado final PROMISAES 2019.2<\/a><\/p>\n","protected":false},"excerpt":{"rendered":"<p>A&nbsp;Pr\u00f3-Reitoria de Coopera\u00e7\u00e3o e Rela\u00e7\u00f5es Interinstitucionais (PROCRI)&nbsp;da&nbsp;Universidade Federal do Amap\u00e1 (UNIFAP)&nbsp;no uso de suas atribui\u00e7\u00f5es, torna p\u00fablico que estar\u00e3o abertas as inscri\u00e7\u00f5es para processo seletivo, regido pelas regras do presente Edital e seus Anexos, para Aux\u00edlio Financeiro do Projeto MEC\/PROMISAES (Projeto Milton Santos de Acesso ao Ensino Superior) 2019\/2, para o Programa Estudantes-Conv\u00eanio de Gradua\u00e7\u00e3o&#8230;<\/p>\n","protected":false},"author":885,"featured_media":0,"parent":4427,"menu_order":3,"comment_status":"closed","ping_status":"closed","template":"","meta":{"inline_featured_image":false,"ngg_post_thumbnail":0,"footnotes":""},"class_list":["post-4555","page","type-page","status-publish","hentry","entry"],"_links":{"self":[{"href":"https:\/\/www2.unifap.br\/procri\/wp-json\/wp\/v2\/pages\/4555","targetHints":{"allow":["GET"]}}],"collection":[{"href":"https:\/\/www2.unifap.br\/procri\/wp-json\/wp\/v2\/pages"}],"about":[{"href":"https:\/\/www2.unifap.br\/procri\/wp-json\/wp\/v2\/types\/page"}],"author":[{"embeddable":true,"href":"https:\/\/www2.unifap.br\/procri\/wp-json\/wp\/v2\/users\/885"}],"replies":[{"embeddable":true,"href":"https:\/\/www2.unifap.br\/procri\/wp-json\/wp\/v2\/comments?post=4555"}],"version-history":[{"count":3,"href":"https:\/\/www2.unifap.br\/procri\/wp-json\/wp\/v2\/pages\/4555\/revisions"}],"predecessor-version":[{"id":4575,"href":"https:\/\/www2.unifap.br\/procri\/wp-json\/wp\/v2\/pages\/4555\/revisions\/4575"}],"up":[{"embeddable":true,"href":"https:\/\/www2.unifap.br\/procri\/wp-json\/wp\/v2\/pages\/4427"}],"wp:attachment":[{"href":"https:\/\/www2.unifap.br\/procri\/wp-json\/wp\/v2\/media?parent=4555"}],"curies":[{"name":"wp","href":"https:\/\/api.w.org\/{rel}","templated":true}]}}