{"id":4650,"date":"2019-09-24T12:26:42","date_gmt":"2019-09-24T12:26:42","guid":{"rendered":"http:\/\/www2.unifap.br\/procri\/?page_id=4650"},"modified":"2020-06-24T19:59:46","modified_gmt":"2020-06-24T19:59:46","slug":"4650-2","status":"publish","type":"page","link":"https:\/\/www2.unifap.br\/procri\/bolsas-para-pesquisa\/4650-2\/","title":{"rendered":"Edital 06\/2019\/PROCRI\/UNIFAP-AUX\u00cdLIO MOBILIDADE NACIONAL-2020.1"},"content":{"rendered":"<p><strong>Edital 06\/2019\/PROCRI\/UNIFAP &#8211; AUX\u00cdLIO MOBILIDADE NACIONAL-2020.1&nbsp;<\/strong><strong>para alunos de gradua\u00e7\u00e3o em situa\u00e7\u00e3o de vulnerabilidade social<\/strong><\/p>\n<p>A <strong>Pr\u00f3-Reitoria de Coopera\u00e7\u00e3o e Rela\u00e7\u00f5es Interinstitucionais (PROCRI)<\/strong> em parceria com a <strong>Pr\u00f3-Reitoria de Extens\u00e3o e A\u00e7\u00f5es Comunit\u00e1rias (PROEAC)<\/strong> e em conson\u00e2ncia com o Decreto n\u00b0 7.234, de 19 de julho de 2010, que disp\u00f5e sobre o Programa Nacional de Assist\u00eancia Estudantil \u2013 PNAES, Resolu\u00e7\u00e3o n\u00ba14\/2017 \u2013 CONSU, que aprova a Pol\u00edtica de Assist\u00eancia Estudantil na <strong>Universidade Federal do Amap\u00e1<\/strong> torna p\u00fablico o presente edital, que selecionar\u00e1 estudantes regularmente matriculados em cursos de gradua\u00e7\u00e3o presencial do <strong>Campus Marco Zero<\/strong> (<strong>Macap\u00e1<\/strong>), <strong>Campus Binacional (Oiapoque), Campus Santana e Campus Mazag\u00e3o<\/strong>, para a concess\u00e3o de Aux\u00edlio Mobilidade Nacional, no per\u00edodo letivo 2020, por meio de apoio financeiro da Assist\u00eancia Estudantil, desde que atendidos os requisitos deste Edital.<\/p>\n<ol>\n<li><strong>DO OBJETIVO <\/strong><\/li>\n<\/ol>\n<p>1.1. &nbsp;&nbsp;&nbsp;&nbsp; O Programa tem como finalidade possibilitar ao acad\u00eamico em situa\u00e7\u00e3o de vulnerabilidade social, realizar curso presencial de gradua\u00e7\u00e3o em outra regi\u00e3o do Brasil em uma Institui\u00e7\u00e3o de Ensino Superior \u2013 IES.<\/p>\n<p>1.2. &nbsp;&nbsp;&nbsp;&nbsp; O estudante poder\u00e1 escolher IES, reconhecida pelo MEC, e, posteriormente, apresentar carta de aceite da IES receptora.<\/p>\n<ol>\n<li><strong> DOS REQUISITOS PARA INSCRI\u00c7\u00c3O <\/strong><\/li>\n<\/ol>\n<p>2.1. &nbsp;&nbsp;&nbsp;&nbsp; Ser brasileiro e maior de 18 anos, estar regularmente matriculado em curso de Gradua\u00e7\u00e3o na Universidade Federal do Amap\u00e1; 2.2.&nbsp; &nbsp;Estar entre 20% a 70% de integraliza\u00e7\u00e3o do curso;&nbsp; &nbsp;2.3.&nbsp; Possuir desempenho acad\u00eamico igual ou superior a 7(IRA);&nbsp;&nbsp;2.4.&nbsp; Ter no m\u00e1ximo uma disciplina pendente;&nbsp; &nbsp;2.5. Plano de Estudo\/disciplinas da IES receptora, preenchida pelo candidato e com assinatura do coordenador do curso na UNIFAP, em que constem, no m\u00ednimo, 5 (cinco) disciplinas a serem pleiteadas na IES de destino;&nbsp;&nbsp;2.6. N\u00e3o ter recebido bolsa ou aux\u00edlio financeiro em Edital da PROCRI\/UNIFAP em Programa de Mobilidade nacional.&nbsp; &nbsp;(&#8230;)<\/p>\n<p><a href=\"http:\/\/www2.unifap.br\/procri\/files\/2019\/09\/Edital-n\u00ba-06-2019-Mobilidade-Nacional-PROCRI_PROEAC.pdf\">Edital n\u00ba 06-2019 &#8211; Mobilidade Nacional -PROCRI-PROEAC<\/a><\/p>\n<p><a href=\"http:\/\/www2.unifap.br\/procri\/files\/2019\/09\/ANEXO-I-CADASTRO-DE-MOBILIDADE.docx\">ANEXO I &#8211; CADASTRO DE MOBILIDADE<\/a><\/p>\n<p><a href=\"http:\/\/www2.unifap.br\/procri\/files\/2019\/09\/ANEXO-II-PLANO-DE-ESTUDO.docx\">ANEXO II &#8211; PLANO DE ESTUDO<\/a><\/p>\n<p><a href=\"http:\/\/www2.unifap.br\/procri\/files\/2019\/09\/ANEXO-III-Planilha-de-Pontua\u00e7\u00e3o.docx\">ANEXO III &#8211; Planilha de Pontua\u00e7\u00e3o<\/a>&nbsp;<\/p>\n<p><a href=\"http:\/\/www2.unifap.br\/procri\/files\/2019\/09\/ANEXO-IV-Check-List-\u2013-An\u00e1lise-Socioecon\u00f4mica.docx\">ANEXO IV &#8211; Check List \u2013 An\u00e1lise Socioecon\u00f4mica<\/a><\/p>\n<p><a href=\"http:\/\/www2.unifap.br\/procri\/files\/2019\/09\/ANEXO-V-Manual-de-ades\u00e3o-ao-cadastro-\u00fanico.docx\">ANEXO V &#8211; Manual de ades\u00e3o ao cadastro \u00fanico<\/a> &nbsp;<\/p>\n<p><a href=\"http:\/\/www2.unifap.br\/procri\/files\/2019\/09\/ANEXO-VI-Formul\u00e1rio-de-Recurso.docx\">ANEXO VI &#8211; Formul\u00e1rio de Recurso<\/a><\/p>\n<p><a href=\"http:\/\/www2.unifap.br\/procri\/files\/2019\/09\/ANEXO-VIII-RELAT\u00d3RIO-DE-PRESTA\u00c7\u00c3O-DE-CONTAS.docx\">ANEXO VIII &#8211; RELAT\u00d3RIO DE PRESTA\u00c7\u00c3O DE CONTAS<\/a><\/p>\n<p><a href=\"http:\/\/www2.unifap.br\/procri\/files\/2019\/09\/ANEXO-VII-Relat\u00f3rio-de-Viagem.docx\">ANEXO VII &#8211; Relat\u00f3rio de Viagem<\/a><\/p>\n<p>&nbsp;<\/p>\n<p>23\/10\/19 &#8211; <a href=\"http:\/\/www2.unifap.br\/procri\/files\/2019\/10\/RETIFICA\u00c7\u00c3O-EDITAL-06-2019-PROCRI-UNIFAP.pdf\">RETIFICA\u00c7\u00c3O n\u00ba 01 &#8211; Prorrogamento das inscri\u00e7\u00f5es at\u00e9 o dia 30\/10\/19<\/a><\/p>\n<p>01\/11\/19 &#8211;&nbsp;<a href=\"http:\/\/www2.unifap.br\/procri\/files\/2019\/11\/Homologa\u00e7\u00e3o-dos-Inscritos-Edital-06-2019-PROCRI-Aux.-Mob-Nac-2020.1.pdf\">Homologa\u00e7\u00e3o dos Inscritos Edital 06-2019-PROCRI-Aux. Mob Nac-2020.1<\/a><\/p>\n<p>05\/11\/19 &#8211;&nbsp;<a href=\"http:\/\/www2.unifap.br\/procri\/files\/2019\/11\/RETIFICA\u00c7\u00c3O-n\u00ba-02-EDITAL-06-2019-PROCRI-UNIFAP.pdf\">RETIFICA\u00c7\u00c3O n\u00ba 02 &#8211; EDITAL 06-2019-PROCRI-UNIFAP &#8211; Preenchimento do question\u00e1rio socioecon\u00f4mico no SIGAA<\/a><\/p>\n<p>12\/11\/19 &#8211;&nbsp;<a href=\"http:\/\/www2.unifap.br\/procri\/files\/2019\/11\/Data-e-hor\u00e1rio-das-entrevistas-PROEAC.pdf\">Data e hor\u00e1rio das entrevistas &#8211; PROEAC<\/a><\/p>\n<p>09\/12\/19 &#8211;&nbsp;<a href=\"http:\/\/www2.unifap.br\/procri\/files\/2019\/12\/RESULTADO-PRELIMINAR-Edital-06-2019-PROCRI-Aux.-Mob-Nac-2020.1.pdf\">RESULTADO PRELIMINAR &#8211; Edital 06-2019-PROCRI-Aux. Mob Nac-2020.1<\/a><\/p>\n<p>09\/12\/19 &#8211;&nbsp;<a href=\"http:\/\/www2.unifap.br\/procri\/files\/2019\/12\/RETIFICA\u00c7\u00c3O-N\u00ba-03-EDITAL-06-2019-PROCRI-UNIFAP.pdf\">RETIFICA\u00c7\u00c3O N\u00ba 03 &#8211; EDITAL 06-2019-PROCRI-UNIFAP<\/a><\/p>\n<p>11\/12\/19 &#8211;&nbsp;<a href=\"http:\/\/www2.unifap.br\/procri\/files\/2019\/12\/RESULTADO-FINAL-Edital-06-2019-PROCRI-Aux.-Mob-Nac-2020FFF.pdf\">RESULTADO FINAL &#8211; Edital 06-2019-PROCRI-Aux. Mob Nac-2020<\/a><\/p>\n","protected":false},"excerpt":{"rendered":"<p>Edital 06\/2019\/PROCRI\/UNIFAP &#8211; AUX\u00cdLIO MOBILIDADE NACIONAL-2020.1&nbsp;para alunos de gradua\u00e7\u00e3o em situa\u00e7\u00e3o de vulnerabilidade social A Pr\u00f3-Reitoria de Coopera\u00e7\u00e3o e Rela\u00e7\u00f5es Interinstitucionais (PROCRI) em parceria com a Pr\u00f3-Reitoria de Extens\u00e3o e A\u00e7\u00f5es Comunit\u00e1rias (PROEAC) e em conson\u00e2ncia com o Decreto n\u00b0 7.234, de 19 de julho de 2010, que disp\u00f5e sobre o Programa Nacional de Assist\u00eancia&#8230;<\/p>\n","protected":false},"author":189,"featured_media":0,"parent":2113,"menu_order":4,"comment_status":"closed","ping_status":"closed","template":"","meta":{"inline_featured_image":false,"ngg_post_thumbnail":0,"footnotes":""},"class_list":["post-4650","page","type-page","status-publish","hentry","entry"],"_links":{"self":[{"href":"https:\/\/www2.unifap.br\/procri\/wp-json\/wp\/v2\/pages\/4650","targetHints":{"allow":["GET"]}}],"collection":[{"href":"https:\/\/www2.unifap.br\/procri\/wp-json\/wp\/v2\/pages"}],"about":[{"href":"https:\/\/www2.unifap.br\/procri\/wp-json\/wp\/v2\/types\/page"}],"author":[{"embeddable":true,"href":"https:\/\/www2.unifap.br\/procri\/wp-json\/wp\/v2\/users\/189"}],"replies":[{"embeddable":true,"href":"https:\/\/www2.unifap.br\/procri\/wp-json\/wp\/v2\/comments?post=4650"}],"version-history":[{"count":14,"href":"https:\/\/www2.unifap.br\/procri\/wp-json\/wp\/v2\/pages\/4650\/revisions"}],"predecessor-version":[{"id":5075,"href":"https:\/\/www2.unifap.br\/procri\/wp-json\/wp\/v2\/pages\/4650\/revisions\/5075"}],"up":[{"embeddable":true,"href":"https:\/\/www2.unifap.br\/procri\/wp-json\/wp\/v2\/pages\/2113"}],"wp:attachment":[{"href":"https:\/\/www2.unifap.br\/procri\/wp-json\/wp\/v2\/media?parent=4650"}],"curies":[{"name":"wp","href":"https:\/\/api.w.org\/{rel}","templated":true}]}}