{"id":4654,"date":"2019-09-24T14:14:58","date_gmt":"2019-09-24T14:14:58","guid":{"rendered":"http:\/\/www2.unifap.br\/procri\/?page_id=4654"},"modified":"2020-06-24T20:08:23","modified_gmt":"2020-06-24T20:08:23","slug":"edital-no-07-2019-procri-unifap-auxilio-mobilidade-internacional_2020","status":"publish","type":"page","link":"https:\/\/www2.unifap.br\/procri\/bolsas-para-pesquisa\/editais-2019\/edital-no-07-2019-procri-unifap-auxilio-mobilidade-internacional_2020\/","title":{"rendered":"Edital n\u00ba 07\/2019-PROCRI\/UNIFAP-AUX\u00cdLIO MOBILIDADE INTERNACIONAL_2020"},"content":{"rendered":"<p><strong>Edital n\u00ba 07\/2019-PROCRI\/UNIFAP &#8211; AUX\u00cdLIO MOBILIDADE INTERNACIONAL-2020 p<\/strong><strong>ara alunos de gradua\u00e7\u00e3o em situa\u00e7\u00e3o de vulnerabilidade econ\u00f4mica<\/strong><\/p>\n<p>A Pr\u00f3-Reitoria de Coopera\u00e7\u00e3o e Rela\u00e7\u00f5es Interinstitucionais (PROCRI) em parceria com a Pr\u00f3-Reitoria de Extens\u00e3o e A\u00e7\u00f5es Comunit\u00e1rias (PROEAC), em conson\u00e2ncia com o Decreto n\u00b0 7.234, de 19 de julho de 2010, que disp\u00f5e sobre o Programa Nacional de Assist\u00eancia Estudantil \u2013 PNAES, Resolu\u00e7\u00e3o n\u00ba14\/2017 \u2013 CONSU, que prova a Pol\u00edtica de Assist\u00eancia Estudantil na Universidade Federal do Amap\u00e1 torna p\u00fablico o presente edital que selecionar\u00e1 estudantes regularmente matriculados em cursos de gradua\u00e7\u00e3o presencial do <strong>Campus Marco Zero<\/strong> (<strong>Macap\u00e1<\/strong>), <strong>Campus Binacional (Oiapoque), Campus Santana e Campus Mazag\u00e3o<\/strong>, para a concess\u00e3o de Aux\u00edlio Mobilidade Internacional, no per\u00edodo letivo 2020, por meio de apoio financeiro da Assist\u00eancia Estudantil, desde que atendidos os requisitos deste Edital.<\/p>\n<ol>\n<li><strong>DO OBJETIVO <\/strong><\/li>\n<\/ol>\n<p><strong>&nbsp;<\/strong>O Programa \u00e9 uma iniciativa que objetiva contribuir para o fortalecimento da internacionaliza\u00e7\u00e3o da institui\u00e7\u00e3o atrav\u00e9s do fomento da mobilidade internacional de estudantes de gradua\u00e7\u00e3o que se encontram em situa\u00e7\u00e3o de vulnerabilidade econ\u00f4mica.<\/p>\n<ol>\n<li><strong>DOS REQUISITOS PARA INSCRI\u00c7\u00c3O<\/strong><strong>&nbsp;<\/strong><\/li>\n<li>Ser brasileiro e maior de 18 anos, estar regularmente matriculado em curso de Gradua\u00e7\u00e3o na Universidade Federal do Amap\u00e1; 2. estar regularmente matriculado em um dos cursos de Gradua\u00e7\u00e3o na UNIFAP; 3. O candidato dever\u00e1 ter conclu\u00eddo, no m\u00ednimo, 20% e no m\u00e1ximo 75% do curso de gradua\u00e7\u00e3o ; 4. possuir desempenho acad\u00eamico igual ou superior a 7 (sete) \u2013 IRA;&nbsp; 5.Possuir a comprova\u00e7\u00e3o de aceita\u00e7\u00e3o (carta de aceite) para realizar mobilidade para atividades na modalidade presencial, em universidade no exterior, assim como apresentar plano de estudos para o per\u00edodo pretendido;&nbsp; 6.Enquadrar-se nos crit\u00e9rios de vulnerabilidade socioecon\u00f4mica;&nbsp; 7. O aluno n\u00e3o poder\u00e1 acumular bolsas ou aux\u00edlios durante a mobilidade.&nbsp; &nbsp;7.1. N\u00e3o poder\u00e1 participar deste Edital aluno ex-bolsista de mobilidade internacional. (&#8230;)<\/li>\n<\/ol>\n<p><a href=\"http:\/\/www2.unifap.br\/procri\/files\/2019\/09\/Edital-n\u00ba07-2019-PROCRI_Mobilidade-internacional_revisado-anexos-1.pdf\">Edital n\u00ba07-2019-PROCRI_Mobilidade internacional-2020_revisado<\/a><\/p>\n<p><a href=\"http:\/\/www2.unifap.br\/procri\/files\/2019\/09\/ANEXO-I-CADASTRO-DE-MOBILIDADE-1.docx\">ANEXO I &#8211; CADASTRO DE MOBILIDADE<\/a><\/p>\n<p><a href=\"http:\/\/www2.unifap.br\/procri\/files\/2019\/09\/ANEXO-II-PLANO-DE-ESTUDO-1.docx\">ANEXO II &#8211; PLANO DE ESTUDO<\/a><\/p>\n<p><a href=\"http:\/\/www2.unifap.br\/procri\/files\/2019\/09\/ANEXO-III-Check-List-\u2013-An\u00e1lise-Socioecon\u00f4mica.docx\">ANEXO III &#8211; Check List \u2013 An\u00e1lise Socioecon\u00f4mica<\/a><\/p>\n<p><a href=\"http:\/\/www2.unifap.br\/procri\/files\/2019\/09\/ANEXO-IV-Manual-de-ades\u00e3o-ao-cadastro-\u00fanico.docx\">ANEXO IV &#8211; Manual de ades\u00e3o ao cadastro \u00fanico<\/a><\/p>\n<p><a href=\"http:\/\/www2.unifap.br\/procri\/files\/2019\/09\/ANEXO-IV-Manual-de-ades\u00e3o-ao-cadastro-\u00fanico-1.docx\">ANEXO IV &#8211; Manual de ades\u00e3o ao cadastro \u00fanico<\/a><\/p>\n<p><a href=\"http:\/\/www2.unifap.br\/procri\/files\/2019\/09\/ANEXO-V-Formul\u00e1rio-de-Recurso.docx\">ANEXO V &#8211; Formul\u00e1rio de Recurso<\/a> <a href=\"http:\/\/www2.unifap.br\/procri\/files\/2019\/09\/ANEXO-VI-Relat\u00f3rio-de-Viagem.docx\">ANEXO VI- Relat\u00f3rio de Viagem<\/a><\/p>\n<p><a href=\"http:\/\/www2.unifap.br\/procri\/files\/2019\/09\/ANEXO-VII-RELAT\u00d3RIO-DE-PRESTA\u00c7\u00c3O-DE-CONTAS.docx\">ANEXO VII &#8211; RELAT\u00d3RIO DE PRESTA\u00c7\u00c3O DE CONTAS<\/a><\/p>\n<p><a href=\"http:\/\/www2.unifap.br\/procri\/files\/2019\/09\/ANEXO-VII-RELAT\u00d3RIO-DE-PRESTA\u00c7\u00c3O-DE-CONTAS-1.docx\">ANEXO VII &#8211; RELAT\u00d3RIO DE PRESTA\u00c7\u00c3O DE CONTAS<\/a><\/p>\n<p>&nbsp;<\/p>\n<p>09\/12\/19 &#8211;&nbsp;<a href=\"http:\/\/www2.unifap.br\/procri\/files\/2019\/12\/LISTA-DE-INSCRITOS-Edital-07-2019-PROCRI-Aux.-Mob-IntNac-2020.1.pdf\">LISTA DE INSCRITOS &#8211; Edital 07-2019-PROCRI-Aux. Mob IntNac-2020.1<\/a><\/p>\n<p>16\/12\/19 &#8211;&nbsp;<a href=\"http:\/\/www2.unifap.br\/procri\/files\/2019\/12\/RESULTADO-PRELIMINAR-Edital-07-2019-PROCRI-Aux.-Mob-IntNac-2020.1.pdf\">RESULTADO PRELIMINAR &#8211; Edital 07-2019-PROCRI-Aux. Mob IntNac-2020.1<\/a><\/p>\n<p>18\/12\/19 &#8211;&nbsp;<a href=\"http:\/\/www2.unifap.br\/procri\/files\/2019\/12\/RESULTADO-FINAL-Edital-07-2019-PROCRI-Aux.-Mob-IntNac-2020.1.pdf\">RESULTADO FINAL &#8211; Edital 07-2019-PROCRI-Aux. Mob IntNac-2020.1<\/a><\/p>\n","protected":false},"excerpt":{"rendered":"<p>Edital n\u00ba 07\/2019-PROCRI\/UNIFAP &#8211; AUX\u00cdLIO MOBILIDADE INTERNACIONAL-2020 para alunos de gradua\u00e7\u00e3o em situa\u00e7\u00e3o de vulnerabilidade econ\u00f4mica A Pr\u00f3-Reitoria de Coopera\u00e7\u00e3o e Rela\u00e7\u00f5es Interinstitucionais (PROCRI) em parceria com a Pr\u00f3-Reitoria de Extens\u00e3o e A\u00e7\u00f5es Comunit\u00e1rias (PROEAC), em conson\u00e2ncia com o Decreto n\u00b0 7.234, de 19 de julho de 2010, que disp\u00f5e sobre o Programa Nacional de&#8230;<\/p>\n","protected":false},"author":189,"featured_media":0,"parent":4427,"menu_order":8,"comment_status":"closed","ping_status":"closed","template":"","meta":{"inline_featured_image":false,"ngg_post_thumbnail":0,"footnotes":""},"class_list":["post-4654","page","type-page","status-publish","hentry","entry"],"_links":{"self":[{"href":"https:\/\/www2.unifap.br\/procri\/wp-json\/wp\/v2\/pages\/4654","targetHints":{"allow":["GET"]}}],"collection":[{"href":"https:\/\/www2.unifap.br\/procri\/wp-json\/wp\/v2\/pages"}],"about":[{"href":"https:\/\/www2.unifap.br\/procri\/wp-json\/wp\/v2\/types\/page"}],"author":[{"embeddable":true,"href":"https:\/\/www2.unifap.br\/procri\/wp-json\/wp\/v2\/users\/189"}],"replies":[{"embeddable":true,"href":"https:\/\/www2.unifap.br\/procri\/wp-json\/wp\/v2\/comments?post=4654"}],"version-history":[{"count":5,"href":"https:\/\/www2.unifap.br\/procri\/wp-json\/wp\/v2\/pages\/4654\/revisions"}],"predecessor-version":[{"id":5080,"href":"https:\/\/www2.unifap.br\/procri\/wp-json\/wp\/v2\/pages\/4654\/revisions\/5080"}],"up":[{"embeddable":true,"href":"https:\/\/www2.unifap.br\/procri\/wp-json\/wp\/v2\/pages\/4427"}],"wp:attachment":[{"href":"https:\/\/www2.unifap.br\/procri\/wp-json\/wp\/v2\/media?parent=4654"}],"curies":[{"name":"wp","href":"https:\/\/api.w.org\/{rel}","templated":true}]}}