{"id":4664,"date":"2019-09-24T14:56:52","date_gmt":"2019-09-24T14:56:52","guid":{"rendered":"http:\/\/www2.unifap.br\/procri\/?page_id=4664"},"modified":"2020-06-24T20:09:03","modified_gmt":"2020-06-24T20:09:03","slug":"edital-no-05-2019-procri_minicursos-em-outros-idiomas","status":"publish","type":"page","link":"https:\/\/www2.unifap.br\/procri\/bolsas-para-pesquisa\/editais-2019\/edital-no-05-2019-procri_minicursos-em-outros-idiomas\/","title":{"rendered":"EDITAL N\u00ba 05\/2019\/PROCRI_MINICURSOS EM OUTROS IDIOMAS"},"content":{"rendered":"<p><strong>EDITAL N\u00ba 05\/2019\/PROCRI\/UNIFAP&nbsp;&nbsp;<\/strong>A Pr\u00f3-Reitoria de Coopera\u00e7\u00e3o e Rela\u00e7\u00f5es Interinstitucionais da Universidade Federal do Amap\u00e1 (PROCRI-UNIFAP) torna p\u00fablico o presente Edital para inscri\u00e7\u00e3o e sele\u00e7\u00e3o de docentes da institui\u00e7\u00e3o com objetivo de ofertar minicursos em l\u00ednguas estrangeiras.<\/p>\n<ol>\n<li><strong>OBJETIVO GERAL<\/strong><\/li>\n<\/ol>\n<p>O presente Edital tem como objetivo fortalecer o uso de l\u00ednguas estrangeiras em atividades acad\u00eamicas.<\/p>\n<ol start=\"2\">\n<li><strong>PROPOSTAS DE MINICURSO<\/strong><\/li>\n<\/ol>\n<p>2.1 Ser\u00e3o admitidas inicialmente <strong>at\u00e9 5 propostas<\/strong> de minicurso sobre qualquer \u00e1rea do conhecimento, as quais devem apresentar as seguintes caracter\u00edsticas:&nbsp;<\/p>\n<ol>\n<li>a) Ter 6 horas divididas em 2 dias, sendo 3 horas em cada dia ou 6 horas divididas em 3 dias, sendo 2 horas por dia;<\/li>\n<li>b) Ser ministrado totalmente em outro idioma;<\/li>\n<li>c) Apresentar previamente material did\u00e1tico m\u00ednimo (ementa, texto base) no idioma que ser\u00e1 ministrado o minicurso;<\/li>\n<li>d) O minicurso dever\u00e1 ser realizado at\u00e9 a data limite de 13\/12\/2019.<\/li>\n<\/ol>\n<p>2.2 Quanto \u00e0s poss\u00edveis datas de realiza\u00e7\u00e3o dos minicursos, em caso de modifica\u00e7\u00e3o, o docente dever\u00e1 comunicar \u00e0 PROCRI a mudan\u00e7a, com anteced\u00eancia m\u00ednima de 15 dias das datas constantes da proposta.&nbsp; (&#8230;)<\/p>\n<p><a href=\"http:\/\/www2.unifap.br\/procri\/files\/2019\/08\/EDITAL-N\u00ba-05.2019-APOIO-A-MINICURSOS-EM-OUTROS-IDIOMAS.pdf\">EDITAL N\u00ba 05.2019 &#8211; APOIO A MINICURSOS EM OUTROS IDIOMAS<\/a><\/p>\n","protected":false},"excerpt":{"rendered":"<p>EDITAL N\u00ba 05\/2019\/PROCRI\/UNIFAP&nbsp;&nbsp;A Pr\u00f3-Reitoria de Coopera\u00e7\u00e3o e Rela\u00e7\u00f5es Interinstitucionais da Universidade Federal do Amap\u00e1 (PROCRI-UNIFAP) torna p\u00fablico o presente Edital para inscri\u00e7\u00e3o e sele\u00e7\u00e3o de docentes da institui\u00e7\u00e3o com objetivo de ofertar minicursos em l\u00ednguas estrangeiras. OBJETIVO GERAL O presente Edital tem como objetivo fortalecer o uso de l\u00ednguas estrangeiras em atividades acad\u00eamicas. PROPOSTAS DE&#8230;<\/p>\n","protected":false},"author":189,"featured_media":0,"parent":4427,"menu_order":6,"comment_status":"closed","ping_status":"closed","template":"","meta":{"inline_featured_image":false,"ngg_post_thumbnail":0,"footnotes":""},"class_list":["post-4664","page","type-page","status-publish","hentry","entry"],"_links":{"self":[{"href":"https:\/\/www2.unifap.br\/procri\/wp-json\/wp\/v2\/pages\/4664","targetHints":{"allow":["GET"]}}],"collection":[{"href":"https:\/\/www2.unifap.br\/procri\/wp-json\/wp\/v2\/pages"}],"about":[{"href":"https:\/\/www2.unifap.br\/procri\/wp-json\/wp\/v2\/types\/page"}],"author":[{"embeddable":true,"href":"https:\/\/www2.unifap.br\/procri\/wp-json\/wp\/v2\/users\/189"}],"replies":[{"embeddable":true,"href":"https:\/\/www2.unifap.br\/procri\/wp-json\/wp\/v2\/comments?post=4664"}],"version-history":[{"count":1,"href":"https:\/\/www2.unifap.br\/procri\/wp-json\/wp\/v2\/pages\/4664\/revisions"}],"predecessor-version":[{"id":4665,"href":"https:\/\/www2.unifap.br\/procri\/wp-json\/wp\/v2\/pages\/4664\/revisions\/4665"}],"up":[{"embeddable":true,"href":"https:\/\/www2.unifap.br\/procri\/wp-json\/wp\/v2\/pages\/4427"}],"wp:attachment":[{"href":"https:\/\/www2.unifap.br\/procri\/wp-json\/wp\/v2\/media?parent=4664"}],"curies":[{"name":"wp","href":"https:\/\/api.w.org\/{rel}","templated":true}]}}