{"id":4681,"date":"2019-09-25T14:09:52","date_gmt":"2019-09-25T14:09:52","guid":{"rendered":"http:\/\/www2.unifap.br\/procri\/?page_id=4681"},"modified":"2019-09-25T16:00:20","modified_gmt":"2019-09-25T16:00:20","slug":"redes-de-cooperacao","status":"publish","type":"page","link":"https:\/\/www2.unifap.br\/procri\/redes-de-cooperacao\/","title":{"rendered":"Redes de coopera\u00e7\u00e3o"},"content":{"rendered":"<p>Acesse mais detalhes das coopera\u00e7\u00f5es abaixo:<\/p>\n<ul>\n<li>Grupo Coimbra de Universidades Brasileiras&nbsp; (GCUB)<\/li>\n<li>Associa\u00e7\u00e3o Brasileira de Educa\u00e7\u00e3o Internacional (FAUBAI)<\/li>\n<li>Associa\u00e7\u00e3o Nacional dos Dirigentes das Institui\u00e7\u00f5es Federais de Ensino Superior (Andifes)<\/li>\n<li>Acordo entre a Asociaci\u00f3n Colombiana de Universidades e o Grupo Coimbra de Dirigentes de Universidades Brasileiras (BRACOL)<\/li>\n<li>Andifes &#8211; Santander<\/li>\n<li>Ibero-Americano &#8211; Santander<\/li>\n<\/ul>\n","protected":false},"excerpt":{"rendered":"<p>Acesse mais detalhes das coopera\u00e7\u00f5es abaixo: Grupo Coimbra de Universidades Brasileiras&nbsp; (GCUB) Associa\u00e7\u00e3o Brasileira de Educa\u00e7\u00e3o Internacional (FAUBAI) Associa\u00e7\u00e3o Nacional dos Dirigentes das Institui\u00e7\u00f5es Federais de Ensino Superior (Andifes) Acordo entre a Asociaci\u00f3n Colombiana de Universidades e o Grupo Coimbra de Dirigentes de Universidades Brasileiras (BRACOL) Andifes &#8211; Santander Ibero-Americano &#8211; Santander<\/p>\n","protected":false},"author":885,"featured_media":0,"parent":0,"menu_order":0,"comment_status":"closed","ping_status":"closed","template":"","meta":{"inline_featured_image":false,"ngg_post_thumbnail":0,"footnotes":""},"class_list":["post-4681","page","type-page","status-publish","hentry","entry"],"_links":{"self":[{"href":"https:\/\/www2.unifap.br\/procri\/wp-json\/wp\/v2\/pages\/4681","targetHints":{"allow":["GET"]}}],"collection":[{"href":"https:\/\/www2.unifap.br\/procri\/wp-json\/wp\/v2\/pages"}],"about":[{"href":"https:\/\/www2.unifap.br\/procri\/wp-json\/wp\/v2\/types\/page"}],"author":[{"embeddable":true,"href":"https:\/\/www2.unifap.br\/procri\/wp-json\/wp\/v2\/users\/885"}],"replies":[{"embeddable":true,"href":"https:\/\/www2.unifap.br\/procri\/wp-json\/wp\/v2\/comments?post=4681"}],"version-history":[{"count":2,"href":"https:\/\/www2.unifap.br\/procri\/wp-json\/wp\/v2\/pages\/4681\/revisions"}],"predecessor-version":[{"id":4746,"href":"https:\/\/www2.unifap.br\/procri\/wp-json\/wp\/v2\/pages\/4681\/revisions\/4746"}],"wp:attachment":[{"href":"https:\/\/www2.unifap.br\/procri\/wp-json\/wp\/v2\/media?parent=4681"}],"curies":[{"name":"wp","href":"https:\/\/api.w.org\/{rel}","templated":true}]}}