{"id":4691,"date":"2019-09-25T14:09:53","date_gmt":"2019-09-25T14:09:53","guid":{"rendered":"http:\/\/www2.unifap.br\/procri\/?page_id=4691"},"modified":"2023-04-03T19:20:07","modified_gmt":"2023-04-03T19:20:07","slug":"mobilidade-nacional","status":"publish","type":"page","link":"https:\/\/www2.unifap.br\/procri\/mobilidade-nacional\/","title":{"rendered":"Mobilidade Nacional"},"content":{"rendered":"\t\t<div data-elementor-type=\"wp-post\" data-elementor-id=\"4691\" class=\"elementor elementor-4691\">\n\t\t\t\t\t\t<section class=\"elementor-section elementor-top-section elementor-element elementor-element-64727f7c elementor-section-boxed elementor-section-height-default elementor-section-height-default\" data-id=\"64727f7c\" data-element_type=\"section\" data-e-type=\"section\">\n\t\t\t\t\t\t<div class=\"elementor-container elementor-column-gap-default\">\n\t\t\t\t\t<div class=\"elementor-column elementor-col-100 elementor-top-column elementor-element elementor-element-59f2b45d\" data-id=\"59f2b45d\" data-element_type=\"column\" data-e-type=\"column\">\n\t\t\t<div class=\"elementor-widget-wrap elementor-element-populated\">\n\t\t\t\t\t\t<div class=\"elementor-element elementor-element-2ae93446 elementor-widget elementor-widget-text-editor\" data-id=\"2ae93446\" data-element_type=\"widget\" data-e-type=\"widget\" data-widget_type=\"text-editor.default\">\n\t\t\t\t<div class=\"elementor-widget-container\">\n\t\t\t\t\t\t\t\t\t<header class=\"portlet-topper\"><h2 class=\"portlet-title\" style=\"text-align: center\"><span class=\"portlet-title-text\">Mobilidade Acad\u00eamica Nacional Andifes<\/span><\/h2><menu id=\"portlet-topper-toolbar_56_INSTANCE_LoK8KxXHNsrR\" class=\"portlet-topper-toolbar\" type=\"toolbar\"><\/menu><\/header><div class=\"portlet-content\"><div class=\" portlet-content-container\"><div class=\"portlet-body\"><div class=\"journal-content-article\"><div class=\"full-content custom-modal-content\"><div class=\"full-content--meta-content\">\u00a0<\/div><div class=\"full-content__full-content\"><p>O Programa ANDIFES de Mobilidade Acad\u00eamica \u00e9 resultado de um conv\u00eanio\u00a0firmado entre v\u00e1rias Institui\u00e7\u00f5es Federais de Ensino Superior (IFES) e alcan\u00e7a somente alunos de cursos de gradua\u00e7\u00e3o. O aluno participante deste conv\u00eanio ter\u00e1 v\u00ednculo tempor\u00e1rio com a Institui\u00e7\u00e3o receptora pelo prazo m\u00e1ximo de dois semestres letivos, consecutivos ou n\u00e3o, podendo, em car\u00e1ter excepcional, e a crit\u00e9rio das Institui\u00e7\u00f5es envolvidas, ser prorrogado por mais um semestre.<\/p><p>A UNIFAP, como signat\u00e1ria deste conv\u00eanio, oferece a seus alunos de gradua\u00e7\u00e3o a possibilidade de realiza\u00e7\u00e3o de estudos por at\u00e9 2 semestres em outra IFES do pa\u00eds, al\u00e9m de receber estudantes de outras IFES que pretendam realizar aqui a mobilidade.<\/p><p>Para ler o conv\u00eanio na \u00edntegra,\u00a0<a href=\"https:\/\/www.ufpe.br\/documents\/38970\/378246\/convenio_andifes_de_mobilidade_academica.pdf\/3da48029-26a2-48ce-b20a-878a618ceb86\">clique aqui.<\/a><\/p><p>Rela\u00e7\u00e3o das Institui\u00e7\u00f5es participantes,\u00a0<a href=\"https:\/\/www.ufpe.br\/documents\/367112\/0\/Universidades_participantes_do_Programa_Andifes_de_Mobilidade_Academica.pdf\/c13a1404-a412-4f59-acab-0b0a8ce7b06a\">clique aqui<\/a>.<\/p><p><a href=\"http:\/\/www2.unifap.br\/procri\/files\/2016\/09\/Folder-manual-de-mobilidade.pdf\">Folder &#8211; manual de mobilidade<\/a><\/p><h3>\u00a0<\/h3><h3 style=\"text-align: center\"><strong>Requisitos para inscrever-se no Programa<\/strong><\/h3><ul><li>Ser acad\u00eamico de qualquer curso de gradua\u00e7\u00e3o devidamente matriculado;<\/li><li>Ter conclu\u00eddo pelo menos 20% (vinte por cento) da carga hor\u00e1ria de integraliza\u00e7\u00e3o do curso de origem no ato da inscri\u00e7\u00e3o;<\/li><li>Possuir, no m\u00e1ximo, duas reprova\u00e7\u00f5es (disciplinas) acumuladas\u00a0nos dois per\u00edodos letivos que antecedem o pedido de mobilidade.<\/li><li>Atender aos prazos de solicita\u00e7\u00e3o previstos na UNIFAP e nas IFES receptora.<\/li><\/ul><\/div><\/div><\/div><\/div><\/div><\/div><p>O aluno participante do programa ter\u00e1 v\u00ednculo tempor\u00e1rio com a IFES receptora, dependendo, para isto, da exist\u00eancia de disponibilidade de vaga e das possibilidades de matr\u00edcula na(s) disciplina(s) pretendida(s).<\/p><p>\u00a0<\/p><p style=\"text-align: center\"><strong>PROCEDIMENTOS E PRAZOS<\/strong><\/p><p style=\"text-align: center\"><strong>Alunos da UNIFAP para outras IFES<\/strong><\/p><p><strong>Documenta\u00e7\u00e3o necess\u00e1ria<\/strong><\/p><p>a) Ficha de cadastro, link:\u00a0<a href=\"http:\/\/www2.unifap.br\/procri\/files\/2019\/10\/ANEXO-I-Inscri\u00e7\u00e3o.docx\">Ficha de Cadatro &#8211; Alunos da UNIFAP para outras IFES<\/a>;<br \/>b) Atestado de matr\u00edcula e hist\u00f3rico atualizado;<br \/>c) C\u00f3pia do RG e CPF do estudante;<\/p><p>d)\u00a0Plano de Estudo da IFES receptora (obter no site da IFES receptora) ou no caso se a IFES receptora n\u00e3o o ofere\u00e7a, utilizar o formul\u00e1rio da UNIFAP assinado pelo(a) coordenador(a) do<br \/>curso e pelo estudante, link\u00a0<a href=\"http:\/\/www2.unifap.br\/procri\/files\/2019\/09\/ANEXO-II-PLANO-DE-ESTUDO-1.docx\">Plano de Estudos &#8211; Alunos da UNIFAP para outras IFES<\/a> :<\/p><ul><li>Documenta\u00e7\u00f5es complementares poder\u00e3o ser solicitadas pela IFES receptora, cabe ao estudante atentar-se;<\/li><li>Concomitantemente, dever\u00e1 o\/a discente interessado\/a verificar a exist\u00eancia de regras espec\u00edficas para requer mobilidade em outras IFES.<\/li><\/ul><p><strong>Prazos para solicita\u00e7\u00e3o<\/strong><\/p><p>Os alunos dever\u00e3o atentar-se aos prazos determinados pela IFES receptora. O prazo para an\u00e1lise da documenta\u00e7\u00e3o, por esta Pr\u00f3-reitoria, \u00e9 de 2 (dois) dias \u00fateis, contados a partir da data de recebimento.<\/p><ol><li>mobilidade em outras IFES no 1\u00ba Semestre = at\u00e9 30\/10<\/li><li>mobilidade em outras IFES no 2\u00ba Semestre = at\u00e9 30\/05<\/li><\/ol><p><strong>Procedimento interno<\/strong><\/p><ol><li>O\/a discente da UNIFAP que pretende participar do referido programa dever\u00e1, juntamente com a Coordena\u00e7\u00e3o do seu curso de origem (UNIFAP), com base na avalia\u00e7\u00e3o dos planos e ementas oficiais das atividades curriculares fornecidas pela Institui\u00e7\u00e3o receptora, elaborar o Plano de Estudos a ser cursado na mesma. O referido conv\u00eanio prev\u00ea que as Institui\u00e7\u00f5es receptoras forne\u00e7am as ementas oficiais aos\/as discentes interessados\/as. Este Plano de Estudos \u00e9 absolutamente necess\u00e1rio para subsidiar a posterior e obrigat\u00f3ria concess\u00e3o de equival\u00eancia, em caso de aprova\u00e7\u00e3o do\/a discente nas atividades objeto da mobilidade.\u00a0<\/li><li>Em seguida, o\/a aluno deve solicitar a participa\u00e7\u00e3o no\u00a0<strong>Programa ANDIFES de Mobilidade Acad\u00eamica<\/strong>\u00a0junto a Pr\u00f3-reitoria de Coopera\u00e7\u00e3o e Rela\u00e7\u00f5es Interinstitucionais (PROCRI), apresentando as documenta\u00e7\u00f5es acima e demais solicitadas pela IFES receptora, e encaminhar via email para mobilidade.procri@unifap.br e em meio f\u00edsico quando for solicitado;<\/li><li>A PROCRI analisar\u00e1 e enviar\u00e1 as documenta\u00e7\u00f5es e a\u00a0<strong>carta de apresenta\u00e7\u00e3o<\/strong>\u00a0do aluno \u00e0 IFES receptora , onde ser\u00e1 avaliada pelo setor competente;<\/li><li>Em caso de deferimento, a IFES receptora enviar\u00e1\u00a0<strong>carta de aceite<\/strong>\u00a0\u00e0 UNIFAP;<\/li><li>A PROCRI, criar\u00e1 um PROCESSO com o nome do aluno e encaminhar\u00e1 para o DERCA para o registro em &#8220;mobilidade acad\u00eamica nacional&#8221; no SIGAA.<\/li><\/ol><p>Obs.:<\/p><ul><li>No per\u00edodo em que perdurar o afastamento, o aluno continuar\u00e1 matriculado no curso de origem;<\/li><li>Quando do retorno do aluno \u00e0 UNIFAP, o\/a aluno deve procurar a PROCRI, via email ou fisicamente, para comunicarmos ao setor do DERCA para libera\u00e7\u00e3o do acesso ao SIGAA para matr\u00edcula no semestre subsequente;<\/li><li>Em caso do aluno\/a requerer valida\u00e7\u00e3o das disciplinas cursadas na IFES receptora no SIGAA, o mesmo dever\u00e1 preencher o formul\u00e1rio de credita\u00e7\u00e3o (link:) apresentando o atestado, hist\u00f3rico e ementas das disciplinas cursadas na IFES receptora,\u00a0a PROCRI encaminhar\u00e1 tais documenta\u00e7\u00f5es via PROCESSO para a Coordena\u00e7\u00e3o de curso de origem do aluno, que ir\u00e1 analisar o m\u00e9rito da solicita\u00e7\u00e3o, em seguida, caso deferimento, o PROCESSO seguir\u00e1 para o DERCA que registrar\u00e1 os dados de equival\u00eancia\u00a0 no respectivo hist\u00f3rico escolar.<\/li><\/ul><p>\u00a0<\/p><p style=\"text-align: center\"><strong>Alunos de Outras IFES para a UNIFAP<\/strong><\/p><p><strong>Documenta\u00e7\u00e3o necess\u00e1ria<\/strong><\/p><p>O\/a discente de outra IFES interessado\/a em realizar mobilidade acad\u00eamica na UNIFAP dever\u00e1 primeiramente obter informa\u00e7\u00f5es sobre o tema junto \u00e0 sua institui\u00e7\u00e3o de origem. Ap\u00f3s aprovado seu afastamento pela Institui\u00e7\u00e3o de origem, esta encaminhar\u00e1 \u00e0 PROCRI os seguintes documentos:<\/p><ul><li><strong>Carta de apresenta\u00e7\u00e3o<\/strong>\u00a0emitida pelo\u00a0setor respons\u00e1vel da\u00a0Mobilidade Acad\u00eamica ANDIFES, na Institui\u00e7\u00e3o de origem aos cuidados da PROCRI\/UNIFAP, devidamente assinada e carimbada;<\/li><li>Plano de estudo, devidamente preenchido, assinado e datado pelo aluno e aprovado\u00a0pelo Coordenador do Curso de origem (mediante a an\u00e1lise dos programas das disciplinas, carga hor\u00e1ria e pr\u00e9\/c\u00f3-requisitos), com a devida assinatura e carimbo, link: <a href=\"http:\/\/www2.unifap.br\/procri\/files\/2023\/04\/Plano-de-estudos_alunos-de-outra-Instituicao-unifap.docx\">Plano de estudos_alunos de outra Institui\u00e7\u00e3o-unifap<\/a><\/li><li><strong>Atestado de matr\u00edcula e Hist\u00f3rico escolar<\/strong>\u00a0completo e atualizado;<\/li><\/ul><p><strong>Prazos para solicita\u00e7\u00e3o<\/strong><\/p><ol><li>mobilidade na UNIFAP no 1\u00ba Semestre\u00a0 = at\u00e9 31\/10<\/li><li>mobilidade na UNIFAP no 2\u00ba Semestre =\u00a0at\u00e9 31\/05<\/li><\/ol><p><strong>Endere\u00e7o para\u00a0encaminhamento da documenta\u00e7\u00e3o<\/strong>:<\/p><p>As documenta\u00e7\u00f5es acima dever\u00e3o ser encaminhas pelo setor competente da IFES de origem do aluno para o email: mobilidade.procri@unifap.br, caso necess\u00e1rio, poder\u00e1 ser enviada via correiors para o endere\u00e7o:<\/p><p>Universidade Federal do Amap\u00e1<br \/>Pr\u00f3-Reitoria de Coopera\u00e7\u00e3o e Rela\u00e7\u00f5es Interinstitucionais (PROCRI)<br \/>Rod. Juscelino Kubitschek, KM 02 &#8211; Jardim Marco Zero<br \/>Campus Marco Zero &#8211; Macap\u00e1 &#8211; AP<br \/>CEP: 68903-419<\/p><p><strong>Procedimento interno<\/strong><\/p><ol><li>A PROCRI\/UNIFAP de posse da documenta\u00e7\u00e3o completa e dentro dos prazos previstos, abrir\u00e1 processo em nome do\/a requerente, para verificar a possibilidade de matr\u00edcula (exist\u00eancia de vagas) na(s) atividade(s)\/componente(s) curricular(es) pretendida(s) e encaminhar\u00e1 para Coordena\u00e7\u00e3o de curso pretendida;<\/li><li>Competir\u00e1 ao coordenador do curso na UNIFAP a an\u00e1lise do requerimento e a manifesta\u00e7\u00e3o sobre o recolhimento, exarando o parecer de deferimento ou indeferimento;<\/li><li>Ap\u00f3s a aprova\u00e7\u00e3o pelo colegiado do curso, a PROCRI enviar\u00e1 Carta de Aceite \u00e0 Institui\u00e7\u00e3o de origem;<\/li><li>Ao final do v\u00ednculo em mobilidade, a PROCRI enviar\u00e1 \u00e0 Institui\u00e7\u00e3o de origem documenta\u00e7\u00e3o comprobat\u00f3ria da(s) atividade(s)\/componentes(s) curricular(es) cursado(s), com notas ou conceitos e frequ\u00eancia.<\/li><\/ol><p><strong>A MOBILIDADE ACAD\u00caMICA ANDIFES TER\u00c1 VALIDADE OFICIAL APENAS QUANDO AUTORIZADA POR ESTA PR\u00d3-REITORIA. N\u00c3O EXISTE NO \u00c2MBITO DESTA IFES OUTRA AUTORIDADE COMPETENTE PARA ESTE FIM.<\/strong><\/p><p>Cabe a\/ao discente\u00a0 acompanhar a tramita\u00e7\u00e3o do processo junto a PROCRI.<\/p><p><strong>PEDIDOS DE RENOVA\u00c7\u00c3O<\/strong>\u00a0dever\u00e3o ser feitos pelo pr\u00f3prio estudante \u00e0 sua IFES de origem, no mesmo prazo estabelecido.\u00a0Solicita\u00e7\u00f5es encaminhadas fora do prazo estabelecido pela UNIFAP ser\u00e3o\u00a0<strong>INDEFERIDAS<\/strong>.<\/p><p>. OBS1: Semestralmente, lan\u00e7amos um edital para os que desejam concorrer a uma bolsa\/aux\u00edlio, como um incentivo \u00e0 mobilidade nos Termos do Conv\u00eanio Andifes;\u00a0\u00a0<\/p><p>\u00a0<\/p><p><strong>PRESTA\u00c7\u00c3O DE CONTAS E RELAT\u00d3RIO DE MOBILIDADE<\/strong> (Para alunos que est\u00e3o retornando a UNIFAP)<\/p><p><a href=\"http:\/\/www2.unifap.br\/procri\/files\/2016\/09\/Relat\u00f3rio-de-Viagem-modelo-Procri3.docx\">Modelo de Relat\u00f3rio de Viagem\u00a0<\/a>(Para todos os alunos que pediram mobilidade acad\u00eamica com ou sem aux\u00edlio)<\/p><p><a href=\"http:\/\/www2.unifap.br\/procri\/files\/2016\/09\/PRESTA\u00c7\u00c3O-DE-CONTAS-\u00c0-PROEAC_Modelo-relat\u00f3rio-site.docx\">Modelo de r<\/a><a href=\"http:\/\/www2.unifap.br\/procri\/files\/2016\/09\/Relat\u00f3rio-de-Viagem-Mobilidade-Modelo-Proeac.docx\">elat\u00f3rio de Viagem &#8211; Mobilidade-Proeac<\/a>\u00a0(Modelo de presta\u00e7\u00e3o de contas para os alunos que foram beneficiados com aux\u00edlio de mobilidade em coopera\u00e7\u00e3o com a PROEAC)<\/p><h5>\u00a0<\/h5><h5><span style=\"color: #0000ff\">ENDERE\u00c7O PARA ENCAMINHAR OS DOCUMENTOS:<\/span><\/h5><p><strong>Encaminhar em PDF para:<\/strong>\u00a0<strong>mobilidade.procri@unifap.br.\u00a0 \u00a0\u00a0<\/strong><\/p><p>Setor respons\u00e1vel pela mobilidade: Pr\u00f3-reitoria de Coopera\u00e7\u00e3o e Rela\u00e7\u00f5es Interinstitucionais (PROCRI)<br \/>Rod. Juscelino Kubitschek, KM 02 &#8211; Jardim Marco Zero<br \/>Campus Marco Zero &#8211; Macap\u00e1 &#8211; AP<\/p><p>Pr\u00e9dio da Reitoria, 1\u00ba andar<\/p><p>(96) 4009-2666<br \/>mobilidade.procri@unifap.br<\/p><p style=\"text-align: left\" align=\"center\">\u00a0<\/p>\t\t\t\t\t\t\t\t<\/div>\n\t\t\t\t<\/div>\n\t\t\t\t\t<\/div>\n\t\t<\/div>\n\t\t\t\t\t<\/div>\n\t\t<\/section>\n\t\t\t\t<\/div>\n\t\t","protected":false},"excerpt":{"rendered":"<p>Mobilidade Acad\u00eamica Nacional Andifes \u00a0 O Programa ANDIFES de Mobilidade Acad\u00eamica \u00e9 resultado de um conv\u00eanio\u00a0firmado entre v\u00e1rias Institui\u00e7\u00f5es Federais de Ensino Superior (IFES) e alcan\u00e7a somente alunos de cursos de gradua\u00e7\u00e3o. O aluno participante deste conv\u00eanio ter\u00e1 v\u00ednculo tempor\u00e1rio com a Institui\u00e7\u00e3o receptora pelo prazo m\u00e1ximo de dois semestres letivos, consecutivos ou n\u00e3o, podendo,&#8230;<\/p>\n","protected":false},"author":885,"featured_media":0,"parent":0,"menu_order":0,"comment_status":"closed","ping_status":"closed","template":"","meta":{"inline_featured_image":false,"ngg_post_thumbnail":0,"footnotes":""},"class_list":["post-4691","page","type-page","status-publish","hentry","entry"],"_links":{"self":[{"href":"https:\/\/www2.unifap.br\/procri\/wp-json\/wp\/v2\/pages\/4691","targetHints":{"allow":["GET"]}}],"collection":[{"href":"https:\/\/www2.unifap.br\/procri\/wp-json\/wp\/v2\/pages"}],"about":[{"href":"https:\/\/www2.unifap.br\/procri\/wp-json\/wp\/v2\/types\/page"}],"author":[{"embeddable":true,"href":"https:\/\/www2.unifap.br\/procri\/wp-json\/wp\/v2\/users\/885"}],"replies":[{"embeddable":true,"href":"https:\/\/www2.unifap.br\/procri\/wp-json\/wp\/v2\/comments?post=4691"}],"version-history":[{"count":7,"href":"https:\/\/www2.unifap.br\/procri\/wp-json\/wp\/v2\/pages\/4691\/revisions"}],"predecessor-version":[{"id":5763,"href":"https:\/\/www2.unifap.br\/procri\/wp-json\/wp\/v2\/pages\/4691\/revisions\/5763"}],"wp:attachment":[{"href":"https:\/\/www2.unifap.br\/procri\/wp-json\/wp\/v2\/media?parent=4691"}],"curies":[{"name":"wp","href":"https:\/\/api.w.org\/{rel}","templated":true}]}}