{"id":4846,"date":"2019-09-26T21:53:23","date_gmt":"2019-09-26T21:53:23","guid":{"rendered":"http:\/\/www2.unifap.br\/procri\/?page_id=4846"},"modified":"2022-10-26T19:42:18","modified_gmt":"2022-10-26T19:42:18","slug":"pagina-inicial","status":"publish","type":"page","link":"https:\/\/www2.unifap.br\/procri\/","title":{"rendered":"P\u00e1gina Inicial"},"content":{"rendered":"\t\t<div data-elementor-type=\"wp-post\" data-elementor-id=\"4846\" class=\"elementor elementor-4846\">\n\t\t\t\t\t\t<section class=\"elementor-section elementor-top-section elementor-element elementor-element-6c43410 elementor-section-boxed elementor-section-height-default elementor-section-height-default\" data-id=\"6c43410\" data-element_type=\"section\" data-e-type=\"section\">\n\t\t\t\t\t\t<div class=\"elementor-container elementor-column-gap-default\">\n\t\t\t\t\t<div class=\"elementor-column elementor-col-50 elementor-top-column elementor-element elementor-element-079e0fb\" data-id=\"079e0fb\" data-element_type=\"column\" data-e-type=\"column\">\n\t\t\t<div class=\"elementor-widget-wrap elementor-element-populated\">\n\t\t\t\t\t\t<div class=\"elementor-element elementor-element-a4fb7a4 elementor-widget elementor-widget-wp-widget-recent-posts\" data-id=\"a4fb7a4\" data-element_type=\"widget\" data-e-type=\"widget\" data-widget_type=\"wp-widget-recent-posts.default\">\n\t\t\t\t<div class=\"elementor-widget-container\">\n\t\t\t\t\t\n\t\t\n\t\t<h5>Posts recentes<\/h5>\n\t\t<ul>\n\t\t\t\t\t\t\t\t\t\t\t<li>\n\t\t\t\t\t<a href=\"https:\/\/www2.unifap.br\/procri\/2026\/03\/13\/publicacao-resultado-preliminar-edital-no06-2025-procri-unifap-selecao-para-monitores-de-portugues-lingua-estrangeira-adicional-no-programa-pec-ple\/\">Publica\u00e7\u00e3o resultado preliminar &#8211; EDITAL N\u00ba06\/2025\/PROCRI\/UNIFAP SELE\u00c7\u00c3O PARA MONITORES DE PORTUGU\u00caS L\u00cdNGUA ESTRANGEIRA\/ADICIONAL NO PROGRAMA PEC-PLE<\/a>\n\t\t\t\t\t\t\t\t\t<\/li>\n\t\t\t\t\t\t\t\t\t\t\t<li>\n\t\t\t\t\t<a href=\"https:\/\/www2.unifap.br\/procri\/2026\/03\/10\/chamada-da-rede-de-catedras-cfbba-resultado-final\/\">Chamada da Rede de C\u00e1tedras CFBBA &#8211; Resultado final<\/a>\n\t\t\t\t\t\t\t\t\t<\/li>\n\t\t\t\t\t\t\t\t\t\t\t<li>\n\t\t\t\t\t<a href=\"https:\/\/www2.unifap.br\/procri\/2026\/03\/06\/chamada-da-rede-de-catedras-cfbba-resultado-preliminar\/\">Chamada da Rede de C\u00e1tedras CFBBA &#8211; Resultado Preliminar<\/a>\n\t\t\t\t\t\t\t\t\t<\/li>\n\t\t\t\t\t\t\t\t\t\t\t<li>\n\t\t\t\t\t<a href=\"https:\/\/www2.unifap.br\/procri\/2026\/02\/06\/unifap-fortalece-cooperacao-internacional-com-evento-passarela-amazonica-passerelle-damazonie-em-parceria-com-universidade-da-guiana-francesa\/\">UNIFAP fortalece coopera\u00e7\u00e3o internacional com evento \u201cPassarela Amaz\u00f4nica\/Passerelle d\u2019Amazonie\u201d em parceria com Universidade da Guiana Francesa<\/a>\n\t\t\t\t\t\t\t\t\t<\/li>\n\t\t\t\t\t\t\t\t\t\t\t<li>\n\t\t\t\t\t<a href=\"https:\/\/www2.unifap.br\/procri\/2026\/01\/21\/programa-amigo-global-global-friend-buddy-program\/\">PROGRAMA AMIGO GLOBAL (GLOBAL FRIEND: BUDDY PROGRAM)<\/a>\n\t\t\t\t\t\t\t\t\t<\/li>\n\t\t\t\t\t<\/ul>\n\n\t\t\t\t\t\t<\/div>\n\t\t\t\t<\/div>\n\t\t\t\t\t<\/div>\n\t\t<\/div>\n\t\t\t\t<div class=\"elementor-column elementor-col-50 elementor-top-column elementor-element elementor-element-e83ee8c\" data-id=\"e83ee8c\" data-element_type=\"column\" data-e-type=\"column\">\n\t\t\t<div class=\"elementor-widget-wrap elementor-element-populated\">\n\t\t\t\t\t\t<div class=\"elementor-element elementor-element-3125f4f elementor-widget elementor-widget-video\" data-id=\"3125f4f\" data-element_type=\"widget\" data-e-type=\"widget\" data-settings=\"{&quot;youtube_url&quot;:&quot;https:\\\/\\\/www.youtube.com\\\/watch?v=0jbn0zU4ub4&amp;t=91s&quot;,&quot;video_type&quot;:&quot;youtube&quot;,&quot;controls&quot;:&quot;yes&quot;}\" data-widget_type=\"video.default\">\n\t\t\t\t<div class=\"elementor-widget-container\">\n\t\t\t\t\t\t\t<div class=\"elementor-wrapper elementor-open-inline\">\n\t\t\t<div class=\"elementor-video\"><\/div>\t\t<\/div>\n\t\t\t\t\t\t<\/div>\n\t\t\t\t<\/div>\n\t\t\t\t\t<\/div>\n\t\t<\/div>\n\t\t\t\t\t<\/div>\n\t\t<\/section>\n\t\t\t\t<section class=\"elementor-section elementor-top-section elementor-element elementor-element-1db1cac elementor-section-boxed elementor-section-height-default elementor-section-height-default\" data-id=\"1db1cac\" data-element_type=\"section\" data-e-type=\"section\">\n\t\t\t\t\t\t<div class=\"elementor-container elementor-column-gap-default\">\n\t\t\t\t\t<div class=\"elementor-column elementor-col-100 elementor-top-column elementor-element elementor-element-8d95908\" data-id=\"8d95908\" data-element_type=\"column\" data-e-type=\"column\">\n\t\t\t<div class=\"elementor-widget-wrap elementor-element-populated\">\n\t\t\t\t\t\t<div class=\"elementor-element elementor-element-46a455a elementor-button-info elementor-align-center elementor-widget elementor-widget-button\" data-id=\"46a455a\" data-element_type=\"widget\" data-e-type=\"widget\" data-widget_type=\"button.default\">\n\t\t\t\t<div class=\"elementor-widget-container\">\n\t\t\t\t\t\t\t\t\t<div class=\"elementor-button-wrapper\">\n\t\t\t\t\t<a class=\"elementor-button elementor-button-link elementor-size-xs\" href=\"http:\/\/www2.unifap.br\/procri\/posts\/\">\n\t\t\t\t\t\t<span class=\"elementor-button-content-wrapper\">\n\t\t\t\t\t\t<span class=\"elementor-button-icon\">\n\t\t\t\t\t\t\t\t\t<i class=\"fa fa-pagelines\" aria-hidden=\"true\"><\/i>\n\t\t\t\t\t\t\t<\/span>\n\t\t\t\t\t\t\t\t\t<span class=\"elementor-button-text\">Mais not\u00edcias<\/span>\n\t\t\t\t\t<\/span>\n\t\t\t\t\t<\/a>\n\t\t\t\t<\/div>\n\t\t\t\t\t\t\t\t<\/div>\n\t\t\t\t<\/div>\n\t\t\t\t\t<\/div>\n\t\t<\/div>\n\t\t\t\t\t<\/div>\n\t\t<\/section>\n\t\t\t\t<section class=\"elementor-section elementor-top-section elementor-element elementor-element-7d6d735 elementor-section-boxed elementor-section-height-default elementor-section-height-default\" data-id=\"7d6d735\" data-element_type=\"section\" data-e-type=\"section\">\n\t\t\t\t\t\t<div class=\"elementor-container elementor-column-gap-default\">\n\t\t\t\t\t<div class=\"elementor-column elementor-col-50 elementor-top-column elementor-element elementor-element-6922da7\" data-id=\"6922da7\" data-element_type=\"column\" data-e-type=\"column\">\n\t\t\t<div class=\"elementor-widget-wrap elementor-element-populated\">\n\t\t\t\t\t\t<div class=\"elementor-element elementor-element-9fa281a elementor-arrows-position-inside elementor-pagination-position-outside elementor-widget elementor-widget-image-carousel\" data-id=\"9fa281a\" data-element_type=\"widget\" data-e-type=\"widget\" data-settings=\"{&quot;navigation&quot;:&quot;both&quot;,&quot;autoplay&quot;:&quot;yes&quot;,&quot;pause_on_hover&quot;:&quot;yes&quot;,&quot;pause_on_interaction&quot;:&quot;yes&quot;,&quot;autoplay_speed&quot;:5000,&quot;infinite&quot;:&quot;yes&quot;,&quot;speed&quot;:500}\" data-widget_type=\"image-carousel.default\">\n\t\t\t\t<div class=\"elementor-widget-container\">\n\t\t\t\t\t\t\t<div class=\"elementor-image-carousel-wrapper swiper\" role=\"region\" aria-roledescription=\"carousel\" aria-label=\"Carrossel de imagens\" dir=\"ltr\">\n\t\t\t<div class=\"elementor-image-carousel swiper-wrapper\" aria-live=\"off\">\n\t\t\t\t\t\t\t\t<div class=\"swiper-slide\" role=\"group\" aria-roledescription=\"slide\" aria-label=\"1 de 14\"><figure class=\"swiper-slide-inner\"><img decoding=\"async\" class=\"swiper-slide-image\" src=\"https:\/\/www2.unifap.br\/procri\/files\/2021\/11\/IMG_2938-150x150.jpg\" alt=\"IMG_2938\" \/><\/figure><\/div><div class=\"swiper-slide\" role=\"group\" aria-roledescription=\"slide\" aria-label=\"2 de 14\"><figure class=\"swiper-slide-inner\"><img decoding=\"async\" class=\"swiper-slide-image\" src=\"https:\/\/www2.unifap.br\/procri\/files\/2021\/11\/IMG_2909-150x150.jpg\" alt=\"IMG_2909\" \/><\/figure><\/div><div class=\"swiper-slide\" role=\"group\" aria-roledescription=\"slide\" aria-label=\"3 de 14\"><figure class=\"swiper-slide-inner\"><img decoding=\"async\" class=\"swiper-slide-image\" src=\"https:\/\/www2.unifap.br\/procri\/files\/2021\/11\/IMG_2854-150x150.jpg\" alt=\"IMG_2854\" \/><\/figure><\/div><div class=\"swiper-slide\" role=\"group\" aria-roledescription=\"slide\" aria-label=\"4 de 14\"><figure class=\"swiper-slide-inner\"><img decoding=\"async\" class=\"swiper-slide-image\" src=\"https:\/\/www2.unifap.br\/procri\/files\/2021\/11\/IMG_2841-150x150.jpg\" alt=\"IMG_2841\" \/><\/figure><\/div><div class=\"swiper-slide\" role=\"group\" aria-roledescription=\"slide\" aria-label=\"5 de 14\"><figure class=\"swiper-slide-inner\"><img decoding=\"async\" class=\"swiper-slide-image\" src=\"https:\/\/www2.unifap.br\/procri\/files\/2021\/11\/IMG_2810-150x150.jpg\" alt=\"IMG_2810\" \/><\/figure><\/div><div class=\"swiper-slide\" role=\"group\" aria-roledescription=\"slide\" aria-label=\"6 de 14\"><figure class=\"swiper-slide-inner\"><img decoding=\"async\" class=\"swiper-slide-image\" src=\"https:\/\/www2.unifap.br\/procri\/files\/2021\/11\/IMG_3688-150x150.jpg\" alt=\"IMG_3688\" \/><\/figure><\/div><div class=\"swiper-slide\" role=\"group\" aria-roledescription=\"slide\" aria-label=\"7 de 14\"><figure class=\"swiper-slide-inner\"><img decoding=\"async\" class=\"swiper-slide-image\" src=\"https:\/\/www2.unifap.br\/procri\/files\/2021\/11\/IMG_3681-150x150.jpg\" alt=\"IMG_3681\" \/><\/figure><\/div><div class=\"swiper-slide\" role=\"group\" aria-roledescription=\"slide\" aria-label=\"8 de 14\"><figure class=\"swiper-slide-inner\"><img decoding=\"async\" class=\"swiper-slide-image\" src=\"https:\/\/www2.unifap.br\/procri\/files\/2021\/11\/IMG_3639-150x150.jpg\" alt=\"IMG_3639\" \/><\/figure><\/div><div class=\"swiper-slide\" role=\"group\" aria-roledescription=\"slide\" aria-label=\"9 de 14\"><figure class=\"swiper-slide-inner\"><img decoding=\"async\" class=\"swiper-slide-image\" src=\"https:\/\/www2.unifap.br\/procri\/files\/2021\/11\/IMG_5170-150x150.jpg\" alt=\"IMG_5170\" \/><\/figure><\/div><div class=\"swiper-slide\" role=\"group\" aria-roledescription=\"slide\" aria-label=\"10 de 14\"><figure class=\"swiper-slide-inner\"><img decoding=\"async\" class=\"swiper-slide-image\" src=\"https:\/\/www2.unifap.br\/procri\/files\/2021\/11\/IMG_5936-150x150.jpg\" alt=\"IMG_5936\" \/><\/figure><\/div><div class=\"swiper-slide\" role=\"group\" aria-roledescription=\"slide\" aria-label=\"11 de 14\"><figure class=\"swiper-slide-inner\"><img decoding=\"async\" class=\"swiper-slide-image\" src=\"https:\/\/www2.unifap.br\/procri\/files\/2019\/06\/WhatsApp-Image-2019-06-13-at-14.38.13-1-150x150.jpeg\" alt=\"WhatsApp Image 2019-06-13 at 14.38.13 (1)\" \/><\/figure><\/div><div class=\"swiper-slide\" role=\"group\" aria-roledescription=\"slide\" aria-label=\"12 de 14\"><figure class=\"swiper-slide-inner\"><img decoding=\"async\" class=\"swiper-slide-image\" src=\"https:\/\/www2.unifap.br\/procri\/files\/2019\/03\/WhatsApp-Image-2019-03-25-at-11.43.21-150x150.jpeg\" alt=\"WhatsApp Image 2019-03-25 at 11.43.21\" \/><\/figure><\/div><div class=\"swiper-slide\" role=\"group\" aria-roledescription=\"slide\" aria-label=\"13 de 14\"><figure class=\"swiper-slide-inner\"><img decoding=\"async\" class=\"swiper-slide-image\" src=\"https:\/\/www2.unifap.br\/procri\/files\/2019\/01\/50593775_2368988589996414_1216748648520482816_n-150x150.jpg\" alt=\"50593775_2368988589996414_1216748648520482816_n\" \/><\/figure><\/div><div class=\"swiper-slide\" role=\"group\" aria-roledescription=\"slide\" aria-label=\"14 de 14\"><figure class=\"swiper-slide-inner\"><img decoding=\"async\" class=\"swiper-slide-image\" src=\"https:\/\/www2.unifap.br\/procri\/files\/2019\/01\/50078613_2368989043329702_5713106200820711424_n-150x150.jpg\" alt=\"50078613_2368989043329702_5713106200820711424_n\" \/><\/figure><\/div>\t\t\t<\/div>\n\t\t\t\t\t\t\t\t\t\t\t\t<div class=\"elementor-swiper-button elementor-swiper-button-prev\" role=\"button\" tabindex=\"0\">\n\t\t\t\t\t\t<i aria-hidden=\"true\" class=\"eicon-chevron-left\"><\/i>\t\t\t\t\t<\/div>\n\t\t\t\t\t<div class=\"elementor-swiper-button elementor-swiper-button-next\" role=\"button\" tabindex=\"0\">\n\t\t\t\t\t\t<i aria-hidden=\"true\" class=\"eicon-chevron-right\"><\/i>\t\t\t\t\t<\/div>\n\t\t\t\t\n\t\t\t\t\t\t\t\t\t<div class=\"swiper-pagination\"><\/div>\n\t\t\t\t\t\t\t\t\t<\/div>\n\t\t\t\t\t\t<\/div>\n\t\t\t\t<\/div>\n\t\t\t\t\t<\/div>\n\t\t<\/div>\n\t\t\t\t<div class=\"elementor-column elementor-col-50 elementor-top-column elementor-element elementor-element-2757d26\" data-id=\"2757d26\" data-element_type=\"column\" data-e-type=\"column\">\n\t\t\t<div class=\"elementor-widget-wrap elementor-element-populated\">\n\t\t\t\t\t\t<div class=\"elementor-element elementor-element-ccc81d9 elementor-widget elementor-widget-testimonial\" data-id=\"ccc81d9\" data-element_type=\"widget\" data-e-type=\"widget\" data-widget_type=\"testimonial.default\">\n\t\t\t\t<div class=\"elementor-widget-container\">\n\t\t\t\t\t\t\t<div class=\"elementor-testimonial-wrapper\">\n\t\t\t\t\t\t\t<div class=\"elementor-testimonial-content\">Contemplada com uma Ajuda de Custo\npara Mobilidade Internacional de Alunos da Gradua\u00e7\u00e3o, viajou no per\u00edodo de 17 de janeiro a 01 de dezembro de\n2018 com o objetivo de realizar pesquisas sobre o autor guianense L\u00e9on Gotran Damas, em Caiena.<\/div>\n\t\t\t\n\t\t\t\t\t\t<div class=\"elementor-testimonial-meta elementor-has-image elementor-testimonial-image-position-aside\">\n\t\t\t\t<div class=\"elementor-testimonial-meta-inner\">\n\t\t\t\t\t\t\t\t\t\t\t<div class=\"elementor-testimonial-image\">\n\t\t\t\t\t\t\t<img decoding=\"async\" width=\"150\" height=\"150\" src=\"https:\/\/www2.unifap.br\/procri\/files\/2021\/11\/Sem-t\u00edtulo-150x150.jpg\" class=\"attachment-thumbnail size-thumbnail wp-image-5450\" alt=\"\" \/>\t\t\t\t\t\t<\/div>\n\t\t\t\t\t\n\t\t\t\t\t\t\t\t\t\t<div class=\"elementor-testimonial-details\">\n\t\t\t\t\t\t\t\t\t\t\t\t\t\t<div class=\"elementor-testimonial-name\">Lizandra Tavares, 22<\/div>\n\t\t\t\t\t\t\t\t\t\t\t\t\t\t\t\t\t\t\t\t\t\t<div class=\"elementor-testimonial-job\">Estudante de Gradua\u00e7\u00e3o em Letras Portugu\u00eas\/Franc\u00eas do Campus Binacional de Oiapoque da UNIFAP<\/div>\n\t\t\t\t\t\t\t\t\t\t\t\t\t<\/div>\n\t\t\t\t\t\t\t\t\t<\/div>\n\t\t\t<\/div>\n\t\t\t\t\t<\/div>\n\t\t\t\t\t\t<\/div>\n\t\t\t\t<\/div>\n\t\t\t\t\t<\/div>\n\t\t<\/div>\n\t\t\t\t\t<\/div>\n\t\t<\/section>\n\t\t\t\t<section class=\"elementor-section elementor-top-section elementor-element elementor-element-40d9f38 elementor-section-boxed elementor-section-height-default elementor-section-height-default\" data-id=\"40d9f38\" data-element_type=\"section\" data-e-type=\"section\">\n\t\t\t\t\t\t<div class=\"elementor-container elementor-column-gap-default\">\n\t\t\t\t\t<div class=\"elementor-column elementor-col-100 elementor-top-column elementor-element elementor-element-dff7775\" data-id=\"dff7775\" data-element_type=\"column\" data-e-type=\"column\">\n\t\t\t<div class=\"elementor-widget-wrap elementor-element-populated\">\n\t\t\t\t\t\t<div class=\"elementor-element elementor-element-1b98c91 elementor-widget elementor-widget-eael-facebook-feed\" data-id=\"1b98c91\" data-element_type=\"widget\" data-e-type=\"widget\" data-widget_type=\"eael-facebook-feed.default\">\n\t\t\t\t<div class=\"elementor-widget-container\">\n\t\t\t\t\t        <div class=\"eael-facebook-feed eael-col-3 eael-facebook-feed-card eael-facebook-feed-square-image\" id=\"eael-facebook-feed-1b98c91\">\n                    <\/div>\n        <div class=\"clearfix\"><\/div>\n        \t\t\t\t<\/div>\n\t\t\t\t<\/div>\n\t\t\t\t\t<\/div>\n\t\t<\/div>\n\t\t\t\t\t<\/div>\n\t\t<\/section>\n\t\t\t\t<\/div>\n\t\t","protected":false},"excerpt":{"rendered":"<p>Mais not\u00edcias Anterior Pr\u00f3ximo Contemplada com uma Ajuda de Custo para Mobilidade Internacional de Alunos da Gradua\u00e7\u00e3o, viajou no per\u00edodo de 17 de janeiro a 01 de dezembro de 2018 com o objetivo de realizar pesquisas sobre o autor guianense L\u00e9on Gotran Damas, em Caiena. Lizandra Tavares, 22 Estudante de Gradua\u00e7\u00e3o em Letras Portugu\u00eas\/Franc\u00eas do&#8230;<\/p>\n","protected":false},"author":885,"featured_media":0,"parent":0,"menu_order":0,"comment_status":"closed","ping_status":"closed","template":"","meta":{"inline_featured_image":false,"ngg_post_thumbnail":0,"footnotes":""},"class_list":["post-4846","page","type-page","status-publish","hentry","entry"],"_links":{"self":[{"href":"https:\/\/www2.unifap.br\/procri\/wp-json\/wp\/v2\/pages\/4846","targetHints":{"allow":["GET"]}}],"collection":[{"href":"https:\/\/www2.unifap.br\/procri\/wp-json\/wp\/v2\/pages"}],"about":[{"href":"https:\/\/www2.unifap.br\/procri\/wp-json\/wp\/v2\/types\/page"}],"author":[{"embeddable":true,"href":"https:\/\/www2.unifap.br\/procri\/wp-json\/wp\/v2\/users\/885"}],"replies":[{"embeddable":true,"href":"https:\/\/www2.unifap.br\/procri\/wp-json\/wp\/v2\/comments?post=4846"}],"version-history":[{"count":21,"href":"https:\/\/www2.unifap.br\/procri\/wp-json\/wp\/v2\/pages\/4846\/revisions"}],"predecessor-version":[{"id":5599,"href":"https:\/\/www2.unifap.br\/procri\/wp-json\/wp\/v2\/pages\/4846\/revisions\/5599"}],"wp:attachment":[{"href":"https:\/\/www2.unifap.br\/procri\/wp-json\/wp\/v2\/media?parent=4846"}],"curies":[{"name":"wp","href":"https:\/\/api.w.org\/{rel}","templated":true}]}}