{"id":4920,"date":"2019-10-01T18:23:13","date_gmt":"2019-10-01T18:23:13","guid":{"rendered":"http:\/\/www2.unifap.br\/procri\/?page_id=4920"},"modified":"2020-06-24T20:10:32","modified_gmt":"2020-06-24T20:10:32","slug":"edital-08-2019-procri-unifap-bracol","status":"publish","type":"page","link":"https:\/\/www2.unifap.br\/procri\/bolsas-para-pesquisa\/editais-2019\/edital-08-2019-procri-unifap-bracol\/","title":{"rendered":"Edital 08\/2019 -PROCRI\/UNIFAP BRACOL"},"content":{"rendered":"<p><strong>A Pr\u00f3-Reitoria de Coopera\u00e7\u00e3o e Rela\u00e7\u00f5es Interinstitucionais (PROCRI)<\/strong>&nbsp;torna p\u00fablico o presente Edital para sele\u00e7\u00e3o de candidatos ao&nbsp;<strong>Programa de Interc\u00e2mbio de Estudantes Brasil-Col\u00f4mbia (BRACOL) 2020.1<\/strong>, para alunos de gradua\u00e7\u00e3o da UNIFAP, atrav\u00e9s de Conv\u00eanio firmado entre o Grupo Coimbra de Universidades Brasileiras (GCUB), a Associa\u00e7\u00e3o Colombiana de Universidades (ASCUN) e a UNIFAP.<\/p>\n<p><a href=\"http:\/\/www2.unifap.br\/procri\/files\/2019\/10\/EDITAL-08.2019-PROCRI-BRACOL-2020.1-.pdf\">EDITAL 08.2019 PROCRI BRACOL 2020.1<\/a><\/p>\n<p><a href=\"http:\/\/www2.unifap.br\/procri\/files\/2019\/10\/ANEXO-I-Inscri\u00e7\u00e3o.docx\">ANEXO I Inscri\u00e7\u00e3o<\/a><\/p>\n<p><a href=\"http:\/\/www2.unifap.br\/procri\/files\/2019\/10\/ANEXO-II-Planilha-de-Pontua\u00e7\u00e3o.docx\">ANEXO II- Planilha de Pontua\u00e7\u00e3o<\/a><\/p>\n<p><a href=\"http:\/\/www2.unifap.br\/procri\/files\/2019\/10\/ANEXO-III-Formul\u00e1rio-de-Recurso.docx\">ANEXO III &#8211; Formul\u00e1rio de Recurso<\/a><\/p>\n<p><a href=\"http:\/\/www2.unifap.br\/procri\/files\/2019\/10\/ACORDO-BRACOL-VERS\u00c3O-FINAL.pdf\">ACORDO BRACOL &#8211; VERS\u00c3O FINAL<\/a><\/p>\n<p>&nbsp;<\/p>\n<p>22\/10\/19 &#8211; <a href=\"http:\/\/www2.unifap.br\/procri\/files\/2019\/10\/Resultado-Preliminar.pdf\">Resultado Preliminar<\/a><\/p>\n","protected":false},"excerpt":{"rendered":"<p>A Pr\u00f3-Reitoria de Coopera\u00e7\u00e3o e Rela\u00e7\u00f5es Interinstitucionais (PROCRI)&nbsp;torna p\u00fablico o presente Edital para sele\u00e7\u00e3o de candidatos ao&nbsp;Programa de Interc\u00e2mbio de Estudantes Brasil-Col\u00f4mbia (BRACOL) 2020.1, para alunos de gradua\u00e7\u00e3o da UNIFAP, atrav\u00e9s de Conv\u00eanio firmado entre o Grupo Coimbra de Universidades Brasileiras (GCUB), a Associa\u00e7\u00e3o Colombiana de Universidades (ASCUN) e a UNIFAP. EDITAL 08.2019 PROCRI BRACOL&#8230;<\/p>\n","protected":false},"author":622,"featured_media":0,"parent":4427,"menu_order":7,"comment_status":"closed","ping_status":"closed","template":"","meta":{"inline_featured_image":false,"ngg_post_thumbnail":0,"footnotes":""},"class_list":["post-4920","page","type-page","status-publish","hentry","entry"],"_links":{"self":[{"href":"https:\/\/www2.unifap.br\/procri\/wp-json\/wp\/v2\/pages\/4920","targetHints":{"allow":["GET"]}}],"collection":[{"href":"https:\/\/www2.unifap.br\/procri\/wp-json\/wp\/v2\/pages"}],"about":[{"href":"https:\/\/www2.unifap.br\/procri\/wp-json\/wp\/v2\/types\/page"}],"author":[{"embeddable":true,"href":"https:\/\/www2.unifap.br\/procri\/wp-json\/wp\/v2\/users\/622"}],"replies":[{"embeddable":true,"href":"https:\/\/www2.unifap.br\/procri\/wp-json\/wp\/v2\/comments?post=4920"}],"version-history":[{"count":3,"href":"https:\/\/www2.unifap.br\/procri\/wp-json\/wp\/v2\/pages\/4920\/revisions"}],"predecessor-version":[{"id":4944,"href":"https:\/\/www2.unifap.br\/procri\/wp-json\/wp\/v2\/pages\/4920\/revisions\/4944"}],"up":[{"embeddable":true,"href":"https:\/\/www2.unifap.br\/procri\/wp-json\/wp\/v2\/pages\/4427"}],"wp:attachment":[{"href":"https:\/\/www2.unifap.br\/procri\/wp-json\/wp\/v2\/media?parent=4920"}],"curies":[{"name":"wp","href":"https:\/\/api.w.org\/{rel}","templated":true}]}}