{"id":5134,"date":"2020-02-20T17:48:09","date_gmt":"2020-02-20T17:48:09","guid":{"rendered":"http:\/\/www2.unifap.br\/procri\/?page_id=5134"},"modified":"2023-03-27T15:28:18","modified_gmt":"2023-03-27T15:28:18","slug":"programa-amigo-global","status":"publish","type":"page","link":"https:\/\/www2.unifap.br\/procri\/programa-amigo-global\/","title":{"rendered":"Programa Amigo Global"},"content":{"rendered":"<p>O Programa Amigo Global (Global Friend: Buddy Program) \u00e9 uma iniciativa da PROCRI e do Centro Acad\u00eamico de Rela\u00e7\u00f5es Internacionais da UNIFAP que tem como objetivo proporcionar aos<br \/>\nestudantes intercambistas, visitantes internacionais e demais, o aux\u00edlio de um anfitri\u00e3o, volunt\u00e1rio, que atue no suporte, recep\u00e7\u00e3o e acolhimento do aluno internacional facilitando o processo de<br \/>\nintegra\u00e7\u00e3o e adapta\u00e7\u00e3o \u00e0 cultural acad\u00eamica e social da UNIFAP e de nosso pa\u00eds.<\/p>\n<p>&#8211; <strong>Buddy<\/strong>: S\u00e3o estudantes, t\u00e9cnicos e docentes da UNIFAP dispostos a acolher os alunos internacionais da UNIFAP a fim de integr\u00e1-los ao ambiente acad\u00eamico e \u00e0 cidade de Macap\u00e1, auxiliando-os e facilitando a inser\u00e7\u00e3o na comunidade acad\u00eamica.<\/p>\n<p>Inscri\u00e7\u00e3o: <a href=\"https:\/\/forms.gle\/9qKLosT4ysqxiJHS8\">https:\/\/forms.gle\/9qKLosT4ysqxiJHS8<\/a><\/p>\n<p>&#8211; <strong>Anfitri\u00e3o\/host<\/strong>: S\u00e3o estudantes, t\u00e9cnicos e docentes da UNIFAP dispostos a receber em sua casa ou oferecer\/compartilhar uma moradia aos estudantes internacionais da UNIFAP, por um per\u00edodo (m\u00eas, ano) ou temporada. A crit\u00e9rio, do host o compartilhamento da estadia poder\u00e1 ser negociado com o estudante uma contribui\u00e7\u00e3o m\u00ednima com os custos mediante um valor fixado entre o anfitri\u00e3o e o estudante internacional.<\/p>\n<p>Inscri\u00e7\u00e3o:&nbsp;<a href=\"https:\/\/forms.gle\/iPyw6B6xG87MGPSi7\">https:\/\/forms.gle\/iPyw6B6xG87MGPSi7<\/a><\/p>\n<p>&nbsp;<\/p>\n<p>Mais informa\u00e7\u00f5es do programa: <a href=\"http:\/\/www2.unifap.br\/procri\/files\/2023\/03\/projeto-buddy.pdf\">Projeto Buddy (Amigo Global)<\/a><\/p>\n<p>Edital de chamada: <a href=\"http:\/\/www2.unifap.br\/procri\/files\/2022\/10\/CHAMADA-No01-2022-PROCRI-ACOLHIMENTO.asd_.pdf\">N\u00ba01-2022-Programa Amigo Global<\/a><\/p>\n","protected":false},"excerpt":{"rendered":"<p>O Programa Amigo Global (Global Friend: Buddy Program) \u00e9 uma iniciativa da PROCRI e do Centro Acad\u00eamico de Rela\u00e7\u00f5es Internacionais da UNIFAP que tem como objetivo proporcionar aos estudantes intercambistas, visitantes internacionais e demais, o aux\u00edlio de um anfitri\u00e3o, volunt\u00e1rio, que atue no suporte, recep\u00e7\u00e3o e acolhimento do aluno internacional facilitando o processo de integra\u00e7\u00e3o&#8230;<\/p>\n","protected":false},"author":885,"featured_media":0,"parent":0,"menu_order":0,"comment_status":"closed","ping_status":"closed","template":"","meta":{"inline_featured_image":false,"ngg_post_thumbnail":0,"footnotes":""},"class_list":["post-5134","page","type-page","status-publish","hentry","entry"],"_links":{"self":[{"href":"https:\/\/www2.unifap.br\/procri\/wp-json\/wp\/v2\/pages\/5134","targetHints":{"allow":["GET"]}}],"collection":[{"href":"https:\/\/www2.unifap.br\/procri\/wp-json\/wp\/v2\/pages"}],"about":[{"href":"https:\/\/www2.unifap.br\/procri\/wp-json\/wp\/v2\/types\/page"}],"author":[{"embeddable":true,"href":"https:\/\/www2.unifap.br\/procri\/wp-json\/wp\/v2\/users\/885"}],"replies":[{"embeddable":true,"href":"https:\/\/www2.unifap.br\/procri\/wp-json\/wp\/v2\/comments?post=5134"}],"version-history":[{"count":5,"href":"https:\/\/www2.unifap.br\/procri\/wp-json\/wp\/v2\/pages\/5134\/revisions"}],"predecessor-version":[{"id":5758,"href":"https:\/\/www2.unifap.br\/procri\/wp-json\/wp\/v2\/pages\/5134\/revisions\/5758"}],"wp:attachment":[{"href":"https:\/\/www2.unifap.br\/procri\/wp-json\/wp\/v2\/media?parent=5134"}],"curies":[{"name":"wp","href":"https:\/\/api.w.org\/{rel}","templated":true}]}}