{"id":5317,"date":"2021-11-09T14:06:54","date_gmt":"2021-11-09T14:06:54","guid":{"rendered":"http:\/\/www2.unifap.br\/procri\/?page_id=5317"},"modified":"2023-01-20T14:08:03","modified_gmt":"2023-01-20T14:08:03","slug":"acoes-e-programas","status":"publish","type":"page","link":"https:\/\/www2.unifap.br\/procri\/acoes-e-programas\/","title":{"rendered":"A\u00e7\u00f5es e Programas"},"content":{"rendered":"<p><a href=\"https:\/\/www2.unifap.br\/procri\/mobilidade-nacional\/\">Programa de Mobilidade Acad\u00eamica Nacional e Internacional (Interc\u00e2mbio)<\/a><\/p>\n<p><a href=\"https:\/\/www2.unifap.br\/procri\/programasinternacionais\/bracol-programa-de-intercambio-de-estudantes-brasil-colombia\/\">Programa de Interc\u00e2mbio de Estudantes Brasil-Col\u00f4mbia (BRACOL)<\/a><\/p>\n<p><a href=\"https:\/\/www2.unifap.br\/procri\/programa-amigo-global\/\">Programa Amigo Global (Buddy Porgram)<\/a><\/p>\n<p><a href=\"https:\/\/www2.unifap.br\/procri\/programa-ibero-americanas\/\">Programa Ibero-Americanas<\/a><\/p>\n<p><a href=\"https:\/\/www2.unifap.br\/procri\/programa-minicursos-em-outros-idiomas\/\">Programa Minicursos em outros idiomas<\/a><\/p>\n<p><a href=\"https:\/\/www2.unifap.br\/procri\/programa-pec-g\/\">Programa de Estudantes-Conv\u00eanio de Gradua\u00e7\u00e3o (PEC-G)<\/a><\/p>\n<p><a href=\"https:\/\/www2.unifap.br\/procri\/programa-pre-pec-g\/\">Programa Portugu\u00eas como L\u00edngua Estrangeira (PLE)<\/a><\/p>\n<p><a href=\"https:\/\/www2.unifap.br\/procri\/programa-recepcao-de-alunos\/\">Programa Recep\u00e7\u00e3o de Alunos Internacionais<\/a><\/p>\n<p><a href=\"https:\/\/www2.unifap.br\/procri\/programa-paec\/\">Programa de Alian\u00e7as para a Educa\u00e7\u00e3o e a Capacita\u00e7\u00e3o (PAEC)<\/a><\/p>\n<p><a href=\"https:\/\/www2.unifap.br\/procri\/projeto-refra\/\">Rede de Francofonia nas Am\u00e9ricas (REFRA)<\/a><\/p>\n<p>&nbsp;<\/p>\n<p>Inativos:<\/p>\n<p><a href=\"https:\/\/www2.unifap.br\/procri\/programasinternacionais\/programa-top-espana\/\">Programa Top-Espa\u00f1a<\/a><\/p>\n<p><a href=\"https:\/\/www2.unifap.br\/procri\/idiomas-sem-fronteiras\/toefl-itp\/\">TOEFL-ITP<\/a><\/p>\n<p><a href=\"https:\/\/www2.unifap.br\/procri\/idiomas-sem-fronteiras\/\">Programa Idiomas Sem Fronteiras<\/a><\/p>\n<p>Programa Ci\u00eancias Sem Fronteiras<\/p>\n","protected":false},"excerpt":{"rendered":"<p>Programa de Mobilidade Acad\u00eamica Nacional e Internacional (Interc\u00e2mbio) Programa de Interc\u00e2mbio de Estudantes Brasil-Col\u00f4mbia (BRACOL) Programa Amigo Global (Buddy Porgram) Programa Ibero-Americanas Programa Minicursos em outros idiomas Programa de Estudantes-Conv\u00eanio de Gradua\u00e7\u00e3o (PEC-G) Programa Portugu\u00eas como L\u00edngua Estrangeira (PLE) Programa Recep\u00e7\u00e3o de Alunos Internacionais Programa de Alian\u00e7as para a Educa\u00e7\u00e3o e a Capacita\u00e7\u00e3o (PAEC) Rede&#8230;<\/p>\n","protected":false},"author":885,"featured_media":0,"parent":0,"menu_order":0,"comment_status":"closed","ping_status":"closed","template":"","meta":{"inline_featured_image":false,"ngg_post_thumbnail":0,"footnotes":""},"class_list":["post-5317","page","type-page","status-publish","hentry","entry"],"_links":{"self":[{"href":"https:\/\/www2.unifap.br\/procri\/wp-json\/wp\/v2\/pages\/5317","targetHints":{"allow":["GET"]}}],"collection":[{"href":"https:\/\/www2.unifap.br\/procri\/wp-json\/wp\/v2\/pages"}],"about":[{"href":"https:\/\/www2.unifap.br\/procri\/wp-json\/wp\/v2\/types\/page"}],"author":[{"embeddable":true,"href":"https:\/\/www2.unifap.br\/procri\/wp-json\/wp\/v2\/users\/885"}],"replies":[{"embeddable":true,"href":"https:\/\/www2.unifap.br\/procri\/wp-json\/wp\/v2\/comments?post=5317"}],"version-history":[{"count":8,"href":"https:\/\/www2.unifap.br\/procri\/wp-json\/wp\/v2\/pages\/5317\/revisions"}],"predecessor-version":[{"id":5692,"href":"https:\/\/www2.unifap.br\/procri\/wp-json\/wp\/v2\/pages\/5317\/revisions\/5692"}],"wp:attachment":[{"href":"https:\/\/www2.unifap.br\/procri\/wp-json\/wp\/v2\/media?parent=5317"}],"curies":[{"name":"wp","href":"https:\/\/api.w.org\/{rel}","templated":true}]}}