{"id":5325,"date":"2021-11-09T16:08:15","date_gmt":"2021-11-09T16:08:15","guid":{"rendered":"http:\/\/www2.unifap.br\/procri\/?page_id=5325"},"modified":"2021-11-16T15:02:50","modified_gmt":"2021-11-16T15:02:50","slug":"programa-ibero-americanas","status":"publish","type":"page","link":"https:\/\/www2.unifap.br\/procri\/programa-ibero-americanas\/","title":{"rendered":"Programa Ibero-Americanas"},"content":{"rendered":"<p>O programa investe em alunos de universidades de todo o Brasil para vivenciarem uma experi\u00eancia internacional de at\u00e9 um semestre em um dos nove pa\u00edses da Ibero-Am\u00e9rica em que o Santander est\u00e1 presente: Argentina, Col\u00f4mbia, Chile, Espanha, Peru, Porto Rico, Portugal, M\u00e9xico e Uruguai. A bolsa de estudos contempla o equivalente a 3 mil euros para apoiar o aluno nos gastos com o interc\u00e2mbio.<\/p>\n<p>Santander Bolsas Ibero-Americanas (alunos de gradua\u00e7\u00e3o): <a href=\"http:\/\/www2.unifap.br\/procri\/programasinternacionais\/santander-bolsas-ibero-americanas-alunos\/\">http:\/\/www2.unifap.br\/procri\/programasinternacionais\/santander-bolsas-ibero-americanas-alunos\/<\/a><\/p>\n<p>Santander Bolsas Ibero-Americanas (Professores e Jovens Pesquisadores): <a href=\"http:\/\/www2.unifap.br\/procri\/programasinternacionais\/santander-bolsas-ibero-americanas-professores-e-jovens-pesquisadores\/\">http:\/\/www2.unifap.br\/procri\/programasinternacionais\/santander-bolsas-ibero-americanas-professores-e-jovens-pesquisadores\/<\/a><\/p>\n","protected":false},"excerpt":{"rendered":"<p>O programa investe em alunos de universidades de todo o Brasil para vivenciarem uma experi\u00eancia internacional de at\u00e9 um semestre em um dos nove pa\u00edses da Ibero-Am\u00e9rica em que o Santander est\u00e1 presente: Argentina, Col\u00f4mbia, Chile, Espanha, Peru, Porto Rico, Portugal, M\u00e9xico e Uruguai. A bolsa de estudos contempla o equivalente a 3 mil euros&#8230;<\/p>\n","protected":false},"author":885,"featured_media":0,"parent":0,"menu_order":0,"comment_status":"closed","ping_status":"closed","template":"","meta":{"inline_featured_image":false,"ngg_post_thumbnail":0,"footnotes":""},"class_list":["post-5325","page","type-page","status-publish","hentry","entry"],"_links":{"self":[{"href":"https:\/\/www2.unifap.br\/procri\/wp-json\/wp\/v2\/pages\/5325","targetHints":{"allow":["GET"]}}],"collection":[{"href":"https:\/\/www2.unifap.br\/procri\/wp-json\/wp\/v2\/pages"}],"about":[{"href":"https:\/\/www2.unifap.br\/procri\/wp-json\/wp\/v2\/types\/page"}],"author":[{"embeddable":true,"href":"https:\/\/www2.unifap.br\/procri\/wp-json\/wp\/v2\/users\/885"}],"replies":[{"embeddable":true,"href":"https:\/\/www2.unifap.br\/procri\/wp-json\/wp\/v2\/comments?post=5325"}],"version-history":[{"count":3,"href":"https:\/\/www2.unifap.br\/procri\/wp-json\/wp\/v2\/pages\/5325\/revisions"}],"predecessor-version":[{"id":5370,"href":"https:\/\/www2.unifap.br\/procri\/wp-json\/wp\/v2\/pages\/5325\/revisions\/5370"}],"wp:attachment":[{"href":"https:\/\/www2.unifap.br\/procri\/wp-json\/wp\/v2\/media?parent=5325"}],"curies":[{"name":"wp","href":"https:\/\/api.w.org\/{rel}","templated":true}]}}