{"id":5340,"date":"2021-11-09T18:54:09","date_gmt":"2021-11-09T18:54:09","guid":{"rendered":"http:\/\/www2.unifap.br\/procri\/?page_id=5340"},"modified":"2021-11-16T16:52:31","modified_gmt":"2021-11-16T16:52:31","slug":"programa-minicursos-em-outros-idiomas","status":"publish","type":"page","link":"https:\/\/www2.unifap.br\/procri\/programa-minicursos-em-outros-idiomas\/","title":{"rendered":"Programa Minicursos em outros Idiomas"},"content":{"rendered":"<p>O programa \u00e9 uma estrat\u00e9gia institucional chamada de &#8220;Internacionaliza\u00e7\u00e3o em casa&#8221; que visa fortalecer e aproveitar as experi\u00eancias culturais e cient\u00edficas dos acad\u00eamicos, professores e t\u00e9cnicos da UNIFAP, realizando palestras, cursos e minicursos com o intuito de discutir os mais variados assuntos totalmente em outro idioma, estimulando-se o di\u00e1logo em outro idioma e a troca de experi\u00eancias.<\/p>\n<p>Abaixo se destacam alguns cursos oferecidos desde a sua implementa\u00e7\u00e3o em 2o16:<\/p>\n<p>2016<\/p>\n<ul>\n<li>Relax and keep studying tenses<\/li>\n<li>Multidisciplinary approach about Guiana Shield<\/li>\n<li>La Lectura Recombinada de la Simbolog\u00eda Braille en Ciegos:Efecto del espaciado entre las s\u00edlabas<\/li>\n<li>Br\u00e9sil \u2013 Cara\u00efbe \u2013 Afrique: Litt\u00e9rature et R\u00e9alit\u00e9 Sociale<\/li>\n<li>Introduction to Nanomaterials<\/li>\n<li>Studies on terrorism<\/li>\n<\/ul>\n<p>2017<\/p>\n<ul>\n<li>NGUISTIQUE ET CULTURELLE: LE CAS DES D\u00c9PARTEMENTS ET R\u00c9GIONS D\u2019OUTRE-MER FRAN\u00c7AIS (DROM)<\/li>\n<li>CARIBBEAN CULTURE IN POSTCOLONIAL LITERATURE: CYNTHIA MCLEOD AND JAMAICA KINCAID<\/li>\n<li>ROCK &#8216;N&#8217; ROLL THROUGHOUT HISTORY<\/li>\n<li>LE COMMERCE FRONTALIER : COMME UN CONCEPTS DE DEVELOPPEMENT ET DE COOPERATION BINACIONALE<\/li>\n<\/ul>\n<p>2019<\/p>\n<ul>\n<li>LA LANGUE FRAN\u00c7AIS E DANS TOUS SES ETATS!<\/li>\n<li>LE BR\u00c9SIL DE SIMONE DE BEAUVOIR<\/li>\n<li>THEORY AND PRACTICE OF ROLE-PLAYING GAMES<\/li>\n<li>TRADUCTION ET N\u00c9GRITUDE DANS LES PO\u00c8MES DE L\u00c9OPOLD D\u00c9DAR SENGHOR<\/li>\n<\/ul>\n","protected":false},"excerpt":{"rendered":"<p>O programa \u00e9 uma estrat\u00e9gia institucional chamada de &#8220;Internacionaliza\u00e7\u00e3o em casa&#8221; que visa fortalecer e aproveitar as experi\u00eancias culturais e cient\u00edficas dos acad\u00eamicos, professores e t\u00e9cnicos da UNIFAP, realizando palestras, cursos e minicursos com o intuito de discutir os mais variados assuntos totalmente em outro idioma, estimulando-se o di\u00e1logo em outro idioma e a troca&#8230;<\/p>\n","protected":false},"author":885,"featured_media":0,"parent":0,"menu_order":0,"comment_status":"closed","ping_status":"closed","template":"","meta":{"inline_featured_image":false,"ngg_post_thumbnail":0,"footnotes":""},"class_list":["post-5340","page","type-page","status-publish","hentry","entry"],"_links":{"self":[{"href":"https:\/\/www2.unifap.br\/procri\/wp-json\/wp\/v2\/pages\/5340","targetHints":{"allow":["GET"]}}],"collection":[{"href":"https:\/\/www2.unifap.br\/procri\/wp-json\/wp\/v2\/pages"}],"about":[{"href":"https:\/\/www2.unifap.br\/procri\/wp-json\/wp\/v2\/types\/page"}],"author":[{"embeddable":true,"href":"https:\/\/www2.unifap.br\/procri\/wp-json\/wp\/v2\/users\/885"}],"replies":[{"embeddable":true,"href":"https:\/\/www2.unifap.br\/procri\/wp-json\/wp\/v2\/comments?post=5340"}],"version-history":[{"count":4,"href":"https:\/\/www2.unifap.br\/procri\/wp-json\/wp\/v2\/pages\/5340\/revisions"}],"predecessor-version":[{"id":5382,"href":"https:\/\/www2.unifap.br\/procri\/wp-json\/wp\/v2\/pages\/5340\/revisions\/5382"}],"wp:attachment":[{"href":"https:\/\/www2.unifap.br\/procri\/wp-json\/wp\/v2\/media?parent=5340"}],"curies":[{"name":"wp","href":"https:\/\/api.w.org\/{rel}","templated":true}]}}