{"id":5347,"date":"2021-11-11T16:39:04","date_gmt":"2021-11-11T16:39:04","guid":{"rendered":"http:\/\/www2.unifap.br\/procri\/?page_id=5347"},"modified":"2021-11-16T17:14:27","modified_gmt":"2021-11-16T17:14:27","slug":"programa-pec-g","status":"publish","type":"page","link":"https:\/\/www2.unifap.br\/procri\/programa-pec-g\/","title":{"rendered":"Programa PEC-G"},"content":{"rendered":"<p>O Programa de Estudantes-Conv\u00eanio de Gradua\u00e7\u00e3o (PEC-G), foi criado oficialmente em 1965 pelo Protocolo n\u00ba 55.613 e \u00e9 regido, atualmente,&nbsp; pelo&nbsp;<a href=\"http:\/\/www.planalto.gov.br\/CCIVIL_03\/_Ato2011-2014\/2013\/Decreto\/D7948.htm\">Decreto n\u00ba 7.948<\/a>. Esse Programa tem o objetivo de oferecer oportunidade de forma\u00e7\u00e3o superior em Institui\u00e7\u00f5es Brasileiras (IES) a estudantes de pa\u00edses em desenvolvimento, com os quais o Brasil mant\u00e9m acordo educacional, cultural ou cient\u00edfico-tecnol\u00f3gico.<\/p>\n<p>O PEC-G \u00e9 administrado pelo&nbsp;<a href=\"http:\/\/www.itamaraty.gov.br\/pt-BR\/\" target=\"_blank\" rel=\"noopener noreferrer\">Minist\u00e9rio das Rela\u00e7\u00f5es Exteriores<\/a>, por meio da&nbsp;<a href=\"http:\/\/www.dce.mre.gov.br\/\" target=\"_blank\" rel=\"noopener noreferrer\">Divis\u00e3o de Temas Educacionais (DCE),<\/a>&nbsp;e pelo&nbsp;<a href=\"https:\/\/www.mec.gov.br\/\" target=\"_blank\" rel=\"noopener noreferrer\">Minist\u00e9rio da Educa\u00e7\u00e3o<\/a>, em parceria com Institui\u00e7\u00f5es de Ensino Superior em todo o pa\u00eds.<\/p>\n<h4>&nbsp;<\/h4>\n<h4><strong>Breve hist\u00f3rico<\/strong><\/h4>\n<p>A ideia da cria\u00e7\u00e3o de um Programa de Governo para amparar estudantes de outros pa\u00edses adveio do incremento do n\u00famero de estrangeiros no Brasil, na d\u00e9cada de 1960, e das consequ\u00eancias que este fato trouxe para a regulamenta\u00e7\u00e3o interna do status desses estudantes no Brasil. Havia necessidade de unificar as condi\u00e7\u00f5es do interc\u00e2mbio estudantil e de garantir tratamento semelhante aos estudantes por parte das universidades. Dessa forma, em 1965 foi lan\u00e7ado o primeiro Protocolo do PEC-G.<\/p>\n<p>Adapta\u00e7\u00f5es e necessidade de maior for\u00e7a jur\u00eddica ao regulamento do PEC-G fez com que, em 2013, fosse aprovado o&nbsp;<a href=\"http:\/\/www.planalto.gov.br\/CCIVIL_03\/_Ato2011-2014\/2013\/Decreto\/D7948.htm\">Decreto Presidencial n. 7.948<\/a>&nbsp;para reger o Programa.<\/p>\n<p>A UNIFAP adere ao programa desde 2016 j\u00e1 recebou alunos de Cabo Verde, Benin e Guin\u00e9 para os cursos de Medicina e Rela\u00e7\u00f5es Internacionais.<\/p>\n<h4>&nbsp;<\/h4>\n<h4><strong>Oferecimento de Vagas<\/strong><\/h4>\n<p>As vagas s\u00e3o oferecidas pelas unidades de cada&nbsp;<strong>IES<\/strong>&nbsp;de acordo com suas possibilidades e desejo de acolhimento desse Programa.<\/p>\n<p>N\u00e3o h\u00e1 limite de oferecimento. Contudo, desde que a vaga seja oferecida, a aceita\u00e7\u00e3o do aluno selecionado \u00e9 efetiva, n\u00e3o podendo haver nenhuma tipo de prova pr\u00e1tica, espec\u00edfica ou outra exig\u00eancia para acesso.<\/p>\n<p>&nbsp;<\/p>\n","protected":false},"excerpt":{"rendered":"<p>O Programa de Estudantes-Conv\u00eanio de Gradua\u00e7\u00e3o (PEC-G), foi criado oficialmente em 1965 pelo Protocolo n\u00ba 55.613 e \u00e9 regido, atualmente,&nbsp; pelo&nbsp;Decreto n\u00ba 7.948. Esse Programa tem o objetivo de oferecer oportunidade de forma\u00e7\u00e3o superior em Institui\u00e7\u00f5es Brasileiras (IES) a estudantes de pa\u00edses em desenvolvimento, com os quais o Brasil mant\u00e9m acordo educacional, cultural ou cient\u00edfico-tecnol\u00f3gico&#8230;.<\/p>\n","protected":false},"author":885,"featured_media":0,"parent":0,"menu_order":0,"comment_status":"closed","ping_status":"closed","template":"","meta":{"inline_featured_image":false,"ngg_post_thumbnail":0,"footnotes":""},"class_list":["post-5347","page","type-page","status-publish","hentry","entry"],"_links":{"self":[{"href":"https:\/\/www2.unifap.br\/procri\/wp-json\/wp\/v2\/pages\/5347","targetHints":{"allow":["GET"]}}],"collection":[{"href":"https:\/\/www2.unifap.br\/procri\/wp-json\/wp\/v2\/pages"}],"about":[{"href":"https:\/\/www2.unifap.br\/procri\/wp-json\/wp\/v2\/types\/page"}],"author":[{"embeddable":true,"href":"https:\/\/www2.unifap.br\/procri\/wp-json\/wp\/v2\/users\/885"}],"replies":[{"embeddable":true,"href":"https:\/\/www2.unifap.br\/procri\/wp-json\/wp\/v2\/comments?post=5347"}],"version-history":[{"count":4,"href":"https:\/\/www2.unifap.br\/procri\/wp-json\/wp\/v2\/pages\/5347\/revisions"}],"predecessor-version":[{"id":5389,"href":"https:\/\/www2.unifap.br\/procri\/wp-json\/wp\/v2\/pages\/5347\/revisions\/5389"}],"wp:attachment":[{"href":"https:\/\/www2.unifap.br\/procri\/wp-json\/wp\/v2\/media?parent=5347"}],"curies":[{"name":"wp","href":"https:\/\/api.w.org\/{rel}","templated":true}]}}