{"id":5348,"date":"2021-11-11T16:39:04","date_gmt":"2021-11-11T16:39:04","guid":{"rendered":"http:\/\/www2.unifap.br\/procri\/?page_id=5348"},"modified":"2021-11-16T17:38:43","modified_gmt":"2021-11-16T17:38:43","slug":"programa-recepcao-de-alunos","status":"publish","type":"page","link":"https:\/\/www2.unifap.br\/procri\/programa-recepcao-de-alunos\/","title":{"rendered":"Programa Recep\u00e7\u00e3o de alunos"},"content":{"rendered":"<p>O programa visa d\u00e1 as boas-vindas aos estudantes internacionais oriundos dos diversos programas que a UNIFAP faz parte, como tamb\u00e9m, estudantes que n\u00e3o est\u00e3o vinculados ao nenhum programa de mobilidade IN, visando apresentar as instala\u00e7\u00f5es da UNIFAP, os campis, passeio tur\u00edstico em Macap\u00e1-AP e conversas.<\/p>\n<p><a href=\"http:\/\/www2.unifap.br\/procri\/files\/2021\/11\/48787730106_96e4286e74_o-scaled.jpg\"><img fetchpriority=\"high\" decoding=\"async\" class=\"wp-image-5395 aligncenter\" src=\"http:\/\/www2.unifap.br\/procri\/files\/2021\/11\/48787730106_96e4286e74_o-300x200.jpg\" alt=\"\" width=\"358\" height=\"238\" srcset=\"https:\/\/www2.unifap.br\/procri\/files\/2021\/11\/48787730106_96e4286e74_o-300x200.jpg 300w, https:\/\/www2.unifap.br\/procri\/files\/2021\/11\/48787730106_96e4286e74_o-1024x683.jpg 1024w, https:\/\/www2.unifap.br\/procri\/files\/2021\/11\/48787730106_96e4286e74_o-768x512.jpg 768w, https:\/\/www2.unifap.br\/procri\/files\/2021\/11\/48787730106_96e4286e74_o-1536x1024.jpg 1536w, https:\/\/www2.unifap.br\/procri\/files\/2021\/11\/48787730106_96e4286e74_o-2048x1365.jpg 2048w\" sizes=\"(max-width: 358px) 100vw, 358px\" \/><\/a><\/p>\n<p>&nbsp;<\/p>\n","protected":false},"excerpt":{"rendered":"<p>O programa visa d\u00e1 as boas-vindas aos estudantes internacionais oriundos dos diversos programas que a UNIFAP faz parte, como tamb\u00e9m, estudantes que n\u00e3o est\u00e3o vinculados ao nenhum programa de mobilidade IN, visando apresentar as instala\u00e7\u00f5es da UNIFAP, os campis, passeio tur\u00edstico em Macap\u00e1-AP e conversas. &nbsp;<\/p>\n","protected":false},"author":885,"featured_media":0,"parent":0,"menu_order":0,"comment_status":"closed","ping_status":"closed","template":"","meta":{"inline_featured_image":false,"ngg_post_thumbnail":0,"footnotes":""},"class_list":["post-5348","page","type-page","status-publish","hentry","entry"],"_links":{"self":[{"href":"https:\/\/www2.unifap.br\/procri\/wp-json\/wp\/v2\/pages\/5348","targetHints":{"allow":["GET"]}}],"collection":[{"href":"https:\/\/www2.unifap.br\/procri\/wp-json\/wp\/v2\/pages"}],"about":[{"href":"https:\/\/www2.unifap.br\/procri\/wp-json\/wp\/v2\/types\/page"}],"author":[{"embeddable":true,"href":"https:\/\/www2.unifap.br\/procri\/wp-json\/wp\/v2\/users\/885"}],"replies":[{"embeddable":true,"href":"https:\/\/www2.unifap.br\/procri\/wp-json\/wp\/v2\/comments?post=5348"}],"version-history":[{"count":3,"href":"https:\/\/www2.unifap.br\/procri\/wp-json\/wp\/v2\/pages\/5348\/revisions"}],"predecessor-version":[{"id":5396,"href":"https:\/\/www2.unifap.br\/procri\/wp-json\/wp\/v2\/pages\/5348\/revisions\/5396"}],"wp:attachment":[{"href":"https:\/\/www2.unifap.br\/procri\/wp-json\/wp\/v2\/media?parent=5348"}],"curies":[{"name":"wp","href":"https:\/\/api.w.org\/{rel}","templated":true}]}}