{"id":5349,"date":"2021-11-11T16:39:04","date_gmt":"2021-11-11T16:39:04","guid":{"rendered":"http:\/\/www2.unifap.br\/procri\/?page_id=5349"},"modified":"2021-11-16T18:04:54","modified_gmt":"2021-11-16T18:04:54","slug":"programa-paec","status":"publish","type":"page","link":"https:\/\/www2.unifap.br\/procri\/programa-paec\/","title":{"rendered":"Programa PAEC"},"content":{"rendered":"<p>O Programa de Alian\u00e7as para a Educa\u00e7\u00e3o e a Capacita\u00e7\u00e3o (Bolsas Brasil &#8211; PAEC OEA-GCUB) \u00e9 resultado da coopera\u00e7\u00e3o entre a Organiza\u00e7\u00e3o dos Estados Americanos (OEA), a Organiza\u00e7\u00e3o Pan-Americana da Sa\u00fade (OPAS\/OMS) e o Grupo Coimbra de Universidades Brasileiras (GCUB), com apoio da Divis\u00e3o de Temas Educacionais do Minist\u00e9rio das Rela\u00e7\u00f5es Exteriores do Brasil (DCE\/MRE).<\/p>\n<p>Lan\u00e7ado em 2011, o Programa constitui uma das mais importantes iniciativas de coopera\u00e7\u00e3o regional no \u00e2mbito educacional para o desenvolvimento da Am\u00e9rica Latina e do Caribe e tem como principal objetivo contribuir para a integra\u00e7\u00e3o e o fortalecimento regional das Am\u00e9ricas, por meio da concess\u00e3o de bolsas de estudos integrais para cursos de p\u00f3s-gradua\u00e7\u00e3o stricto sensu (Mestrado e Doutorado), oferecidas pelas Universidades Brasileiras associadas ao GCUB a estudantes oriundos dos 34 pa\u00edses-membros da OEA, exceto o Brasil.<\/p>\n<p>S\u00e3o selecionados estudantes de alto n\u00edvel acad\u00eamico, com trajet\u00f3ria de lideran\u00e7a e com elevado potencial de impacto em seus pa\u00edses de origem. Esses profissionais vivenciam o interc\u00e2mbio cient\u00edfico e cultural, por meio da mobilidade acad\u00eamica, e retornam aos seus pa\u00edses de origem com a miss\u00e3o de contribuir para o desenvolvimento socioecon\u00f4mico da sociedade em que est\u00e3o inseridos.<\/p>\n<h4><strong>Quais s\u00e3o os benef\u00edcios do&nbsp;<\/strong><strong>PAEC &#8211; OEA &#8211; GCUB&nbsp;<\/strong><\/h4>\n<ul>\n<li>Isen\u00e7\u00e3o de taxas de matr\u00edcula;<\/li>\n<li>Bolsas de estudos de Mestrado mensal com dura\u00e7\u00e3o de at\u00e9 24 meses; ou<\/li>\n<li>Bolsas de estudos de Doutorado mensal com dura\u00e7\u00e3o de at\u00e9 48 meses;<\/li>\n<li>Aporte \u00fanico de US$ 1.200,00 para gastos com instala\u00e7\u00e3o quando o outorgado se apresentar na Universidade de destino para os 150 primeiros candidatos;<\/li>\n<li>Acesso gratuito ao estudo da L\u00edngua Portuguesa.<\/li>\n<\/ul>\n<p>A UNIFAP adere ao programa desde 2016 e j\u00e1 recebeu mais de 20 alunos de diversos pa\u00edses.<\/p>\n<h4><strong>Mais Informa\u00e7\u00f5es<\/strong><\/h4>\n<p><a href=\"http:\/\/www.oas.org\/es\/becas\/brasil.asp\">http:\/\/www.oas.org\/es\/becas\/brasil.asp<\/a><\/p>\n","protected":false},"excerpt":{"rendered":"<p>O Programa de Alian\u00e7as para a Educa\u00e7\u00e3o e a Capacita\u00e7\u00e3o (Bolsas Brasil &#8211; PAEC OEA-GCUB) \u00e9 resultado da coopera\u00e7\u00e3o entre a Organiza\u00e7\u00e3o dos Estados Americanos (OEA), a Organiza\u00e7\u00e3o Pan-Americana da Sa\u00fade (OPAS\/OMS) e o Grupo Coimbra de Universidades Brasileiras (GCUB), com apoio da Divis\u00e3o de Temas Educacionais do Minist\u00e9rio das Rela\u00e7\u00f5es Exteriores do Brasil (DCE\/MRE)&#8230;.<\/p>\n","protected":false},"author":885,"featured_media":0,"parent":0,"menu_order":0,"comment_status":"closed","ping_status":"closed","template":"","meta":{"inline_featured_image":false,"ngg_post_thumbnail":0,"footnotes":""},"class_list":["post-5349","page","type-page","status-publish","hentry","entry"],"_links":{"self":[{"href":"https:\/\/www2.unifap.br\/procri\/wp-json\/wp\/v2\/pages\/5349","targetHints":{"allow":["GET"]}}],"collection":[{"href":"https:\/\/www2.unifap.br\/procri\/wp-json\/wp\/v2\/pages"}],"about":[{"href":"https:\/\/www2.unifap.br\/procri\/wp-json\/wp\/v2\/types\/page"}],"author":[{"embeddable":true,"href":"https:\/\/www2.unifap.br\/procri\/wp-json\/wp\/v2\/users\/885"}],"replies":[{"embeddable":true,"href":"https:\/\/www2.unifap.br\/procri\/wp-json\/wp\/v2\/comments?post=5349"}],"version-history":[{"count":4,"href":"https:\/\/www2.unifap.br\/procri\/wp-json\/wp\/v2\/pages\/5349\/revisions"}],"predecessor-version":[{"id":5399,"href":"https:\/\/www2.unifap.br\/procri\/wp-json\/wp\/v2\/pages\/5349\/revisions\/5399"}],"wp:attachment":[{"href":"https:\/\/www2.unifap.br\/procri\/wp-json\/wp\/v2\/media?parent=5349"}],"curies":[{"name":"wp","href":"https:\/\/api.w.org\/{rel}","templated":true}]}}