{"id":5350,"date":"2021-11-11T16:39:04","date_gmt":"2021-11-11T16:39:04","guid":{"rendered":"http:\/\/www2.unifap.br\/procri\/?page_id=5350"},"modified":"2021-11-16T18:16:41","modified_gmt":"2021-11-16T18:16:41","slug":"projeto-refra","status":"publish","type":"page","link":"https:\/\/www2.unifap.br\/procri\/projeto-refra\/","title":{"rendered":"Projeto REFRA"},"content":{"rendered":"<p><a href=\"http:\/\/www2.unifap.br\/procri\/files\/2021\/11\/banner-home-grande-1024x298-1024x298-1.jpg\"><img decoding=\"async\" class=\"wp-image-5402 aligncenter\" src=\"http:\/\/www2.unifap.br\/procri\/files\/2021\/11\/banner-home-grande-1024x298-1024x298-1-300x87.jpg\" alt=\"\" width=\"403\" height=\"117\" srcset=\"https:\/\/www2.unifap.br\/procri\/files\/2021\/11\/banner-home-grande-1024x298-1024x298-1-300x87.jpg 300w, https:\/\/www2.unifap.br\/procri\/files\/2021\/11\/banner-home-grande-1024x298-1024x298-1-768x224.jpg 768w, https:\/\/www2.unifap.br\/procri\/files\/2021\/11\/banner-home-grande-1024x298-1024x298-1.jpg 1024w\" sizes=\"(max-width: 403px) 100vw, 403px\" \/><\/a><\/p>\n<p>A Rede de Francofonia nas Am\u00e9ricas (REFRA) da UNIFAP re\u00fane as institui\u00e7\u00f5es membros da <em>Agence Universitaire de la Francophonie Aux Am\u00e9riques<\/em> (AUF), com objetivo de promover uma rede integrada de interc\u00e2mbio acad\u00eamico, cultural e cient\u00edfico. Al\u00e9m disso, a parceria busca proporcionar a difus\u00e3o de expertises e iniciativas empreendedoras entre discentes, t\u00e9cnicos, docentes e pesquisadores, no mundo da francofonia.&nbsp;<\/p>\n<ul>\n<li>Inaugura\u00e7\u00e3o do \u201cEspa\u00e7o Franc\u00f3fono Digital\u201d na UNIFAP<\/li>\n<li>Data: quinta-feira, 22\/08\/2019<\/li>\n<li>Local: Sal\u00e3o Hall do Centro Integrado de Pesquisa e P\u00f3s-Gradua\u00e7\u00e3o (CIPP), no Bloco Aranha<\/li>\n<\/ul>\n<div dir=\"auto\">&nbsp;<\/div>\n","protected":false},"excerpt":{"rendered":"<p>A Rede de Francofonia nas Am\u00e9ricas (REFRA) da UNIFAP re\u00fane as institui\u00e7\u00f5es membros da Agence Universitaire de la Francophonie Aux Am\u00e9riques (AUF), com objetivo de promover uma rede integrada de interc\u00e2mbio acad\u00eamico, cultural e cient\u00edfico. Al\u00e9m disso, a parceria busca proporcionar a difus\u00e3o de expertises e iniciativas empreendedoras entre discentes, t\u00e9cnicos, docentes e pesquisadores, no&#8230;<\/p>\n","protected":false},"author":885,"featured_media":0,"parent":0,"menu_order":0,"comment_status":"closed","ping_status":"closed","template":"","meta":{"inline_featured_image":false,"ngg_post_thumbnail":0,"footnotes":""},"class_list":["post-5350","page","type-page","status-publish","hentry","entry"],"_links":{"self":[{"href":"https:\/\/www2.unifap.br\/procri\/wp-json\/wp\/v2\/pages\/5350","targetHints":{"allow":["GET"]}}],"collection":[{"href":"https:\/\/www2.unifap.br\/procri\/wp-json\/wp\/v2\/pages"}],"about":[{"href":"https:\/\/www2.unifap.br\/procri\/wp-json\/wp\/v2\/types\/page"}],"author":[{"embeddable":true,"href":"https:\/\/www2.unifap.br\/procri\/wp-json\/wp\/v2\/users\/885"}],"replies":[{"embeddable":true,"href":"https:\/\/www2.unifap.br\/procri\/wp-json\/wp\/v2\/comments?post=5350"}],"version-history":[{"count":4,"href":"https:\/\/www2.unifap.br\/procri\/wp-json\/wp\/v2\/pages\/5350\/revisions"}],"predecessor-version":[{"id":5403,"href":"https:\/\/www2.unifap.br\/procri\/wp-json\/wp\/v2\/pages\/5350\/revisions\/5403"}],"wp:attachment":[{"href":"https:\/\/www2.unifap.br\/procri\/wp-json\/wp\/v2\/media?parent=5350"}],"curies":[{"name":"wp","href":"https:\/\/api.w.org\/{rel}","templated":true}]}}