{"id":5385,"date":"2021-11-16T17:13:07","date_gmt":"2021-11-16T17:13:07","guid":{"rendered":"http:\/\/www2.unifap.br\/procri\/?page_id=5385"},"modified":"2021-11-16T17:28:24","modified_gmt":"2021-11-16T17:28:24","slug":"programa-pre-pec-g","status":"publish","type":"page","link":"https:\/\/www2.unifap.br\/procri\/programa-pre-pec-g\/","title":{"rendered":"Programa Pr\u00e9 PEC-G"},"content":{"rendered":"<p><strong>Pr\u00e9-PEC G \u2013 Portugu\u00eas como L\u00edngua Estrangeira (PLE)<\/strong><\/p>\n<p>Curso de introdu\u00e7\u00e3o \u00e0 l\u00edngua portuguesa ofertado para os participantes do Programa Estudante Conv\u00eanio de Gradua\u00e7\u00e3o (PEC-G) com o objetivo de desenvolver a compet\u00eancia lingu\u00edstica, interacional e simb\u00f3lica dos estudantes nessa l\u00edngua, colaborando para a sua inser\u00e7\u00e3o e participa\u00e7\u00e3o cr\u00edtica e cidad\u00e3 no ambiente acad\u00eamico e social do entorno.<\/p>\n<p>Para a completa aprova\u00e7\u00e3o dos alunos no PEC-G \u00e9 necess\u00e1rio que os mesmos realizem o exame Celpe-Bras \u2013 Certificado de Profici\u00eancia em L\u00edngua Portuguesa para Estrangeiros, pr\u00e9-requisito para sua matr\u00edcula nos cursos de gradua\u00e7\u00e3o, por isso a denomina\u00e7\u00e3o &#8220;Pr\u00e9 PEC-G&#8221;.<\/p>\n<p>A UNIFAP desde 2016 faz parte do programa que j\u00e1 recebeu mais de 50 alunos de diversos pa\u00edses.<\/p>\n<p>A PROCRI promove diversas atividades, cujo objetivo principal \u00e9 dar suporte e propiciar a integra\u00e7\u00e3o desses estudantes, levando em considera\u00e7\u00e3o suas peculiaridades e necessidades espec\u00edficas. Essa aten\u00e7\u00e3o especial tem como fundamento a urg\u00eancia que caracteriza a prepara\u00e7\u00e3o para o exame Celpe-Bras, visando o bom aproveitamento do curso e, consequentemente, um bom desempenho no exame de profici\u00eancia.<\/p>\n","protected":false},"excerpt":{"rendered":"<p>Pr\u00e9-PEC G \u2013 Portugu\u00eas como L\u00edngua Estrangeira (PLE) Curso de introdu\u00e7\u00e3o \u00e0 l\u00edngua portuguesa ofertado para os participantes do Programa Estudante Conv\u00eanio de Gradua\u00e7\u00e3o (PEC-G) com o objetivo de desenvolver a compet\u00eancia lingu\u00edstica, interacional e simb\u00f3lica dos estudantes nessa l\u00edngua, colaborando para a sua inser\u00e7\u00e3o e participa\u00e7\u00e3o cr\u00edtica e cidad\u00e3 no ambiente acad\u00eamico e social&#8230;<\/p>\n","protected":false},"author":885,"featured_media":0,"parent":0,"menu_order":0,"comment_status":"closed","ping_status":"closed","template":"","meta":{"inline_featured_image":false,"ngg_post_thumbnail":0,"footnotes":""},"class_list":["post-5385","page","type-page","status-publish","hentry","entry"],"_links":{"self":[{"href":"https:\/\/www2.unifap.br\/procri\/wp-json\/wp\/v2\/pages\/5385","targetHints":{"allow":["GET"]}}],"collection":[{"href":"https:\/\/www2.unifap.br\/procri\/wp-json\/wp\/v2\/pages"}],"about":[{"href":"https:\/\/www2.unifap.br\/procri\/wp-json\/wp\/v2\/types\/page"}],"author":[{"embeddable":true,"href":"https:\/\/www2.unifap.br\/procri\/wp-json\/wp\/v2\/users\/885"}],"replies":[{"embeddable":true,"href":"https:\/\/www2.unifap.br\/procri\/wp-json\/wp\/v2\/comments?post=5385"}],"version-history":[{"count":5,"href":"https:\/\/www2.unifap.br\/procri\/wp-json\/wp\/v2\/pages\/5385\/revisions"}],"predecessor-version":[{"id":5393,"href":"https:\/\/www2.unifap.br\/procri\/wp-json\/wp\/v2\/pages\/5385\/revisions\/5393"}],"wp:attachment":[{"href":"https:\/\/www2.unifap.br\/procri\/wp-json\/wp\/v2\/media?parent=5385"}],"curies":[{"name":"wp","href":"https:\/\/api.w.org\/{rel}","templated":true}]}}