{"id":5958,"date":"2024-07-30T12:55:05","date_gmt":"2024-07-30T12:55:05","guid":{"rendered":"https:\/\/www2.unifap.br\/procri\/?page_id=5958"},"modified":"2024-07-30T12:55:05","modified_gmt":"2024-07-30T12:55:05","slug":"acordos-de-cooperacoes-ativos-nacional-e-internacional","status":"publish","type":"page","link":"https:\/\/www2.unifap.br\/procri\/acordos-de-cooperacoes-ativos-nacional-e-internacional\/","title":{"rendered":"Acordos de coopera\u00e7\u00f5es Ativos (Nacional e Internacional)"},"content":{"rendered":"<p>Acordos de coopera\u00e7\u00f5es Ativos (Nacional e Internacional)<\/p>\n<p>Todos os acordos firmados est\u00e3o elencados no link: <a href=\"https:\/\/docs.google.com\/spreadsheets\/d\/1I6wFJ9rq26k5MFMACZCWl1UwrdRH8WKN9-EtLiknAv4\/edit?usp=sharing\">https:\/\/docs.google.com\/spreadsheets\/d\/1I6wFJ9rq26k5MFMACZCWl1UwrdRH8WKN9-EtLiknAv4\/edit?usp=sharing<\/a><\/p>\n","protected":false},"excerpt":{"rendered":"<p>Acordos de coopera\u00e7\u00f5es Ativos (Nacional e Internacional) Todos os acordos firmados est\u00e3o elencados no link: https:\/\/docs.google.com\/spreadsheets\/d\/1I6wFJ9rq26k5MFMACZCWl1UwrdRH8WKN9-EtLiknAv4\/edit?usp=sharing<\/p>\n","protected":false},"author":885,"featured_media":0,"parent":0,"menu_order":0,"comment_status":"closed","ping_status":"closed","template":"","meta":{"inline_featured_image":false,"ngg_post_thumbnail":0,"footnotes":""},"class_list":["post-5958","page","type-page","status-publish","hentry","entry"],"_links":{"self":[{"href":"https:\/\/www2.unifap.br\/procri\/wp-json\/wp\/v2\/pages\/5958","targetHints":{"allow":["GET"]}}],"collection":[{"href":"https:\/\/www2.unifap.br\/procri\/wp-json\/wp\/v2\/pages"}],"about":[{"href":"https:\/\/www2.unifap.br\/procri\/wp-json\/wp\/v2\/types\/page"}],"author":[{"embeddable":true,"href":"https:\/\/www2.unifap.br\/procri\/wp-json\/wp\/v2\/users\/885"}],"replies":[{"embeddable":true,"href":"https:\/\/www2.unifap.br\/procri\/wp-json\/wp\/v2\/comments?post=5958"}],"version-history":[{"count":1,"href":"https:\/\/www2.unifap.br\/procri\/wp-json\/wp\/v2\/pages\/5958\/revisions"}],"predecessor-version":[{"id":5959,"href":"https:\/\/www2.unifap.br\/procri\/wp-json\/wp\/v2\/pages\/5958\/revisions\/5959"}],"wp:attachment":[{"href":"https:\/\/www2.unifap.br\/procri\/wp-json\/wp\/v2\/media?parent=5958"}],"curies":[{"name":"wp","href":"https:\/\/api.w.org\/{rel}","templated":true}]}}