{"id":2764,"date":"2017-03-16T10:38:31","date_gmt":"2017-03-16T13:38:31","guid":{"rendered":"http:\/\/www2.unifap.br\/proeac\/?page_id=2764"},"modified":"2017-03-16T10:58:21","modified_gmt":"2017-03-16T13:58:21","slug":"planejamento-estrategico-2","status":"publish","type":"page","link":"https:\/\/www2.unifap.br\/proeac\/proeac\/planejamentos-e-resultados\/planejamento-estrategico-2\/","title":{"rendered":"Planejamento Estrat\u00e9gico"},"content":{"rendered":"<p>O Planejamento Estrat\u00e9gico da Pro-reitoria de extens\u00e3o e a\u00e7\u00f5es comunit\u00e1ria &#8211; PROEAC, pode ser definido como um processo\u00a0desenvolvido para o alcance de um resultado futuro desejado, de um\u00a0modo mais eficiente, eficaz e efetivo, com a melhor concentra\u00e7\u00e3o de\u00a0esfor\u00e7os e recursos e em conson\u00e2ncia com Plano de Desenvolvimento Institucional &#8211; PDI da Universidade Federal do Amap\u00e1. Sendo assim a PROEAC criou seu pr\u00f3prio planejamento estrat\u00e9gico consolidando seu mapa estrat\u00e9gico, miss\u00e3o, vis\u00e3o e valores.<\/p>\n<p><a href=\"http:\/\/www2.unifap.br\/proeac\/files\/2017\/03\/Mapa-Estrat\u00e9gico-da-PROEAC.png\"><img fetchpriority=\"high\" decoding=\"async\" class=\"size-medium wp-image-2748 aligncenter\" alt=\"Mapa Estrat\u00e9gico da PROEAC\" src=\"http:\/\/www2.unifap.br\/proeac\/files\/2017\/03\/Mapa-Estrat\u00e9gico-da-PROEAC-300x169.png\" width=\"300\" height=\"169\" srcset=\"https:\/\/www2.unifap.br\/proeac\/files\/2017\/03\/Mapa-Estrat\u00e9gico-da-PROEAC-300x169.png 300w, https:\/\/www2.unifap.br\/proeac\/files\/2017\/03\/Mapa-Estrat\u00e9gico-da-PROEAC-1024x579.png 1024w, https:\/\/www2.unifap.br\/proeac\/files\/2017\/03\/Mapa-Estrat\u00e9gico-da-PROEAC.png 2002w\" sizes=\"(max-width: 300px) 100vw, 300px\" \/><\/a><\/p>\n<p style=\"text-align: center\">Mapa Estrat\u00e9gico da PROEAC<\/p>\n<p>&nbsp;<\/p>\n<p><a href=\"http:\/\/www2.unifap.br\/proeac\/files\/2017\/03\/miss\u00e3o-vis\u00e3o-valores.png\"><img decoding=\"async\" class=\"size-medium wp-image-2765 aligncenter\" alt=\"miss\u00e3o, vis\u00e3o, valores\" src=\"http:\/\/www2.unifap.br\/proeac\/files\/2017\/03\/miss\u00e3o-vis\u00e3o-valores-300x195.png\" width=\"300\" height=\"195\" srcset=\"https:\/\/www2.unifap.br\/proeac\/files\/2017\/03\/miss\u00e3o-vis\u00e3o-valores-300x195.png 300w, https:\/\/www2.unifap.br\/proeac\/files\/2017\/03\/miss\u00e3o-vis\u00e3o-valores-1024x666.png 1024w, https:\/\/www2.unifap.br\/proeac\/files\/2017\/03\/miss\u00e3o-vis\u00e3o-valores.png 1619w\" sizes=\"(max-width: 300px) 100vw, 300px\" \/><\/a><\/p>\n<p style=\"text-align: center\">Miss\u00e3o, Vis\u00e3o e Valores da PROEAC<\/p>\n<p><b>Planejamento Estrat\u00e9gico (OBJETIVOS SETORIAIS) <\/b><\/p>\n<p>O Planejamento Estrat\u00e9gico objetivo setorial da PROEAC vem explicando, sob a \u00f3tica do planejamento estrat\u00e9gico da UNIFAP, cada perspectiva e objetivo para um melhor entendimento e compreens\u00e3o para alcance das metas.<\/p>\n<p>&nbsp;<\/p>\n","protected":false},"excerpt":{"rendered":"<p>O Planejamento Estrat\u00e9gico da Pro-reitoria de extens\u00e3o e a\u00e7\u00f5es comunit\u00e1ria &#8211; PROEAC, pode ser definido como um processo\u00a0desenvolvido para o alcance de um resultado futuro desejado, de um\u00a0modo mais eficiente, eficaz e efetivo, com a melhor concentra\u00e7\u00e3o de\u00a0esfor\u00e7os e recursos e em conson\u00e2ncia com Plano de Desenvolvimento Institucional &#8211; PDI da Universidade Federal do Amap\u00e1&#8230;.<\/p>\n","protected":false},"author":896,"featured_media":0,"parent":2344,"menu_order":0,"comment_status":"closed","ping_status":"open","template":"","meta":{"inline_featured_image":false,"site-sidebar-layout":"default","site-content-layout":"","ast-site-content-layout":"default","site-content-style":"default","site-sidebar-style":"default","ast-global-header-display":"","ast-banner-title-visibility":"","ast-main-header-display":"","ast-hfb-above-header-display":"","ast-hfb-below-header-display":"","ast-hfb-mobile-header-display":"","site-post-title":"","ast-breadcrumbs-content":"","ast-featured-img":"","footer-sml-layout":"","theme-transparent-header-meta":"","adv-header-id-meta":"","stick-header-meta":"","header-above-stick-meta":"","header-main-stick-meta":"","header-below-stick-meta":"","astra-migrate-meta-layouts":"default","ast-page-background-enabled":"default","ast-page-background-meta":{"desktop":{"background-color":"var(--ast-global-color-4)","background-image":"","background-repeat":"repeat","background-position":"center center","background-size":"auto","background-attachment":"scroll","background-type":"","background-media":"","overlay-type":"","overlay-color":"","overlay-opacity":"","overlay-gradient":""},"tablet":{"background-color":"","background-image":"","background-repeat":"repeat","background-position":"center center","background-size":"auto","background-attachment":"scroll","background-type":"","background-media":"","overlay-type":"","overlay-color":"","overlay-opacity":"","overlay-gradient":""},"mobile":{"background-color":"","background-image":"","background-repeat":"repeat","background-position":"center center","background-size":"auto","background-attachment":"scroll","background-type":"","background-media":"","overlay-type":"","overlay-color":"","overlay-opacity":"","overlay-gradient":""}},"ast-content-background-meta":{"desktop":{"background-color":"var(--ast-global-color-5)","background-image":"","background-repeat":"repeat","background-position":"center center","background-size":"auto","background-attachment":"scroll","background-type":"","background-media":"","overlay-type":"","overlay-color":"","overlay-opacity":"","overlay-gradient":""},"tablet":{"background-color":"var(--ast-global-color-5)","background-image":"","background-repeat":"repeat","background-position":"center center","background-size":"auto","background-attachment":"scroll","background-type":"","background-media":"","overlay-type":"","overlay-color":"","overlay-opacity":"","overlay-gradient":""},"mobile":{"background-color":"var(--ast-global-color-5)","background-image":"","background-repeat":"repeat","background-position":"center center","background-size":"auto","background-attachment":"scroll","background-type":"","background-media":"","overlay-type":"","overlay-color":"","overlay-opacity":"","overlay-gradient":""}},"ngg_post_thumbnail":0,"footnotes":""},"class_list":["post-2764","page","type-page","status-publish","hentry"],"_links":{"self":[{"href":"https:\/\/www2.unifap.br\/proeac\/wp-json\/wp\/v2\/pages\/2764","targetHints":{"allow":["GET"]}}],"collection":[{"href":"https:\/\/www2.unifap.br\/proeac\/wp-json\/wp\/v2\/pages"}],"about":[{"href":"https:\/\/www2.unifap.br\/proeac\/wp-json\/wp\/v2\/types\/page"}],"author":[{"embeddable":true,"href":"https:\/\/www2.unifap.br\/proeac\/wp-json\/wp\/v2\/users\/896"}],"replies":[{"embeddable":true,"href":"https:\/\/www2.unifap.br\/proeac\/wp-json\/wp\/v2\/comments?post=2764"}],"version-history":[{"count":5,"href":"https:\/\/www2.unifap.br\/proeac\/wp-json\/wp\/v2\/pages\/2764\/revisions"}],"predecessor-version":[{"id":2768,"href":"https:\/\/www2.unifap.br\/proeac\/wp-json\/wp\/v2\/pages\/2764\/revisions\/2768"}],"up":[{"embeddable":true,"href":"https:\/\/www2.unifap.br\/proeac\/wp-json\/wp\/v2\/pages\/2344"}],"wp:attachment":[{"href":"https:\/\/www2.unifap.br\/proeac\/wp-json\/wp\/v2\/media?parent=2764"}],"curies":[{"name":"wp","href":"https:\/\/api.w.org\/{rel}","templated":true}]}}