{"id":3915,"date":"2019-02-13T10:29:23","date_gmt":"2019-02-13T13:29:23","guid":{"rendered":"http:\/\/www2.unifap.br\/proeac\/?page_id=3915"},"modified":"2020-09-24T10:29:10","modified_gmt":"2020-09-24T13:29:10","slug":"portal-da-transparencia","status":"publish","type":"page","link":"https:\/\/www2.unifap.br\/proeac\/portal-da-transparencia\/","title":{"rendered":"Portal da Transpar\u00eancia"},"content":{"rendered":"<h1 style=\"text-align: center\">Bem vindo ao Portal da Transpar\u00eancia da Pr\u00f3-reitora&nbsp;de Extens\u00e3o e A\u00e7\u00f5es Comunit\u00e1rias &#8211; PROEAC\/UNIFAP<\/h1>\n<hr>\n<ul>\n<li>\n<h1>DACE<\/h1>\n<ul>\n<li>\n<h2><a href=\"https:\/\/www2.unifap.br\/dace\/assistencia-estudantil\/politica-de-assistencias\">Projetos de destino dos recursos do PNAES<\/a><\/h2>\n<\/li>\n<li>\n<h2><a href=\"http:\/\/www2.unifap.br\/dace\/assistencia-estudantil\/transparencia\">Execu\u00e7\u00e3o de Pagamentos PNAES<\/a><\/h2>\n<\/li>\n<li>\n<h2><a href=\"http:\/\/www2.unifap.br\/proeac\/portal-da-transparencia\/\">Or\u00e7amento PNAES<\/a><\/h2>\n<\/li>\n<li>\n<h2><a href=\"https:\/\/www2.unifap.br\/proeac\/editais\/\">Editais &#8211; Aux\u00edlios Estudantis<\/a><\/h2>\n<\/li>\n<li>\n<h2><a href=\"https:\/\/www2.unifap.br\/dace\/politicas\">Pol\u00edtica de Assist\u00eancia Estudantil<\/a><\/h2>\n<\/li>\n<li>\n<h2><a href=\"https:\/\/www2.unifap.br\/dace\/assistencia-estudantil\/pro-estudante\">Legisla\u00e7\u00e3o Assist\u00eancia Estudantil<\/a><\/h2>\n<\/li>\n<li>\n<h2><a href=\"https:\/\/www2.unifap.br\/dace\/servicos\">Servi\u00e7os da Assist\u00eancia Estudantil<\/a><\/h2>\n<\/li>\n<\/ul>\n<\/li>\n<\/ul>\n<hr>\n<ul>\n<li>\n<h1>DEX<\/h1>\n<ul>\n<li>\n<h2><a href=\"https:\/\/www2.unifap.br\/dex\/acoes-de-extensao\/\">Atividades de Extens\u00e3o<\/a><\/h2>\n<\/li>\n<li>\n<h2><a href=\"https:\/\/sigaa.unifap.br\/sigaa\/public\/extensao\/consulta_extensao.jsf?aba=p-extensao\">Consultar A\u00e7\u00f5es de Extens\u00e3o<\/a><\/h2>\n<\/li>\n<li>\n<h2><a href=\"https:\/\/www2.unifap.br\/dex\/editais2\/\">Editais de Extens\u00e3o<\/a><\/h2>\n<\/li>\n<li>\n<h2><a href=\"http:\/\/www2.unifap.br\/dex\/planejamento-estrategico\/\">Planejamento Estrat\u00e9gico DEX<\/a><\/h2>\n<\/li>\n<li>\n<h2><a href=\"https:\/\/www2.unifap.br\/dex\/fale-conosco\/\">Canais de Atendimento DEX<\/a><\/h2>\n<\/li>\n<li>\n<h2><a href=\"https:\/\/www2.unifap.br\/dex\/transparencia\/\">Transpar\u00eancia DEX<\/a><\/h2>\n<\/li>\n<\/ul>\n<\/li>\n<\/ul>\n<hr>\n<ul>\n<li>\n<h1>DS<\/h1>\n<ul>\n<li>\n<h2>Projetos &#8211; Departamento de Sa\u00fade<\/h2>\n<\/li>\n<li>\n<h2>Or\u00e7amento &#8211; Departamento de Sa\u00fade<\/h2>\n<\/li>\n<li>\n<h2><a href=\"https:\/\/www2.unifap.br\/dace\/servico-psicossocial\">Servi\u00e7os &#8211; Departamento de Sa\u00fade<\/a><\/h2>\n<\/li>\n<\/ul>\n<\/li>\n<\/ul>\n<hr>\n<ul>\n<li>\n<h1>Gabinete (Assessoria)<\/h1>\n<ul>\n<li>\n<h2><a href=\"http:\/\/www2.unifap.br\/proeac\/portal-da-transparencia\/\">Or\u00e7amento Di\u00e1rias e Passagens<\/a><\/h2>\n<\/li>\n<li>\n<h2><a href=\"https:\/\/suportenti.unifap.br\/\">Consultar\/Criar Solicita\u00e7\u00f5es de Atendimento<\/a><\/h2>\n<\/li>\n<li>\n<h2><a href=\"https:\/\/www2.unifap.br\/proeac\/proeac\/planejamentos-e-resultados\/relatorios-de-gestao\/\">PROEAC em N\u00fameros (Relat\u00f3rios de Gest\u00e3o)<\/a><\/h2>\n<\/li>\n<li>\n<h2><a href=\"http:\/\/www.portaltransparencia.gov.br\/despesas\/recursos-recebidos?ordenarPor=mesAno&amp;direcao=asc\">Consultar Pagamentos no Portal Transpar\u00eancia<\/a><\/h2>\n<\/li>\n<\/ul>\n<\/li>\n<\/ul>\n<hr>\n<h1>Pagamentos<\/h1>\n<h2><span style=\"color: #000080\"><a href=\"http:\/\/www.portaltransparencia.gov.br\/despesas\/recursos-recebidos?ordenarPor=mesAno&amp;direcao=asc\" target=\"_blank\" rel=\"noopener noreferrer\">Clique aqui<\/a> para verificar seus pagamentos<\/span><\/h2>\n<p><a href=\"http:\/\/www.portaltransparencia.gov.br\/despesas\/recursos-recebidos?ordenarPor=mesAno&amp;direcao=asc\" target=\"_blank\" rel=\"noopener noreferrer\">Portal da Transpar\u00eancia<\/a><\/p>\n<hr>\n<p>O Departamento de Assuntos Estudantis &#8211; DACE realizou um levantamento de todo o processo do aux\u00edlio emergencial e foram colhidos os dados que seguem abaixo:<\/p>\n<p><a href=\"http:\/\/www2.unifap.br\/proeac\/files\/2020\/05\/II-QUADRO-ATUAL-DO-AUXILIO-EMERGENCIAL.pdf\">II QUADRO ATUAL DO AUXILIO EMERGENCIAL<\/a><\/p>\n<hr>\n<h1>Or\u00e7amento PNAES 2020<\/h1>\n<p><a href=\"http:\/\/www2.unifap.br\/proeac\/files\/2020\/05\/EXECUO_PNAES_2020.pdf\">Execu\u00e7\u00e3o PNAES 2020<\/a><\/p>\n<p><a href=\"http:\/\/www2.unifap.br\/proeac\/files\/2020\/05\/RESTOS_A_PAGAR_PNAES_2020.pdf\">Restos a pagar PNAES 2020<\/a><\/p>\n<hr>\n<h2><strong>Empenhos PNAES destinados aos Aux\u00edlios<\/strong><\/h2>\n<ul>\n<li><a href=\"http:\/\/www.portaltransparencia.gov.br\/despesas\/empenho\/154215152782020NE000080?ordenarPor=fase&amp;direcao=desc\">2020NE000080<\/a><\/li>\n<li><a class=\"in-cell-link\" href=\"http:\/\/www.portaltransparencia.gov.br\/despesas\/empenho\/154215152782019NE000150\" target=\"_blank\" rel=\"noopener noreferrer\">2019NE000150<\/a><\/li>\n<li><a href=\"http:\/\/www.portaltransparencia.gov.br\/despesas\/empenho\/154215152782018NE000222?ordenarPor=data&amp;direcao=desc\" target=\"_blank\" rel=\"noopener noreferrer\">2018NE000222<\/a><\/li>\n<\/ul>\n<hr>\n<h2><strong>Empenhos destinados a Di\u00e1rias e Passagens<\/strong><\/h2>\n<ul>\n<li><a href=\"http:\/\/www.portaltransparencia.gov.br\/despesas\/empenho\/154215152782019NE000039?ordenarPor=fase&amp;direcao=desc\" target=\"_blank\" rel=\"noopener noreferrer\">2019NE000039<\/a><\/li>\n<li><a href=\"http:\/\/www.portaltransparencia.gov.br\/despesas\/empenho\/154215152782019NE000040?ordenarPor=fase&amp;direcao=desc\" target=\"_blank\" rel=\"noopener noreferrer\">2019NE000040<\/a><\/li>\n<\/ul>\n<hr>\n<h2><strong>Empenhos destinados a Licita\u00e7\u00f5es<\/strong><\/h2>\n<h3 style=\"padding-left: 30px\"><strong>Contratos<\/strong><\/h3>\n<h4 style=\"padding-left: 60px\"><strong>Restaurante Universit\u00e1rio &#8211; RU<\/strong><\/h4>\n<ul>\n<li style=\"list-style-type: none\">\n<ul>\n<li style=\"list-style-type: none\">\n<ul>\n<li><a href=\"http:\/\/www.portaltransparencia.gov.br\/despesas\/empenho\/154215152782019NE800437?ordenarPor=fase&amp;direcao=desc\">2019NE800437<\/a><\/li>\n<li><a href=\"http:\/\/www.portaltransparencia.gov.br\/despesas\/empenho\/154215152782019NE800063?ordenarPor=fase&amp;direcao=desc\">2019NE800063<\/a><\/li>\n<li><a href=\"http:\/\/www.portaltransparencia.gov.br\/despesas\/empenho\/154215152782019NE800024?ordenarPor=fase&amp;direcao=desc\">2019NE800024<\/a><\/li>\n<li><a class=\"in-cell-link\" href=\"http:\/\/www.portaltransparencia.gov.br\/despesas\/empenho\/154215152782018NE800539\" target=\"_blank\" rel=\"noopener noreferrer\">2018NE800539<\/a><\/li>\n<li><a href=\"http:\/\/www.portaltransparencia.gov.br\/despesas\/empenho\/154215152782018NE800057?ordenarPor=fase&amp;direcao=desc\" target=\"_blank\" rel=\"noopener noreferrer\">2018NE800057<\/a><\/li>\n<li><a href=\"http:\/\/www.portaltransparencia.gov.br\/despesas\/empenho\/154215152782018NE800189?ordenarPor=fase&amp;direcao=asc\" target=\"_blank\" rel=\"noopener noreferrer\">2018NE800189<\/a><\/li>\n<\/ul>\n<\/li>\n<\/ul>\n<\/li>\n<\/ul>\n<hr>\n<h2><strong>Empenhos destinados aos Projetos de Extens\u00e3o<\/strong><\/h2>\n<h3 style=\"padding-left: 30px\"><strong>UMAP\/UNIMULHER<\/strong><\/h3>\n<ul>\n<li style=\"list-style-type: none\">\n<ul>\n<li><a href=\"http:\/\/www.portaltransparencia.gov.br\/despesas\/empenho\/154215152782014NE000215?ordenarPor=fase&amp;direcao=asc\" target=\"_blank\" rel=\"noopener noreferrer\">2014NE000215<\/a><\/li>\n<\/ul>\n<\/li>\n<\/ul>\n<h3 style=\"padding-left: 30px\"><strong>LIBRAS<\/strong><\/h3>\n<ul>\n<li style=\"list-style-type: none\">\n<ul>\n<li><a href=\"http:\/\/www.portaltransparencia.gov.br\/despesas\/empenho\/154215152782016NE000312?ordenarPor=fase&amp;direcao=asc\" target=\"_blank\" rel=\"noopener noreferrer\">2016NE000312<\/a><\/li>\n<\/ul>\n<\/li>\n<\/ul>\n<h3 style=\"padding-left: 30px\"><strong>PROBIC<\/strong><\/h3>\n<ul>\n<li style=\"list-style-type: none\">\n<ul>\n<li><a href=\"http:\/\/www.portaltransparencia.gov.br\/despesas\/empenho\/154215152782016NE000330?ordenarPor=fase&amp;direcao=asc\" target=\"_blank\" rel=\"noopener noreferrer\">2016NE000330<\/a><\/li>\n<\/ul>\n<\/li>\n<\/ul>\n<h3 style=\"padding-left: 30px\"><strong>PROJETOS<\/strong><\/h3>\n<ul>\n<li style=\"list-style-type: none\">\n<ul>\n<li><a href=\"http:\/\/www.portaltransparencia.gov.br\/despesas\/empenho\/154215152782018NE000142?ordenarPor=fase&amp;direcao=asc\" target=\"_blank\" rel=\"noopener noreferrer\">2018NE000142<\/a><\/li>\n<\/ul>\n<\/li>\n<\/ul>\n<hr>\n<p>&nbsp;<\/p>\n<p>&nbsp;<\/p>\n<p>&nbsp;<\/p>\n","protected":false},"excerpt":{"rendered":"<p>Bem vindo ao Portal da Transpar\u00eancia da Pr\u00f3-reitora&nbsp;de Extens\u00e3o e A\u00e7\u00f5es Comunit\u00e1rias &#8211; PROEAC\/UNIFAP DACE Projetos de destino dos recursos do PNAES Execu\u00e7\u00e3o de Pagamentos PNAES Or\u00e7amento PNAES Editais &#8211; Aux\u00edlios Estudantis Pol\u00edtica de Assist\u00eancia Estudantil Legisla\u00e7\u00e3o Assist\u00eancia Estudantil Servi\u00e7os da Assist\u00eancia Estudantil DEX Atividades de Extens\u00e3o Consultar A\u00e7\u00f5es de Extens\u00e3o Editais de Extens\u00e3o Planejamento&#8230;<\/p>\n","protected":false},"author":405,"featured_media":0,"parent":0,"menu_order":1,"comment_status":"closed","ping_status":"open","template":"","meta":{"inline_featured_image":false,"site-sidebar-layout":"default","site-content-layout":"","ast-site-content-layout":"default","site-content-style":"default","site-sidebar-style":"default","ast-global-header-display":"","ast-banner-title-visibility":"","ast-main-header-display":"","ast-hfb-above-header-display":"","ast-hfb-below-header-display":"","ast-hfb-mobile-header-display":"","site-post-title":"","ast-breadcrumbs-content":"","ast-featured-img":"","footer-sml-layout":"","theme-transparent-header-meta":"","adv-header-id-meta":"","stick-header-meta":"","header-above-stick-meta":"","header-main-stick-meta":"","header-below-stick-meta":"","astra-migrate-meta-layouts":"default","ast-page-background-enabled":"default","ast-page-background-meta":{"desktop":{"background-color":"var(--ast-global-color-4)","background-image":"","background-repeat":"repeat","background-position":"center center","background-size":"auto","background-attachment":"scroll","background-type":"","background-media":"","overlay-type":"","overlay-color":"","overlay-opacity":"","overlay-gradient":""},"tablet":{"background-color":"","background-image":"","background-repeat":"repeat","background-position":"center center","background-size":"auto","background-attachment":"scroll","background-type":"","background-media":"","overlay-type":"","overlay-color":"","overlay-opacity":"","overlay-gradient":""},"mobile":{"background-color":"","background-image":"","background-repeat":"repeat","background-position":"center center","background-size":"auto","background-attachment":"scroll","background-type":"","background-media":"","overlay-type":"","overlay-color":"","overlay-opacity":"","overlay-gradient":""}},"ast-content-background-meta":{"desktop":{"background-color":"var(--ast-global-color-5)","background-image":"","background-repeat":"repeat","background-position":"center center","background-size":"auto","background-attachment":"scroll","background-type":"","background-media":"","overlay-type":"","overlay-color":"","overlay-opacity":"","overlay-gradient":""},"tablet":{"background-color":"var(--ast-global-color-5)","background-image":"","background-repeat":"repeat","background-position":"center center","background-size":"auto","background-attachment":"scroll","background-type":"","background-media":"","overlay-type":"","overlay-color":"","overlay-opacity":"","overlay-gradient":""},"mobile":{"background-color":"var(--ast-global-color-5)","background-image":"","background-repeat":"repeat","background-position":"center center","background-size":"auto","background-attachment":"scroll","background-type":"","background-media":"","overlay-type":"","overlay-color":"","overlay-opacity":"","overlay-gradient":""}},"ngg_post_thumbnail":0,"footnotes":""},"class_list":["post-3915","page","type-page","status-publish","hentry"],"_links":{"self":[{"href":"https:\/\/www2.unifap.br\/proeac\/wp-json\/wp\/v2\/pages\/3915","targetHints":{"allow":["GET"]}}],"collection":[{"href":"https:\/\/www2.unifap.br\/proeac\/wp-json\/wp\/v2\/pages"}],"about":[{"href":"https:\/\/www2.unifap.br\/proeac\/wp-json\/wp\/v2\/types\/page"}],"author":[{"embeddable":true,"href":"https:\/\/www2.unifap.br\/proeac\/wp-json\/wp\/v2\/users\/405"}],"replies":[{"embeddable":true,"href":"https:\/\/www2.unifap.br\/proeac\/wp-json\/wp\/v2\/comments?post=3915"}],"version-history":[{"count":36,"href":"https:\/\/www2.unifap.br\/proeac\/wp-json\/wp\/v2\/pages\/3915\/revisions"}],"predecessor-version":[{"id":4704,"href":"https:\/\/www2.unifap.br\/proeac\/wp-json\/wp\/v2\/pages\/3915\/revisions\/4704"}],"wp:attachment":[{"href":"https:\/\/www2.unifap.br\/proeac\/wp-json\/wp\/v2\/media?parent=3915"}],"curies":[{"name":"wp","href":"https:\/\/api.w.org\/{rel}","templated":true}]}}