{"id":4032,"date":"2019-03-21T10:25:32","date_gmt":"2019-03-21T13:25:32","guid":{"rendered":"http:\/\/www2.unifap.br\/proeac\/?page_id=4032"},"modified":"2019-03-21T10:25:32","modified_gmt":"2019-03-21T13:25:32","slug":"comunicado-relacao-dos-academicos-desligados-dos-auxilios-do-pnaes","status":"publish","type":"page","link":"https:\/\/www2.unifap.br\/proeac\/apresentacao-3\/comunicado-relacao-dos-academicos-desligados-dos-auxilios-do-pnaes\/","title":{"rendered":"COMUNICADO: RELA\u00c7\u00c3O DOS ACAD\u00caMICOS DESLIGADOS DOS AUX\u00cdLIOS DO PNAES."},"content":{"rendered":"<p><strong>Os alunos descritos abaixo ser\u00e3o desligados por n\u00e3o atenderem aos pr\u00e9 requisitos para sua perman\u00eancia nos aux\u00edlios\/bolsa e n\u00e3o entraram com recurso\u00a0<\/strong><\/p>\n<p><strong><a href=\"http:\/\/www2.unifap.br\/proeac\/files\/2019\/03\/rela\u00e7\u00e3o-dos-academicos-que-n\u00e3o-recorreram-a-suspens\u00e3o-no-dia-22-de-fevereiro.pdf\">rela\u00e7\u00e3o dos academicos que n\u00e3o recorreram da suspens\u00e3o no dia 22 de fevereiro<\/a><\/strong><\/p>\n","protected":false},"excerpt":{"rendered":"<p>Os alunos descritos abaixo ser\u00e3o desligados por n\u00e3o atenderem aos pr\u00e9 requisitos para sua perman\u00eancia nos aux\u00edlios\/bolsa e n\u00e3o entraram com recurso\u00a0 rela\u00e7\u00e3o dos academicos que n\u00e3o recorreram da suspens\u00e3o no dia 22 de fevereiro<\/p>\n","protected":false},"author":3529,"featured_media":0,"parent":48,"menu_order":0,"comment_status":"closed","ping_status":"closed","template":"","meta":{"inline_featured_image":false,"site-sidebar-layout":"default","site-content-layout":"","ast-site-content-layout":"default","site-content-style":"default","site-sidebar-style":"default","ast-global-header-display":"","ast-banner-title-visibility":"","ast-main-header-display":"","ast-hfb-above-header-display":"","ast-hfb-below-header-display":"","ast-hfb-mobile-header-display":"","site-post-title":"","ast-breadcrumbs-content":"","ast-featured-img":"","footer-sml-layout":"","theme-transparent-header-meta":"","adv-header-id-meta":"","stick-header-meta":"","header-above-stick-meta":"","header-main-stick-meta":"","header-below-stick-meta":"","astra-migrate-meta-layouts":"default","ast-page-background-enabled":"default","ast-page-background-meta":{"desktop":{"background-color":"var(--ast-global-color-4)","background-image":"","background-repeat":"repeat","background-position":"center center","background-size":"auto","background-attachment":"scroll","background-type":"","background-media":"","overlay-type":"","overlay-color":"","overlay-opacity":"","overlay-gradient":""},"tablet":{"background-color":"","background-image":"","background-repeat":"repeat","background-position":"center center","background-size":"auto","background-attachment":"scroll","background-type":"","background-media":"","overlay-type":"","overlay-color":"","overlay-opacity":"","overlay-gradient":""},"mobile":{"background-color":"","background-image":"","background-repeat":"repeat","background-position":"center center","background-size":"auto","background-attachment":"scroll","background-type":"","background-media":"","overlay-type":"","overlay-color":"","overlay-opacity":"","overlay-gradient":""}},"ast-content-background-meta":{"desktop":{"background-color":"var(--ast-global-color-5)","background-image":"","background-repeat":"repeat","background-position":"center center","background-size":"auto","background-attachment":"scroll","background-type":"","background-media":"","overlay-type":"","overlay-color":"","overlay-opacity":"","overlay-gradient":""},"tablet":{"background-color":"var(--ast-global-color-5)","background-image":"","background-repeat":"repeat","background-position":"center center","background-size":"auto","background-attachment":"scroll","background-type":"","background-media":"","overlay-type":"","overlay-color":"","overlay-opacity":"","overlay-gradient":""},"mobile":{"background-color":"var(--ast-global-color-5)","background-image":"","background-repeat":"repeat","background-position":"center center","background-size":"auto","background-attachment":"scroll","background-type":"","background-media":"","overlay-type":"","overlay-color":"","overlay-opacity":"","overlay-gradient":""}},"ngg_post_thumbnail":0,"footnotes":""},"class_list":["post-4032","page","type-page","status-publish","hentry"],"_links":{"self":[{"href":"https:\/\/www2.unifap.br\/proeac\/wp-json\/wp\/v2\/pages\/4032","targetHints":{"allow":["GET"]}}],"collection":[{"href":"https:\/\/www2.unifap.br\/proeac\/wp-json\/wp\/v2\/pages"}],"about":[{"href":"https:\/\/www2.unifap.br\/proeac\/wp-json\/wp\/v2\/types\/page"}],"author":[{"embeddable":true,"href":"https:\/\/www2.unifap.br\/proeac\/wp-json\/wp\/v2\/users\/3529"}],"replies":[{"embeddable":true,"href":"https:\/\/www2.unifap.br\/proeac\/wp-json\/wp\/v2\/comments?post=4032"}],"version-history":[{"count":4,"href":"https:\/\/www2.unifap.br\/proeac\/wp-json\/wp\/v2\/pages\/4032\/revisions"}],"predecessor-version":[{"id":4037,"href":"https:\/\/www2.unifap.br\/proeac\/wp-json\/wp\/v2\/pages\/4032\/revisions\/4037"}],"up":[{"embeddable":true,"href":"https:\/\/www2.unifap.br\/proeac\/wp-json\/wp\/v2\/pages\/48"}],"wp:attachment":[{"href":"https:\/\/www2.unifap.br\/proeac\/wp-json\/wp\/v2\/media?parent=4032"}],"curies":[{"name":"wp","href":"https:\/\/api.w.org\/{rel}","templated":true}]}}