{"id":373,"date":"2025-08-22T12:52:25","date_gmt":"2025-08-22T15:52:25","guid":{"rendered":"https:\/\/www2.unifap.br\/proece\/?page_id=373"},"modified":"2026-01-21T16:04:56","modified_gmt":"2026-01-21T19:04:56","slug":"normas-e-resolucoes","status":"publish","type":"page","link":"https:\/\/www2.unifap.br\/proece\/o-programa\/normas-e-resolucoes\/","title":{"rendered":"Normas e Resolu\u00e7\u00f5es"},"content":{"rendered":"\t\t<div data-elementor-type=\"wp-page\" data-elementor-id=\"373\" class=\"elementor elementor-373\">\n\t\t\t\t<div class=\"elementor-element elementor-element-e5ee79d e-flex e-con-boxed e-con e-parent\" data-id=\"e5ee79d\" data-element_type=\"container\" data-e-type=\"container\" data-settings=\"{&quot;background_background&quot;:&quot;classic&quot;}\">\n\t\t\t\t\t<div class=\"e-con-inner\">\n\t\t\t\t<div class=\"elementor-element elementor-element-7089b0e elementor-invisible elementor-widget elementor-widget-heading\" data-id=\"7089b0e\" data-element_type=\"widget\" data-e-type=\"widget\" data-settings=\"{&quot;_animation&quot;:&quot;slideInLeft&quot;}\" data-widget_type=\"heading.default\">\n\t\t\t\t\t<h2 class=\"elementor-heading-title elementor-size-default\">Normas e Resolu\u00e7\u00f5es<\/h2>\t\t\t\t<\/div>\n\t\t\t\t<div class=\"elementor-element elementor-element-6941a33 elementor-widget-divider--view-line elementor-invisible elementor-widget elementor-widget-divider\" data-id=\"6941a33\" data-element_type=\"widget\" data-e-type=\"widget\" data-settings=\"{&quot;_animation&quot;:&quot;slideInLeft&quot;}\" data-widget_type=\"divider.default\">\n\t\t\t\t\t\t\t<div class=\"elementor-divider\">\n\t\t\t<span class=\"elementor-divider-separator\">\n\t\t\t\t\t\t<\/span>\n\t\t<\/div>\n\t\t\t\t\t\t<\/div>\n\t\t\t\t\t<\/div>\n\t\t\t\t<\/div>\n\t\t<div class=\"elementor-element elementor-element-f1a010d e-flex e-con-boxed e-con e-parent\" data-id=\"f1a010d\" data-element_type=\"container\" data-e-type=\"container\">\n\t\t\t\t\t<div class=\"e-con-inner\">\n\t\t\t\t<div class=\"elementor-element elementor-element-336b38a elementor-widget elementor-widget-eael-feature-list\" data-id=\"336b38a\" data-element_type=\"widget\" data-e-type=\"widget\" data-widget_type=\"eael-feature-list.default\">\n\t\t\t\t\t\t\t<div class=\"-icon-position-left -tablet-icon-position-left -mobile-icon-position-left\">\n\t\t\t<ul id=\"eael-feature-list-336b38a\" class=\"eael-feature-list-items circle stacked  eael-feature-list-vertical\">\n\t\t\t                <li class=\"eael-feature-list-item elementor-repeater-item-3a652df\">\n                    \n\t\t\t\t\t\t<div class=\"eael-feature-list-icon-box\">\n\t\t\t\t\t\t\t<div class=\"eael-feature-list-icon-inner\">\n\n\t\t\t\t\t\t\t\t<a class=\"eael-feature-list-icon fl-icon-0\"href=\"https:\/\/drive.google.com\/file\/d\/13EKp5YZLl5qCAqO-h4ISYSgNt_GBL49I\/view?usp=sharing\">\n\n\t\t<svg aria-hidden=\"true\" class=\"e-font-icon-svg e-fas-check\" viewBox=\"0 0 512 512\" xmlns=\"http:\/\/www.w3.org\/2000\/svg\"><path d=\"M173.898 439.404l-166.4-166.4c-9.997-9.997-9.997-26.206 0-36.204l36.203-36.204c9.997-9.998 26.207-9.998 36.204 0L192 312.69 432.095 72.596c9.997-9.997 26.207-9.997 36.204 0l36.203 36.204c9.997 9.997 9.997 26.206 0 36.204l-294.4 294.401c-9.998 9.997-26.207 9.997-36.204-.001z\"><\/path><\/svg>\t\t\t\t\t\t\t\t<\/a>\n\t\t\t\t\t\t\t<\/div>\n\t\t\t\t\t\t<\/div>\n\t\t\t\t\t\t<div class=\"eael-feature-list-content-box\">\n                            <h2 class=\"eael-feature-list-title\"><a href=\"https:\/\/drive.google.com\/file\/d\/13EKp5YZLl5qCAqO-h4ISYSgNt_GBL49I\/view?usp=sharing\">Regimento PROECE<\/a><\/h2>\t\t\t\t\t\t<p class=\"eael-feature-list-content\">O Regimento do PROECE \u00e9 o documento oficial que estabelece as normas, diretrizes e regras de funcionamento do Programa de P\u00f3s-Gradua\u00e7\u00e3o em Enfermagem para o Cuidar-Educar (PROECE\/UNIFAP).<\/p>\n\t\t\t\t\t\t<\/div>\n\n\t\t\t\t\t<\/li>\n\t\t\t\t                <li class=\"eael-feature-list-item elementor-repeater-item-0a8f140\">\n                    \n\t\t\t\t\t\t<div class=\"eael-feature-list-icon-box\">\n\t\t\t\t\t\t\t<div class=\"eael-feature-list-icon-inner\">\n\n\t\t\t\t\t\t\t\t<a class=\"eael-feature-list-icon fl-icon-1\"href=\"https:\/\/drive.google.com\/file\/d\/1mYWkETBkAjRnWEOBgdoLOYQyhnh_MS3O\/view?usp=sharing\">\n\n\t\t<svg aria-hidden=\"true\" class=\"e-font-icon-svg e-fas-check\" viewBox=\"0 0 512 512\" xmlns=\"http:\/\/www.w3.org\/2000\/svg\"><path d=\"M173.898 439.404l-166.4-166.4c-9.997-9.997-9.997-26.206 0-36.204l36.203-36.204c9.997-9.998 26.207-9.998 36.204 0L192 312.69 432.095 72.596c9.997-9.997 26.207-9.997 36.204 0l36.203 36.204c9.997 9.997 9.997 26.206 0 36.204l-294.4 294.401c-9.998 9.997-26.207 9.997-36.204-.001z\"><\/path><\/svg>\t\t\t\t\t\t\t\t<\/a>\n\t\t\t\t\t\t\t<\/div>\n\t\t\t\t\t\t<\/div>\n\t\t\t\t\t\t<div class=\"eael-feature-list-content-box\">\n                            <h2 class=\"eael-feature-list-title\"><a href=\"https:\/\/drive.google.com\/file\/d\/1mYWkETBkAjRnWEOBgdoLOYQyhnh_MS3O\/view?usp=sharing\">Autoriza\u00e7\u00e3o Mec<\/a><\/h2>\t\t\t\t\t\t<p class=\"eael-feature-list-content\">PORTARIA MEC N\u00famero 223, DE 20 DE MAR\u00c7O DE 2025.<\/p>\n\t\t\t\t\t\t<\/div>\n\n\t\t\t\t\t<\/li>\n\t\t\t\t                <li class=\"eael-feature-list-item elementor-repeater-item-121e424\">\n                    \n\t\t\t\t\t\t<div class=\"eael-feature-list-icon-box\">\n\t\t\t\t\t\t\t<div class=\"eael-feature-list-icon-inner\">\n\n\t\t\t\t\t\t\t\t<a class=\"eael-feature-list-icon fl-icon-2\"href=\"https:\/\/drive.google.com\/file\/d\/1jMojwSayFEaVrDzJyT8ywsPzw5X_45Cn\/view?usp=sharing\">\n\n\t\t<svg aria-hidden=\"true\" class=\"e-font-icon-svg e-fas-check\" viewBox=\"0 0 512 512\" xmlns=\"http:\/\/www.w3.org\/2000\/svg\"><path d=\"M173.898 439.404l-166.4-166.4c-9.997-9.997-9.997-26.206 0-36.204l36.203-36.204c9.997-9.998 26.207-9.998 36.204 0L192 312.69 432.095 72.596c9.997-9.997 26.207-9.997 36.204 0l36.203 36.204c9.997 9.997 9.997 26.206 0 36.204l-294.4 294.401c-9.998 9.997-26.207 9.997-36.204-.001z\"><\/path><\/svg>\t\t\t\t\t\t\t\t<\/a>\n\t\t\t\t\t\t\t<\/div>\n\t\t\t\t\t\t<\/div>\n\t\t\t\t\t\t<div class=\"eael-feature-list-content-box\">\n                            <h2 class=\"eael-feature-list-title\"><a href=\"https:\/\/drive.google.com\/file\/d\/1jMojwSayFEaVrDzJyT8ywsPzw5X_45Cn\/view?usp=sharing\">PDI<\/a><\/h2>\t\t\t\t\t\t<p class=\"eael-feature-list-content\">O Plano de Desenvolvimento Institucional (PDI) foi elaborado na perspectiva\nde definir os rumos da institui\u00e7\u00e3o universit\u00e1ria em termos de desenvolvimento e suas\nestrat\u00e9gias, objetivos, indicadores, metas e a\u00e7\u00f5es para os pr\u00f3ximos 5 anos. O documento pauta a gest\u00e3o institucional estruturada na filosofia de trabalho, na miss\u00e3o,\ndiretrizes pedag\u00f3gicas que orientam suas a\u00e7\u00f5es, a organiza\u00e7\u00e3o administrativa, financeira e\nor\u00e7ament\u00e1ria, infraestrutura, responsabilidade social e as atividades acad\u00eamicas que ser\u00e3o\ndesenvolvidas.<\/p>\n\t\t\t\t\t\t<\/div>\n\n\t\t\t\t\t<\/li>\n\t\t\t\t                <li class=\"eael-feature-list-item elementor-repeater-item-af4fdd7\">\n                    \n\t\t\t\t\t\t<div class=\"eael-feature-list-icon-box\">\n\t\t\t\t\t\t\t<div class=\"eael-feature-list-icon-inner\">\n\n\t\t\t\t\t\t\t\t<a class=\"eael-feature-list-icon fl-icon-3\"href=\"https:\/\/drive.google.com\/file\/d\/1GtKR3JGqImCvkWCCYN---OFhe9aNN3BD\/view?usp=sharing\">\n\n\t\t<svg aria-hidden=\"true\" class=\"e-font-icon-svg e-fas-check\" viewBox=\"0 0 512 512\" xmlns=\"http:\/\/www.w3.org\/2000\/svg\"><path d=\"M173.898 439.404l-166.4-166.4c-9.997-9.997-9.997-26.206 0-36.204l36.203-36.204c9.997-9.998 26.207-9.998 36.204 0L192 312.69 432.095 72.596c9.997-9.997 26.207-9.997 36.204 0l36.203 36.204c9.997 9.997 9.997 26.206 0 36.204l-294.4 294.401c-9.998 9.997-26.207 9.997-36.204-.001z\"><\/path><\/svg>\t\t\t\t\t\t\t\t<\/a>\n\t\t\t\t\t\t\t<\/div>\n\t\t\t\t\t\t<\/div>\n\t\t\t\t\t\t<div class=\"eael-feature-list-content-box\">\n                            <h2 class=\"eael-feature-list-title\"><a href=\"https:\/\/drive.google.com\/file\/d\/1GtKR3JGqImCvkWCCYN---OFhe9aNN3BD\/view?usp=sharing\">  Autoriza\u00e7\u00e3o Unifap<\/a><\/h2>\t\t\t\t\t\t<p class=\"eael-feature-list-content\">RESOLU\u00c7\u00c3O N. 26, DE 30 DE JULHO DE 2025<\/p>\n\t\t\t\t\t\t<\/div>\n\n\t\t\t\t\t<\/li>\n\t\t\t\t                <li class=\"eael-feature-list-item elementor-repeater-item-35aa637\">\n                    \n\t\t\t\t\t\t<div class=\"eael-feature-list-icon-box\">\n\t\t\t\t\t\t\t<div class=\"eael-feature-list-icon-inner\">\n\n\t\t\t\t\t\t\t\t<a class=\"eael-feature-list-icon fl-icon-4\"href=\"https:\/\/drive.google.com\/file\/d\/14FhWBSNxwlEnsqo6Kvp9uoJ1lcycEUo3\/view?usp=sharing\">\n\n\t\t<svg aria-hidden=\"true\" class=\"e-font-icon-svg e-fas-check\" viewBox=\"0 0 512 512\" xmlns=\"http:\/\/www.w3.org\/2000\/svg\"><path d=\"M173.898 439.404l-166.4-166.4c-9.997-9.997-9.997-26.206 0-36.204l36.203-36.204c9.997-9.998 26.207-9.998 36.204 0L192 312.69 432.095 72.596c9.997-9.997 26.207-9.997 36.204 0l36.203 36.204c9.997 9.997 9.997 26.206 0 36.204l-294.4 294.401c-9.998 9.997-26.207 9.997-36.204-.001z\"><\/path><\/svg>\t\t\t\t\t\t\t\t<\/a>\n\t\t\t\t\t\t\t<\/div>\n\t\t\t\t\t\t<\/div>\n\t\t\t\t\t\t<div class=\"eael-feature-list-content-box\">\n                            <h2 class=\"eael-feature-list-title\"><a href=\"https:\/\/drive.google.com\/file\/d\/14FhWBSNxwlEnsqo6Kvp9uoJ1lcycEUo3\/view?usp=sharing\">Regimento Geral da P\u00f3s-Gradua\u00e7\u00e3o da UNIFAP<\/a><\/h2>\t\t\t\t\t\t<p class=\"eael-feature-list-content\">O Regimento da P\u00f3s-Gradua\u00e7\u00e3o da Universidade Federal do Amap\u00e1 (UNIFAP) \u00e9 o documento normativo que disciplina a organiza\u00e7\u00e3o e o funcionamento dos Programas de P\u00f3s-Gradua\u00e7\u00e3o Stricto Sensu da institui\u00e7\u00e3o. Ele estabelece direitos e deveres de discentes e docentes, define crit\u00e9rios acad\u00eamicos e administrativos, al\u00e9m de orientar os processos de ensino, pesquisa e extens\u00e3o. Sua finalidade \u00e9 garantir a qualidade, a transpar\u00eancia e a padroniza\u00e7\u00e3o das atividades de p\u00f3s-gradua\u00e7\u00e3o, em conson\u00e2ncia com a legisla\u00e7\u00e3o educacional brasileira, as diretrizes da CAPES e os princ\u00edpios institucionais da UNIFAP.<\/p>\n\t\t\t\t\t\t<\/div>\n\n\t\t\t\t\t<\/li>\n\t\t\t\t                <li class=\"eael-feature-list-item elementor-repeater-item-079a1ea\">\n                    \n\t\t\t\t\t\t<div class=\"eael-feature-list-icon-box\">\n\t\t\t\t\t\t\t<div class=\"eael-feature-list-icon-inner\">\n\n\t\t\t\t\t\t\t\t<a class=\"eael-feature-list-icon fl-icon-5\"href=\"https:\/\/drive.google.com\/file\/d\/1ld4rg4buyO5mvLGoc8sbIS-PxZpO99xI\/view?usp=drive_link\">\n\n\t\t<svg aria-hidden=\"true\" class=\"e-font-icon-svg e-fas-check\" viewBox=\"0 0 512 512\" xmlns=\"http:\/\/www.w3.org\/2000\/svg\"><path d=\"M173.898 439.404l-166.4-166.4c-9.997-9.997-9.997-26.206 0-36.204l36.203-36.204c9.997-9.998 26.207-9.998 36.204 0L192 312.69 432.095 72.596c9.997-9.997 26.207-9.997 36.204 0l36.203 36.204c9.997 9.997 9.997 26.206 0 36.204l-294.4 294.401c-9.998 9.997-26.207 9.997-36.204-.001z\"><\/path><\/svg>\t\t\t\t\t\t\t\t<\/a>\n\t\t\t\t\t\t\t<\/div>\n\t\t\t\t\t\t<\/div>\n\t\t\t\t\t\t<div class=\"eael-feature-list-content-box\">\n                            <h2 class=\"eael-feature-list-title\"><a href=\"https:\/\/drive.google.com\/file\/d\/1ld4rg4buyO5mvLGoc8sbIS-PxZpO99xI\/view?usp=drive_link\">Normativa para credenciamento, recredenciamento e descredenciamento docente<\/a><\/h2>\t\t\t\t\t\t<p class=\"eael-feature-list-content\">Estabelece as normas espec\u00edficas para o processo seletivo para o credenciamento, recredenciamento e descredenciamento de docentes junto ao PROECE<\/p>\n\t\t\t\t\t\t<\/div>\n\n\t\t\t\t\t<\/li>\n\t\t\t\t                <li class=\"eael-feature-list-item elementor-repeater-item-e20eb0e\">\n                    \n\t\t\t\t\t\t<div class=\"eael-feature-list-icon-box\">\n\t\t\t\t\t\t\t<div class=\"eael-feature-list-icon-inner\">\n\n\t\t\t\t\t\t\t\t<a class=\"eael-feature-list-icon fl-icon-6\"href=\"https:\/\/drive.google.com\/file\/d\/1K79ZIL_kjLf0_fnoIK_dpbEQV9ThikgE\/view?usp=sharing\" target=\"_blank\">\n\n\t\t<svg aria-hidden=\"true\" class=\"e-font-icon-svg e-fas-check\" viewBox=\"0 0 512 512\" xmlns=\"http:\/\/www.w3.org\/2000\/svg\"><path d=\"M173.898 439.404l-166.4-166.4c-9.997-9.997-9.997-26.206 0-36.204l36.203-36.204c9.997-9.998 26.207-9.998 36.204 0L192 312.69 432.095 72.596c9.997-9.997 26.207-9.997 36.204 0l36.203 36.204c9.997 9.997 9.997 26.206 0 36.204l-294.4 294.401c-9.998 9.997-26.207 9.997-36.204-.001z\"><\/path><\/svg>\t\t\t\t\t\t\t\t<\/a>\n\t\t\t\t\t\t\t<\/div>\n\t\t\t\t\t\t<\/div>\n\t\t\t\t\t\t<div class=\"eael-feature-list-content-box\">\n                            <h2 class=\"eael-feature-list-title\"><a href=\"https:\/\/drive.google.com\/file\/d\/1K79ZIL_kjLf0_fnoIK_dpbEQV9ThikgE\/view?usp=sharing\" target=\"_blank\"> Normativa para aproveitamento de cr\u00e9ditos em atividades programadas<\/a><\/h2>\t\t\t\t\t\t<p class=\"eael-feature-list-content\">Institui a presente normativa, que regulamenta os crit\u00e9rios para o aproveitamento de cr\u00e9ditos em atividades programadas<\/p>\n\t\t\t\t\t\t<\/div>\n\n\t\t\t\t\t<\/li>\n\t\t\t\t                <li class=\"eael-feature-list-item elementor-repeater-item-8cbca7f\">\n                    \n\t\t\t\t\t\t<div class=\"eael-feature-list-icon-box\">\n\t\t\t\t\t\t\t<div class=\"eael-feature-list-icon-inner\">\n\n\t\t\t\t\t\t\t\t<a class=\"eael-feature-list-icon fl-icon-7\"href=\"https:\/\/drive.google.com\/file\/d\/10Usu1sZbEJjCUss6LjY2x8NDdzmw8FM7\/view?usp=drive_link\" target=\"_blank\">\n\n\t\t<svg aria-hidden=\"true\" class=\"e-font-icon-svg e-fas-check\" viewBox=\"0 0 512 512\" xmlns=\"http:\/\/www.w3.org\/2000\/svg\"><path d=\"M173.898 439.404l-166.4-166.4c-9.997-9.997-9.997-26.206 0-36.204l36.203-36.204c9.997-9.998 26.207-9.998 36.204 0L192 312.69 432.095 72.596c9.997-9.997 26.207-9.997 36.204 0l36.203 36.204c9.997 9.997 9.997 26.206 0 36.204l-294.4 294.401c-9.998 9.997-26.207 9.997-36.204-.001z\"><\/path><\/svg>\t\t\t\t\t\t\t\t<\/a>\n\t\t\t\t\t\t\t<\/div>\n\t\t\t\t\t\t<\/div>\n\t\t\t\t\t\t<div class=\"eael-feature-list-content-box\">\n                            <h2 class=\"eael-feature-list-title\"><a href=\"https:\/\/drive.google.com\/file\/d\/10Usu1sZbEJjCUss6LjY2x8NDdzmw8FM7\/view?usp=drive_link\" target=\"_blank\">Normativa da profici\u00eancia em l\u00edngua estrangeira (ingl\u00eas)<\/a><\/h2>\t\t\t\t\t\t<p class=\"eael-feature-list-content\">Institui a presente normativa para regulamentar a comprova\u00e7\u00e3o de profici\u00eancia em l\u00edngua estrangeira (ingl\u00eas) no \u00e2mbito do Programa<\/p>\n\t\t\t\t\t\t<\/div>\n\n\t\t\t\t\t<\/li>\n\t\t\t\t                <li class=\"eael-feature-list-item elementor-repeater-item-1c254e9\">\n                    \n\t\t\t\t\t\t<div class=\"eael-feature-list-icon-box\">\n\t\t\t\t\t\t\t<div class=\"eael-feature-list-icon-inner\">\n\n\t\t\t\t\t\t\t\t<a class=\"eael-feature-list-icon fl-icon-8\"href=\"https:\/\/drive.google.com\/file\/d\/11LqxTm98F7yQUI_l2YKDn-X-Wi-ug72Y\/view?usp=drive_link\" target=\"_blank\">\n\n\t\t<svg aria-hidden=\"true\" class=\"e-font-icon-svg e-fas-check\" viewBox=\"0 0 512 512\" xmlns=\"http:\/\/www.w3.org\/2000\/svg\"><path d=\"M173.898 439.404l-166.4-166.4c-9.997-9.997-9.997-26.206 0-36.204l36.203-36.204c9.997-9.998 26.207-9.998 36.204 0L192 312.69 432.095 72.596c9.997-9.997 26.207-9.997 36.204 0l36.203 36.204c9.997 9.997 9.997 26.206 0 36.204l-294.4 294.401c-9.998 9.997-26.207 9.997-36.204-.001z\"><\/path><\/svg>\t\t\t\t\t\t\t\t<\/a>\n\t\t\t\t\t\t\t<\/div>\n\t\t\t\t\t\t<\/div>\n\t\t\t\t\t\t<div class=\"eael-feature-list-content-box\">\n                            <h2 class=\"eael-feature-list-title\"><a href=\"https:\/\/drive.google.com\/file\/d\/11LqxTm98F7yQUI_l2YKDn-X-Wi-ug72Y\/view?usp=drive_link\" target=\"_blank\"> Normativa de apresenta\u00e7\u00e3o dos relat\u00f3rios de atividades semestrais dos alunos regulares<\/a><\/h2>\t\t\t\t\t\t<p class=\"eael-feature-list-content\">Institui a presente normativa que regulamenta a apresenta\u00e7\u00e3o dos Relat\u00f3rios de Atividades Semestrais dos alunos regulares do Programa<\/p>\n\t\t\t\t\t\t<\/div>\n\n\t\t\t\t\t<\/li>\n\t\t\t\t\t\t\t<\/ul>\n\t\t<\/div>\n\t\t\t\t\t\t<\/div>\n\t\t\t\t\t<\/div>\n\t\t\t\t<\/div>\n\t\t\t\t<\/div>\n\t\t","protected":false},"excerpt":{"rendered":"<p>Normas e Resolu\u00e7\u00f5es Regimento PROECE O Regimento do PROECE \u00e9 o documento oficial que estabelece as normas, diretrizes e regras de funcionamento do Programa de P\u00f3s-Gradua\u00e7\u00e3o em Enfermagem para o Cuidar-Educar (PROECE\/UNIFAP). Autoriza\u00e7\u00e3o Mec PORTARIA MEC N\u00famero 223, DE 20 DE MAR\u00c7O DE 2025. PDI O Plano de Desenvolvimento Institucional (PDI) foi elaborado na perspectiva&#8230;<\/p>\n","protected":false},"author":4049,"featured_media":0,"parent":24,"menu_order":0,"comment_status":"closed","ping_status":"closed","template":"","meta":{"inline_featured_image":false,"site-sidebar-layout":"no-sidebar","site-content-layout":"","ast-site-content-layout":"full-width-container","site-content-style":"default","site-sidebar-style":"default","ast-global-header-display":"","ast-banner-title-visibility":"","ast-main-header-display":"","ast-hfb-above-header-display":"","ast-hfb-below-header-display":"","ast-hfb-mobile-header-display":"","site-post-title":"disabled","ast-breadcrumbs-content":"","ast-featured-img":"disabled","footer-sml-layout":"","theme-transparent-header-meta":"default","adv-header-id-meta":"","stick-header-meta":"","header-above-stick-meta":"","header-main-stick-meta":"","header-below-stick-meta":"","astra-migrate-meta-layouts":"set","ast-page-background-enabled":"default","ast-page-background-meta":{"desktop":{"background-color":"var(--ast-global-color-5)","background-image":"","background-repeat":"repeat","background-position":"center center","background-size":"auto","background-attachment":"scroll","background-type":"","background-media":"","overlay-type":"","overlay-color":"","overlay-opacity":"","overlay-gradient":""},"tablet":{"background-color":"","background-image":"","background-repeat":"repeat","background-position":"center center","background-size":"auto","background-attachment":"scroll","background-type":"","background-media":"","overlay-type":"","overlay-color":"","overlay-opacity":"","overlay-gradient":""},"mobile":{"background-color":"","background-image":"","background-repeat":"repeat","background-position":"center center","background-size":"auto","background-attachment":"scroll","background-type":"","background-media":"","overlay-type":"","overlay-color":"","overlay-opacity":"","overlay-gradient":""}},"ast-content-background-meta":{"desktop":{"background-color":"var(--ast-global-color-4)","background-image":"","background-repeat":"repeat","background-position":"center center","background-size":"auto","background-attachment":"scroll","background-type":"","background-media":"","overlay-type":"","overlay-color":"","overlay-opacity":"","overlay-gradient":""},"tablet":{"background-color":"var(--ast-global-color-4)","background-image":"","background-repeat":"repeat","background-position":"center center","background-size":"auto","background-attachment":"scroll","background-type":"","background-media":"","overlay-type":"","overlay-color":"","overlay-opacity":"","overlay-gradient":""},"mobile":{"background-color":"var(--ast-global-color-4)","background-image":"","background-repeat":"repeat","background-position":"center center","background-size":"auto","background-attachment":"scroll","background-type":"","background-media":"","overlay-type":"","overlay-color":"","overlay-opacity":"","overlay-gradient":""}},"footnotes":""},"class_list":["post-373","page","type-page","status-publish","hentry"],"_links":{"self":[{"href":"https:\/\/www2.unifap.br\/proece\/wp-json\/wp\/v2\/pages\/373","targetHints":{"allow":["GET"]}}],"collection":[{"href":"https:\/\/www2.unifap.br\/proece\/wp-json\/wp\/v2\/pages"}],"about":[{"href":"https:\/\/www2.unifap.br\/proece\/wp-json\/wp\/v2\/types\/page"}],"author":[{"embeddable":true,"href":"https:\/\/www2.unifap.br\/proece\/wp-json\/wp\/v2\/users\/4049"}],"replies":[{"embeddable":true,"href":"https:\/\/www2.unifap.br\/proece\/wp-json\/wp\/v2\/comments?post=373"}],"version-history":[{"count":43,"href":"https:\/\/www2.unifap.br\/proece\/wp-json\/wp\/v2\/pages\/373\/revisions"}],"predecessor-version":[{"id":1631,"href":"https:\/\/www2.unifap.br\/proece\/wp-json\/wp\/v2\/pages\/373\/revisions\/1631"}],"up":[{"embeddable":true,"href":"https:\/\/www2.unifap.br\/proece\/wp-json\/wp\/v2\/pages\/24"}],"wp:attachment":[{"href":"https:\/\/www2.unifap.br\/proece\/wp-json\/wp\/v2\/media?parent=373"}],"curies":[{"name":"wp","href":"https:\/\/api.w.org\/{rel}","templated":true}]}}