{"id":382,"date":"2025-08-22T13:03:36","date_gmt":"2025-08-22T16:03:36","guid":{"rendered":"https:\/\/www2.unifap.br\/proece\/?page_id=382"},"modified":"2025-10-20T14:23:23","modified_gmt":"2025-10-20T17:23:23","slug":"area-e-linhas-de-pesquisa","status":"publish","type":"page","link":"https:\/\/www2.unifap.br\/proece\/o-programa\/area-e-linhas-de-pesquisa\/","title":{"rendered":"\u00c1rea de concentra\u00e7\u00e3o e Linhas de Pesquisa"},"content":{"rendered":"\t\t<div data-elementor-type=\"wp-page\" data-elementor-id=\"382\" class=\"elementor elementor-382\">\n\t\t\t\t<div class=\"elementor-element elementor-element-e5ee79d e-flex e-con-boxed e-con e-parent\" data-id=\"e5ee79d\" data-element_type=\"container\" data-e-type=\"container\" data-settings=\"{&quot;background_background&quot;:&quot;classic&quot;}\">\n\t\t\t\t\t<div class=\"e-con-inner\">\n\t\t\t\t<div class=\"elementor-element elementor-element-7089b0e elementor-invisible elementor-widget elementor-widget-heading\" data-id=\"7089b0e\" data-element_type=\"widget\" data-e-type=\"widget\" data-settings=\"{&quot;_animation&quot;:&quot;slideInLeft&quot;}\" data-widget_type=\"heading.default\">\n\t\t\t\t\t<h2 class=\"elementor-heading-title elementor-size-default\">\u00c1rea de concentra\u00e7\u00e3o e Linhas de Pesquisa<\/h2>\t\t\t\t<\/div>\n\t\t\t\t<div class=\"elementor-element elementor-element-6941a33 elementor-widget-divider--view-line elementor-invisible elementor-widget elementor-widget-divider\" data-id=\"6941a33\" data-element_type=\"widget\" data-e-type=\"widget\" data-settings=\"{&quot;_animation&quot;:&quot;slideInLeft&quot;}\" data-widget_type=\"divider.default\">\n\t\t\t\t\t\t\t<div class=\"elementor-divider\">\n\t\t\t<span class=\"elementor-divider-separator\">\n\t\t\t\t\t\t<\/span>\n\t\t<\/div>\n\t\t\t\t\t\t<\/div>\n\t\t\t\t\t<\/div>\n\t\t\t\t<\/div>\n\t\t<div class=\"elementor-element elementor-element-ba1c74b e-flex e-con-boxed e-con e-parent\" data-id=\"ba1c74b\" data-element_type=\"container\" data-e-type=\"container\">\n\t\t\t\t\t<div class=\"e-con-inner\">\n\t\t\t\t<div class=\"elementor-element elementor-element-f40e517 elementor-widget elementor-widget-eael-adv-tabs\" data-id=\"f40e517\" data-element_type=\"widget\" data-e-type=\"widget\" data-widget_type=\"eael-adv-tabs.default\">\n\t\t\t\t\t        <div data-scroll-on-click=\"no\" data-scroll-speed=\"300\" id=\"eael-advance-tabs-f40e517\" class=\"eael-advance-tabs eael-tabs-horizontal eael-tab-auto-active \" data-tabid=\"f40e517\">\n            <div class=\"eael-tabs-nav\">\n                <ul class=\"eael-tab-inline-icon\" role=\"tablist\">\n                                            <li id=\"rea-de-concentrao-\" class=\"inactive eael-tab-item-trigger eael-tab-nav-item\" aria-selected=\"true\" data-tab=\"1\" role=\"tab\" tabindex=\"0\" aria-controls=\"rea-de-concentrao--tab\" aria-expanded=\"false\">\n                            \n                                                                <svg class=\"e-font-icon-svg e-fas-search\" viewBox=\"0 0 512 512\" xmlns=\"http:\/\/www.w3.org\/2000\/svg\"><path d=\"M505 442.7L405.3 343c-4.5-4.5-10.6-7-17-7H372c27.6-35.3 44-79.7 44-128C416 93.1 322.9 0 208 0S0 93.1 0 208s93.1 208 208 208c48.3 0 92.7-16.4 128-44v16.3c0 6.4 2.5 12.5 7 17l99.7 99.7c9.4 9.4 24.6 9.4 33.9 0l28.3-28.3c9.4-9.4 9.4-24.6.1-34zM208 336c-70.7 0-128-57.2-128-128 0-70.7 57.2-128 128-128 70.7 0 128 57.2 128 128 0 70.7-57.2 128-128 128z\"><\/path><\/svg>                                                            \n                                                            <span class=\"eael-tab-title title-after-icon\" >\u00c1rea de concentra\u00e7\u00e3o <\/span>                            \n                                                    <\/li>\n                                            <li id=\"linha-de-pesquisa-1\" class=\"inactive eael-tab-item-trigger eael-tab-nav-item\" aria-selected=\"false\" data-tab=\"2\" role=\"tab\" tabindex=\"-1\" aria-controls=\"linha-de-pesquisa-1-tab\" aria-expanded=\"false\">\n                            \n                                                                <svg class=\"e-font-icon-svg e-fas-search\" viewBox=\"0 0 512 512\" xmlns=\"http:\/\/www.w3.org\/2000\/svg\"><path d=\"M505 442.7L405.3 343c-4.5-4.5-10.6-7-17-7H372c27.6-35.3 44-79.7 44-128C416 93.1 322.9 0 208 0S0 93.1 0 208s93.1 208 208 208c48.3 0 92.7-16.4 128-44v16.3c0 6.4 2.5 12.5 7 17l99.7 99.7c9.4 9.4 24.6 9.4 33.9 0l28.3-28.3c9.4-9.4 9.4-24.6.1-34zM208 336c-70.7 0-128-57.2-128-128 0-70.7 57.2-128 128-128 70.7 0 128 57.2 128 128 0 70.7-57.2 128-128 128z\"><\/path><\/svg>                                                            \n                                                            <span class=\"eael-tab-title title-after-icon\" >Linha de Pesquisa 1<\/span>                            \n                                                    <\/li>\n                                            <li id=\"linha-de-pesquisa-2\" class=\"inactive eael-tab-item-trigger eael-tab-nav-item\" aria-selected=\"false\" data-tab=\"3\" role=\"tab\" tabindex=\"-1\" aria-controls=\"linha-de-pesquisa-2-tab\" aria-expanded=\"false\">\n                            \n                                                                <svg class=\"e-font-icon-svg e-fas-search\" viewBox=\"0 0 512 512\" xmlns=\"http:\/\/www.w3.org\/2000\/svg\"><path d=\"M505 442.7L405.3 343c-4.5-4.5-10.6-7-17-7H372c27.6-35.3 44-79.7 44-128C416 93.1 322.9 0 208 0S0 93.1 0 208s93.1 208 208 208c48.3 0 92.7-16.4 128-44v16.3c0 6.4 2.5 12.5 7 17l99.7 99.7c9.4 9.4 24.6 9.4 33.9 0l28.3-28.3c9.4-9.4 9.4-24.6.1-34zM208 336c-70.7 0-128-57.2-128-128 0-70.7 57.2-128 128-128 70.7 0 128 57.2 128 128 0 70.7-57.2 128-128 128z\"><\/path><\/svg>                                                            \n                                                            <span class=\"eael-tab-title title-after-icon\" >Linha de Pesquisa 2<\/span>                            \n                                                    <\/li>\n                                    <\/ul>\n            <\/div>\n            \n            <div class=\"eael-tabs-content\">\n\t\t        \n                    <div id=\"rea-de-concentrao--tab\" class=\"clearfix eael-tab-content-item inactive\" data-title-link=\"rea-de-concentrao--tab\">\n\t\t\t\t        <p><strong>Produtos e processos para o cuidar-educar em enfermagem de grupos em condi\u00e7\u00f5es de vulnerabilidade na Amaz\u00f4nia<\/strong><\/p><p>Estudos sobre o processo de sa\u00fade\/doen\u00e7a das grandes causas de morbidade e ou mortalidade: doen\u00e7as infecciosas, parasit\u00e1rias, maternas, perinatais, infantojuvenis e nutricionais; condi\u00e7\u00f5es\/doen\u00e7as n\u00e3o transmiss\u00edveis. Estudos epidemiol\u00f3gicos, sobre causas externas, ambientais e sociais que afetam a sa\u00fade humana e qualidade de vida. Desenvolvimento de pr\u00e1ticas inovadoras de Enfermagem, produ\u00e7\u00e3o de saberes, processos e produtos para o cuidar &#8211; educar com \u00eanfase em grupos humanos vulner\u00e1veis. Proposi\u00e7\u00e3o de tecnologias para o cuidado individual e coletivo e de pol\u00edticas p\u00fablicas, com foco na integralidade e equidade, para constru\u00e7\u00e3o de redes que sejam geradoras de mudan\u00e7as no trabalho de Enfermagem e Sa\u00fade das popula\u00e7\u00f5es vulner\u00e1veis.<\/p>                    <\/div>\n\t\t        \n                    <div id=\"linha-de-pesquisa-1-tab\" class=\"clearfix eael-tab-content-item inactive\" data-title-link=\"linha-de-pesquisa-1-tab\">\n\t\t\t\t        <p><strong>Produtos e processos em enfermagem para o cuidar-educar no contexto das doen\u00e7as infecciosas, parasit\u00e1rias, <\/strong><strong>maternas, perinatais, <\/strong><strong>infantojuvenis e nutricionais<\/strong><\/p><p>Compreende tem\u00e1ticas voltadas \u00e0 produ\u00e7\u00e3o de saberes, tecnologias e pr\u00e1ticas no campo das doen\u00e7as infecciosas, parasit\u00e1rias, maternas, perinatais, infantojuvenis e nutricionais. Essa linha fundamenta-se nos determinantes sociais, econ\u00f4micos e ambientais, pautando-se em uma perspectiva que incorpora m\u00e9todos e categorias de an\u00e1lise e que contribuam para ampliar e qualificar a aten\u00e7\u00e3o, com produ\u00e7\u00e3o de cuidados humanizados baseados nas melhores evid\u00eancias cient\u00edficas. Abordando a formula\u00e7\u00e3o, implementa\u00e7\u00e3o, monitoramento e avalia\u00e7\u00e3o de pol\u00edticas e programas de sa\u00fade.<\/p>                    <\/div>\n\t\t        \n                    <div id=\"linha-de-pesquisa-2-tab\" class=\"clearfix eael-tab-content-item inactive\" data-title-link=\"linha-de-pesquisa-2-tab\">\n\t\t\t\t        <p><strong>Produtos e processos em <\/strong><strong>enfermagem para o cuidar-educar de pessoas no contexto das doen\u00e7as e agravos n\u00e3o-<\/strong><strong>transmiss\u00edveis<\/strong><\/p><p>Estudo e produ\u00e7\u00e3o de saberes e tecnologias sobre condi\u00e7\u00f5es e agravos n\u00e3o transmiss\u00edveis, doen\u00e7as cr\u00f4nicas, causas externas e de outras doen\u00e7as relacionadas, bem como os efeitos vivenciados pela popula\u00e7\u00e3o brasileira e no contexto amaz\u00f4nico. Envolve o estudo de fatores de risco, das pr\u00e1ticas e dos processos de transforma\u00e7\u00f5es demogr\u00e1ficas, sobretudo o envelhecimento e as modifica\u00e7\u00f5es no padr\u00e3o de sa\u00fade, decorrentes de exposi\u00e7\u00f5es ambientais, h\u00e1bitos e comportamentos vinculados ao fen\u00f4meno de urbaniza\u00e7\u00e3o crescente, abordando o cuidar e educar da popula\u00e7\u00e3o.<\/p>                    <\/div>\n\t\t                    <\/div>\n        <\/div>\n\t\t\t\t<\/div>\n\t\t\t\t\t<\/div>\n\t\t\t\t<\/div>\n\t\t\t\t<\/div>\n\t\t","protected":false},"excerpt":{"rendered":"<p>\u00c1rea de concentra\u00e7\u00e3o e Linhas de Pesquisa \u00c1rea de concentra\u00e7\u00e3o Linha de Pesquisa 1 Linha de Pesquisa 2 Produtos e processos para o cuidar-educar em enfermagem de grupos em condi\u00e7\u00f5es de vulnerabilidade na Amaz\u00f4nia Estudos sobre o processo de sa\u00fade\/doen\u00e7a das grandes causas de morbidade e ou mortalidade: doen\u00e7as infecciosas, parasit\u00e1rias, maternas, perinatais, infantojuvenis e&#8230;<\/p>\n","protected":false},"author":4049,"featured_media":0,"parent":24,"menu_order":0,"comment_status":"closed","ping_status":"closed","template":"","meta":{"inline_featured_image":false,"site-sidebar-layout":"no-sidebar","site-content-layout":"","ast-site-content-layout":"full-width-container","site-content-style":"default","site-sidebar-style":"default","ast-global-header-display":"","ast-banner-title-visibility":"","ast-main-header-display":"","ast-hfb-above-header-display":"","ast-hfb-below-header-display":"","ast-hfb-mobile-header-display":"","site-post-title":"disabled","ast-breadcrumbs-content":"","ast-featured-img":"disabled","footer-sml-layout":"","theme-transparent-header-meta":"default","adv-header-id-meta":"","stick-header-meta":"","header-above-stick-meta":"","header-main-stick-meta":"","header-below-stick-meta":"","astra-migrate-meta-layouts":"set","ast-page-background-enabled":"default","ast-page-background-meta":{"desktop":{"background-color":"var(--ast-global-color-5)","background-image":"","background-repeat":"repeat","background-position":"center center","background-size":"auto","background-attachment":"scroll","background-type":"","background-media":"","overlay-type":"","overlay-color":"","overlay-opacity":"","overlay-gradient":""},"tablet":{"background-color":"","background-image":"","background-repeat":"repeat","background-position":"center center","background-size":"auto","background-attachment":"scroll","background-type":"","background-media":"","overlay-type":"","overlay-color":"","overlay-opacity":"","overlay-gradient":""},"mobile":{"background-color":"","background-image":"","background-repeat":"repeat","background-position":"center center","background-size":"auto","background-attachment":"scroll","background-type":"","background-media":"","overlay-type":"","overlay-color":"","overlay-opacity":"","overlay-gradient":""}},"ast-content-background-meta":{"desktop":{"background-color":"var(--ast-global-color-4)","background-image":"","background-repeat":"repeat","background-position":"center center","background-size":"auto","background-attachment":"scroll","background-type":"","background-media":"","overlay-type":"","overlay-color":"","overlay-opacity":"","overlay-gradient":""},"tablet":{"background-color":"var(--ast-global-color-4)","background-image":"","background-repeat":"repeat","background-position":"center center","background-size":"auto","background-attachment":"scroll","background-type":"","background-media":"","overlay-type":"","overlay-color":"","overlay-opacity":"","overlay-gradient":""},"mobile":{"background-color":"var(--ast-global-color-4)","background-image":"","background-repeat":"repeat","background-position":"center center","background-size":"auto","background-attachment":"scroll","background-type":"","background-media":"","overlay-type":"","overlay-color":"","overlay-opacity":"","overlay-gradient":""}},"footnotes":""},"class_list":["post-382","page","type-page","status-publish","hentry"],"_links":{"self":[{"href":"https:\/\/www2.unifap.br\/proece\/wp-json\/wp\/v2\/pages\/382","targetHints":{"allow":["GET"]}}],"collection":[{"href":"https:\/\/www2.unifap.br\/proece\/wp-json\/wp\/v2\/pages"}],"about":[{"href":"https:\/\/www2.unifap.br\/proece\/wp-json\/wp\/v2\/types\/page"}],"author":[{"embeddable":true,"href":"https:\/\/www2.unifap.br\/proece\/wp-json\/wp\/v2\/users\/4049"}],"replies":[{"embeddable":true,"href":"https:\/\/www2.unifap.br\/proece\/wp-json\/wp\/v2\/comments?post=382"}],"version-history":[{"count":10,"href":"https:\/\/www2.unifap.br\/proece\/wp-json\/wp\/v2\/pages\/382\/revisions"}],"predecessor-version":[{"id":1376,"href":"https:\/\/www2.unifap.br\/proece\/wp-json\/wp\/v2\/pages\/382\/revisions\/1376"}],"up":[{"embeddable":true,"href":"https:\/\/www2.unifap.br\/proece\/wp-json\/wp\/v2\/pages\/24"}],"wp:attachment":[{"href":"https:\/\/www2.unifap.br\/proece\/wp-json\/wp\/v2\/media?parent=382"}],"curies":[{"name":"wp","href":"https:\/\/api.w.org\/{rel}","templated":true}]}}