{"id":468,"date":"2025-08-22T15:55:42","date_gmt":"2025-08-22T18:55:42","guid":{"rendered":"https:\/\/www2.unifap.br\/proece\/?page_id=468"},"modified":"2025-09-13T16:11:26","modified_gmt":"2025-09-13T19:11:26","slug":"grupos-de-pesquisa","status":"publish","type":"page","link":"https:\/\/www2.unifap.br\/proece\/docentes\/grupos-de-pesquisa\/","title":{"rendered":"Grupos de Pesquisa"},"content":{"rendered":"\t\t<div data-elementor-type=\"wp-page\" data-elementor-id=\"468\" class=\"elementor elementor-468\">\n\t\t\t\t<div class=\"elementor-element elementor-element-1bbbfa0 e-flex e-con-boxed e-con e-parent\" data-id=\"1bbbfa0\" data-element_type=\"container\" data-e-type=\"container\" data-settings=\"{&quot;background_background&quot;:&quot;classic&quot;}\">\n\t\t\t\t\t<div class=\"e-con-inner\">\n\t\t\t\t<div class=\"elementor-element elementor-element-7392917 elementor-invisible elementor-widget elementor-widget-heading\" data-id=\"7392917\" data-element_type=\"widget\" data-e-type=\"widget\" data-settings=\"{&quot;_animation&quot;:&quot;slideInLeft&quot;}\" data-widget_type=\"heading.default\">\n\t\t\t\t\t<h2 class=\"elementor-heading-title elementor-size-default\">Grupos de Pesquisa\n<\/h2>\t\t\t\t<\/div>\n\t\t\t\t<div class=\"elementor-element elementor-element-16aa36f elementor-widget-divider--view-line elementor-invisible elementor-widget elementor-widget-divider\" data-id=\"16aa36f\" data-element_type=\"widget\" data-e-type=\"widget\" data-settings=\"{&quot;_animation&quot;:&quot;slideInLeft&quot;}\" data-widget_type=\"divider.default\">\n\t\t\t\t\t\t\t<div class=\"elementor-divider\">\n\t\t\t<span class=\"elementor-divider-separator\">\n\t\t\t\t\t\t<\/span>\n\t\t<\/div>\n\t\t\t\t\t\t<\/div>\n\t\t\t\t\t<\/div>\n\t\t\t\t<\/div>\n\t\t<div class=\"elementor-element elementor-element-68807b4 e-grid e-con-boxed e-con e-parent\" data-id=\"68807b4\" data-element_type=\"container\" data-e-type=\"container\">\n\t\t\t\t\t<div class=\"e-con-inner\">\n\t\t\t\t<div class=\"elementor-element elementor-element-e4bdbc3 elementor-position-left elementor-widget__width-initial elementor-vertical-align-top elementor-widget elementor-widget-image-box\" data-id=\"e4bdbc3\" data-element_type=\"widget\" data-e-type=\"widget\" data-widget_type=\"image-box.default\">\n\t\t\t\t\t<div class=\"elementor-image-box-wrapper\"><figure class=\"elementor-image-box-img\"><a href=\"http:\/\/dgp.cnpq.br\/dgp\/espelhogrupo\/5713186355000277\" target=\"_blank\" tabindex=\"-1\"><img fetchpriority=\"high\" decoding=\"async\" width=\"1080\" height=\"1080\" src=\"https:\/\/www2.unifap.br\/proece\/files\/2025\/09\/WhatsApp-Image-2025-09-13-at-09.36.49.jpeg\" class=\"attachment-full size-full wp-image-1201\" alt=\"\" srcset=\"https:\/\/www2.unifap.br\/proece\/files\/2025\/09\/WhatsApp-Image-2025-09-13-at-09.36.49.jpeg 1080w, https:\/\/www2.unifap.br\/proece\/files\/2025\/09\/WhatsApp-Image-2025-09-13-at-09.36.49-300x300.jpeg 300w, https:\/\/www2.unifap.br\/proece\/files\/2025\/09\/WhatsApp-Image-2025-09-13-at-09.36.49-1024x1024.jpeg 1024w, https:\/\/www2.unifap.br\/proece\/files\/2025\/09\/WhatsApp-Image-2025-09-13-at-09.36.49-150x150.jpeg 150w, https:\/\/www2.unifap.br\/proece\/files\/2025\/09\/WhatsApp-Image-2025-09-13-at-09.36.49-768x768.jpeg 768w\" sizes=\"(max-width: 1080px) 100vw, 1080px\" \/><\/a><\/figure><div class=\"elementor-image-box-content\"><h3 class=\"elementor-image-box-title\"><a href=\"http:\/\/dgp.cnpq.br\/dgp\/espelhogrupo\/5713186355000277\" target=\"_blank\">Grupo de Pesquisa Enfermagem em Sa\u00fade Mental e Psiquiatria - GPESMP<\/a><\/h3><p class=\"elementor-image-box-description\"><b>L\u00edderes do grupo:<\/b>  Dr. Jos\u00e9 Luis da Cunha Pena (PROECE) e Dr. Darci Francisco dos Santos Junior<\/p><\/div><\/div>\t\t\t\t<\/div>\n\t\t\t\t<div class=\"elementor-element elementor-element-edc105a elementor-position-left elementor-widget__width-initial elementor-vertical-align-top elementor-widget elementor-widget-image-box\" data-id=\"edc105a\" data-element_type=\"widget\" data-e-type=\"widget\" data-widget_type=\"image-box.default\">\n\t\t\t\t\t<div class=\"elementor-image-box-wrapper\"><figure class=\"elementor-image-box-img\"><a href=\"http:\/\/dgp.cnpq.br\/dgp\/espelhogrupo\/3797423728837800\" target=\"_blank\" tabindex=\"-1\"><img decoding=\"async\" width=\"1170\" height=\"530\" src=\"https:\/\/www2.unifap.br\/proece\/files\/2025\/09\/WhatsApp-Image-2025-09-13-at-12.15.40-1.jpeg\" class=\"attachment-full size-full wp-image-1207\" alt=\"\" srcset=\"https:\/\/www2.unifap.br\/proece\/files\/2025\/09\/WhatsApp-Image-2025-09-13-at-12.15.40-1.jpeg 1170w, https:\/\/www2.unifap.br\/proece\/files\/2025\/09\/WhatsApp-Image-2025-09-13-at-12.15.40-1-300x136.jpeg 300w, https:\/\/www2.unifap.br\/proece\/files\/2025\/09\/WhatsApp-Image-2025-09-13-at-12.15.40-1-1024x464.jpeg 1024w, https:\/\/www2.unifap.br\/proece\/files\/2025\/09\/WhatsApp-Image-2025-09-13-at-12.15.40-1-768x348.jpeg 768w\" sizes=\"(max-width: 1170px) 100vw, 1170px\" \/><\/a><\/figure><div class=\"elementor-image-box-content\"><h3 class=\"elementor-image-box-title\"><a href=\"http:\/\/dgp.cnpq.br\/dgp\/espelhogrupo\/3797423728837800\" target=\"_blank\">N\u00facleo de Pesquisa em Bio\u00e9tica e Sa\u00fade Coletiva\/Amap\u00e1 - NUPEBISC\/AP<\/a><\/h3><p class=\"elementor-image-box-description\"><b>L\u00edderes do grupo:<\/b>  Dra. Luzilena de Sousa Prud\u00eancio (PROECE) e  Me. Rosana Oliveira do Nascimento<\/p><\/div><\/div>\t\t\t\t<\/div>\n\t\t\t\t\t<\/div>\n\t\t\t\t<\/div>\n\t\t<div class=\"elementor-element elementor-element-7a90a69 e-grid e-con-boxed e-con e-parent\" data-id=\"7a90a69\" data-element_type=\"container\" data-e-type=\"container\">\n\t\t\t\t\t<div class=\"e-con-inner\">\n\t\t\t\t<div class=\"elementor-element elementor-element-403aad9 elementor-position-left elementor-widget__width-initial elementor-vertical-align-top elementor-widget elementor-widget-image-box\" data-id=\"403aad9\" data-element_type=\"widget\" data-e-type=\"widget\" data-widget_type=\"image-box.default\">\n\t\t\t\t\t<div class=\"elementor-image-box-wrapper\"><figure class=\"elementor-image-box-img\"><a href=\"http:\/\/dgp.cnpq.br\/dgp\/espelhogrupo\/1678710983569594\" target=\"_blank\" tabindex=\"-1\"><img decoding=\"async\" width=\"640\" height=\"640\" src=\"https:\/\/www2.unifap.br\/proece\/files\/2025\/09\/WhatsApp-Image-2025-09-13-at-13.24.53.jpeg\" class=\"attachment-full size-full wp-image-1215\" alt=\"\" srcset=\"https:\/\/www2.unifap.br\/proece\/files\/2025\/09\/WhatsApp-Image-2025-09-13-at-13.24.53.jpeg 640w, https:\/\/www2.unifap.br\/proece\/files\/2025\/09\/WhatsApp-Image-2025-09-13-at-13.24.53-300x300.jpeg 300w, https:\/\/www2.unifap.br\/proece\/files\/2025\/09\/WhatsApp-Image-2025-09-13-at-13.24.53-150x150.jpeg 150w\" sizes=\"(max-width: 640px) 100vw, 640px\" \/><\/a><\/figure><div class=\"elementor-image-box-content\"><h3 class=\"elementor-image-box-title\"><a href=\"http:\/\/dgp.cnpq.br\/dgp\/espelhogrupo\/1678710983569594\" target=\"_blank\">Grupo de Estudos e Pesquisas Materno Infantil - GEPMI<\/a><\/h3><p class=\"elementor-image-box-description\"><b>L\u00edderes do grupo: <\/b>Dra. Nely Dayse Santos da Mata (PROECE) e Dra. Tatiana do Socorro dos Santos Calandrini<\/p><\/div><\/div>\t\t\t\t<\/div>\n\t\t\t\t<div class=\"elementor-element elementor-element-e9b50f5 elementor-position-left elementor-widget__width-initial elementor-vertical-align-top elementor-widget elementor-widget-image-box\" data-id=\"e9b50f5\" data-element_type=\"widget\" data-e-type=\"widget\" data-widget_type=\"image-box.default\">\n\t\t\t\t\t<div class=\"elementor-image-box-wrapper\"><figure class=\"elementor-image-box-img\"><a href=\"http:\/\/dgp.cnpq.br\/dgp\/espelhogrupo\/4118204120461659\" target=\"_blank\" tabindex=\"-1\"><img loading=\"lazy\" decoding=\"async\" width=\"500\" height=\"500\" src=\"https:\/\/www2.unifap.br\/proece\/files\/2025\/09\/WhatsApp-Image-2025-09-08-at-20.41.57.jpeg\" class=\"attachment-full size-full wp-image-1226\" alt=\"\" srcset=\"https:\/\/www2.unifap.br\/proece\/files\/2025\/09\/WhatsApp-Image-2025-09-08-at-20.41.57.jpeg 500w, https:\/\/www2.unifap.br\/proece\/files\/2025\/09\/WhatsApp-Image-2025-09-08-at-20.41.57-300x300.jpeg 300w, https:\/\/www2.unifap.br\/proece\/files\/2025\/09\/WhatsApp-Image-2025-09-08-at-20.41.57-150x150.jpeg 150w\" sizes=\"(max-width: 500px) 100vw, 500px\" \/><\/a><\/figure><div class=\"elementor-image-box-content\"><h3 class=\"elementor-image-box-title\"><a href=\"http:\/\/dgp.cnpq.br\/dgp\/espelhogrupo\/4118204120461659\" target=\"_blank\">Grupo de estudo multidisciplinar em Biologia e Sa\u00fade<\/a><\/h3><p class=\"elementor-image-box-description\"><b>L\u00edderes do grupo: <\/b>Dra. Inana Fauro de Ara\u00fajo (PROECE) e Dr. Edcarlos Vasconcelos da Silva<\/p><\/div><\/div>\t\t\t\t<\/div>\n\t\t\t\t\t<\/div>\n\t\t\t\t<\/div>\n\t\t<div class=\"elementor-element elementor-element-04865fd e-grid e-con-boxed e-con e-parent\" data-id=\"04865fd\" data-element_type=\"container\" data-e-type=\"container\">\n\t\t\t\t\t<div class=\"e-con-inner\">\n\t\t\t\t<div class=\"elementor-element elementor-element-6099923 elementor-position-left elementor-widget__width-initial elementor-vertical-align-top elementor-widget elementor-widget-image-box\" data-id=\"6099923\" data-element_type=\"widget\" data-e-type=\"widget\" data-widget_type=\"image-box.default\">\n\t\t\t\t\t<div class=\"elementor-image-box-wrapper\"><figure class=\"elementor-image-box-img\"><a href=\"http:\/\/dgp.cnpq.br\/dgp\/espelhogrupo\/8454073726996691\" target=\"_blank\" tabindex=\"-1\"><img loading=\"lazy\" decoding=\"async\" width=\"1254\" height=\"596\" src=\"https:\/\/www2.unifap.br\/proece\/files\/2025\/09\/seta-copia.jpeg\" class=\"attachment-full size-full wp-image-1236\" alt=\"\" srcset=\"https:\/\/www2.unifap.br\/proece\/files\/2025\/09\/seta-copia.jpeg 1254w, https:\/\/www2.unifap.br\/proece\/files\/2025\/09\/seta-copia-300x143.jpeg 300w, https:\/\/www2.unifap.br\/proece\/files\/2025\/09\/seta-copia-1024x487.jpeg 1024w, https:\/\/www2.unifap.br\/proece\/files\/2025\/09\/seta-copia-768x365.jpeg 768w\" sizes=\"(max-width: 1254px) 100vw, 1254px\" \/><\/a><\/figure><div class=\"elementor-image-box-content\"><h3 class=\"elementor-image-box-title\"><a href=\"http:\/\/dgp.cnpq.br\/dgp\/espelhogrupo\/8454073726996691\" target=\"_blank\">Sa\u00fade, Educa\u00e7\u00e3o e Tecnologias com popula\u00e7\u00f5es vulner\u00e1veis na Amaz\u00f4nia (SETA)<\/a><\/h3><p class=\"elementor-image-box-description\"><b>L\u00edderes do grupo: <\/b>Dra. Camila Rodrigues Barbosa Nemer (PROECE) e Dra. Lethicia Barreto Brand\u00e3o (PROECE)<\/p><\/div><\/div>\t\t\t\t<\/div>\n\t\t\t\t<div class=\"elementor-element elementor-element-a2d592f elementor-position-left elementor-widget__width-initial elementor-vertical-align-top elementor-widget elementor-widget-image-box\" data-id=\"a2d592f\" data-element_type=\"widget\" data-e-type=\"widget\" data-widget_type=\"image-box.default\">\n\t\t\t\t\t<div class=\"elementor-image-box-wrapper\"><figure class=\"elementor-image-box-img\"><a href=\"http:\/\/dgp.cnpq.br\/dgp\/espelhogrupo\/7695373242385848\" target=\"_blank\" tabindex=\"-1\"><img loading=\"lazy\" decoding=\"async\" width=\"1391\" height=\"1252\" src=\"https:\/\/www2.unifap.br\/proece\/files\/2025\/09\/WhatsApp-Image-2025-09-13-at-13.48.55.jpeg\" class=\"attachment-full size-full wp-image-1243\" alt=\"\" srcset=\"https:\/\/www2.unifap.br\/proece\/files\/2025\/09\/WhatsApp-Image-2025-09-13-at-13.48.55.jpeg 1391w, https:\/\/www2.unifap.br\/proece\/files\/2025\/09\/WhatsApp-Image-2025-09-13-at-13.48.55-300x270.jpeg 300w, https:\/\/www2.unifap.br\/proece\/files\/2025\/09\/WhatsApp-Image-2025-09-13-at-13.48.55-1024x922.jpeg 1024w, https:\/\/www2.unifap.br\/proece\/files\/2025\/09\/WhatsApp-Image-2025-09-13-at-13.48.55-768x691.jpeg 768w\" sizes=\"(max-width: 1391px) 100vw, 1391px\" \/><\/a><\/figure><div class=\"elementor-image-box-content\"><h3 class=\"elementor-image-box-title\"><a href=\"http:\/\/dgp.cnpq.br\/dgp\/espelhogrupo\/7695373242385848\" target=\"_blank\">Grupo de Estudos em Doen\u00e7as e Agravos Cr\u00f4nicos Transmiss\u00edveis e N\u00e3o-transmiss\u00edveis - GEDAC<\/a><\/h3><p class=\"elementor-image-box-description\"><b>L\u00edderes do grupo: <\/b>Dra. Francineide Pereira da Silva Pena (PROECE) e Dra. Samea Marine Pimentel Verga (PROECE)<\/p><\/div><\/div>\t\t\t\t<\/div>\n\t\t\t\t\t<\/div>\n\t\t\t\t<\/div>\n\t\t<div class=\"elementor-element elementor-element-1fb12c0 e-grid e-con-boxed e-con e-parent\" data-id=\"1fb12c0\" data-element_type=\"container\" data-e-type=\"container\">\n\t\t\t\t\t<div class=\"e-con-inner\">\n\t\t\t\t<div class=\"elementor-element elementor-element-4435c3e elementor-position-left elementor-widget__width-initial elementor-vertical-align-top elementor-widget elementor-widget-image-box\" data-id=\"4435c3e\" data-element_type=\"widget\" data-e-type=\"widget\" data-widget_type=\"image-box.default\">\n\t\t\t\t\t<div class=\"elementor-image-box-wrapper\"><figure class=\"elementor-image-box-img\"><a href=\"http:\/\/dgp.cnpq.br\/dgp\/espelhogrupo\/3983542274087493\" target=\"_blank\" tabindex=\"-1\"><img loading=\"lazy\" decoding=\"async\" width=\"188\" height=\"58\" src=\"https:\/\/www2.unifap.br\/proece\/files\/2025\/09\/OIP.jpeg\" class=\"attachment-full size-full wp-image-1253\" alt=\"\" \/><\/a><\/figure><div class=\"elementor-image-box-content\"><h3 class=\"elementor-image-box-title\"><a href=\"http:\/\/dgp.cnpq.br\/dgp\/espelhogrupo\/3983542274087493\" target=\"_blank\">REMIS - N\u00facleo de Estudos e Pesquisas em Reabilita\u00e7\u00e3o, Movimento e Inclus\u00e3o Social<\/a><\/h3><p class=\"elementor-image-box-description\"><b>L\u00edderes do grupo: <\/b>Dr. Elinaldo da Concei\u00e7\u00e3o dos Santos (PROECE) e Dra. Nelma Nunes da Silva<\/p><\/div><\/div>\t\t\t\t<\/div>\n\t\t\t\t<div class=\"elementor-element elementor-element-2c3c227 elementor-position-left elementor-widget__width-initial elementor-vertical-align-top elementor-widget elementor-widget-image-box\" data-id=\"2c3c227\" data-element_type=\"widget\" data-e-type=\"widget\" data-widget_type=\"image-box.default\">\n\t\t\t\t\t<div class=\"elementor-image-box-wrapper\"><figure class=\"elementor-image-box-img\"><a href=\"http:\/\/dgp.cnpq.br\/dgp\/espelhogrupo\/5458519807859912\" target=\"_blank\" tabindex=\"-1\"><img loading=\"lazy\" decoding=\"async\" width=\"188\" height=\"58\" src=\"https:\/\/www2.unifap.br\/proece\/files\/2025\/09\/OIP.jpeg\" class=\"attachment-full size-full wp-image-1253\" alt=\"\" \/><\/a><\/figure><div class=\"elementor-image-box-content\"><h3 class=\"elementor-image-box-title\"><a href=\"http:\/\/dgp.cnpq.br\/dgp\/espelhogrupo\/5458519807859912\" target=\"_blank\">Vulnerabilidade em sa\u00fade da popula\u00e7\u00e3o residente na fronteira Franco-Brasileira<\/a><\/h3><p class=\"elementor-image-box-description\"><b>L\u00edderes do grupo: <\/b>Dr. Benedito de Souza Guimar\u00e3es Junior e Dra.\nVeridiana Barreto do Nascimento (PROECE)<\/p><\/div><\/div>\t\t\t\t<\/div>\n\t\t\t\t\t<\/div>\n\t\t\t\t<\/div>\n\t\t\t\t<\/div>\n\t\t","protected":false},"excerpt":{"rendered":"<p>Grupos de Pesquisa Grupo de Pesquisa Enfermagem em Sa\u00fade Mental e Psiquiatria &#8211; GPESMP L\u00edderes do grupo: Dr. Jos\u00e9 Luis da Cunha Pena (PROECE) e Dr. Darci Francisco dos Santos Junior N\u00facleo de Pesquisa em Bio\u00e9tica e Sa\u00fade Coletiva\/Amap\u00e1 &#8211; NUPEBISC\/AP L\u00edderes do grupo: Dra. Luzilena de Sousa Prud\u00eancio (PROECE) e Me. Rosana Oliveira do&#8230;<\/p>\n","protected":false},"author":4049,"featured_media":0,"parent":228,"menu_order":0,"comment_status":"closed","ping_status":"closed","template":"","meta":{"inline_featured_image":false,"site-sidebar-layout":"no-sidebar","site-content-layout":"","ast-site-content-layout":"full-width-container","site-content-style":"default","site-sidebar-style":"default","ast-global-header-display":"","ast-banner-title-visibility":"","ast-main-header-display":"","ast-hfb-above-header-display":"","ast-hfb-below-header-display":"","ast-hfb-mobile-header-display":"","site-post-title":"disabled","ast-breadcrumbs-content":"","ast-featured-img":"disabled","footer-sml-layout":"","theme-transparent-header-meta":"default","adv-header-id-meta":"","stick-header-meta":"","header-above-stick-meta":"","header-main-stick-meta":"","header-below-stick-meta":"","astra-migrate-meta-layouts":"set","ast-page-background-enabled":"default","ast-page-background-meta":{"desktop":{"background-color":"var(--ast-global-color-5)","background-image":"","background-repeat":"repeat","background-position":"center center","background-size":"auto","background-attachment":"scroll","background-type":"","background-media":"","overlay-type":"","overlay-color":"","overlay-opacity":"","overlay-gradient":""},"tablet":{"background-color":"","background-image":"","background-repeat":"repeat","background-position":"center center","background-size":"auto","background-attachment":"scroll","background-type":"","background-media":"","overlay-type":"","overlay-color":"","overlay-opacity":"","overlay-gradient":""},"mobile":{"background-color":"","background-image":"","background-repeat":"repeat","background-position":"center center","background-size":"auto","background-attachment":"scroll","background-type":"","background-media":"","overlay-type":"","overlay-color":"","overlay-opacity":"","overlay-gradient":""}},"ast-content-background-meta":{"desktop":{"background-color":"var(--ast-global-color-4)","background-image":"","background-repeat":"repeat","background-position":"center center","background-size":"auto","background-attachment":"scroll","background-type":"","background-media":"","overlay-type":"","overlay-color":"","overlay-opacity":"","overlay-gradient":""},"tablet":{"background-color":"var(--ast-global-color-4)","background-image":"","background-repeat":"repeat","background-position":"center center","background-size":"auto","background-attachment":"scroll","background-type":"","background-media":"","overlay-type":"","overlay-color":"","overlay-opacity":"","overlay-gradient":""},"mobile":{"background-color":"var(--ast-global-color-4)","background-image":"","background-repeat":"repeat","background-position":"center center","background-size":"auto","background-attachment":"scroll","background-type":"","background-media":"","overlay-type":"","overlay-color":"","overlay-opacity":"","overlay-gradient":""}},"footnotes":""},"class_list":["post-468","page","type-page","status-publish","hentry"],"_links":{"self":[{"href":"https:\/\/www2.unifap.br\/proece\/wp-json\/wp\/v2\/pages\/468","targetHints":{"allow":["GET"]}}],"collection":[{"href":"https:\/\/www2.unifap.br\/proece\/wp-json\/wp\/v2\/pages"}],"about":[{"href":"https:\/\/www2.unifap.br\/proece\/wp-json\/wp\/v2\/types\/page"}],"author":[{"embeddable":true,"href":"https:\/\/www2.unifap.br\/proece\/wp-json\/wp\/v2\/users\/4049"}],"replies":[{"embeddable":true,"href":"https:\/\/www2.unifap.br\/proece\/wp-json\/wp\/v2\/comments?post=468"}],"version-history":[{"count":65,"href":"https:\/\/www2.unifap.br\/proece\/wp-json\/wp\/v2\/pages\/468\/revisions"}],"predecessor-version":[{"id":1281,"href":"https:\/\/www2.unifap.br\/proece\/wp-json\/wp\/v2\/pages\/468\/revisions\/1281"}],"up":[{"embeddable":true,"href":"https:\/\/www2.unifap.br\/proece\/wp-json\/wp\/v2\/pages\/228"}],"wp:attachment":[{"href":"https:\/\/www2.unifap.br\/proece\/wp-json\/wp\/v2\/media?parent=468"}],"curies":[{"name":"wp","href":"https:\/\/api.w.org\/{rel}","templated":true}]}}