{"id":477,"date":"2025-08-22T15:56:55","date_gmt":"2025-08-22T18:56:55","guid":{"rendered":"https:\/\/www2.unifap.br\/proece\/?page_id=477"},"modified":"2026-01-20T20:12:44","modified_gmt":"2026-01-20T23:12:44","slug":"credenciamento","status":"publish","type":"page","link":"https:\/\/www2.unifap.br\/proece\/docentes\/credenciamento\/","title":{"rendered":"Credenciamento"},"content":{"rendered":"\t\t<div data-elementor-type=\"wp-page\" data-elementor-id=\"477\" class=\"elementor elementor-477\">\n\t\t\t\t<div class=\"elementor-element elementor-element-1bbbfa0 e-flex e-con-boxed e-con e-parent\" data-id=\"1bbbfa0\" data-element_type=\"container\" data-e-type=\"container\" data-settings=\"{&quot;background_background&quot;:&quot;classic&quot;}\">\n\t\t\t\t\t<div class=\"e-con-inner\">\n\t\t\t\t<div class=\"elementor-element elementor-element-7392917 elementor-invisible elementor-widget elementor-widget-heading\" data-id=\"7392917\" data-element_type=\"widget\" data-e-type=\"widget\" data-settings=\"{&quot;_animation&quot;:&quot;slideInLeft&quot;}\" data-widget_type=\"heading.default\">\n\t\t\t\t\t<h2 class=\"elementor-heading-title elementor-size-default\">Credenciamento\n<\/h2>\t\t\t\t<\/div>\n\t\t\t\t<div class=\"elementor-element elementor-element-16aa36f elementor-widget-divider--view-line elementor-invisible elementor-widget elementor-widget-divider\" data-id=\"16aa36f\" data-element_type=\"widget\" data-e-type=\"widget\" data-settings=\"{&quot;_animation&quot;:&quot;slideInLeft&quot;}\" data-widget_type=\"divider.default\">\n\t\t\t\t\t\t\t<div class=\"elementor-divider\">\n\t\t\t<span class=\"elementor-divider-separator\">\n\t\t\t\t\t\t<\/span>\n\t\t<\/div>\n\t\t\t\t\t\t<\/div>\n\t\t\t\t\t<\/div>\n\t\t\t\t<\/div>\n\t\t<div class=\"elementor-element elementor-element-dfd80c0 e-flex e-con-boxed e-con e-parent\" data-id=\"dfd80c0\" data-element_type=\"container\" data-e-type=\"container\">\n\t\t\t\t\t<div class=\"e-con-inner\">\n\t\t\t\t<div class=\"elementor-element elementor-element-7551c62 elementor-widget elementor-widget-n-accordion\" data-id=\"7551c62\" data-element_type=\"widget\" data-e-type=\"widget\" data-settings=\"{&quot;default_state&quot;:&quot;all_collapsed&quot;,&quot;max_items_expended&quot;:&quot;one&quot;,&quot;n_accordion_animation_duration&quot;:{&quot;unit&quot;:&quot;ms&quot;,&quot;size&quot;:400,&quot;sizes&quot;:[]}}\" data-widget_type=\"nested-accordion.default\">\n\t\t\t\t\t\t\t<div class=\"e-n-accordion\" aria-label=\"Accordion. Open links with Enter or Space, close with Escape, and navigate with Arrow Keys\">\n\t\t\t\t\t\t<details id=\"e-n-accordion-item-1230\" class=\"e-n-accordion-item\" >\n\t\t\t\t<summary class=\"e-n-accordion-item-title\" data-accordion-index=\"1\" tabindex=\"0\" aria-expanded=\"false\" aria-controls=\"e-n-accordion-item-1230\" >\n\t\t\t\t\t<span class='e-n-accordion-item-title-header'><div class=\"e-n-accordion-item-title-text\"> Credenciamento de Docentes Colaboradores 2025 <\/div><\/span>\n\t\t\t\t\t\t\t<span class='e-n-accordion-item-title-icon'>\n\t\t\t<span class='e-opened' ><svg aria-hidden=\"true\" class=\"e-font-icon-svg e-fas-minus\" viewBox=\"0 0 448 512\" xmlns=\"http:\/\/www.w3.org\/2000\/svg\"><path d=\"M416 208H32c-17.67 0-32 14.33-32 32v32c0 17.67 14.33 32 32 32h384c17.67 0 32-14.33 32-32v-32c0-17.67-14.33-32-32-32z\"><\/path><\/svg><\/span>\n\t\t\t<span class='e-closed'><svg aria-hidden=\"true\" class=\"e-font-icon-svg e-fas-plus\" viewBox=\"0 0 448 512\" xmlns=\"http:\/\/www.w3.org\/2000\/svg\"><path d=\"M416 208H272V64c0-17.67-14.33-32-32-32h-32c-17.67 0-32 14.33-32 32v144H32c-17.67 0-32 14.33-32 32v32c0 17.67 14.33 32 32 32h144v144c0 17.67 14.33 32 32 32h32c17.67 0 32-14.33 32-32V304h144c17.67 0 32-14.33 32-32v-32c0-17.67-14.33-32-32-32z\"><\/path><\/svg><\/span>\n\t\t<\/span>\n\n\t\t\t\t\t\t<\/summary>\n\t\t\t\t<div role=\"region\" aria-labelledby=\"e-n-accordion-item-1230\" class=\"elementor-element elementor-element-4da3238 e-con-full e-flex e-con e-child\" data-id=\"4da3238\" data-element_type=\"container\" data-e-type=\"container\">\n\t\t\t\t<div class=\"elementor-element elementor-element-43ecbcf elementor-widget__width-initial elementor-widget elementor-widget-text-editor\" data-id=\"43ecbcf\" data-element_type=\"widget\" data-e-type=\"widget\" data-widget_type=\"text-editor.default\">\n\t\t\t\t\t\t\t\t\t<p data-start=\"192\" data-end=\"406\">A Universidade Federal do Amap\u00e1, por meio do <strong data-start=\"237\" data-end=\"310\">Programa de P\u00f3s-Gradua\u00e7\u00e3o em Enfermagem para o Cuidar-Educar (PROECE)<\/strong>, torna p\u00fablico o <strong data-start=\"328\" data-end=\"356\">Processo de Credenciamento para colaboradores 2025<\/strong> para o <strong data-start=\"364\" data-end=\"403\">Mestrado Profissional em Enfermagem<\/strong>.<\/p>\n<p data-start=\"408\" data-end=\"551\"><strong data-start=\"411\" data-end=\"436\">\u00c1rea de Concentra\u00e7\u00e3o:<\/strong><br data-start=\"436\" data-end=\"439\">Produtos e processos para o cuidar-educar em enfermagem de grupos em condi\u00e7\u00f5es de vulnerabilidade na Amaz\u00f4nia.<\/p>\n<p data-start=\"553\" data-end=\"887\"><strong data-start=\"556\" data-end=\"579\">Linhas de Pesquisa:<\/strong><br data-start=\"579\" data-end=\"582\">\u2022 <strong data-start=\"584\" data-end=\"596\">Linha I:<\/strong> Produtos e processos em enfermagem para o cuidar-educar no contexto das doen\u00e7as infecciosas, parasit\u00e1rias, maternas, perinatais, infantojuvenis e nutricionais.<br data-start=\"756\" data-end=\"759\">\u2022 <strong data-start=\"761\" data-end=\"774\">Linha II:<\/strong>&nbsp;Produtos e Processos em Enfermagem para o cuidar-educar de pessoas no contexto das doen\u00e7as e agravos n\u00e3o-transmiss\u00edveis.<\/p>\n<p data-start=\"889\" data-end=\"962\"><strong data-start=\"892\" data-end=\"918\">Per\u00edodo de inscri\u00e7\u00f5es:<\/strong><br data-start=\"918\" data-end=\"921\">27 e 28 de novembro de 2025.<\/p>\n<table>\n<tbody>\n<tr>\n<td width=\"283\">\n<p><strong>Publica\u00e7\u00f5es<\/strong><\/p>\n<\/td>\n<td width=\"283\">\n<p><strong>Publicado em&nbsp;<\/strong><\/p>\n<\/td>\n<\/tr>\n<tr>\n<td width=\"283\">\n<p><a href=\"http:\/\/www2.unifap.br\/proece\/files\/2025\/11\/EDITAL_N_022025_PROECE_UNIFAP_Docentes_colaboradores_assinado.pdf\">EDITAL<\/a><\/p>\n<\/td>\n<td width=\"283\">\n<p>17\/11\/2025<\/p>\n<\/td>\n<\/tr>\n<tr>\n<td width=\"283\">\n<p><a href=\"http:\/\/www2.unifap.br\/proece\/files\/2025\/11\/ANEXOS-2.docx\">ANEXOS<\/a><\/p>\n<\/td>\n<td width=\"283\">\n<p>17\/11\/2025<\/p>\n<\/td>\n<\/tr>\n<tr>\n<td width=\"283\"><a href=\"http:\/\/www2.unifap.br\/proece\/files\/2025\/11\/RETIFICACAO_credenciamento_assinado-1.pdf\" target=\"_blank\" rel=\"noopener\">Retifica\u00e7\u00e3o_cronograma_credenciamento<\/a><\/td>\n<td width=\"283\">&nbsp;29\/11\/2025<\/td>\n<\/tr>\n<tr>\n<td width=\"283\"><a href=\"http:\/\/www2.unifap.br\/proece\/files\/2025\/12\/HOMOLOGACAO_INSCRICOES_CREDENCIAMENTO_assinado.pdf\" target=\"_blank\" rel=\"noopener\">HOMOLOGACAO_INSCRICOES_CREDENCIAMENTO<\/a><\/td>\n<td width=\"283\">&nbsp;15\/12\/2025<\/td>\n<\/tr>\n<tr>\n<td width=\"283\"><a href=\"http:\/\/www2.unifap.br\/proece\/files\/2025\/12\/RETIFICACAO_credenciamento_II_assinado.pdf\" target=\"_blank\" rel=\"noopener\">Retifica\u00e7\u00e3o_cronograma_II<\/a><\/td>\n<td width=\"283\">&nbsp;23\/12\/2025<\/td>\n<\/tr>\n<tr>\n<td width=\"283\"><a href=\"http:\/\/www2.unifap.br\/proece\/files\/2026\/01\/PARECER_MEMBRO_EXTERNO28229.docx_assinado.pdf\">RESULTADO<\/a><\/td>\n<td width=\"283\">&nbsp;20\/01\/2026<\/td>\n<\/tr>\n<\/tbody>\n<\/table>\t\t\t\t\t\t\t\t<\/div>\n\t\t\t\t<\/div>\n\t\t\t\t\t<\/details>\n\t\t\t\t\t<\/div>\n\t\t\t\t\t\t<\/div>\n\t\t\t\t\t<\/div>\n\t\t\t\t<\/div>\n\t\t\t\t<\/div>\n\t\t","protected":false},"excerpt":{"rendered":"<p>Credenciamento Credenciamento de Docentes Colaboradores 2025 A Universidade Federal do Amap\u00e1, por meio do Programa de P\u00f3s-Gradua\u00e7\u00e3o em Enfermagem para o Cuidar-Educar (PROECE), torna p\u00fablico o Processo de Credenciamento para colaboradores 2025 para o Mestrado Profissional em Enfermagem. \u00c1rea de Concentra\u00e7\u00e3o:Produtos e processos para o cuidar-educar em enfermagem de grupos em condi\u00e7\u00f5es de vulnerabilidade na&#8230;<\/p>\n","protected":false},"author":4049,"featured_media":0,"parent":228,"menu_order":0,"comment_status":"closed","ping_status":"closed","template":"","meta":{"inline_featured_image":false,"site-sidebar-layout":"no-sidebar","site-content-layout":"","ast-site-content-layout":"full-width-container","site-content-style":"default","site-sidebar-style":"default","ast-global-header-display":"","ast-banner-title-visibility":"","ast-main-header-display":"","ast-hfb-above-header-display":"","ast-hfb-below-header-display":"","ast-hfb-mobile-header-display":"","site-post-title":"disabled","ast-breadcrumbs-content":"","ast-featured-img":"disabled","footer-sml-layout":"","theme-transparent-header-meta":"default","adv-header-id-meta":"","stick-header-meta":"","header-above-stick-meta":"","header-main-stick-meta":"","header-below-stick-meta":"","astra-migrate-meta-layouts":"set","ast-page-background-enabled":"default","ast-page-background-meta":{"desktop":{"background-color":"var(--ast-global-color-5)","background-image":"","background-repeat":"repeat","background-position":"center center","background-size":"auto","background-attachment":"scroll","background-type":"","background-media":"","overlay-type":"","overlay-color":"","overlay-opacity":"","overlay-gradient":""},"tablet":{"background-color":"","background-image":"","background-repeat":"repeat","background-position":"center center","background-size":"auto","background-attachment":"scroll","background-type":"","background-media":"","overlay-type":"","overlay-color":"","overlay-opacity":"","overlay-gradient":""},"mobile":{"background-color":"","background-image":"","background-repeat":"repeat","background-position":"center center","background-size":"auto","background-attachment":"scroll","background-type":"","background-media":"","overlay-type":"","overlay-color":"","overlay-opacity":"","overlay-gradient":""}},"ast-content-background-meta":{"desktop":{"background-color":"var(--ast-global-color-4)","background-image":"","background-repeat":"repeat","background-position":"center center","background-size":"auto","background-attachment":"scroll","background-type":"","background-media":"","overlay-type":"","overlay-color":"","overlay-opacity":"","overlay-gradient":""},"tablet":{"background-color":"var(--ast-global-color-4)","background-image":"","background-repeat":"repeat","background-position":"center center","background-size":"auto","background-attachment":"scroll","background-type":"","background-media":"","overlay-type":"","overlay-color":"","overlay-opacity":"","overlay-gradient":""},"mobile":{"background-color":"var(--ast-global-color-4)","background-image":"","background-repeat":"repeat","background-position":"center center","background-size":"auto","background-attachment":"scroll","background-type":"","background-media":"","overlay-type":"","overlay-color":"","overlay-opacity":"","overlay-gradient":""}},"footnotes":""},"class_list":["post-477","page","type-page","status-publish","hentry"],"_links":{"self":[{"href":"https:\/\/www2.unifap.br\/proece\/wp-json\/wp\/v2\/pages\/477","targetHints":{"allow":["GET"]}}],"collection":[{"href":"https:\/\/www2.unifap.br\/proece\/wp-json\/wp\/v2\/pages"}],"about":[{"href":"https:\/\/www2.unifap.br\/proece\/wp-json\/wp\/v2\/types\/page"}],"author":[{"embeddable":true,"href":"https:\/\/www2.unifap.br\/proece\/wp-json\/wp\/v2\/users\/4049"}],"replies":[{"embeddable":true,"href":"https:\/\/www2.unifap.br\/proece\/wp-json\/wp\/v2\/comments?post=477"}],"version-history":[{"count":31,"href":"https:\/\/www2.unifap.br\/proece\/wp-json\/wp\/v2\/pages\/477\/revisions"}],"predecessor-version":[{"id":1624,"href":"https:\/\/www2.unifap.br\/proece\/wp-json\/wp\/v2\/pages\/477\/revisions\/1624"}],"up":[{"embeddable":true,"href":"https:\/\/www2.unifap.br\/proece\/wp-json\/wp\/v2\/pages\/228"}],"wp:attachment":[{"href":"https:\/\/www2.unifap.br\/proece\/wp-json\/wp\/v2\/media?parent=477"}],"curies":[{"name":"wp","href":"https:\/\/api.w.org\/{rel}","templated":true}]}}