{"id":589,"date":"2025-08-22T17:25:22","date_gmt":"2025-08-22T20:25:22","guid":{"rendered":"https:\/\/www2.unifap.br\/proece\/?page_id=589"},"modified":"2025-11-28T10:24:47","modified_gmt":"2025-11-28T13:24:47","slug":"processos-seletivos","status":"publish","type":"page","link":"https:\/\/www2.unifap.br\/proece\/portal-administrativo\/processos-seletivos\/","title":{"rendered":"Processos Seletivos"},"content":{"rendered":"\t\t<div data-elementor-type=\"wp-page\" data-elementor-id=\"589\" class=\"elementor elementor-589\">\n\t\t\t\t<div class=\"elementor-element elementor-element-2cb4742 e-flex e-con-boxed e-con e-parent\" data-id=\"2cb4742\" data-element_type=\"container\" data-e-type=\"container\" data-settings=\"{&quot;background_background&quot;:&quot;classic&quot;}\">\n\t\t\t\t\t<div class=\"e-con-inner\">\n\t\t\t\t<div class=\"elementor-element elementor-element-bc09731 elementor-invisible elementor-widget elementor-widget-heading\" data-id=\"bc09731\" data-element_type=\"widget\" data-e-type=\"widget\" data-settings=\"{&quot;_animation&quot;:&quot;slideInLeft&quot;}\" data-widget_type=\"heading.default\">\n\t\t\t\t\t<h2 class=\"elementor-heading-title elementor-size-default\">Processos Seletivos<\/h2>\t\t\t\t<\/div>\n\t\t\t\t<div class=\"elementor-element elementor-element-b602be4 elementor-widget-divider--view-line elementor-invisible elementor-widget elementor-widget-divider\" data-id=\"b602be4\" data-element_type=\"widget\" data-e-type=\"widget\" data-settings=\"{&quot;_animation&quot;:&quot;slideInLeft&quot;}\" data-widget_type=\"divider.default\">\n\t\t\t\t\t\t\t<div class=\"elementor-divider\">\n\t\t\t<span class=\"elementor-divider-separator\">\n\t\t\t\t\t\t<\/span>\n\t\t<\/div>\n\t\t\t\t\t\t<\/div>\n\t\t\t\t\t<\/div>\n\t\t\t\t<\/div>\n\t\t<div class=\"elementor-element elementor-element-9e51cb4 e-flex e-con-boxed e-con e-parent\" data-id=\"9e51cb4\" data-element_type=\"container\" data-e-type=\"container\" data-settings=\"{&quot;background_background&quot;:&quot;classic&quot;}\">\n\t\t\t\t\t<div class=\"e-con-inner\">\n\t\t\t\t<div class=\"elementor-element elementor-element-3e3e5b0 elementor-widget elementor-widget-n-accordion\" data-id=\"3e3e5b0\" data-element_type=\"widget\" data-e-type=\"widget\" data-settings=\"{&quot;default_state&quot;:&quot;all_collapsed&quot;,&quot;max_items_expended&quot;:&quot;one&quot;,&quot;n_accordion_animation_duration&quot;:{&quot;unit&quot;:&quot;ms&quot;,&quot;size&quot;:400,&quot;sizes&quot;:[]}}\" data-widget_type=\"nested-accordion.default\">\n\t\t\t\t\t\t\t<div class=\"e-n-accordion\" aria-label=\"Accordion. Open links with Enter or Space, close with Escape, and navigate with Arrow Keys\">\n\t\t\t\t\t\t<details id=\"e-n-accordion-item-6520\" class=\"e-n-accordion-item\" >\n\t\t\t\t<summary class=\"e-n-accordion-item-title\" data-accordion-index=\"1\" tabindex=\"0\" aria-expanded=\"false\" aria-controls=\"e-n-accordion-item-6520\" >\n\t\t\t\t\t<span class='e-n-accordion-item-title-header'><div class=\"e-n-accordion-item-title-text\"> 2025 <\/div><\/span>\n\t\t\t\t\t\t\t<span class='e-n-accordion-item-title-icon'>\n\t\t\t<span class='e-opened' ><svg aria-hidden=\"true\" class=\"e-font-icon-svg e-fas-minus\" viewBox=\"0 0 448 512\" xmlns=\"http:\/\/www.w3.org\/2000\/svg\"><path d=\"M416 208H32c-17.67 0-32 14.33-32 32v32c0 17.67 14.33 32 32 32h384c17.67 0 32-14.33 32-32v-32c0-17.67-14.33-32-32-32z\"><\/path><\/svg><\/span>\n\t\t\t<span class='e-closed'><svg aria-hidden=\"true\" class=\"e-font-icon-svg e-fas-plus\" viewBox=\"0 0 448 512\" xmlns=\"http:\/\/www.w3.org\/2000\/svg\"><path d=\"M416 208H272V64c0-17.67-14.33-32-32-32h-32c-17.67 0-32 14.33-32 32v144H32c-17.67 0-32 14.33-32 32v32c0 17.67 14.33 32 32 32h144v144c0 17.67 14.33 32 32 32h32c17.67 0 32-14.33 32-32V304h144c17.67 0 32-14.33 32-32v-32c0-17.67-14.33-32-32-32z\"><\/path><\/svg><\/span>\n\t\t<\/span>\n\n\t\t\t\t\t\t<\/summary>\n\t\t\t\t<div role=\"region\" aria-labelledby=\"e-n-accordion-item-6520\" class=\"elementor-element elementor-element-563fe10 e-con-full e-flex e-con e-child\" data-id=\"563fe10\" data-element_type=\"container\" data-e-type=\"container\">\n\t\t\t\t<div class=\"elementor-element elementor-element-7166bae elementor-widget__width-initial elementor-widget elementor-widget-text-editor\" data-id=\"7166bae\" data-element_type=\"widget\" data-e-type=\"widget\" data-widget_type=\"text-editor.default\">\n\t\t\t\t\t\t\t\t\t<p data-start=\"192\" data-end=\"406\">A Universidade Federal do Amap\u00e1, por meio do <strong data-start=\"237\" data-end=\"310\">Programa de P\u00f3s-Gradua\u00e7\u00e3o em Enfermagem para o Cuidar-Educar (PROECE)<\/strong>, torna p\u00fablico o <strong data-start=\"328\" data-end=\"356\">Processo de Sele\u00e7\u00e3o 2025<\/strong> para o <strong data-start=\"364\" data-end=\"403\">Mestrado Profissional em Enfermagem<\/strong>.<\/p><p data-start=\"408\" data-end=\"551\"><strong data-start=\"411\" data-end=\"436\">\u00c1rea de Concentra\u00e7\u00e3o:<\/strong><br data-start=\"436\" data-end=\"439\" \/>Produtos e processos para o cuidar-educar em enfermagem de grupos em condi\u00e7\u00f5es de vulnerabilidade na Amaz\u00f4nia.<\/p><p data-start=\"553\" data-end=\"887\"><strong data-start=\"556\" data-end=\"579\">Linhas de Pesquisa:<\/strong><br data-start=\"579\" data-end=\"582\" \/>\u2022 <strong data-start=\"584\" data-end=\"596\">Linha I:<\/strong> Produtos e processos em enfermagem para o cuidar-educar no contexto das doen\u00e7as infecciosas, parasit\u00e1rias, maternas, perinatais, infantojuvenis e nutricionais.<br data-start=\"756\" data-end=\"759\" \/>\u2022 <strong data-start=\"761\" data-end=\"774\">Linha II:<\/strong>\u00a0Produtos e Processos em Enfermagem para o cuidar-educar de pessoas no contexto das doen\u00e7as e agravos n\u00e3o-transmiss\u00edveis.<\/p><p data-start=\"889\" data-end=\"962\"><strong data-start=\"892\" data-end=\"918\">Per\u00edodo de inscri\u00e7\u00f5es:<\/strong><br data-start=\"918\" data-end=\"921\" \/>08 de setembro a 22 de outubro de 2025.<\/p><p data-start=\"889\" data-end=\"962\">Formul\u00e1rio de inscri\u00e7\u00e3o: <a href=\"https:\/\/forms.gle\/NAGxW3xsqbWcozHt6\">https:\/\/forms.gle\/NAGxW3xsqbWcozHt6<\/a><\/p><table width=\"598\"><tbody><tr><td width=\"323\"><p><strong>Publica\u00e7\u00f5es<\/strong><\/p><\/td><td width=\"269\"><p>\u00a0<strong>Publicado em<\/strong><\/p><\/td><\/tr><tr><td width=\"323\"><p>\u00a0<a href=\"http:\/\/www2.unifap.br\/proece\/files\/2025\/09\/EDITAL-PROECE-2025.pdf\" target=\"_blank\" rel=\"noopener\">EDITAL N\u00ba 01\/2025-PROECE\/UNIFAP- SELE\u00c7\u00c3O ALUNO<\/a><\/p><\/td><td width=\"269\"><p>01\/09\/2025<\/p><\/td><\/tr><tr><td width=\"323\"><p><a href=\"http:\/\/www2.unifap.br\/proece\/files\/2025\/08\/ANEXOS_PROECE_EDITAL01.2025.docx\" target=\"_blank\" rel=\"noopener\">\u00a0ANEXOS<\/a><\/p><\/td><td width=\"269\"><p>\u00a001\/09\/2025<\/p><\/td><\/tr><tr><td width=\"323\"><p><a href=\"http:\/\/www2.unifap.br\/proece\/files\/2025\/09\/Retificacao_anexo_v_assinado.pdf\" target=\"_blank\" rel=\"noopener\">\u00a0RETIFICA\u00c7\u00c3O I- ANEXO V<\/a><\/p><\/td><td width=\"269\"><p>\u00a004\/09\/2025<\/p><\/td><\/tr><tr><td width=\"323\"><p><a href=\"http:\/\/www2.unifap.br\/proece\/files\/2025\/09\/RETIFICACAO-II-QUADRO-E-No-DE-VAGAS-E-ORIENTADORES.pdf\" target=\"_blank\" rel=\"noopener\">RETIFICA\u00c7\u00c3O II &#8211; QUADRO E N\u00ba DE VAGAS E ORIENTADORES<\/a><\/p><\/td><td width=\"269\"><p>\u00a023\/09\/2025<\/p><\/td><\/tr><tr><td width=\"323\"><p><a href=\"http:\/\/www2.unifap.br\/proece\/files\/2025\/09\/ANEXO_II_DECLARACAO_DE_-INTERESSE_DA_-INSTITUICAO_DE-ORIGEM-2.docx\" target=\"_blank\" rel=\"noopener\">ANEXO_II_DECLARA\u00c7\u00c3O_DE_ INTERESSE_DA_ INSTITUI\u00c7\u00c3O_DE ORIGEM<\/a>\u00a0(Com ajuste)<\/p><\/td><td width=\"269\"><p>\u00a030\/09\/2025<\/p><\/td><\/tr><tr><td width=\"323\"><p><a href=\"http:\/\/www2.unifap.br\/proece\/files\/2025\/10\/RETIFICACAO_CRONOGRAMA_assinado.pdf\" target=\"_blank\" rel=\"noopener\">RETIFICACAO III-CRONOGRAMA<\/a>\u00a0(prorrogra\u00e7\u00e3o inscri\u00e7\u00f5es)<\/p><\/td><td width=\"269\"><p>\u00a012\/10\/2025<\/p><\/td><\/tr><tr><td width=\"323\"><p><a href=\"http:\/\/www2.unifap.br\/proece\/files\/2025\/10\/COMUNICADO_AOS_-CANDIDATOS_DATA_PROVA.pdf\" target=\"_blank\" rel=\"noopener\">COMUNICADO_AOS_ CANDIDATOS_DATA_PROVA<\/a><\/p><\/td><td width=\"269\"><p>\u00a022\/10\/2025<\/p><\/td><\/tr><tr><td width=\"323\"><p><a href=\"http:\/\/www2.unifap.br\/proece\/files\/2025\/10\/HOMOLOGACAO_DAS_INSCRICOES.pdf\" target=\"_blank\" rel=\"noopener\">HOMOLOGACAO_DAS_INSCRICOES<\/a><\/p><\/td><td width=\"269\"><p>\u00a023\/10\/2025<\/p><\/td><\/tr><tr><td width=\"323\"><p><a href=\"http:\/\/www2.unifap.br\/proece\/files\/2025\/10\/HOMOLOGACAO_FINAL.pdf\" target=\"_blank\" rel=\"noopener\">HOMOLOGACAO_FINAL<\/a><\/p><\/td><td width=\"269\"><p>\u00a025\/10\/2025<\/p><\/td><\/tr><tr><td width=\"323\"><p><a href=\"http:\/\/www2.unifap.br\/proece\/files\/2025\/10\/COMUNICADO-DAS-SALAS-DE-PROVA.pdf\" target=\"_blank\" rel=\"noopener\">COMUNICADO DAS SALAS DE PROVA<\/a><\/p><\/td><td width=\"269\"><p>25\/10\/2025<\/p><\/td><\/tr><tr><td width=\"323\"><p><a href=\"http:\/\/www2.unifap.br\/proece\/files\/2025\/10\/GABARITO.pdf\" target=\"_blank\" rel=\"noopener\">GABARITO<\/a><\/p><\/td><td width=\"269\"><p>26\/10\/2025<\/p><\/td><\/tr><tr><td width=\"323\"><p><a href=\"http:\/\/www2.unifap.br\/proece\/files\/2025\/11\/RESULTADO-PROVISORIO-1-FASE.pdf\" target=\"_blank\" rel=\"noopener\">RESULTADO PROVIS\u00d3RIO-1 FASE\u00a0<\/a><\/p><\/td><td width=\"269\"><p>03\/11\/2025<\/p><\/td><\/tr><tr><td width=\"323\"><p><a href=\"http:\/\/www2.unifap.br\/proece\/files\/2025\/11\/CADERNO_QUESTOES.pdf\" target=\"_blank\" rel=\"noopener\">CADERNO_QUEST\u00d5ES<\/a><\/p><\/td><td width=\"269\"><p>\u00a004\/11\/2025<\/p><\/td><\/tr><tr><td width=\"323\"><p><a href=\"http:\/\/www2.unifap.br\/proece\/files\/2025\/11\/LISTA-FINAL-1a-FASE.pdf\" target=\"_blank\" rel=\"noopener\">LISTA FINAL 1\u00aa FASE<\/a><\/p><\/td><td width=\"269\"><p>\u00a007\/11\/2025<\/p><\/td><\/tr><tr><td width=\"323\"><a href=\"http:\/\/www2.unifap.br\/proece\/files\/2025\/11\/RETIFICAC\u0327A\u0303O-ANEXO-VII.pdf\" target=\"_blank\" rel=\"noopener\">RETIFICAC\u0327A\u0303O IV- ANEXO VII<\/a><\/td><td width=\"269\">\u00a007\/11\/2025<\/td><\/tr><tr><td width=\"323\"><a href=\"http:\/\/www2.unifap.br\/proece\/files\/2025\/11\/CALENDARIO-ENTREVISTAS.pdf\" target=\"_blank\" rel=\"noopener\">CALENDARIO ENTREVISTAS<\/a><\/td><td width=\"269\">\u00a011\/11\/2025<\/td><\/tr><tr><td width=\"323\"><a href=\"http:\/\/www2.unifap.br\/proece\/files\/2025\/11\/RETIFICACAO-V_CRONOGRAMA2.pdf\" target=\"_blank\" rel=\"noopener\">RETIFICACAO V_CRONOGRAMA2<\/a><\/td><td width=\"269\">\u00a018\/11\/2025<\/td><\/tr><tr><td width=\"323\"><a href=\"http:\/\/www2.unifap.br\/proece\/files\/2025\/11\/RESULTADO_PROVISORIO_FASE_ENTREVISTAS.pdf\" target=\"_blank\" rel=\"noopener\">RESULTADO_PROVISORIO_FASE_ENTREVISTAS<\/a>_E_PROJETO<\/td><td width=\"269\">\u00a018\/11\/2025<\/td><\/tr><tr><td width=\"323\"><a href=\"http:\/\/www2.unifap.br\/proece\/files\/2025\/11\/LISTA_FINAL_2o_FASE_ENTREVISTAS-1.pdf\" target=\"_blank\" rel=\"noopener\">LISTA FINAL 2\u00aa FASE ENTREVISTAS<\/a>\u00a0E PROJETO<\/td><td width=\"269\">\u00a021\/11\/2025<\/td><\/tr><tr><td width=\"323\"><a href=\"http:\/\/www2.unifap.br\/proece\/files\/2025\/11\/RESULTADO_PROVISORIO_ANALISE_CURRICULAR_28129_assinado.pdf\" target=\"_blank\" rel=\"noopener\">RESULTADO PROVISORIO FASE ANALISE CURRICULAR<\/a><\/td><td width=\"269\">\u00a021\/11\/2025<\/td><\/tr><tr><td width=\"323\"><a href=\"http:\/\/www2.unifap.br\/proece\/files\/2025\/11\/RESULTADO_FINAL_ANALISE_CURRICULAR_assinado.pdf\" target=\"_blank\" rel=\"noopener\">LISTA FINAL 3\u00aa FASE ANALISE CURRICULAR<\/a><\/td><td width=\"269\">\u00a024\/11\/2025<\/td><\/tr><tr><td width=\"323\"><a href=\"http:\/\/www2.unifap.br\/proece\/files\/2025\/11\/Resultado_Classificacao_Provisorio_assinado.pdf\" target=\"_blank\" rel=\"noopener\">RESULTADO PROVIS\u00d3RIO DE CLASSIFICA\u00c7\u00c3O<\/a><\/td><td width=\"269\">25\/11\/2025<\/td><\/tr><tr><td width=\"323\"><a href=\"http:\/\/www2.unifap.br\/proece\/files\/2025\/11\/Resultado_Classificacao_Final_assinado.pdf\" target=\"_blank\" rel=\"noopener\">Resultado_Classificac\u00e3o_Final<\/a><\/td><td width=\"269\">\u00a028\/11\/2025<\/td><\/tr><tr><td width=\"323\"><a href=\"http:\/\/www2.unifap.br\/proece\/files\/2025\/11\/EDITAL_DE_CONVOCACAO_assinado.pdf\">EDITAL_DE_CONVOCAC\u00c3O<\/a><\/td><td width=\"269\">28\/11\/2025\u00a0<\/td><\/tr><tr><td width=\"323\"><a href=\"http:\/\/www2.unifap.br\/proece\/files\/2025\/11\/Formulario-de-Matricula-PROECE.docx\" target=\"_blank\" rel=\"noopener\">Formul\u00e1rio de Matr\u00edcula PROECE<\/a><\/td><td width=\"269\">\u00a028\/11\/2025<\/td><\/tr><tr><td width=\"323\">\u00a0<\/td><td width=\"269\">\u00a0<\/td><\/tr><tr><td width=\"323\">\u00a0<\/td><td width=\"269\">\u00a0<\/td><\/tr><tr><td width=\"323\">\u00a0<\/td><td width=\"269\">\u00a0<\/td><\/tr><tr><td width=\"323\">\u00a0<\/td><td width=\"269\">\u00a0<\/td><\/tr><tr><td width=\"323\">\u00a0<\/td><td width=\"269\">\u00a0<\/td><\/tr><tr><td width=\"323\">\u00a0<\/td><td width=\"269\">\u00a0<\/td><\/tr><tr><td width=\"323\">\u00a0<\/td><td width=\"269\">\u00a0<\/td><\/tr><tr><td width=\"323\">\u00a0<\/td><td width=\"269\">\u00a0<\/td><\/tr><tr><td width=\"323\">\u00a0<\/td><td width=\"269\">\u00a0<\/td><\/tr><tr><td width=\"323\">\u00a0<\/td><td width=\"269\">\u00a0<\/td><\/tr><tr><td width=\"323\">\u00a0<\/td><td width=\"269\">\u00a0<\/td><\/tr><tr><td width=\"323\">\u00a0<\/td><td width=\"269\">\u00a0<\/td><\/tr><tr><td width=\"323\">\u00a0<\/td><td width=\"269\">\u00a0<\/td><\/tr><\/tbody><\/table>\t\t\t\t\t\t\t\t<\/div>\n\t\t\t\t<\/div>\n\t\t\t\t\t<\/details>\n\t\t\t\t\t<\/div>\n\t\t\t\t\t\t<\/div>\n\t\t\t\t\t<\/div>\n\t\t\t\t<\/div>\n\t\t\t\t<\/div>\n\t\t","protected":false},"excerpt":{"rendered":"<p>Processos Seletivos 2025 A Universidade Federal do Amap\u00e1, por meio do Programa de P\u00f3s-Gradua\u00e7\u00e3o em Enfermagem para o Cuidar-Educar (PROECE), torna p\u00fablico o Processo de Sele\u00e7\u00e3o 2025 para o Mestrado Profissional em Enfermagem. \u00c1rea de Concentra\u00e7\u00e3o:Produtos e processos para o cuidar-educar em enfermagem de grupos em condi\u00e7\u00f5es de vulnerabilidade na Amaz\u00f4nia. Linhas de Pesquisa:\u2022 Linha&#8230;<\/p>\n","protected":false},"author":4049,"featured_media":0,"parent":238,"menu_order":0,"comment_status":"closed","ping_status":"closed","template":"","meta":{"inline_featured_image":false,"site-sidebar-layout":"no-sidebar","site-content-layout":"","ast-site-content-layout":"full-width-container","site-content-style":"default","site-sidebar-style":"default","ast-global-header-display":"","ast-banner-title-visibility":"","ast-main-header-display":"","ast-hfb-above-header-display":"","ast-hfb-below-header-display":"","ast-hfb-mobile-header-display":"","site-post-title":"disabled","ast-breadcrumbs-content":"","ast-featured-img":"disabled","footer-sml-layout":"","theme-transparent-header-meta":"default","adv-header-id-meta":"","stick-header-meta":"","header-above-stick-meta":"","header-main-stick-meta":"","header-below-stick-meta":"","astra-migrate-meta-layouts":"set","ast-page-background-enabled":"default","ast-page-background-meta":{"desktop":{"background-color":"var(--ast-global-color-5)","background-image":"","background-repeat":"repeat","background-position":"center center","background-size":"auto","background-attachment":"scroll","background-type":"","background-media":"","overlay-type":"","overlay-color":"","overlay-opacity":"","overlay-gradient":""},"tablet":{"background-color":"","background-image":"","background-repeat":"repeat","background-position":"center center","background-size":"auto","background-attachment":"scroll","background-type":"","background-media":"","overlay-type":"","overlay-color":"","overlay-opacity":"","overlay-gradient":""},"mobile":{"background-color":"","background-image":"","background-repeat":"repeat","background-position":"center center","background-size":"auto","background-attachment":"scroll","background-type":"","background-media":"","overlay-type":"","overlay-color":"","overlay-opacity":"","overlay-gradient":""}},"ast-content-background-meta":{"desktop":{"background-color":"var(--ast-global-color-4)","background-image":"","background-repeat":"repeat","background-position":"center center","background-size":"auto","background-attachment":"scroll","background-type":"","background-media":"","overlay-type":"","overlay-color":"","overlay-opacity":"","overlay-gradient":""},"tablet":{"background-color":"var(--ast-global-color-4)","background-image":"","background-repeat":"repeat","background-position":"center center","background-size":"auto","background-attachment":"scroll","background-type":"","background-media":"","overlay-type":"","overlay-color":"","overlay-opacity":"","overlay-gradient":""},"mobile":{"background-color":"var(--ast-global-color-4)","background-image":"","background-repeat":"repeat","background-position":"center center","background-size":"auto","background-attachment":"scroll","background-type":"","background-media":"","overlay-type":"","overlay-color":"","overlay-opacity":"","overlay-gradient":""}},"footnotes":""},"class_list":["post-589","page","type-page","status-publish","hentry"],"_links":{"self":[{"href":"https:\/\/www2.unifap.br\/proece\/wp-json\/wp\/v2\/pages\/589","targetHints":{"allow":["GET"]}}],"collection":[{"href":"https:\/\/www2.unifap.br\/proece\/wp-json\/wp\/v2\/pages"}],"about":[{"href":"https:\/\/www2.unifap.br\/proece\/wp-json\/wp\/v2\/types\/page"}],"author":[{"embeddable":true,"href":"https:\/\/www2.unifap.br\/proece\/wp-json\/wp\/v2\/users\/4049"}],"replies":[{"embeddable":true,"href":"https:\/\/www2.unifap.br\/proece\/wp-json\/wp\/v2\/comments?post=589"}],"version-history":[{"count":178,"href":"https:\/\/www2.unifap.br\/proece\/wp-json\/wp\/v2\/pages\/589\/revisions"}],"predecessor-version":[{"id":1572,"href":"https:\/\/www2.unifap.br\/proece\/wp-json\/wp\/v2\/pages\/589\/revisions\/1572"}],"up":[{"embeddable":true,"href":"https:\/\/www2.unifap.br\/proece\/wp-json\/wp\/v2\/pages\/238"}],"wp:attachment":[{"href":"https:\/\/www2.unifap.br\/proece\/wp-json\/wp\/v2\/media?parent=589"}],"curies":[{"name":"wp","href":"https:\/\/api.w.org\/{rel}","templated":true}]}}