{"id":2,"date":"2022-01-04T16:12:11","date_gmt":"2022-01-04T18:12:11","guid":{"rendered":"http:\/\/www2.unifap.br\/profei\/?page_id=2"},"modified":"2025-09-08T17:06:32","modified_gmt":"2025-09-08T20:06:32","slug":"corpodocente","status":"publish","type":"page","link":"https:\/\/www2.unifap.br\/profei\/?page_id=2","title":{"rendered":"Corpo Docente"},"content":{"rendered":"\t\t<div data-elementor-type=\"wp-page\" data-elementor-id=\"2\" class=\"elementor elementor-2\">\n\t\t\t\t\t\t<section class=\"elementor-section elementor-top-section elementor-element elementor-element-84bd66a elementor-section-boxed elementor-section-height-default elementor-section-height-default\" data-id=\"84bd66a\" data-element_type=\"section\" data-e-type=\"section\">\n\t\t\t\t\t\t<div class=\"elementor-container elementor-column-gap-default\">\n\t\t\t\t\t<div class=\"elementor-column elementor-col-100 elementor-top-column elementor-element elementor-element-088b3a7\" data-id=\"088b3a7\" data-element_type=\"column\" data-e-type=\"column\">\n\t\t\t<div class=\"elementor-widget-wrap elementor-element-populated\">\n\t\t\t\t\t\t<div class=\"elementor-element elementor-element-ea35857 elementor-widget elementor-widget-html\" data-id=\"ea35857\" data-element_type=\"widget\" data-e-type=\"widget\" data-widget_type=\"html.default\">\n\t\t\t\t<div class=\"elementor-widget-container\">\n\t\t\t\t\t<h2>&nbsp;<\/h2>\n<h1 id=\"h2NomePagina\">Corpo Docente<\/h1>\n\n<h2>&nbsp;<\/h2>\n<div style=\"margin: 0 auto;width: auto\">\n<!-- ===== Coordenador ===== -->\n<div style=\"margin:0 0 0px;overflow:hidden\">\n  <table role=\"presentation\" style=\"width:100%;border:none\">\n    <tr>\n      <td style=\"vertical-align:middle;padding:14px;width:320px;min-width:150px;border:none\">\n        <img decoding=\"async\" src=\"https:\/\/servicosweb.cnpq.br\/wspessoa\/servletrecuperafoto?tipo=1&amp;id=K4261281A9\" alt=\"Prof. Dr. Lu\u00eds Alexandre Lemos Costa\" style=\"width:100%;aspect-ratio:1\/1;border-radius:10px;object-fit:cover;object-position:top\">\n      <\/td>\n      <td style=\"vertical-align:middle;padding:14px 48px;border:none\">\n        <p style=\"margin:0 0 4px;font-size:.9rem;color:#2563eb;font-weight:700;letter-spacing:.5px;text-transform:uppercase\">\n          Coordenador\n        <\/p>\n        <h3 style=\"margin:0 0 8px;font-weight:800;font-size:1.5rem;color:#111827\">\n          Prof. Dr. Lu\u00eds Alexandre Lemos Costa\n        <\/h3>\n        <p style=\"margin:0;font-size:.95rem;color:#374151\">\n          <a href=\"http:\/\/lattes.cnpq.br\/2576773682939891\" target=\"_blank\" rel=\"noopener noreferrer\" style=\"color:#2563eb;font-weight:600;text-decoration:none\">Curr\u00edculo Lattes<\/a>\n        <\/p>\n      <\/td>\n    <\/tr>\n  <\/table>\n<\/div>\n\n<!-- ===== Vice-Coordenadora ===== -->\n<div style=\"margin:0 0 0px;overflow:hidden\">\n  <table role=\"presentation\" style=\"width:100%;border:none\">\n    <tr>\n      <td style=\"vertical-align:middle;padding:14px;width:320px;min-width:150px;border:none\">\n        <img decoding=\"async\" src=\"https:\/\/servicosweb.cnpq.br\/wspessoa\/servletrecuperafoto?tipo=1&amp;id=K4127138D8\" alt=\"Profa. Dra. Selma Gomes da Silva\" style=\"width:100%;aspect-ratio:1\/1;border-radius:10px;object-fit:cover;object-position:top\">\n      <\/td>\n      <td style=\"vertical-align:middle;padding:14px 48px;border:none\">\n        <p style=\"margin:0 0 4px;font-size:.9rem;color:#2563eb;font-weight:700;letter-spacing:.5px;text-transform:uppercase\">\n          Vice-Coordenadora\n        <\/p>\n        <h3 style=\"margin:0 0 8px;font-weight:800;font-size:1.5rem;color:#111827\">\n          Profa. Dra. Selma Gomes da Silva\n        <\/h3>\n        <p style=\"margin:0;font-size:.95rem;color:#374151\">\n          <a href=\"http:\/\/lattes.cnpq.br\/1380611093265384\" target=\"_blank\" rel=\"noopener noreferrer\" style=\"color:#2563eb;font-weight:600;text-decoration:none\">Curr\u00edculo Lattes<\/a>\n        <\/p>\n      <\/td>\n    <\/tr>\n  <\/table>\n<\/div>\n\n<!-- ===== Card: Adelma ===== -->\n<div style=\"margin:0 0 0px;overflow:hidden\">\n  <table role=\"presentation\" style=\"width:100%;border:none\">\n    <tr>\n      <td style=\"vertical-align:middle;padding:14px;width:320px;min-width:150px;border:none\">\n        <img decoding=\"async\" src=\"https:\/\/servicosweb.cnpq.br\/wspessoa\/servletrecuperafoto?tipo=1&amp;id=K4771464P2\" alt=\"Profa. Dra. Adelma Barros-Mendes\" style=\"width:100%;aspect-ratio:1\/1;border-radius:10px;object-fit:cover;object-position:top;background:#f3f4f6\">\n      <\/td>\n      <td style=\"vertical-align:middle;padding:14px 48px;border:none\">\n        <h3 style=\"margin:0 0 8px;font-weight:800;font-size:1.5rem;color:#111827\">\n          Profa. Dra. Adelma das Neves Nunes Barros Mendes\n        <\/h3>\n        <p style=\"margin:0;font-size:.95rem;color:#374151\">\n          <a href=\"http:\/\/lattes.cnpq.br\/9888614392602464\" target=\"_blank\" rel=\"noopener noreferrer\" style=\"color:#2563eb;font-weight:600;text-decoration:none\">Curr\u00edculo Lattes<\/a>\n        <\/p>\n      <\/td>\n    <\/tr>\n  <\/table>\n<\/div>\n\n<!-- ===== Card: Edcarlos ===== -->\n<div style=\"margin:0 0 0px;overflow:hidden\">\n  <table role=\"presentation\" style=\"width:100%;border:none\">\n    <tr>\n      <td style=\"vertical-align:middle;padding:14px;width:320px;min-width:150px;border:none\">\n        <img decoding=\"async\" src=\"https:\/\/servicosweb.cnpq.br\/wspessoa\/servletrecuperafoto?tipo=1&amp;id=K4424576E2\" alt=\"Prof. Dr. Edcarlos Vasconcelos\" style=\"width:100%;aspect-ratio:1\/1;border-radius:10px;object-fit:cover;object-position:top;background:#f3f4f6\">\n      <\/td>\n      <td style=\"vertical-align:middle;padding:14px 48px;border:none\">\n        <h3 style=\"margin:0 0 8px;font-weight:800;font-size:1.5rem;color:#111827\">\n          Prof. Dr. Edcarlos Vasconcelos da Silva\n        <\/h3>\n        <p style=\"margin:0;font-size:.95rem;color:#374151\">\n          <a href=\"http:\/\/lattes.cnpq.br\/1664473755869113\" target=\"_blank\" rel=\"noopener noreferrer\" style=\"color:#2563eb;font-weight:600;text-decoration:none\">Curr\u00edculo Lattes<\/a>\n        <\/p>\n      <\/td>\n    <\/tr>\n  <\/table>\n<\/div>\n\n<!-- ===== Card: Elane ===== -->\n<div style=\"margin:0 0 0px;overflow:hidden\">\n  <table role=\"presentation\" style=\"width:100%;border:none\">\n    <tr>\n      <td style=\"vertical-align:middle;padding:14px;width:320px;min-width:150px;border:none\">\n        <img decoding=\"async\" src=\"https:\/\/servicosweb.cnpq.br\/wspessoa\/servletrecuperafoto?tipo=1&amp;id=K4559022T7\" alt=\"Profa. Dra. Elane de Nazar\u00e9 Magno Ferreira\" style=\"width:100%;aspect-ratio:1\/1;border-radius:10px;object-fit:cover;object-position:top;background:#f3f4f6\">\n      <\/td>\n      <td style=\"vertical-align:middle;padding:14px 48px;border:none\">\n        <h3 style=\"margin:0 0 8px;font-weight:800;font-size:1.5rem;color:#111827\">\n          Profa. Dra. Elane de Nazar\u00e9 Magno Ferreira\n        <\/h3>\n        <p style=\"margin:0;font-size:.95rem;color:#374151\">\n          <a href=\"http:\/\/lattes.cnpq.br\/7953001735549217\" target=\"_blank\" rel=\"noopener noreferrer\" style=\"color:#2563eb;font-weight:600;text-decoration:none\">Curr\u00edculo Lattes<\/a>\n        <\/p>\n      <\/td>\n    <\/tr>\n  <\/table>\n<\/div>\n\n<!-- ===== Card: Jos\u00e9 ===== -->\n<div style=\"margin:0 0 0px;overflow:hidden\">\n  <table role=\"presentation\" style=\"width:100%;border:none\">\n    <tr>\n      <td style=\"vertical-align:middle;padding:14px;width:320px;min-width:150px;border:none\">\n        <img decoding=\"async\" src=\"https:\/\/servicosweb.cnpq.br\/wspessoa\/servletrecuperafoto?tipo=1&amp;id=K4266183J6\" alt=\"Prof. Dr. Jos\u00e9 Fl\u00e1vio Gon\u00e7alves\" style=\"width:100%;aspect-ratio:1\/1;border-radius:10px;object-fit:cover;object-position:top;background:#f3f4f6\">\n      <\/td>\n      <td style=\"vertical-align:middle;padding:14px 48px;border:none\">\n        <h3 style=\"margin:0 0 8px;font-weight:800;font-size:1.5rem;color:#111827\">\n          Prof. Dr. Jos\u00e9 Fl\u00e1vio Gon\u00e7alves da Fonseca\n        <\/h3>\n        <p style=\"margin:0;font-size:.95rem;color:#374151\">\n          <a href=\"http:\/\/lattes.cnpq.br\/0944302482820547\" target=\"_blank\" rel=\"noopener noreferrer\" style=\"color:#2563eb;font-weight:600;text-decoration:none\">Curr\u00edculo Lattes<\/a>\n        <\/p>\n      <\/td>\n    <\/tr>\n  <\/table>\n<\/div>\n\n<!-- ===== Card: Julio ===== -->\n<div style=\"margin:0 0 0px;overflow:hidden\">\n  <table role=\"presentation\" style=\"width:100%;border:none\">\n    <tr>\n      <td style=\"vertical-align:middle;padding:14px;width:320px;min-width:150px;border:none\">\n        <img decoding=\"async\" src=\"https:\/\/servicosweb.cnpq.br\/wspessoa\/servletrecuperafoto?tipo=1&amp;id=K4258925P6\" alt=\"Prof. Dr. Julio Cezar Costa Furtado\" style=\"width:100%;aspect-ratio:1\/1;border-radius:10px;object-fit:cover;object-position:top;background:#f3f4f6\">\n      <\/td>\n      <td style=\"vertical-align:middle;padding:14px 48px;border:none\">\n        <h3 style=\"margin:0 0 8px;font-weight:800;font-size:1.5rem;color:#111827\">\n          Prof. Dr. Julio Cezar Costa Furtado\n        <\/h3>\n        <p style=\"margin:0;font-size:.95rem;color:#374151\">\n          <a href=\"http:\/\/lattes.cnpq.br\/9175382702970383\" target=\"_blank\" rel=\"noopener noreferrer\" style=\"color:#2563eb;font-weight:600;text-decoration:none\">Curr\u00edculo Lattes<\/a>\n        <\/p>\n      <\/td>\n    <\/tr>\n  <\/table>\n<\/div>\n\n<!-- ===== Card: Janielle ===== -->\n<div style=\"margin:0 0 0px;overflow:hidden\">\n  <table role=\"presentation\" style=\"width:100%;border:none\">\n    <tr>\n      <td style=\"vertical-align:middle;padding:14px;width:320px;min-width:150px;border:none\">\n        <img decoding=\"async\" src=\"https:\/\/servicosweb.cnpq.br\/wspessoa\/servletrecuperafoto?tipo=1&amp;id=K4235638Z0\" alt=\"Profa. Dra. Janielle da Silva Melo\" style=\"width:100%;aspect-ratio:1\/1;border-radius:10px;object-fit:cover;object-position:top;background:#f3f4f6\">\n      <\/td>\n      <td style=\"vertical-align:middle;padding:14px 48px;border:none\">\n        <h3 style=\"margin:0 0 8px;font-weight:800;font-size:1.5rem;color:#111827\">\n          Profa. Dra. Janielle da Silva Melo\n        <\/h3>\n        <p style=\"margin:0;font-size:.95rem;color:#374151\">\n          <a href=\"http:\/\/lattes.cnpq.br\/4513718899746912\" target=\"_blank\" rel=\"noopener noreferrer\" style=\"color:#2563eb;font-weight:600;text-decoration:none\">Curr\u00edculo Lattes<\/a>\n        <\/p>\n      <\/td>\n    <\/tr>\n  <\/table>\n<\/div>\n\n<!-- ===== Card: Karilane ===== -->\n<div style=\"margin:0 0 0px;overflow:hidden\">\n  <table role=\"presentation\" style=\"width:100%;border:none\">\n    <tr>\n      <td style=\"vertical-align:middle;padding:14px;width:320px;min-width:150px;border:none\">\n        <img decoding=\"async\" src=\"https:\/\/servicosweb.cnpq.br\/wspessoa\/servletrecuperafoto?tipo=1&amp;id=K4511785P9\" alt=\"Profa. Dra. Karilane Maria Silvino Rodrigues\" style=\"width:100%;aspect-ratio:1\/1;border-radius:10px;object-fit:cover;object-position:top;background:#f3f4f6\">\n      <\/td>\n      <td style=\"vertical-align:middle;padding:14px 48px;border:none\">\n        <h3 style=\"margin:0 0 8px;font-weight:800;font-size:1.5rem;color:#111827\">\n          Profa. Dra. Karilane Maria Silvino Rodrigues\n        <\/h3>\n        <p style=\"margin:0;font-size:.95rem;color:#374151\">\n          <a href=\"http:\/\/lattes.cnpq.br\/4524296532754181\" target=\"_blank\" rel=\"noopener noreferrer\" style=\"color:#2563eb;font-weight:600;text-decoration:none\">Curr\u00edculo Lattes<\/a>\n        <\/p>\n      <\/td>\n    <\/tr>\n  <\/table>\n<\/div>\n\n\n<!-- ===== Card: Maria do Carmo ===== -->\n<div style=\"margin:0 0 0px;overflow:hidden\">\n  <table role=\"presentation\" style=\"width:100%;border:none\">\n    <tr>\n      <td style=\"vertical-align:middle;padding:14px;width:320px;min-width:150px;border:none\">\n        <img decoding=\"async\" src=\"https:\/\/servicosweb.cnpq.br\/wspessoa\/servletrecuperafoto?tipo=1&amp;id=K4238875H6\" alt=\"Profa. Dra. Maria do Carmo Lobato da Silva\" style=\"width:100%;aspect-ratio:1\/1;border-radius:10px;object-fit:cover;object-position:top;background:#f3f4f6\">\n      <\/td>\n      <td style=\"vertical-align:middle;padding:14px 48px;border:none\">\n        <h3 style=\"margin:0 0 8px;font-weight:800;font-size:1.5rem;color:#111827\">\n          Profa. Dra. Maria do Carmo Lobato da Silva\n        <\/h3>\n        <p style=\"margin:0;font-size:.95rem;color:#374151\">\n          <a href=\"http:\/\/lattes.cnpq.br\/3475922880632267\" target=\"_blank\" rel=\"noopener noreferrer\" style=\"color:#2563eb;font-weight:600;text-decoration:none\">Curr\u00edculo Lattes<\/a>\n        <\/p>\n      <\/td>\n    <\/tr>\n  <\/table>\n<\/div>\n\n<!-- ===== Card: Martha ===== -->\n<div style=\"margin:0 0 0px;overflow:hidden\">\n  <table role=\"presentation\" style=\"width:100%;border:none\">\n    <tr>\n      <td style=\"vertical-align:middle;padding:14px;width:320px;min-width:150px;border:none\">\n        <img decoding=\"async\" src=\"https:\/\/servicosweb.cnpq.br\/wspessoa\/servletrecuperafoto?tipo=1&amp;id=K4773457J6\" alt=\"Profa. Dra. Maria do Carmo Lobato da Silva\" style=\"width:100%;aspect-ratio:1\/1;border-radius:10px;object-fit:cover;object-position:right;background:#f3f4f6\">\n      <\/td>\n      <td style=\"vertical-align:middle;padding:14px 48px;border:none\">\n        <h3 style=\"margin:0 0 8px;font-weight:800;font-size:1.5rem;color:#111827\">\n          Profa. Dra. Martha Christina Ferreira Zoni do Nascimento\n        <\/h3>\n        <p style=\"margin:0;font-size:.95rem;color:#374151\">\n          <a href=\"http:\/\/lattes.cnpq.br\/6080220601150647\" target=\"_blank\" rel=\"noopener noreferrer\" style=\"color:#2563eb;font-weight:600;text-decoration:none\">Curr\u00edculo Lattes<\/a>\n        <\/p>\n      <\/td>\n    <\/tr>\n  <\/table>\n<\/div>\n\n<!-- ===== Card: Piedade ===== -->\n<div style=\"margin:0 0 0px;overflow:hidden\">\n  <table role=\"presentation\" style=\"width:100%;border:none\">\n    <tr>\n      <td style=\"vertical-align:middle;padding:14px;width:320px;min-width:150px;border:none\">\n        <img decoding=\"async\" src=\"https:\/\/servicosweb.cnpq.br\/wspessoa\/servletrecuperafoto?tipo=1&amp;id=K4188484J9\" alt=\"Profa. Dra. Piedade Lino Videira\" style=\"width:100%;aspect-ratio:1\/1;border-radius:10px;object-fit:cover;object-position:top;background:#f3f4f6\">\n      <\/td>\n      <td style=\"vertical-align:middle;padding:14px 48px;border:none\">\n        <h3 style=\"margin:0 0 8px;font-weight:800;font-size:1.5rem;color:#111827\">\n          Profa. Dra. Piedade Lino Videira\n        <\/h3>\n        <p style=\"margin:0;font-size:.95rem;color:#374151\">\n          <a href=\"http:\/\/lattes.cnpq.br\/4269580489108934\" target=\"_blank\" rel=\"noopener noreferrer\" style=\"color:#2563eb;font-weight:600;text-decoration:none\">Curr\u00edculo Lattes<\/a>\n        <\/p>\n      <\/td>\n    <\/tr>\n  <\/table>\n<\/div>\n\n<!-- ===== Card: Rafael ===== -->\n<div style=\"margin:0 0 0px;overflow:hidden\">\n  <table role=\"presentation\" style=\"width:100%;border:none\">\n    <tr>\n      <td style=\"vertical-align:middle;padding:14px;width:320px;min-width:150px;border:none\">\n        <img decoding=\"async\" src=\"https:\/\/servicosweb.cnpq.br\/wspessoa\/servletrecuperafoto?tipo=1&amp;id=K4133837P0\" alt=\"Prof. Dr. Rafael Pontes Lima\" style=\"width:100%;aspect-ratio:1\/1;border-radius:10px;object-fit:cover;object-position:top;background:#f3f4f6\">\n      <\/td>\n      <td style=\"vertical-align:middle;padding:14px 48px;border:none\">\n        <h3 style=\"margin:0 0 8px;font-weight:800;font-size:1.5rem;color:#111827\">\n          Prof. Dr. Rafael Pontes Lima\n        <\/h3>\n        <p style=\"margin:0;font-size:.95rem;color:#374151\">\n          <a href=\"http:\/\/lattes.cnpq.br\/3248608898278519\" target=\"_blank\" rel=\"noopener noreferrer\" style=\"color:#2563eb;font-weight:600;text-decoration:none\">Curr\u00edculo Lattes<\/a>\n        <\/p>\n      <\/td>\n    <\/tr>\n  <\/table>\n<\/div>\n\n<!-- ===== Card: Ronaldo ===== -->\n<div style=\"margin:0 0 0px;overflow:hidden\">\n  <table role=\"presentation\" style=\"width:100%;border:none\">\n    <tr>\n      <td style=\"vertical-align:middle;padding:14px;width:320px;min-width:150px;border:none\">\n        <img decoding=\"async\" src=\"https:\/\/servicosweb.cnpq.br\/wspessoa\/servletrecuperafoto?tipo=1&amp;id=K4237020Z0\" alt=\"Prof. Dr. Ronaldo Manass\u00e9s Rodrigues Campos\" style=\"width:100%;aspect-ratio:1\/1;border-radius:10px;object-fit:cover;object-position:top;background:#f3f4f6\">\n      <\/td>\n      <td style=\"vertical-align:middle;padding:14px 48px;border:none\">\n        <h3 style=\"margin:0 0 8px;font-weight:800;font-size:1.5rem;color:#111827\">\n          Prof. Dr. Ronaldo Manass\u00e9s Rodrigues Campos\n        <\/h3>\n        <p style=\"margin:0;font-size:.95rem;color:#374151\">\n          <a href=\"http:\/\/lattes.cnpq.br\/0804552014423002\" target=\"_blank\" rel=\"noopener noreferrer\" style=\"color:#2563eb;font-weight:600;text-decoration:none\">Curr\u00edculo Lattes<\/a>\n        <\/p>\n      <\/td>\n    <\/tr>\n  <\/table>\n<\/div>\n\n<\/div>\n\t\t\t\t<\/div>\n\t\t\t\t<\/div>\n\t\t\t\t\t<\/div>\n\t\t<\/div>\n\t\t\t\t\t<\/div>\n\t\t<\/section>\n\t\t\t\t<\/div>\n\t\t","protected":false},"excerpt":{"rendered":"<p>&nbsp; Corpo Docente &nbsp; Coordenador Prof. Dr. Lu\u00eds Alexandre Lemos Costa Curr\u00edculo Lattes Vice-Coordenadora Profa. Dra. Selma Gomes da Silva Curr\u00edculo Lattes Profa. Dra. Adelma das Neves Nunes Barros Mendes Curr\u00edculo Lattes Prof. Dr. Edcarlos Vasconcelos da Silva Curr\u00edculo Lattes Profa. Dra. Elane de Nazar\u00e9 Magno Ferreira Curr\u00edculo Lattes Prof. Dr. Jos\u00e9 Fl\u00e1vio Gon\u00e7alves da&#8230;<\/p>\n","protected":false},"author":850,"featured_media":0,"parent":0,"menu_order":2,"comment_status":"closed","ping_status":"closed","template":"elementor_header_footer","meta":{"inline_featured_image":false,"site-sidebar-layout":"default","site-content-layout":"default","ast-site-content-layout":"default","site-content-style":"default","site-sidebar-style":"default","ast-global-header-display":"","ast-banner-title-visibility":"","ast-main-header-display":"","ast-hfb-above-header-display":"","ast-hfb-below-header-display":"","ast-hfb-mobile-header-display":"","site-post-title":"","ast-breadcrumbs-content":"","ast-featured-img":"","footer-sml-layout":"","theme-transparent-header-meta":"default","adv-header-id-meta":"","stick-header-meta":"","header-above-stick-meta":"","header-main-stick-meta":"","header-below-stick-meta":"","astra-migrate-meta-layouts":"default","ast-page-background-enabled":"default","ast-page-background-meta":{"desktop":{"background-color":"var(--ast-global-color-4)","background-image":"","background-repeat":"repeat","background-position":"center center","background-size":"auto","background-attachment":"scroll","background-type":"","background-media":"","overlay-type":"","overlay-color":"","overlay-opacity":"","overlay-gradient":""},"tablet":{"background-color":"","background-image":"","background-repeat":"repeat","background-position":"center center","background-size":"auto","background-attachment":"scroll","background-type":"","background-media":"","overlay-type":"","overlay-color":"","overlay-opacity":"","overlay-gradient":""},"mobile":{"background-color":"","background-image":"","background-repeat":"repeat","background-position":"center center","background-size":"auto","background-attachment":"scroll","background-type":"","background-media":"","overlay-type":"","overlay-color":"","overlay-opacity":"","overlay-gradient":""}},"ast-content-background-meta":{"desktop":{"background-color":"var(--ast-global-color-5)","background-image":"","background-repeat":"repeat","background-position":"center center","background-size":"auto","background-attachment":"scroll","background-type":"","background-media":"","overlay-type":"","overlay-color":"","overlay-opacity":"","overlay-gradient":""},"tablet":{"background-color":"var(--ast-global-color-5)","background-image":"","background-repeat":"repeat","background-position":"center center","background-size":"auto","background-attachment":"scroll","background-type":"","background-media":"","overlay-type":"","overlay-color":"","overlay-opacity":"","overlay-gradient":""},"mobile":{"background-color":"var(--ast-global-color-5)","background-image":"","background-repeat":"repeat","background-position":"center center","background-size":"auto","background-attachment":"scroll","background-type":"","background-media":"","overlay-type":"","overlay-color":"","overlay-opacity":"","overlay-gradient":""}},"ngg_post_thumbnail":0,"footnotes":""},"class_list":["post-2","page","type-page","status-publish","hentry"],"_links":{"self":[{"href":"https:\/\/www2.unifap.br\/profei\/index.php?rest_route=\/wp\/v2\/pages\/2","targetHints":{"allow":["GET"]}}],"collection":[{"href":"https:\/\/www2.unifap.br\/profei\/index.php?rest_route=\/wp\/v2\/pages"}],"about":[{"href":"https:\/\/www2.unifap.br\/profei\/index.php?rest_route=\/wp\/v2\/types\/page"}],"author":[{"embeddable":true,"href":"https:\/\/www2.unifap.br\/profei\/index.php?rest_route=\/wp\/v2\/users\/850"}],"replies":[{"embeddable":true,"href":"https:\/\/www2.unifap.br\/profei\/index.php?rest_route=%2Fwp%2Fv2%2Fcomments&post=2"}],"version-history":[{"count":19,"href":"https:\/\/www2.unifap.br\/profei\/index.php?rest_route=\/wp\/v2\/pages\/2\/revisions"}],"predecessor-version":[{"id":744,"href":"https:\/\/www2.unifap.br\/profei\/index.php?rest_route=\/wp\/v2\/pages\/2\/revisions\/744"}],"wp:attachment":[{"href":"https:\/\/www2.unifap.br\/profei\/index.php?rest_route=%2Fwp%2Fv2%2Fmedia&parent=2"}],"curies":[{"name":"wp","href":"https:\/\/api.w.org\/{rel}","templated":true}]}}